{"id":46155,"date":"2023-04-28T11:11:41","date_gmt":"2023-04-28T19:11:41","guid":{"rendered":"https:\/\/cirahub.com\/?page_id=46155"},"modified":"2023-04-28T11:13:35","modified_gmt":"2023-04-28T19:13:35","slug":"synchronisation-bidirectionnelle-quickbooks","status":"publish","type":"page","link":"https:\/\/cirahub.com\/fr\/synchronisation-bidirectionnelle-quickbooks\/","title":{"rendered":"Synchronisation bidirectionnelle Quickbooks"},"content":{"rendered":"<p>[et_pb_section fb_built=\u00a0\u00bb1&Prime; admin_label=\u00a0\u00bbHeader\u00a0\u00bb module_id=\u00a0\u00bbhero-gal\u00a0\u00bb _builder_version=\u00a0\u00bb4.19.4&Prime; _module_preset=\u00a0\u00bbdefault\u00a0\u00bb background_color=\u00a0\u00bb#009aed\u00a0\u00bb custom_padding=\u00a0\u00bb12em||12em||true|false\u00a0\u00bb global_colors_info=\u00a0\u00bb{}\u00a0\u00bb][et_pb_row _builder_version=\u00a0\u00bb4.19.4&Prime; _module_preset=\u00a0\u00bbdefault\u00a0\u00bb custom_padding=\u00a0\u00bb||||false|false\u00a0\u00bb global_colors_info=\u00a0\u00bb{}\u00a0\u00bb][et_pb_column type=\u00a0\u00bb4_4&Prime; _builder_version=\u00a0\u00bb4.17.4&Prime; _module_preset=\u00a0\u00bbdefault\u00a0\u00bb global_colors_info=\u00a0\u00bb{}\u00a0\u00bb][et_pb_text _builder_version=\u00a0\u00bb4.19.4&Prime; _module_preset=\u00a0\u00bbdefault\u00a0\u00bb header_font=\u00a0\u00bb|700|||||||\u00a0\u00bb header_text_align=\u00a0\u00bbcenter\u00a0\u00bb header_font_size=\u00a0\u00bb44px\u00a0\u00bb text_orientation=\u00a0\u00bbcenter\u00a0\u00bb background_layout=\u00a0\u00bbdark\u00a0\u00bb custom_padding=\u00a0\u00bb||||false|false\u00a0\u00bb global_colors_info=\u00a0\u00bb{}\u00a0\u00bb]<\/p>\n<h1>Synchronisation multidirectionnelle de Quickbooks bient\u00f4t disponible !<\/h1>\n<p>[\/et_pb_text][et_pb_button button_url=\u00a0\u00bbhttps:\/\/cirahub.com\/fr\/nous-contacter\/\u00a0\u00bb button_text=\u00a0\u00bbRestez Synchronis\u00e9s\u00a0\u00bb button_alignment=\u00a0\u00bbcenter\u00a0\u00bb disabled_on=\u00a0\u00bbon|on|on\u00a0\u00bb module_class=\u00a0\u00bbwhite-button\u00a0\u00bb _builder_version=\u00a0\u00bb4.19.4&Prime; _module_preset=\u00a0\u00bbdefault\u00a0\u00bb custom_button=\u00a0\u00bbon\u00a0\u00bb button_text_size=\u00a0\u00bb19px\u00a0\u00bb button_bg_color=\u00a0\u00bb#1ECFAA\u00a0\u00bb button_border_color=\u00a0\u00bb#1ECFAA\u00a0\u00bb button_border_radius=\u00a0\u00bb8px\u00a0\u00bb button_font=\u00a0\u00bb|600|||||||\u00a0\u00bb button_use_icon=\u00a0\u00bboff\u00a0\u00bb background_layout=\u00a0\u00bbdark\u00a0\u00bb custom_margin=\u00a0\u00bb2em||2.7em||false|false\u00a0\u00bb custom_padding=\u00a0\u00bb15px|40px|15px|40px|false|true\u00a0\u00bb button_text_size_tablet=\u00a0\u00bb17px\u00a0\u00bb button_text_size_phone=\u00a0\u00bb16px\u00a0\u00bb button_text_size_last_edited=\u00a0\u00bbon|phone\u00a0\u00bb box_shadow_style=\u00a0\u00bbpreset3&Prime; box_shadow_vertical=\u00a0\u00bb30px\u00a0\u00bb box_shadow_blur=\u00a0\u00bb40px\u00a0\u00bb box_shadow_spread=\u00a0\u00bb-16px\u00a0\u00bb box_shadow_color=\u00a0\u00bbrgba(28,255,171,0.2)\u00a0\u00bb disabled=\u00a0\u00bbon\u00a0\u00bb locked=\u00a0\u00bboff\u00a0\u00bb global_colors_info=\u00a0\u00bb{}\u00a0\u00bb button_bg_color__hover=\u00a0\u00bb#404040&Prime; button_bg_color__hover_enabled=\u00a0\u00bbon|desktop\u00a0\u00bb button_border_color__hover=\u00a0\u00bb#404040&Prime; button_border_color__hover_enabled=\u00a0\u00bbon|desktop\u00a0\u00bb button_text_color__hover=\u00a0\u00bb#404040&Prime; button_text_color__hover_enabled=\u00a0\u00bbon|hover\u00a0\u00bb][\/et_pb_button][\/et_pb_column][\/et_pb_row][\/et_pb_section][et_pb_section fb_built=\u00a0\u00bb1&Prime; disabled_on=\u00a0\u00bbon|on|on\u00a0\u00bb _builder_version=\u00a0\u00bb4.17.4&Prime; _module_preset=\u00a0\u00bbdefault\u00a0\u00bb custom_padding=\u00a0\u00bb||0px||false|false\u00a0\u00bb disabled=\u00a0\u00bbon\u00a0\u00bb global_colors_info=\u00a0\u00bb{}\u00a0\u00bb][et_pb_row column_structure=\u00a0\u00bb1_4,1_4,1_4,1_4&Prime; _builder_version=\u00a0\u00bb4.17.4&Prime; _module_preset=\u00a0\u00bbdefault\u00a0\u00bb max_width=\u00a0\u00bb1200px\u00a0\u00bb locked=\u00a0\u00bboff\u00a0\u00bb global_colors_info=\u00a0\u00bb{}\u00a0\u00bb][et_pb_column type=\u00a0\u00bb1_4&Prime; _builder_version=\u00a0\u00bb4.16&Prime; _module_preset=\u00a0\u00bbdefault\u00a0\u00bb global_colors_info=\u00a0\u00bb{}\u00a0\u00bb][et_pb_blurb title=\u00a0\u00bb\u00c9voluez \u00e0 mesure que vous grandissez\u00a0\u00bb image=\u00a0\u00bb\/wp-content\/uploads\/2020\/09\/infinity-sync.svg\u00a0\u00bb _builder_version=\u00a0\u00bb4.16&Prime; _module_preset=\u00a0\u00bbdefault\u00a0\u00bb header_text_align=\u00a0\u00bbcenter\u00a0\u00bb text_orientation=\u00a0\u00bbcenter\u00a0\u00bb global_colors_info=\u00a0\u00bb{}\u00a0\u00bb]<\/p>\n<p>Synchronisez automatiquement un nombre illimit\u00e9 de contacts et de calendriers partag\u00e9s sur Office 365, les serveurs Exchange on-Promise et les dossiers publics.<\/p>\n<p>[\/et_pb_blurb][\/et_pb_column][et_pb_column type=\u00a0\u00bb1_4&Prime; _builder_version=\u00a0\u00bb4.16&Prime; _module_preset=\u00a0\u00bbdefault\u00a0\u00bb global_colors_info=\u00a0\u00bb{}\u00a0\u00bb][et_pb_blurb title=\u00a0\u00bbBoostez votre CRM\u00a0\u00bb image=\u00a0\u00bb\/wp-content\/uploads\/2020\/09\/Native-Salesforce-integration.svg\u00a0\u00bb _builder_version=\u00a0\u00bb4.16&Prime; _module_preset=\u00a0\u00bbdefault\u00a0\u00bb header_text_align=\u00a0\u00bbcenter\u00a0\u00bb text_orientation=\u00a0\u00bbcenter\u00a0\u00bb global_colors_info=\u00a0\u00bb{}\u00a0\u00bb]<\/p>\n<p><span>Synchronisez Salesforce, HubSpot, ActiveCampaign, etc. Transf\u00e9rez, dupliquez et partagez les contacts des clients sur tous les appareils des employ\u00e9s.<\/span><\/p>\n<p>[\/et_pb_blurb][\/et_pb_column][et_pb_column type=\u00a0\u00bb1_4&Prime; _builder_version=\u00a0\u00bb4.16&Prime; _module_preset=\u00a0\u00bbdefault\u00a0\u00bb global_colors_info=\u00a0\u00bb{}\u00a0\u00bb][et_pb_blurb title=\u00a0\u00bbGestion centralis\u00e9e\u00a0\u00bb image=\u00a0\u00bb\/wp-content\/uploads\/2020\/09\/cirahub-dashboard.svg\u00a0\u00bb _builder_version=\u00a0\u00bb4.16&Prime; _module_preset=\u00a0\u00bbdefault\u00a0\u00bb header_text_align=\u00a0\u00bbcenter\u00a0\u00bb text_orientation=\u00a0\u00bbcenter\u00a0\u00bb global_colors_info=\u00a0\u00bb{}\u00a0\u00bb]<\/p>\n<p>Interface utilisateur claire et intuitive con\u00e7ue pour une configuration facile pour les utilisateurs avec ou sans connaissances ou exp\u00e9rience en informatique.<\/p>\n<p>[\/et_pb_blurb][\/et_pb_column][et_pb_column type=\u00a0\u00bb1_4&Prime; _builder_version=\u00a0\u00bb4.16&Prime; _module_preset=\u00a0\u00bbdefault\u00a0\u00bb global_colors_info=\u00a0\u00bb{}\u00a0\u00bb][et_pb_blurb title=\u00a0\u00bbG\u00e9rez votre carnet d&rsquo;adresses en d\u00e9placement\u00a0\u00bb image=\u00a0\u00bb\/wp-content\/uploads\/2020\/09\/two-way-sync.svg\u00a0\u00bb _builder_version=\u00a0\u00bb4.16&Prime; _module_preset=\u00a0\u00bbdefault\u00a0\u00bb header_text_align=\u00a0\u00bbcenter\u00a0\u00bb text_orientation=\u00a0\u00bbcenter\u00a0\u00bb custom_margin=\u00a0\u00bb|-19px||||\u00a0\u00bb custom_padding=\u00a0\u00bb|0px||||\u00a0\u00bb global_colors_info=\u00a0\u00bb{}\u00a0\u00bb]<\/p>\n<p style=\"text-align: center;\">La synchronisation bidirectionnelle permet une gestion facile des contacts et des calendriers sur votre poste de travail et sur les smartphones.<\/p>\n<p>[\/et_pb_blurb][\/et_pb_column][\/et_pb_row][\/et_pb_section][et_pb_section fb_built=\u00a0\u00bb1&Prime; disabled_on=\u00a0\u00bbon|on|on\u00a0\u00bb _builder_version=\u00a0\u00bb4.17.4&Prime; _module_preset=\u00a0\u00bbdefault\u00a0\u00bb custom_padding=\u00a0\u00bb||||false|false\u00a0\u00bb disabled=\u00a0\u00bbon\u00a0\u00bb global_colors_info=\u00a0\u00bb{}\u00a0\u00bb][et_pb_row _builder_version=\u00a0\u00bb4.17.4&Prime; _module_preset=\u00a0\u00bbdefault\u00a0\u00bb custom_padding=\u00a0\u00bb||15px|||\u00a0\u00bb global_colors_info=\u00a0\u00bb{}\u00a0\u00bb][et_pb_column type=\u00a0\u00bb4_4&Prime; _builder_version=\u00a0\u00bb4.17.4&Prime; _module_preset=\u00a0\u00bbdefault\u00a0\u00bb global_colors_info=\u00a0\u00bb{}\u00a0\u00bb][et_pb_text admin_label=\u00a0\u00bbTitle\u00a0\u00bb _builder_version=\u00a0\u00bb4.17.6&Prime; _module_preset=\u00a0\u00bbdefault\u00a0\u00bb text_orientation=\u00a0\u00bbcenter\u00a0\u00bb global_colors_info=\u00a0\u00bb{}\u00a0\u00bb]<\/p>\n<h4>Synchronisez les contacts Pipedrive avec l&rsquo;une des plateformes suivantes :<\/h4>\n<p>[\/et_pb_text][\/et_pb_column][\/et_pb_row][et_pb_row column_structure=\u00a0\u00bb1_3,1_3,1_3&Prime; admin_label=\u00a0\u00bbSync items\u00a0\u00bb _builder_version=\u00a0\u00bb4.17.4&Prime; _module_preset=\u00a0\u00bbdefault\u00a0\u00bb locked=\u00a0\u00bboff\u00a0\u00bb global_colors_info=\u00a0\u00bb{}\u00a0\u00bb][et_pb_column type=\u00a0\u00bb1_3&Prime; _builder_version=\u00a0\u00bb4.17.4&Prime; _module_preset=\u00a0\u00bbdefault\u00a0\u00bb global_colors_info=\u00a0\u00bb{}\u00a0\u00bb][et_pb_blurb title=\u00a0\u00bbBo\u00eetes aux lettres Office 365&Prime; url=\u00a0\u00bbhttps:\/\/cirahub.com\/support\/how-to-enable-crm-sync-between-pipedrive-and-office-365-mailboxes\/\u00a0\u00bb image=\u00a0\u00bb\/wp-content\/uploads\/2022\/07\/O365-mailbox.svg\u00a0\u00bb icon_placement=\u00a0\u00bbleft\u00a0\u00bb admin_label=\u00a0\u00bbO365 Mailbox\u00a0\u00bb module_class=\u00a0\u00bbsync-module\u00a0\u00bb _builder_version=\u00a0\u00bb4.17.6&Prime; _module_preset=\u00a0\u00bbdefault\u00a0\u00bb image_icon_custom_margin=\u00a0\u00bb||||false|false\u00a0\u00bb image_icon_custom_padding=\u00a0\u00bb||||false|false\u00a0\u00bb custom_padding=\u00a0\u00bb1em|1em|1em|1em|false|false\u00a0\u00bb link_option_url=\u00a0\u00bbhttps:\/\/cirahub.com\/support\/how-to-enable-crm-sync-between-pipedrive-and-office-365-mailboxes\/\u00a0\u00bb border_radii=\u00a0\u00bbon|6px|6px|6px|6px\u00a0\u00bb box_shadow_style=\u00a0\u00bbpreset3&Prime; box_shadow_vertical=\u00a0\u00bb6px\u00a0\u00bb box_shadow_color=\u00a0\u00bbrgba(0,0,0,0.15)\u00a0\u00bb global_colors_info=\u00a0\u00bb{}\u00a0\u00bb box_shadow_blur__hover_enabled=\u00a0\u00bboff|desktop\u00a0\u00bb box_shadow_blur__hover=\u00a0\u00bb30px\u00a0\u00bb box_shadow_vertical__hover_enabled=\u00a0\u00bbon|desktop\u00a0\u00bb box_shadow_vertical__hover=\u00a0\u00bb20px\u00a0\u00bb][\/et_pb_blurb][et_pb_blurb title=\u00a0\u00bbSharePoint\u00a0\u00bb url=\u00a0\u00bbhttps:\/\/cirahub.com\/support\/sync-between-sharepoint-and-pipedrive\/\u00a0\u00bb image=\u00a0\u00bb\/wp-content\/uploads\/2022\/07\/sharepoint.svg\u00a0\u00bb icon_placement=\u00a0\u00bbleft\u00a0\u00bb admin_label=\u00a0\u00bbSharepoint\u00a0\u00bb module_class=\u00a0\u00bbsync-module\u00a0\u00bb _builder_version=\u00a0\u00bb4.17.6&Prime; _module_preset=\u00a0\u00bbdefault\u00a0\u00bb image_icon_custom_margin=\u00a0\u00bb||||false|false\u00a0\u00bb image_icon_custom_padding=\u00a0\u00bb||||false|false\u00a0\u00bb custom_padding=\u00a0\u00bb1em|1em|1em|1em|false|false\u00a0\u00bb link_option_url=\u00a0\u00bbhttps:\/\/cirahub.com\/support\/sync-between-sharepoint-and-pipedrive\/\u00a0\u00bb border_radii=\u00a0\u00bbon|6px|6px|6px|6px\u00a0\u00bb box_shadow_style=\u00a0\u00bbpreset3&Prime; box_shadow_vertical=\u00a0\u00bb6px\u00a0\u00bb box_shadow_color=\u00a0\u00bbrgba(0,0,0,0.15)\u00a0\u00bb global_colors_info=\u00a0\u00bb{}\u00a0\u00bb box_shadow_blur__hover_enabled=\u00a0\u00bboff|desktop\u00a0\u00bb box_shadow_blur__hover=\u00a0\u00bb30px\u00a0\u00bb box_shadow_vertical__hover_enabled=\u00a0\u00bbon|desktop\u00a0\u00bb box_shadow_vertical__hover=\u00a0\u00bb20px\u00a0\u00bb][\/et_pb_blurb][et_pb_blurb title=\u00a0\u00bbSalesforce\u00a0\u00bb url=\u00a0\u00bbhttps:\/\/cirahub.com\/support\/how-to-enable-two-way-crm-contact-sync-between-pipedrive-and-salesforce\/\u00a0\u00bb image=\u00a0\u00bb\/wp-content\/uploads\/2022\/07\/salesforce.svg\u00a0\u00bb icon_placement=\u00a0\u00bbleft\u00a0\u00bb admin_label=\u00a0\u00bbSalesforce\u00a0\u00bb module_class=\u00a0\u00bbsync-module\u00a0\u00bb _builder_version=\u00a0\u00bb4.17.6&Prime; _module_preset=\u00a0\u00bbdefault\u00a0\u00bb image_icon_custom_margin=\u00a0\u00bb||||false|false\u00a0\u00bb image_icon_custom_padding=\u00a0\u00bb||||false|false\u00a0\u00bb custom_padding=\u00a0\u00bb1em|1em|1em|1em|false|false\u00a0\u00bb link_option_url=\u00a0\u00bbhttps:\/\/cirahub.com\/support\/how-to-enable-two-way-crm-contact-sync-between-pipedrive-and-salesforce\/\u00a0\u00bb border_radii=\u00a0\u00bbon|6px|6px|6px|6px\u00a0\u00bb box_shadow_style=\u00a0\u00bbpreset3&Prime; box_shadow_vertical=\u00a0\u00bb6px\u00a0\u00bb box_shadow_color=\u00a0\u00bbrgba(0,0,0,0.15)\u00a0\u00bb global_colors_info=\u00a0\u00bb{}\u00a0\u00bb box_shadow_blur__hover_enabled=\u00a0\u00bboff|desktop\u00a0\u00bb box_shadow_blur__hover=\u00a0\u00bb30px\u00a0\u00bb box_shadow_vertical__hover_enabled=\u00a0\u00bbon|desktop\u00a0\u00bb box_shadow_vertical__hover=\u00a0\u00bb20px\u00a0\u00bb][\/et_pb_blurb][et_pb_blurb title=\u00a0\u00bbProcore\u00a0\u00bb url=\u00a0\u00bbhttps:\/\/cirahub.com\/fr\/non-classifiee\/comment-effectuer-une-synchronisation-bidirectionnelle-des-contacts-entre-procore-et-pipedrive\/\u00a0\u00bb image=\u00a0\u00bb\/wp-content\/uploads\/2022\/07\/procore.svg\u00a0\u00bb icon_placement=\u00a0\u00bbleft\u00a0\u00bb admin_label=\u00a0\u00bbProcore\u00a0\u00bb module_class=\u00a0\u00bbsync-module\u00a0\u00bb _builder_version=\u00a0\u00bb4.17.6&Prime; _module_preset=\u00a0\u00bbdefault\u00a0\u00bb image_icon_custom_margin=\u00a0\u00bb||||false|false\u00a0\u00bb image_icon_custom_padding=\u00a0\u00bb||||false|false\u00a0\u00bb custom_padding=\u00a0\u00bb1em|1em|1em|1em|false|false\u00a0\u00bb link_option_url=\u00a0\u00bbhttps:\/\/cirahub.com\/fr\/non-classifiee\/comment-effectuer-une-synchronisation-bidirectionnelle-des-contacts-entre-procore-et-pipedrive\/\u00a0\u00bb border_radii=\u00a0\u00bbon|6px|6px|6px|6px\u00a0\u00bb box_shadow_style=\u00a0\u00bbpreset3&Prime; box_shadow_vertical=\u00a0\u00bb6px\u00a0\u00bb box_shadow_color=\u00a0\u00bbrgba(0,0,0,0.15)\u00a0\u00bb global_colors_info=\u00a0\u00bb{}\u00a0\u00bb box_shadow_blur__hover_enabled=\u00a0\u00bboff|desktop\u00a0\u00bb box_shadow_blur__hover=\u00a0\u00bb30px\u00a0\u00bb box_shadow_vertical__hover_enabled=\u00a0\u00bbon|desktop\u00a0\u00bb box_shadow_vertical__hover=\u00a0\u00bb20px\u00a0\u00bb][\/et_pb_blurb][\/et_pb_column][et_pb_column type=\u00a0\u00bb1_3&Prime; _builder_version=\u00a0\u00bb4.17.4&Prime; _module_preset=\u00a0\u00bbdefault\u00a0\u00bb global_colors_info=\u00a0\u00bb{}\u00a0\u00bb][et_pb_blurb title=\u00a0\u00bbDossiers publics Office 365&Prime; url=\u00a0\u00bbhttps:\/\/cirahub.com\/fr\/non-classifiee\/comment-synchroniser-les-contacts-de-pipedrive-et-des-dossiers-publics-dans-les-deux-sens\/\u00a0\u00bb image=\u00a0\u00bb\/wp-content\/uploads\/2022\/07\/O365-pf.svg\u00a0\u00bb icon_placement=\u00a0\u00bbleft\u00a0\u00bb admin_label=\u00a0\u00bbO365 Public Folder\u00a0\u00bb module_class=\u00a0\u00bbsync-module\u00a0\u00bb _builder_version=\u00a0\u00bb4.17.6&Prime; _module_preset=\u00a0\u00bbdefault\u00a0\u00bb image_icon_custom_margin=\u00a0\u00bb||||false|false\u00a0\u00bb image_icon_custom_padding=\u00a0\u00bb||||false|false\u00a0\u00bb custom_padding=\u00a0\u00bb1em|1em|1em|1em|false|false\u00a0\u00bb link_option_url=\u00a0\u00bbhttps:\/\/cirahub.com\/fr\/non-classifiee\/comment-synchroniser-les-contacts-de-pipedrive-et-des-dossiers-publics-dans-les-deux-sens\/\u00a0\u00bb border_radii=\u00a0\u00bbon|6px|6px|6px|6px\u00a0\u00bb box_shadow_style=\u00a0\u00bbpreset3&Prime; box_shadow_vertical=\u00a0\u00bb6px\u00a0\u00bb box_shadow_color=\u00a0\u00bbrgba(0,0,0,0.15)\u00a0\u00bb global_colors_info=\u00a0\u00bb{}\u00a0\u00bb box_shadow_blur__hover_enabled=\u00a0\u00bboff|desktop\u00a0\u00bb box_shadow_blur__hover=\u00a0\u00bb30px\u00a0\u00bb box_shadow_vertical__hover_enabled=\u00a0\u00bbon|desktop\u00a0\u00bb box_shadow_vertical__hover=\u00a0\u00bb20px\u00a0\u00bb][\/et_pb_blurb][et_pb_blurb title=\u00a0\u00bbContacts Exchange Server\u00a0\u00bb url=\u00a0\u00bbhttps:\/\/cirahub.com\/fr\/assistance-cirahub\/comment-activer-la-synchronisation-bidirectionnelle-des-contacts-entre-un-exchange-server-et-pipedrive\/\u00a0\u00bb image=\u00a0\u00bb\/wp-content\/uploads\/2022\/07\/exchange-contacts.svg\u00a0\u00bb icon_placement=\u00a0\u00bbleft\u00a0\u00bb admin_label=\u00a0\u00bbExchange Server Contacts\u00a0\u00bb module_class=\u00a0\u00bbsync-module\u00a0\u00bb _builder_version=\u00a0\u00bb4.17.6&Prime; _module_preset=\u00a0\u00bbdefault\u00a0\u00bb image_icon_custom_margin=\u00a0\u00bb||||false|false\u00a0\u00bb image_icon_custom_padding=\u00a0\u00bb||||false|false\u00a0\u00bb custom_padding=\u00a0\u00bb1em|1em|1em|1em|false|false\u00a0\u00bb link_option_url=\u00a0\u00bbhttps:\/\/cirahub.com\/fr\/assistance-cirahub\/comment-activer-la-synchronisation-bidirectionnelle-des-contacts-entre-un-exchange-server-et-pipedrive\/\u00a0\u00bb border_radii=\u00a0\u00bbon|6px|6px|6px|6px\u00a0\u00bb box_shadow_style=\u00a0\u00bbpreset3&Prime; box_shadow_vertical=\u00a0\u00bb6px\u00a0\u00bb box_shadow_color=\u00a0\u00bbrgba(0,0,0,0.15)\u00a0\u00bb global_colors_info=\u00a0\u00bb{}\u00a0\u00bb box_shadow_blur__hover_enabled=\u00a0\u00bboff|desktop\u00a0\u00bb box_shadow_blur__hover=\u00a0\u00bb30px\u00a0\u00bb box_shadow_vertical__hover_enabled=\u00a0\u00bbon|desktop\u00a0\u00bb box_shadow_vertical__hover=\u00a0\u00bb20px\u00a0\u00bb][\/et_pb_blurb][et_pb_blurb title=\u00a0\u00bbActiveCampaign\u00a0\u00bb url=\u00a0\u00bbhttps:\/\/cirahub.com\/support\/how-to-sync-pipedrive-and-active-campaign\/\u00a0\u00bb image=\u00a0\u00bb\/wp-content\/uploads\/2022\/07\/activecampaign.svg\u00a0\u00bb icon_placement=\u00a0\u00bbleft\u00a0\u00bb admin_label=\u00a0\u00bbActiveCampaign\u00a0\u00bb module_class=\u00a0\u00bbsync-module\u00a0\u00bb _builder_version=\u00a0\u00bb4.17.6&Prime; _module_preset=\u00a0\u00bbdefault\u00a0\u00bb image_icon_custom_margin=\u00a0\u00bb||||false|false\u00a0\u00bb image_icon_custom_padding=\u00a0\u00bb||||false|false\u00a0\u00bb custom_padding=\u00a0\u00bb1em|1em|1em|1em|false|false\u00a0\u00bb link_option_url=\u00a0\u00bbhttps:\/\/cirahub.com\/support\/how-to-sync-pipedrive-and-active-campaign\/\u00a0\u00bb border_radii=\u00a0\u00bbon|6px|6px|6px|6px\u00a0\u00bb box_shadow_style=\u00a0\u00bbpreset3&Prime; box_shadow_vertical=\u00a0\u00bb6px\u00a0\u00bb box_shadow_color=\u00a0\u00bbrgba(0,0,0,0.15)\u00a0\u00bb global_colors_info=\u00a0\u00bb{}\u00a0\u00bb box_shadow_blur__hover_enabled=\u00a0\u00bboff|desktop\u00a0\u00bb box_shadow_blur__hover=\u00a0\u00bb30px\u00a0\u00bb box_shadow_vertical__hover_enabled=\u00a0\u00bbon|desktop\u00a0\u00bb box_shadow_vertical__hover=\u00a0\u00bb20px\u00a0\u00bb][\/et_pb_blurb][et_pb_blurb title=\u00a0\u00bbPipedrive\u00a0\u00bb url=\u00a0\u00bbhttps:\/\/cirahub.com\/fr\/non-classifiee\/comment-effectuer-une-synchronisation-bidirectionnelle-des-contacts-entre-plusieurs-sources-pipedrive\/\u00a0\u00bb image=\u00a0\u00bb\/wp-content\/uploads\/2022\/07\/pipedrive.svg\u00a0\u00bb icon_placement=\u00a0\u00bbleft\u00a0\u00bb disabled_on=\u00a0\u00bbon|on|on\u00a0\u00bb admin_label=\u00a0\u00bbPipedrive\u00a0\u00bb module_class=\u00a0\u00bbsync-module\u00a0\u00bb _builder_version=\u00a0\u00bb4.17.6&Prime; _module_preset=\u00a0\u00bbdefault\u00a0\u00bb image_icon_custom_margin=\u00a0\u00bb||||false|false\u00a0\u00bb image_icon_custom_padding=\u00a0\u00bb||||false|false\u00a0\u00bb custom_padding=\u00a0\u00bb1em|1em|1em|1em|false|false\u00a0\u00bb link_option_url=\u00a0\u00bbhttps:\/\/cirahub.com\/fr\/non-classifiee\/comment-effectuer-une-synchronisation-bidirectionnelle-des-contacts-entre-plusieurs-sources-pipedrive\/\u00a0\u00bb border_radii=\u00a0\u00bbon|6px|6px|6px|6px\u00a0\u00bb box_shadow_style=\u00a0\u00bbpreset3&Prime; box_shadow_vertical=\u00a0\u00bb6px\u00a0\u00bb box_shadow_color=\u00a0\u00bbrgba(0,0,0,0.15)\u00a0\u00bb disabled=\u00a0\u00bbon\u00a0\u00bb global_colors_info=\u00a0\u00bb{}\u00a0\u00bb box_shadow_blur__hover_enabled=\u00a0\u00bboff|desktop\u00a0\u00bb box_shadow_blur__hover=\u00a0\u00bb30px\u00a0\u00bb box_shadow_vertical__hover_enabled=\u00a0\u00bbon|desktop\u00a0\u00bb box_shadow_vertical__hover=\u00a0\u00bb20px\u00a0\u00bb][\/et_pb_blurb][\/et_pb_column][et_pb_column type=\u00a0\u00bb1_3&Prime; _builder_version=\u00a0\u00bb4.17.4&Prime; _module_preset=\u00a0\u00bbdefault\u00a0\u00bb global_colors_info=\u00a0\u00bb{}\u00a0\u00bb][et_pb_blurb title=\u00a0\u00bbListe d&rsquo;adresses globale\u00a0\u00bb url=\u00a0\u00bbhttps:\/\/cirahub.com\/fr\/non-classifiee\/comment-synchroniser-pipedrive-avec-une-liste-dadresses-globale\/\u00a0\u00bb image=\u00a0\u00bb\/wp-content\/uploads\/2022\/07\/O365-gal.svg\u00a0\u00bb icon_placement=\u00a0\u00bbleft\u00a0\u00bb admin_label=\u00a0\u00bbO365 Global Address List\u00a0\u00bb module_class=\u00a0\u00bbsync-module\u00a0\u00bb _builder_version=\u00a0\u00bb4.17.6&Prime; _module_preset=\u00a0\u00bbdefault\u00a0\u00bb image_icon_custom_margin=\u00a0\u00bb||||false|false\u00a0\u00bb image_icon_custom_padding=\u00a0\u00bb||||false|false\u00a0\u00bb custom_padding=\u00a0\u00bb1em|1em|1em|1em|false|false\u00a0\u00bb link_option_url=\u00a0\u00bbhttps:\/\/cirahub.com\/fr\/non-classifiee\/comment-synchroniser-pipedrive-avec-une-liste-dadresses-globale\/\u00a0\u00bb border_radii=\u00a0\u00bbon|6px|6px|6px|6px\u00a0\u00bb box_shadow_style=\u00a0\u00bbpreset3&Prime; box_shadow_vertical=\u00a0\u00bb6px\u00a0\u00bb box_shadow_color=\u00a0\u00bbrgba(0,0,0,0.15)\u00a0\u00bb global_colors_info=\u00a0\u00bb{}\u00a0\u00bb box_shadow_blur__hover_enabled=\u00a0\u00bboff|desktop\u00a0\u00bb box_shadow_blur__hover=\u00a0\u00bb30px\u00a0\u00bb box_shadow_vertical__hover_enabled=\u00a0\u00bbon|desktop\u00a0\u00bb box_shadow_vertical__hover=\u00a0\u00bb20px\u00a0\u00bb][\/et_pb_blurb][et_pb_blurb title=\u00a0\u00bbContacts Google\u00a0\u00bb url=\u00a0\u00bbhttps:\/\/cirahub.com\/fr\/non-classifiee\/comment-synchroniser-les-contacts-google-et-pipedrive-dans-les-deux-sens\/\u00a0\u00bb image=\u00a0\u00bb\/wp-content\/uploads\/2022\/07\/google-contact.svg\u00a0\u00bb icon_placement=\u00a0\u00bbleft\u00a0\u00bb admin_label=\u00a0\u00bbGoogle Contacts\u00a0\u00bb module_class=\u00a0\u00bbsync-module\u00a0\u00bb _builder_version=\u00a0\u00bb4.17.6&Prime; _module_preset=\u00a0\u00bbdefault\u00a0\u00bb image_icon_custom_margin=\u00a0\u00bb||||false|false\u00a0\u00bb image_icon_custom_padding=\u00a0\u00bb||||false|false\u00a0\u00bb custom_padding=\u00a0\u00bb1em|1em|1em|1em|false|false\u00a0\u00bb link_option_url=\u00a0\u00bbhttps:\/\/cirahub.com\/fr\/non-classifiee\/comment-synchroniser-les-contacts-google-et-pipedrive-dans-les-deux-sens\/\u00a0\u00bb border_radii=\u00a0\u00bbon|6px|6px|6px|6px\u00a0\u00bb box_shadow_style=\u00a0\u00bbpreset3&Prime; box_shadow_vertical=\u00a0\u00bb6px\u00a0\u00bb box_shadow_color=\u00a0\u00bbrgba(0,0,0,0.15)\u00a0\u00bb global_colors_info=\u00a0\u00bb{}\u00a0\u00bb box_shadow_blur__hover_enabled=\u00a0\u00bboff|desktop\u00a0\u00bb box_shadow_blur__hover=\u00a0\u00bb30px\u00a0\u00bb box_shadow_vertical__hover_enabled=\u00a0\u00bbon|desktop\u00a0\u00bb box_shadow_vertical__hover=\u00a0\u00bb20px\u00a0\u00bb][\/et_pb_blurb][et_pb_blurb title=\u00a0\u00bbHubSpot\u00a0\u00bb url=\u00a0\u00bbhttps:\/\/cirahub.com\/fr\/non-classifiee\/comment-activer-la-synchronisation-entre-pipedrive-et-hubspot\/\u00a0\u00bb image=\u00a0\u00bb\/wp-content\/uploads\/2022\/07\/hubspot.svg\u00a0\u00bb icon_placement=\u00a0\u00bbleft\u00a0\u00bb admin_label=\u00a0\u00bbHubSpot\u00a0\u00bb module_class=\u00a0\u00bbsync-module\u00a0\u00bb _builder_version=\u00a0\u00bb4.17.6&Prime; _module_preset=\u00a0\u00bbdefault\u00a0\u00bb image_icon_custom_margin=\u00a0\u00bb||||false|false\u00a0\u00bb image_icon_custom_padding=\u00a0\u00bb||||false|false\u00a0\u00bb custom_padding=\u00a0\u00bb1em|1em|1em|1em|false|false\u00a0\u00bb link_option_url=\u00a0\u00bbhttps:\/\/cirahub.com\/fr\/non-classifiee\/comment-activer-la-synchronisation-entre-pipedrive-et-hubspot\/\u00a0\u00bb border_radii=\u00a0\u00bbon|6px|6px|6px|6px\u00a0\u00bb box_shadow_style=\u00a0\u00bbpreset3&Prime; box_shadow_vertical=\u00a0\u00bb6px\u00a0\u00bb box_shadow_color=\u00a0\u00bbrgba(0,0,0,0.15)\u00a0\u00bb global_colors_info=\u00a0\u00bb{}\u00a0\u00bb box_shadow_blur__hover_enabled=\u00a0\u00bboff|desktop\u00a0\u00bb box_shadow_blur__hover=\u00a0\u00bb30px\u00a0\u00bb box_shadow_vertical__hover_enabled=\u00a0\u00bbon|desktop\u00a0\u00bb box_shadow_vertical__hover=\u00a0\u00bb20px\u00a0\u00bb][\/et_pb_blurb][\/et_pb_column][\/et_pb_row][\/et_pb_section]<\/p>\n","protected":false},"excerpt":{"rendered":"<p>Synchronisation multidirectionnelle de Quickbooks bient\u00f4t disponible !Synchronisez automatiquement un nombre illimit\u00e9 de contacts et de calendriers partag\u00e9s sur Office 365, les serveurs Exchange on-Promise et les dossiers publics.Synchronisez Salesforce, HubSpot, ActiveCampaign, etc. Transf\u00e9rez, dupliquez et partagez les contacts des clients sur tous les appareils des employ\u00e9s.Interface utilisateur claire et intuitive con\u00e7ue pour une configuration facile [&hellip;]<\/p>\n","protected":false},"author":2,"featured_media":0,"parent":0,"menu_order":0,"comment_status":"closed","ping_status":"closed","template":"","meta":{"_et_pb_use_builder":"on","_et_pb_old_content":"","_et_gb_content_width":"","footnotes":""},"class_list":["post-46155","page","type-page","status-publish","hentry"],"_links":{"self":[{"href":"https:\/\/cirahub.com\/fr\/wp-json\/wp\/v2\/pages\/46155","targetHints":{"allow":["GET"]}}],"collection":[{"href":"https:\/\/cirahub.com\/fr\/wp-json\/wp\/v2\/pages"}],"about":[{"href":"https:\/\/cirahub.com\/fr\/wp-json\/wp\/v2\/types\/page"}],"author":[{"embeddable":true,"href":"https:\/\/cirahub.com\/fr\/wp-json\/wp\/v2\/users\/2"}],"replies":[{"embeddable":true,"href":"https:\/\/cirahub.com\/fr\/wp-json\/wp\/v2\/comments?post=46155"}],"version-history":[{"count":5,"href":"https:\/\/cirahub.com\/fr\/wp-json\/wp\/v2\/pages\/46155\/revisions"}],"predecessor-version":[{"id":47962,"href":"https:\/\/cirahub.com\/fr\/wp-json\/wp\/v2\/pages\/46155\/revisions\/47962"}],"wp:attachment":[{"href":"https:\/\/cirahub.com\/fr\/wp-json\/wp\/v2\/media?parent=46155"}],"curies":[{"name":"wp","href":"https:\/\/api.w.org\/{rel}","templated":true}]}}