{"id":44893,"date":"2023-04-29T06:10:51","date_gmt":"2023-04-29T14:10:51","guid":{"rendered":"https:\/\/cirahub.com\/?page_id=44893"},"modified":"2023-04-29T06:11:05","modified_gmt":"2023-04-29T14:11:05","slug":"boite-aux-lettres-office365-2","status":"publish","type":"page","link":"https:\/\/cirahub.com\/fr\/boite-aux-lettres-office365-2\/","title":{"rendered":"Bo\u00eete aux lettres Office365"},"content":{"rendered":"<p>[et_pb_section fb_built=\u00a0\u00bb1&Prime; _builder_version=\u00a0\u00bb4.17.4&Prime; _module_preset=\u00a0\u00bbdefault\u00a0\u00bb background_color=\u00a0\u00bb#009aed\u00a0\u00bb custom_padding=\u00a0\u00bb||3px|||\u00a0\u00bb global_colors_info=\u00a0\u00bb{}\u00a0\u00bb][et_pb_row _builder_version=\u00a0\u00bb4.17.4&Prime; _module_preset=\u00a0\u00bbdefault\u00a0\u00bb custom_padding=\u00a0\u00bb||0px|||\u00a0\u00bb global_colors_info=\u00a0\u00bb{}\u00a0\u00bb][et_pb_column type=\u00a0\u00bb4_4&Prime; _builder_version=\u00a0\u00bb4.17.4&Prime; _module_preset=\u00a0\u00bbdefault\u00a0\u00bb global_colors_info=\u00a0\u00bb{}\u00a0\u00bb][et_pb_text _builder_version=\u00a0\u00bb4.17.4&Prime; _module_preset=\u00a0\u00bbdefault\u00a0\u00bb text_font_size=\u00a0\u00bb12px\u00a0\u00bb header_6_font=\u00a0\u00bbOpen Sans||||||||\u00a0\u00bb text_orientation=\u00a0\u00bbcenter\u00a0\u00bb background_layout=\u00a0\u00bbdark\u00a0\u00bb custom_padding=\u00a0\u00bb||0px|||\u00a0\u00bb global_colors_info=\u00a0\u00bb{}\u00a0\u00bb]<\/p>\n<h1>Synchronisation multidirectionnelle pour les contacts de la bo\u00eete aux lettres Office 365<\/h1>\n<h6>Synchronisez les contacts de la bo\u00eete aux lettres Office 365 avec l&rsquo;une des applications suivantes :<\/h6>\n<p>[\/et_pb_text][et_pb_button button_url=\u00a0\u00bbhttps:\/\/cirahub.com\/fr\/nous-contacter\/\u00a0\u00bb button_text=\u00a0\u00bbRestez Synchronis\u00e9s\u00a0\u00bb button_alignment=\u00a0\u00bbcenter\u00a0\u00bb module_class=\u00a0\u00bbwhite-button\u00a0\u00bb _builder_version=\u00a0\u00bb4.17.4&Prime; _module_preset=\u00a0\u00bbdefault\u00a0\u00bb custom_button=\u00a0\u00bbon\u00a0\u00bb button_bg_color=\u00a0\u00bb#29c4a9&Prime; button_border_color=\u00a0\u00bbrgba(0,0,0,0)\u00a0\u00bb button_use_icon=\u00a0\u00bboff\u00a0\u00bb background_layout=\u00a0\u00bbdark\u00a0\u00bb custom_margin=\u00a0\u00bb1em||5em||false|false\u00a0\u00bb custom_padding=\u00a0\u00bb|30px||30px||true\u00a0\u00bb box_shadow_style=\u00a0\u00bbpreset3&Prime; box_shadow_vertical=\u00a0\u00bb30px\u00a0\u00bb box_shadow_blur=\u00a0\u00bb40px\u00a0\u00bb box_shadow_spread=\u00a0\u00bb-16px\u00a0\u00bb box_shadow_color=\u00a0\u00bbrgba(28,165,255,0.24)\u00a0\u00bb locked=\u00a0\u00bboff\u00a0\u00bb global_colors_info=\u00a0\u00bb{}\u00a0\u00bb][\/et_pb_button][\/et_pb_column][\/et_pb_row][\/et_pb_section][et_pb_section fb_built=\u00a0\u00bb1&Prime; _builder_version=\u00a0\u00bb4.17.4&Prime; _module_preset=\u00a0\u00bbdefault\u00a0\u00bb custom_padding=\u00a0\u00bb||0px||false|false\u00a0\u00bb global_colors_info=\u00a0\u00bb{}\u00a0\u00bb][et_pb_row column_structure=\u00a0\u00bb1_4,1_4,1_4,1_4&Prime; _builder_version=\u00a0\u00bb4.17.4&Prime; _module_preset=\u00a0\u00bbdefault\u00a0\u00bb max_width=\u00a0\u00bb1200px\u00a0\u00bb locked=\u00a0\u00bboff\u00a0\u00bb global_colors_info=\u00a0\u00bb{}\u00a0\u00bb][et_pb_column type=\u00a0\u00bb1_4&Prime; _builder_version=\u00a0\u00bb4.16&Prime; _module_preset=\u00a0\u00bbdefault\u00a0\u00bb global_colors_info=\u00a0\u00bb{}\u00a0\u00bb][et_pb_blurb title=\u00a0\u00bb\u00c9voluez \u00e0 mesure que vous grandissez\u00a0\u00bb image=\u00a0\u00bb\/wp-content\/uploads\/2020\/09\/infinity-sync.svg\u00a0\u00bb _builder_version=\u00a0\u00bb4.16&Prime; _module_preset=\u00a0\u00bbdefault\u00a0\u00bb header_text_align=\u00a0\u00bbcenter\u00a0\u00bb text_orientation=\u00a0\u00bbcenter\u00a0\u00bb global_colors_info=\u00a0\u00bb{}\u00a0\u00bb]<\/p>\n<p>Synchronisez automatiquement un nombre illimit\u00e9 de contacts et de calendriers partag\u00e9s sur Office 365, les serveurs Exchange on-Promise et les dossiers publics.<\/p>\n<p>[\/et_pb_blurb][\/et_pb_column][et_pb_column type=\u00a0\u00bb1_4&Prime; _builder_version=\u00a0\u00bb4.16&Prime; _module_preset=\u00a0\u00bbdefault\u00a0\u00bb global_colors_info=\u00a0\u00bb{}\u00a0\u00bb][et_pb_blurb title=\u00a0\u00bbBoostez votre CRM\u00a0\u00bb image=\u00a0\u00bb\/wp-content\/uploads\/2020\/09\/Native-Salesforce-integration.svg\u00a0\u00bb _builder_version=\u00a0\u00bb4.16&Prime; _module_preset=\u00a0\u00bbdefault\u00a0\u00bb header_text_align=\u00a0\u00bbcenter\u00a0\u00bb text_orientation=\u00a0\u00bbcenter\u00a0\u00bb global_colors_info=\u00a0\u00bb{}\u00a0\u00bb]<\/p>\n<p><span>Synchronisez Salesforce, HubSpot, ActiveCampaign, etc. Transf\u00e9rez, dupliquez et partagez les contacts des clients sur tous les appareils des employ\u00e9s.<\/span><\/p>\n<p>[\/et_pb_blurb][\/et_pb_column][et_pb_column type=\u00a0\u00bb1_4&Prime; _builder_version=\u00a0\u00bb4.16&Prime; _module_preset=\u00a0\u00bbdefault\u00a0\u00bb global_colors_info=\u00a0\u00bb{}\u00a0\u00bb][et_pb_blurb title=\u00a0\u00bbGestion centralis\u00e9e\u00a0\u00bb image=\u00a0\u00bb\/wp-content\/uploads\/2020\/09\/cirahub-dashboard.svg\u00a0\u00bb _builder_version=\u00a0\u00bb4.16&Prime; _module_preset=\u00a0\u00bbdefault\u00a0\u00bb header_text_align=\u00a0\u00bbcenter\u00a0\u00bb text_orientation=\u00a0\u00bbcenter\u00a0\u00bb global_colors_info=\u00a0\u00bb{}\u00a0\u00bb]<\/p>\n<p>Interface utilisateur claire et intuitive con\u00e7ue pour une configuration facile pour les utilisateurs avec ou sans connaissances ou exp\u00e9rience en informatique.<\/p>\n<p>[\/et_pb_blurb][\/et_pb_column][et_pb_column type=\u00a0\u00bb1_4&Prime; _builder_version=\u00a0\u00bb4.16&Prime; _module_preset=\u00a0\u00bbdefault\u00a0\u00bb global_colors_info=\u00a0\u00bb{}\u00a0\u00bb][et_pb_blurb title=\u00a0\u00bbG\u00e9rez votre carnet d&rsquo;adresses en d\u00e9placement\u00a0\u00bb image=\u00a0\u00bb\/wp-content\/uploads\/2020\/09\/two-way-sync.svg\u00a0\u00bb _builder_version=\u00a0\u00bb4.16&Prime; _module_preset=\u00a0\u00bbdefault\u00a0\u00bb header_text_align=\u00a0\u00bbcenter\u00a0\u00bb text_orientation=\u00a0\u00bbcenter\u00a0\u00bb custom_margin=\u00a0\u00bb|-19px||||\u00a0\u00bb custom_padding=\u00a0\u00bb|0px||||\u00a0\u00bb global_colors_info=\u00a0\u00bb{}\u00a0\u00bb]<\/p>\n<p style=\"text-align: center;\">La synchronisation bidirectionnelle permet une gestion facile des contacts et des calendriers sur votre poste de travail et sur les smartphones.<\/p>\n<p>[\/et_pb_blurb][\/et_pb_column][\/et_pb_row][\/et_pb_section][et_pb_section fb_built=\u00a0\u00bb1&Prime; _builder_version=\u00a0\u00bb4.17.4&Prime; _module_preset=\u00a0\u00bbdefault\u00a0\u00bb custom_padding=\u00a0\u00bb||||false|false\u00a0\u00bb global_colors_info=\u00a0\u00bb{}\u00a0\u00bb][et_pb_row _builder_version=\u00a0\u00bb4.17.4&Prime; _module_preset=\u00a0\u00bbdefault\u00a0\u00bb custom_padding=\u00a0\u00bb||15px|||\u00a0\u00bb global_colors_info=\u00a0\u00bb{}\u00a0\u00bb][et_pb_column type=\u00a0\u00bb4_4&Prime; _builder_version=\u00a0\u00bb4.17.4&Prime; _module_preset=\u00a0\u00bbdefault\u00a0\u00bb global_colors_info=\u00a0\u00bb{}\u00a0\u00bb][et_pb_text admin_label=\u00a0\u00bbTitle\u00a0\u00bb _builder_version=\u00a0\u00bb4.17.4&Prime; _module_preset=\u00a0\u00bbdefault\u00a0\u00bb text_orientation=\u00a0\u00bbcenter\u00a0\u00bb global_colors_info=\u00a0\u00bb{}\u00a0\u00bb]<\/p>\n<h4>Synchronisez les contacts de la bo\u00eete aux lettres Office 365 avec l&rsquo;une des plateformes suivantes :<\/h4>\n<p>[\/et_pb_text][\/et_pb_column][\/et_pb_row][et_pb_row column_structure=\u00a0\u00bb1_3,1_3,1_3&Prime; admin_label=\u00a0\u00bbSync items\u00a0\u00bb _builder_version=\u00a0\u00bb4.17.4&Prime; _module_preset=\u00a0\u00bbdefault\u00a0\u00bb saved_tabs=\u00a0\u00bball\u00a0\u00bb locked=\u00a0\u00bboff\u00a0\u00bb global_colors_info=\u00a0\u00bb{}\u00a0\u00bb][et_pb_column type=\u00a0\u00bb1_3&Prime; _builder_version=\u00a0\u00bb4.17.4&Prime; _module_preset=\u00a0\u00bbdefault\u00a0\u00bb global_colors_info=\u00a0\u00bb{}\u00a0\u00bb][et_pb_blurb title=\u00a0\u00bbGoogle Calendar\u00a0\u00bb url=\u00a0\u00bbhttps:\/\/cirahub.com\/fr\/assistance-cirahub\/comment-activer-la-synchronisation-des-contacts-bidirectionnels-entre-google-et-les-boites-aux-lettres-des-utilisateurs-office-365\/\u00a0\u00bb image=\u00a0\u00bb\/wp-content\/uploads\/2023\/01\/GoogleCalendar.svg\u00a0\u00bb icon_placement=\u00a0\u00bbleft\u00a0\u00bb admin_label=\u00a0\u00bbGoogle Calendar\u00a0\u00bb module_class=\u00a0\u00bbsync-module\u00a0\u00bb _builder_version=\u00a0\u00bb4.19.4&Prime; _module_preset=\u00a0\u00bbdefault\u00a0\u00bb image_icon_custom_margin=\u00a0\u00bb||||false|false\u00a0\u00bb image_icon_custom_padding=\u00a0\u00bb||||false|false\u00a0\u00bb custom_padding=\u00a0\u00bb1em|1em|1em|1em|false|false\u00a0\u00bb link_option_url=\u00a0\u00bbhttps:\/\/cirahub.com\/fr\/assistance-cirahub\/comment-activer-la-synchronisation-des-contacts-bidirectionnels-entre-google-et-les-boites-aux-lettres-des-utilisateurs-office-365\/\u00a0\u00bb border_radii=\u00a0\u00bbon|6px|6px|6px|6px\u00a0\u00bb box_shadow_style=\u00a0\u00bbpreset3&Prime; box_shadow_vertical=\u00a0\u00bb6px\u00a0\u00bb box_shadow_color=\u00a0\u00bbrgba(0,0,0,0.15)\u00a0\u00bb global_colors_info=\u00a0\u00bb{}\u00a0\u00bb box_shadow_blur__hover_enabled=\u00a0\u00bboff|desktop\u00a0\u00bb box_shadow_blur__hover=\u00a0\u00bb30px\u00a0\u00bb box_shadow_vertical__hover_enabled=\u00a0\u00bbon|desktop\u00a0\u00bb box_shadow_vertical__hover=\u00a0\u00bb20px\u00a0\u00bb][\/et_pb_blurb][et_pb_blurb title=\u00a0\u00bbExchange Mailbox Calendar\u00a0\u00bb url=\u00a0\u00bbhttps:\/\/cirahub.com\/fr\/assistance-cirahub\/comment-activer-la-synchronisation-bidirectionnelle-des-contacts-entre-une-boite-aux-lettres-utilisateur-exchange-server-et-une-boite-aux-lettres-utilisateur-office-365\/\u00a0\u00bb image=\u00a0\u00bb\/wp-content\/uploads\/2023\/01\/exchange-mailbox-calendar.svg\u00a0\u00bb icon_placement=\u00a0\u00bbleft\u00a0\u00bb admin_label=\u00a0\u00bbExchange Mailbox Calendar\u00a0\u00bb module_class=\u00a0\u00bbsync-module\u00a0\u00bb _builder_version=\u00a0\u00bb4.19.4&Prime; _module_preset=\u00a0\u00bbdefault\u00a0\u00bb image_icon_custom_margin=\u00a0\u00bb||||false|false\u00a0\u00bb image_icon_custom_padding=\u00a0\u00bb||||false|false\u00a0\u00bb custom_padding=\u00a0\u00bb1em|1em|1em|1em|false|false\u00a0\u00bb link_option_url=\u00a0\u00bbhttps:\/\/cirahub.com\/fr\/assistance-cirahub\/comment-activer-la-synchronisation-bidirectionnelle-des-contacts-entre-une-boite-aux-lettres-utilisateur-exchange-server-et-une-boite-aux-lettres-utilisateur-office-365\/\u00a0\u00bb border_radii=\u00a0\u00bbon|6px|6px|6px|6px\u00a0\u00bb box_shadow_style=\u00a0\u00bbpreset3&Prime; box_shadow_vertical=\u00a0\u00bb6px\u00a0\u00bb box_shadow_color=\u00a0\u00bbrgba(0,0,0,0.15)\u00a0\u00bb global_colors_info=\u00a0\u00bb{}\u00a0\u00bb box_shadow_blur__hover_enabled=\u00a0\u00bboff|desktop\u00a0\u00bb box_shadow_blur__hover=\u00a0\u00bb30px\u00a0\u00bb box_shadow_vertical__hover_enabled=\u00a0\u00bbon|desktop\u00a0\u00bb box_shadow_vertical__hover=\u00a0\u00bb20px\u00a0\u00bb][\/et_pb_blurb][\/et_pb_column][et_pb_column type=\u00a0\u00bb1_3&Prime; _builder_version=\u00a0\u00bb4.17.4&Prime; _module_preset=\u00a0\u00bbdefault\u00a0\u00bb global_colors_info=\u00a0\u00bb{}\u00a0\u00bb][et_pb_blurb title=\u00a0\u00bbO365 Mailbox Calendar\u00a0\u00bb url=\u00a0\u00bbhttps:\/\/cirahub.com\/fr\/assistance-cirahub\/comment-activer-la-synchronisation-bidirectionnelle-des-contacts-entre-les-boites-aux-lettres-des-utilisateurs-office-365\/\u00a0\u00bb image=\u00a0\u00bb\/wp-content\/uploads\/2022\/07\/O365-mailbox.svg\u00a0\u00bb icon_placement=\u00a0\u00bbleft\u00a0\u00bb admin_label=\u00a0\u00bbO365 Mailbox Calendar\u00a0\u00bb module_class=\u00a0\u00bbsync-module\u00a0\u00bb _builder_version=\u00a0\u00bb4.19.4&Prime; _module_preset=\u00a0\u00bbdefault\u00a0\u00bb image_icon_custom_margin=\u00a0\u00bb||||false|false\u00a0\u00bb image_icon_custom_padding=\u00a0\u00bb||||false|false\u00a0\u00bb custom_padding=\u00a0\u00bb1em|1em|1em|1em|false|false\u00a0\u00bb link_option_url=\u00a0\u00bbhttps:\/\/cirahub.com\/fr\/assistance-cirahub\/comment-activer-la-synchronisation-bidirectionnelle-des-contacts-entre-les-boites-aux-lettres-des-utilisateurs-office-365\/\u00a0\u00bb border_radii=\u00a0\u00bbon|6px|6px|6px|6px\u00a0\u00bb box_shadow_style=\u00a0\u00bbpreset3&Prime; box_shadow_vertical=\u00a0\u00bb6px\u00a0\u00bb box_shadow_color=\u00a0\u00bbrgba(0,0,0,0.15)\u00a0\u00bb global_colors_info=\u00a0\u00bb{}\u00a0\u00bb box_shadow_blur__hover_enabled=\u00a0\u00bboff|desktop\u00a0\u00bb box_shadow_blur__hover=\u00a0\u00bb30px\u00a0\u00bb box_shadow_vertical__hover_enabled=\u00a0\u00bbon|desktop\u00a0\u00bb box_shadow_vertical__hover=\u00a0\u00bb20px\u00a0\u00bb][\/et_pb_blurb][et_pb_blurb title=\u00a0\u00bbExchange Public Folder Calendar\u00a0\u00bb url=\u00a0\u00bbhttps:\/\/cirahub.com\/fr\/assistance-cirahub\/comment-activer-la-synchronisation-bidirectionnelle-des-contacts-entre-une-boite-aux-lettres-utilisateur-exchange-server-et-une-boite-aux-lettres-utilisateur-office-365\/\u00a0\u00bb image=\u00a0\u00bb\/wp-content\/uploads\/2023\/01\/exchange-pf-calendar.svg\u00a0\u00bb icon_placement=\u00a0\u00bbleft\u00a0\u00bb admin_label=\u00a0\u00bbExchange Public Folder Calendar\u00a0\u00bb module_class=\u00a0\u00bbsync-module\u00a0\u00bb _builder_version=\u00a0\u00bb4.19.4&Prime; _module_preset=\u00a0\u00bbdefault\u00a0\u00bb image_icon_custom_margin=\u00a0\u00bb||||false|false\u00a0\u00bb image_icon_custom_padding=\u00a0\u00bb||||false|false\u00a0\u00bb custom_padding=\u00a0\u00bb1em|1em|1em|1em|false|false\u00a0\u00bb link_option_url=\u00a0\u00bbhttps:\/\/cirahub.com\/fr\/assistance-cirahub\/comment-activer-la-synchronisation-bidirectionnelle-des-contacts-entre-une-boite-aux-lettres-utilisateur-exchange-server-et-une-boite-aux-lettres-utilisateur-office-365\/\u00a0\u00bb border_radii=\u00a0\u00bbon|6px|6px|6px|6px\u00a0\u00bb box_shadow_style=\u00a0\u00bbpreset3&Prime; box_shadow_vertical=\u00a0\u00bb6px\u00a0\u00bb box_shadow_color=\u00a0\u00bbrgba(0,0,0,0.15)\u00a0\u00bb global_colors_info=\u00a0\u00bb{}\u00a0\u00bb box_shadow_blur__hover_enabled=\u00a0\u00bboff|desktop\u00a0\u00bb box_shadow_blur__hover=\u00a0\u00bb30px\u00a0\u00bb box_shadow_vertical__hover_enabled=\u00a0\u00bbon|desktop\u00a0\u00bb box_shadow_vertical__hover=\u00a0\u00bb20px\u00a0\u00bb][\/et_pb_blurb][\/et_pb_column][et_pb_column type=\u00a0\u00bb1_3&Prime; _builder_version=\u00a0\u00bb4.17.4&Prime; _module_preset=\u00a0\u00bbdefault\u00a0\u00bb global_colors_info=\u00a0\u00bb{}\u00a0\u00bb][et_pb_blurb title=\u00a0\u00bbO365 Public Folder Calendar\u00a0\u00bb url=\u00a0\u00bbhttps:\/\/cirahub.com\/fr\/assistance-cirahub\/comment-synchroniser-les-contacts-des-dossiers-publics-office-365-avec-les-boites-aux-lettres-utilisateurs-office-365\/\u00a0\u00bb image=\u00a0\u00bb\/wp-content\/uploads\/2022\/07\/O365-pf.svg\u00a0\u00bb icon_placement=\u00a0\u00bbleft\u00a0\u00bb admin_label=\u00a0\u00bbO365 Public Folder Calendar\u00a0\u00bb module_class=\u00a0\u00bbsync-module\u00a0\u00bb _builder_version=\u00a0\u00bb4.19.4&Prime; _module_preset=\u00a0\u00bbdefault\u00a0\u00bb image_icon_custom_margin=\u00a0\u00bb||||false|false\u00a0\u00bb image_icon_custom_padding=\u00a0\u00bb||||false|false\u00a0\u00bb custom_padding=\u00a0\u00bb1em|1em|1em|1em|false|false\u00a0\u00bb link_option_url=\u00a0\u00bbhttps:\/\/cirahub.com\/fr\/assistance-cirahub\/comment-synchroniser-les-contacts-des-dossiers-publics-office-365-avec-les-boites-aux-lettres-utilisateurs-office-365\/\u00a0\u00bb border_radii=\u00a0\u00bbon|6px|6px|6px|6px\u00a0\u00bb box_shadow_style=\u00a0\u00bbpreset3&Prime; box_shadow_vertical=\u00a0\u00bb6px\u00a0\u00bb box_shadow_color=\u00a0\u00bbrgba(0,0,0,0.15)\u00a0\u00bb global_colors_info=\u00a0\u00bb{}\u00a0\u00bb box_shadow_blur__hover_enabled=\u00a0\u00bboff|desktop\u00a0\u00bb box_shadow_blur__hover=\u00a0\u00bb30px\u00a0\u00bb box_shadow_vertical__hover_enabled=\u00a0\u00bbon|desktop\u00a0\u00bb box_shadow_vertical__hover=\u00a0\u00bb20px\u00a0\u00bb][\/et_pb_blurb][et_pb_blurb title=\u00a0\u00bbiCal calendar\u00a0\u00bb url=\u00a0\u00bbhttps:\/\/cirahub.com\/fr\/assistance-cirahub\/comment-activer-la-synchronisation-bidirectionnelle-des-contacts-entre-sharepoint-et-une-boite-aux-lettres-office-365\/\u00a0\u00bb image=\u00a0\u00bb\/wp-content\/uploads\/2023\/01\/iCal.svg\u00a0\u00bb icon_placement=\u00a0\u00bbleft\u00a0\u00bb admin_label=\u00a0\u00bbiCal calendar\u00a0\u00bb module_class=\u00a0\u00bbsync-module\u00a0\u00bb _builder_version=\u00a0\u00bb4.19.4&Prime; _module_preset=\u00a0\u00bbdefault\u00a0\u00bb image_icon_custom_margin=\u00a0\u00bb||||false|false\u00a0\u00bb image_icon_custom_padding=\u00a0\u00bb||||false|false\u00a0\u00bb custom_padding=\u00a0\u00bb1em|1em|1em|1em|false|false\u00a0\u00bb link_option_url=\u00a0\u00bbhttps:\/\/cirahub.com\/fr\/assistance-cirahub\/comment-activer-la-synchronisation-bidirectionnelle-des-contacts-entre-sharepoint-et-une-boite-aux-lettres-office-365\/\u00a0\u00bb border_radii=\u00a0\u00bbon|6px|6px|6px|6px\u00a0\u00bb box_shadow_style=\u00a0\u00bbpreset3&Prime; box_shadow_vertical=\u00a0\u00bb6px\u00a0\u00bb box_shadow_color=\u00a0\u00bbrgba(0,0,0,0.15)\u00a0\u00bb global_colors_info=\u00a0\u00bb{}\u00a0\u00bb box_shadow_blur__hover_enabled=\u00a0\u00bboff|desktop\u00a0\u00bb box_shadow_blur__hover=\u00a0\u00bb30px\u00a0\u00bb box_shadow_vertical__hover_enabled=\u00a0\u00bbon|desktop\u00a0\u00bb box_shadow_vertical__hover=\u00a0\u00bb20px\u00a0\u00bb][\/et_pb_blurb][\/et_pb_column][\/et_pb_row][\/et_pb_section]<\/p>\n","protected":false},"excerpt":{"rendered":"<p>Synchronisation multidirectionnelle pour les contacts de la bo\u00eete aux lettres Office 365 Synchronisez les contacts de la bo\u00eete aux lettres Office 365 avec l&rsquo;une des applications suivantes :Synchronisez automatiquement un nombre illimit\u00e9 de contacts et de calendriers partag\u00e9s sur Office 365, les serveurs Exchange on-Promise et les dossiers publics.Synchronisez Salesforce, HubSpot, ActiveCampaign, etc. Transf\u00e9rez, dupliquez [&hellip;]<\/p>\n","protected":false},"author":2,"featured_media":0,"parent":0,"menu_order":0,"comment_status":"closed","ping_status":"closed","template":"","meta":{"_et_pb_use_builder":"on","_et_pb_old_content":"","_et_gb_content_width":"","footnotes":""},"class_list":["post-44893","page","type-page","status-publish","hentry"],"_links":{"self":[{"href":"https:\/\/cirahub.com\/fr\/wp-json\/wp\/v2\/pages\/44893","targetHints":{"allow":["GET"]}}],"collection":[{"href":"https:\/\/cirahub.com\/fr\/wp-json\/wp\/v2\/pages"}],"about":[{"href":"https:\/\/cirahub.com\/fr\/wp-json\/wp\/v2\/types\/page"}],"author":[{"embeddable":true,"href":"https:\/\/cirahub.com\/fr\/wp-json\/wp\/v2\/users\/2"}],"replies":[{"embeddable":true,"href":"https:\/\/cirahub.com\/fr\/wp-json\/wp\/v2\/comments?post=44893"}],"version-history":[{"count":5,"href":"https:\/\/cirahub.com\/fr\/wp-json\/wp\/v2\/pages\/44893\/revisions"}],"predecessor-version":[{"id":47963,"href":"https:\/\/cirahub.com\/fr\/wp-json\/wp\/v2\/pages\/44893\/revisions\/47963"}],"wp:attachment":[{"href":"https:\/\/cirahub.com\/fr\/wp-json\/wp\/v2\/media?parent=44893"}],"curies":[{"name":"wp","href":"https:\/\/api.w.org\/{rel}","templated":true}]}}