{"id":38510,"date":"2021-11-28T06:18:40","date_gmt":"2021-11-28T14:18:40","guid":{"rendered":"https:\/\/cirahub.com\/politique-de-confidentialite-des-donnees\/"},"modified":"2021-11-28T06:18:48","modified_gmt":"2021-11-28T14:18:48","slug":"politique-de-confidentialite-des-donnees","status":"publish","type":"page","link":"https:\/\/cirahub.com\/fr\/politique-de-confidentialite-des-donnees\/","title":{"rendered":"Politique de confidentialit\u00e9 des donn\u00e9es"},"content":{"rendered":"<p>[et_pb_section fb_built=\u00a0\u00bb1&Prime; _builder_version=\u00a0\u00bb4.9.4&Prime; _module_preset=\u00a0\u00bbdefault\u00a0\u00bb][et_pb_row _builder_version=\u00a0\u00bb4.9.4&Prime; _module_preset=\u00a0\u00bbdefault\u00a0\u00bb][et_pb_column _builder_version=\u00a0\u00bb4.9.4&Prime; _module_preset=\u00a0\u00bbdefault\u00a0\u00bb type=\u00a0\u00bb4_4&Prime;][et_pb_text _builder_version=\u00a0\u00bb4.9.4&Prime; _module_preset=\u00a0\u00bbdefault\u00a0\u00bb hover_enabled=\u00a0\u00bb0&Prime; sticky_enabled=\u00a0\u00bb0&Prime;]<\/p>\n<p>Derni\u00e8re mise \u00e0 jour le 17 avril 2019<\/p>\n<p>Cette politique de confidentialit\u00e9 (la \u201c<strong>Politique<\/strong>\u201d) d\u00e9crit le traitement des informations fournies ou collect\u00e9es sur le site Web <a href=\"\/\">https:\/\/cirahub.com<\/a> (le \u201c<strong>site Web<\/strong>\u201d). Le but de cette politique est de d\u00e9crire comment le site Web collecte, partage et s\u00e9curise les informations que vous fournissez. Par cons\u00e9quent, avant de fournir \u00e0 Cira Apps Limited (la \u00ab <strong>Soci\u00e9t\u00e9<\/strong> \u00bb ou \u00ab <strong>Nous<\/strong> \u00bb) des renseignements personnels, vous devez lire la pr\u00e9sente politique dans son int\u00e9gralit\u00e9 et en comprendre les termes. Nous pouvons mettre \u00e0 jour la politique de temps \u00e0 autre, veuillez donc v\u00e9rifier de temps en temps. Notre objectif est de fournir une politique d\u2019entreprise transparente dans la fa\u00e7on dont nous traitons vos informations.<\/p>\n<div class=\"test\">\n<ol class=\"items number bigger\">\n<li>Informations que nous collectons<\/li>\n<li>Comment nous collectons vos informations<\/li>\n<li>Ce que nous faisons avec vos informations<\/li>\n<li>Partage de vos informations<\/li>\n<li>Vos contr\u00f4les et choix<\/li>\n<li>Mesures de s\u00e9curit\u00e9<\/li>\n<li>Comment nous communiquons avec vous<\/li>\n<li>Enfants<\/li>\n<li>Modifications de cette politique<\/li>\n<li>Avis aux r\u00e9sidents de Californie<\/li>\n<li>La Californie ne trace pas les divulgations<\/li>\n<\/ol>\n<\/div>\n<h4>1. Informations que nous collectons<\/h4>\n<p>Sur le Site Web, vous pouvez choisir de fournir \u00e0 la soci\u00e9t\u00e9 des informations vous concernant qui sont des informations personnellement identifiables. Le terme informations personnellement identifiables d\u00e9signe les informations collect\u00e9es en relation avec vos noms, telles que votre adresse, votre adresse e-mail, votre num\u00e9ro de t\u00e9l\u00e9phone, les informations de votre carte de cr\u00e9dit et les informations d\u2019exp\u00e9dition (\u00ab<strong>Informations personnelles<\/strong>\u00bb). Votre utilisation du site Web peut \u00e9galement impliquer que vous fournissiez des informations qui ne sont pas des informations personnelles, ce qui signifie que ces informations ne sont pas li\u00e9es \u00e0 votre nom et sont donc des informations anonymes qui ne permettent pas d\u2019identifier et ne peuvent pas \u00eatre raisonnablement utilis\u00e9es pour identifier un utilisateur individuel du site Web. Vous avez le choix de nous fournir ou non des informations personnelles et la fourniture de ces informations personnelles n\u2019est pas requise lors de la visite du site Web. Par cons\u00e9quent, si vous nous fournissez des informations personnelles, par exemple en demandant \u00e0 \u00eatre inscrit sur notre liste de diffusion, nous pouvons vous contacter de temps \u00e0 autre.<\/p>\n<p>Voici quelques exemples des types d\u2019informations que nous collectons:<\/p>\n<ul>\n<li>Facturation : nous collectons des informations personnelles li\u00e9es aux transactions et aux comptes clients. Ces informations personnelles sont stock\u00e9es \u00e0 deux endroits \u00e0 des fins de facturation:\n<ul>\n<li>Authorize.NET est une passerelle marchande de cartes de cr\u00e9dit conforme \u00e0 la <a href=\"https:\/\/www.authorize.net\/resources\/pcicompliance\/\">norme PCI<\/a> qui peut stocker les informations de votre carte de cr\u00e9dit. Ces informations sont n\u00e9cessaires au traitement des remboursements. Vous pouvez en savoir plus sur Authorize.Net sur leur site Web \u00e0 l\u2019adresse:<a href=\"https:\/\/www.authorize.net\/company\/privacy\/\">https:\/\/www.authorize.net\/company\/privacy\/<\/a>.<\/li>\n<li>Intuit, une soci\u00e9t\u00e9 de logiciels qui fabrique QuickBooks. Vous pouvez en savoir plus sur la politique de confidentialit\u00e9 d\u2019Intuit sur leur site Web: <a href=\"https:\/\/security.intuit.com\/privacy\/\">https:\/\/security.intuit.com\/privacy\/<\/a>.<\/li>\n<\/ul>\n<\/li>\n<li>Nous utilisons OAuth pour permettre aux clients de se connecter sans partager leurs mots de passe. Vous pouvez lire plus d\u2019informations sur OAuth sur son site Web \u00e0 l\u2019adresse <a style=\"font-size: 16px;\" href=\"https:\/\/oauth.net\">https:\/\/oauth.net<\/a><span style=\"font-size: 16px;\">. Les connexions sont v\u00e9rifi\u00e9es par rapport \u00e0 Azure AD.<\/span><\/li>\n<\/ul>\n<h4>2. Comment nous collectons vos informations<\/h4>\n<ul class=\"disc\">\n<li>Nous recueillons des informations personnelles lorsque vous nous demandez des produits, des services ou des informations, que vous vous inscrivez aupr\u00e8s de nous, que vous participez \u00e0 des forums publics ou \u00e0 d\u2019autres activit\u00e9s sur notre site Web et sur toute plate-forme qui nous permet d\u2019interagir directement avec vous, de r\u00e9pondre \u00e0 des sondages aupr\u00e8s des clients ou sinon interagissez avec nous. Veuillez garder \u00e0 l\u2019esprit que lorsque vous nous fournissez des informations sur un site ou une plate-forme tiers (par exemple, Facebook), toutes les informations que vous fournissez peuvent \u00eatre collect\u00e9es s\u00e9par\u00e9ment par le site ou la plate-forme tiers. Les Informations Personnelles que nous collectons sont couvertes par la pr\u00e9sente politique et les informations collect\u00e9es par le site ou la plate-forme tiers sont soumises aux pratiques de confidentialit\u00e9 du site ou de la plate-forme tiers et, par cons\u00e9quent, vous devez vous familiariser avec toute politique de confidentialit\u00e9 applicable comme n\u00e9cessaire.<\/li>\n<li>Nous n\u2019exigeons pas l\u2019utilisation de cookies. Nous ne collectons ni ne stockons aucune donn\u00e9e des visiteurs de notre site, sauf lorsque cela est n\u00e9cessaire pour fournir des services contractuels ou pour r\u00e9pondre \u00e0 une demande de contact. Si vous nous soumettez vos Informations Personnelles via un formulaire (soit pour nous demander de vous contacter ou sur des pages de destination o\u00f9 nous proposons un \u00e9l\u00e9ment \u00e0 t\u00e9l\u00e9charger), nous pouvons utiliser vos informations de contact pour vous envoyer des e-mails promotionnels. Vous \u00eates libre de vous d\u00e9sinscrire de nos communications \u00e0 tout moment, et nous respecterons votre demande.<\/li>\n<li>Les annonceurs et les tiers peuvent \u00e9galement collecter des informations sur votre activit\u00e9 sur notre site Web et sur des sites et applications tiers utilisant des technologies de suivi. Les donn\u00e9es de suivi collect\u00e9es par ces annonceurs et tiers sont utilis\u00e9es pour d\u00e9cider quelles publicit\u00e9s vous voyez \u00e0 la fois sur notre site Web et sur des sites et applications tiers, mais ne vous identifient pas personnellement et ne sont pas associ\u00e9es \u00e0 votre compte d&rsquo;inscription.<\/li>\n<li>Lorsque vous entrez sur notre site Web, nous capturons et conservons l\u2019adresse IP de l\u2019appareil que vous utilisez, tel qu\u2019un ordinateur personnel ou un appareil mobile.<\/li>\n<\/ul>\n<h4>3. Ce que nous faisons avec vos informations<\/h4>\n<p>La Soci\u00e9t\u00e9 peut utiliser les informations que vous fournissez sur le site Web aux fins suivantes:<\/p>\n<ul class=\"disc\">\n<li>Vous fournir les produits et services que vous demandez.<\/li>\n<li>Communiquer avec vous au sujet de votre compte ou de vos transactions avec nous et vous envoyer des informations sur les fonctionnalit\u00e9s de notre site Web ou les modifications apport\u00e9es \u00e0 nos politiques.<\/li>\n<li>Conform\u00e9ment \u00e0 la l\u00e9gislation locale et aux choix et contr\u00f4les qui peuvent \u00eatre \u00e0 votre disposition:\n<ul>\n<li>Vous envoyer des offres et des promotions pour nos produits et services ou des produits et services tiers.<\/li>\n<li>Personnalisez le contenu et les exp\u00e9riences.<\/li>\n<li>Vous fournir des publicit\u00e9s en fonction de votre activit\u00e9 sur notre Site Internet et sur des sites et applications tiers.<\/li>\n<\/ul>\n<\/li>\n<li>Optimiser ou am\u00e9liorer nos produits, services et op\u00e9rations. CiraHub est un service h\u00e9berg\u00e9 dans le cloud qui synchronise les contacts et calendriers Office 365 avec les smartphones. Il r\u00e9side dans le cloud Microsoft Azure et est \u00e9troitement int\u00e9gr\u00e9 \u00e0 Office 365. Pour plus d\u2019informations sur la fa\u00e7on dont Microsoft prot\u00e8ge les donn\u00e9es, visitez <a style=\"font-size: 16px;\" href=\"https:\/\/azure.microsoft.com\/en-us\/support\/trust-center\/\">https:\/\/azure.microsoft.com\/en-us\/support\/trust-center\/<\/a><span style=\"font-size: 16px;\">. CiraSync ne d\u00e9place pas les donn\u00e9es des clients via Internet. Chaque serveur est prot\u00e9g\u00e9 par son propre pare-feu. Bien que CiraHub mette en cache et enregistre certaines donn\u00e9es pour optimiser les performances de notre service, le cache ou l\u2019enregistrement des donn\u00e9es persiste jusqu\u2019\u00e0 30 jours, apr\u00e8s quoi il est purg\u00e9. <\/span><\/li>\n<li>La Soci\u00e9t\u00e9 ou le site Web peuvent utiliser vos informations pour cr\u00e9er et\/ou calculer des informations statistiques agr\u00e9g\u00e9es dans le but d\u2019am\u00e9liorer nos services. Ces donn\u00e9es ne contiennent pas d\u2019informations personnelles, telles que le nom ou l\u2019adresse e-mail. Un exemple pourrait \u00eatre des donn\u00e9es de localisation ou des informations qui pourraient \u00eatre utilis\u00e9es pour am\u00e9liorer notre exp\u00e9rience utilisateur.<\/li>\n<li>D\u00e9tecter, enqu\u00eater et pr\u00e9venir les activit\u00e9s qui pourraient enfreindre nos politiques ou \u00eatre ill\u00e9gales.<\/li>\n<\/ul>\n<h4>4. Partage de vos informations<\/h4>\n<p>Les Informations Personnelles sur nos clients sont importantes pour nous, et nous ne partageons ni ne vendons ces informations personnelles \u00e0 d\u2019autres. Nous partageons les informations personnelles des clients uniquement comme indiqu\u00e9 ci-dessous et avec des filiales contr\u00f4l\u00e9es par la soci\u00e9t\u00e9 ou une soci\u00e9t\u00e9 m\u00e8re et qui sont soit soumises \u00e0 la pr\u00e9sente politique, soit qui suivent des pratiques au moins aussi restrictives que celles d\u00e9crites dans la pr\u00e9sente politique.<\/p>\n<ul class=\"disc\">\n<li><strong>Processus interne\/Employ\u00e9s. <\/strong>La Soci\u00e9t\u00e9 permet \u00e0 un nombre tr\u00e8s limit\u00e9 d\u2019employ\u00e9s d\u2019avoir acc\u00e8s \u00e0 vos informations personnelles. Ces employ\u00e9s sont form\u00e9s \u00e0 nos pratiques de s\u00e9curit\u00e9 et sont profond\u00e9ment engag\u00e9s \u00e0 pr\u00e9server votre confidentialit\u00e9. Ils sont autoris\u00e9s \u00e0 acc\u00e9der aux informations de votre compte au besoin pour fournir une assistance technique ou de facturation, ou \u00e0 votre demande.<\/li>\n<li><strong>Transactions commerciales et soci\u00e9t\u00e9s partenaires. <\/strong>La Soci\u00e9t\u00e9 ne divulguera ni ne vendra jamais vos Informations Personnelles \u00e0 des tiers, y compris des partenaires. Nous n\u2019utiliserons jamais les informations des clients ou des utilisateurs \u00e0 d\u2019autres fins que pour fournir les services contractuels ou pour vous tenir au courant des promotions. Vous \u00eates libre de vous d\u00e9sinscrire des e-mails promotionnels \u00e0 tout moment. Cependant, la d\u00e9sactivation de certains services gratuits peut \u00e9galement r\u00e9duire les fonctionnalit\u00e9s.<\/li>\n<li><strong>Exceptions au partage d\u2019informations. <\/strong>Les exceptions au partage de vos informations personnelles incluent lorsque le client fournit une autorisation directe, ou lorsque cela est requis par la loi ou par des proc\u00e9dures l\u00e9gales.<\/li>\n<\/ul>\n<h4>5. Vos contr\u00f4les et choix<\/h4>\n<p>Nous vous offrons la possibilit\u00e9 d\u2019exercer certains contr\u00f4les et choix concernant la collecte, l\u2019utilisation et le partage de vos informations personnelles. Conform\u00e9ment \u00e0 la l\u00e9gislation locale, vos contr\u00f4les et choix peuvent inclure:<\/p>\n<ul>\n<li>Vous pouvez corriger, mettre \u00e0 jour et supprimer votre compte.<\/li>\n<li>Vous pouvez modifier vos choix d\u2019abonnements, de newsletters et d\u2019alertes.<\/li>\n<li>Vous pouvez choisir de recevoir des offres de notre part et des promotions pour nos produits.<\/li>\n<li>Vous pouvez choisir si nous partageons vos informations personnelles avec d\u2019autres soci\u00e9t\u00e9s, afin qu\u2019elles puissent vous proposer des offres et des promotions sur leurs produits et services.<\/li>\n<li>Vous pouvez choisir de recevoir ou non des publicit\u00e9s cibl\u00e9es de nombreux r\u00e9seaux publicitaires, \u00e9changes de donn\u00e9es, analyses marketing et autres fournisseurs de services.<\/li>\n<li>Vous pouvez demander l\u2019acc\u00e8s aux informations personnelles que nous d\u00e9tenons \u00e0 votre sujet et que nous modifiions ou supprimions ces informations.<\/li>\n<\/ul>\n<p>Vous pouvez exercer vos contr\u00f4les et choix, demander l\u2019acc\u00e8s \u00e0 vos informations personnelles, ou poser des questions sur vos informations personnelles en nous contactant au <a href=\"tel:202-747-0888\">202-747-0888<\/a> ou utiliser notre formulaire <a href=\"https:\/\/cirahub.com\/fr\/nous-contacter\/\">Contactez-nous<\/a> sur notre site Web, en mettant \u00e0 jour votre profil d\u2019utilisateur, ou en suivant instructions fournies dans les communications qui vous sont envoy\u00e9es. Veuillez noter que si vous ne nous autorisez pas \u00e0 collecter des informations personnelles aupr\u00e8s de vous, nous pourrions ne pas \u00eatre en mesure de vous fournir certains produits et certains de nos services pourraient ne pas \u00eatre en mesure de prendre en compte vos int\u00e9r\u00eats et pr\u00e9f\u00e9rences.<\/p>\n<h4>6. Mesures de s\u00e9curit\u00e9<\/h4>\n<p>La s\u00e9curit\u00e9, l\u2019int\u00e9grit\u00e9 et la confidentialit\u00e9 de vos informations personnelles sont extr\u00eamement importantes pour nous. Nous prenons toutes les mesures raisonnables et appropri\u00e9es pour s\u00e9curiser vos informations personnelles une fois que nous les recevons et pour aider \u00e0 emp\u00eacher qu\u2019elles ne soient divulgu\u00e9es \u00e0 des personnes qui ne sont pas d\u00e9crites dans la pr\u00e9sente Politique. Le service CiraSync est physiquement s\u00e9par\u00e9 de tous les autres actifs appartenant \u00e0 l\u2019entreprise, tels que notre site Web, qui peuvent avoir des exigences de confidentialit\u00e9 moins strictes. Veuillez noter que, malgr\u00e9 tous nos efforts, aucune mesure de s\u00e9curit\u00e9 n\u2019est parfaite ou imp\u00e9n\u00e9trable et, par cons\u00e9quent, nous ne pouvons garantir que les informations personnelles resteront s\u00e9curis\u00e9es en toutes circonstances.<\/p>\n<h4>7. Comment nous communiquons avec vous<\/h4>\n<p>Si vous avez des questions sur notre politique, vous pouvez nous contacter au <a href=\"tel:202-747-0888\">202-747-0888<\/a> ou utiliser notre formulaire <a href=\"https:\/\/cirahub.com\/fr\/nous-contacter\/\">Contactez-nous<\/a> sur notre site Web. Si nous avons besoin ou sommes tenus de vous contacter concernant tout \u00e9v\u00e9nement impliquant vos informations personnelles, nous pouvons le faire par e-mail, t\u00e9l\u00e9phone ou courrier.<\/p>\n<h4>8. Enfants<\/h4>\n<p>La Soci\u00e9t\u00e9 s\u2019engage \u00e0 prot\u00e9ger la vie priv\u00e9e en ligne des enfants et \u00e0 s\u00e9curiser Internet. Nous ne fournissons pas de produits et de services aux enfants ni ne collectons ni ne sollicitons sciemment des informations personnelles aupr\u00e8s d\u2019enfants de moins de 13 ans. Toute communication que nous recevons et qui est identifi\u00e9e comme provenant d\u2019un enfant de moins de 13 ans ne sera pas conserv\u00e9e par la Soci\u00e9t\u00e9. Nous encourageons les parents ou tuteurs d\u2019enfants de moins de 13 ans \u00e0 v\u00e9rifier et \u00e0 surveiller r\u00e9guli\u00e8rement l\u2019utilisation par leurs enfants du courrier \u00e9lectronique et d\u2019autres activit\u00e9s en ligne.<\/p>\n<h4>9. Modifications de cette politique<\/h4>\n<p>Votre utilisation de notre site Web, y compris tout litige concernant la confidentialit\u00e9, est soumise \u00e0 la pr\u00e9sente politique de confidentialit\u00e9 et aux conditions g\u00e9n\u00e9rales applicables du site Web. EN UTILISANT NOTRE SITE WEB, VOUS ACCEPTEZ LES PRATIQUES \u00c9NONC\u00c9ES DANS LA PR\u00c9SENTE POLITIQUE DE CONFIDENTIALIT\u00c9 ET LES TERMES ET CONDITIONS APPLICABLES AU SITE WEB. Nous nous r\u00e9servons le droit de modifier cette politique \u00e0 tout moment en publiant les modifications sur cette page. Veuillez v\u00e9rifier la date d\u2019entr\u00e9e en vigueur en haut de cette page pour d\u00e9terminer si la politique a \u00e9t\u00e9 modifi\u00e9e depuis la derni\u00e8re fois que vous l\u2019avez examin\u00e9e. Votre utilisation continue de toute partie de notre site Web apr\u00e8s la publication de la politique mise \u00e0 jour constituera votre acceptation des modifications.<\/p>\n<h4>10. Avis aux r\u00e9sidents de Californie<\/h4>\n<p>Si vous r\u00e9sidez en Californie, la section 1798.83 du Code civil californien vous permet de demander un avis concernant la divulgation de vos informations personnelles par la Soci\u00e9t\u00e9 \u00e0 des partenaires \u00e0 des fins de marketing direct des partenaires. Si vous r\u00e9sidez en Californie et souhaitez obtenir une copie de cet avis, veuillez nous contacter au <a href=\"tel:202-747-0888\">202-747-0888<\/a> ou utilisez notre formulaire <a href=\"https:\/\/cirahub.com\/fr\/nous-contacter\/\">Contactez-nous<\/a> sur notre site Web.<\/p>\n<h4>11. La Californie ne suit pas les divulgations<\/h4>\n<p>Nous ne suivons pas nos utilisateurs et visiteurs au fil du temps et sur des sites Web tiers pour fournir des publicit\u00e9s cibl\u00e9es. Par cons\u00e9quent, nous ne r\u00e9pondons pas aux signaux Do Not Track (DNT). D\u2019autres sites web tiers peuvent suivre vos activit\u00e9s de navigation lorsqu\u2019ils vous fournissent du contenu, ce qui leur permet de personnaliser ce qu\u2019ils vous pr\u00e9sentent sur leurs sites web.<\/p>\n<p>[\/et_pb_text][\/et_pb_column][\/et_pb_row][\/et_pb_section]<\/p>\n","protected":false},"excerpt":{"rendered":"<p>Derni\u00e8re mise \u00e0 jour le 17 avril 2019 Cette politique de confidentialit\u00e9 (la \u201cPolitique\u201d) d\u00e9crit le traitement des informations fournies ou collect\u00e9es sur le site Web https:\/\/cirahub.com (le \u201csite Web\u201d). Le but de cette politique est de d\u00e9crire comment le site Web collecte, partage et s\u00e9curise les informations que vous fournissez. Par cons\u00e9quent, avant de [&hellip;]<\/p>\n","protected":false},"author":3,"featured_media":0,"parent":0,"menu_order":0,"comment_status":"closed","ping_status":"closed","template":"","meta":{"_et_pb_use_builder":"on","_et_pb_old_content":"","_et_gb_content_width":"","footnotes":""},"class_list":["post-38510","page","type-page","status-publish","hentry"],"_links":{"self":[{"href":"https:\/\/cirahub.com\/fr\/wp-json\/wp\/v2\/pages\/38510","targetHints":{"allow":["GET"]}}],"collection":[{"href":"https:\/\/cirahub.com\/fr\/wp-json\/wp\/v2\/pages"}],"about":[{"href":"https:\/\/cirahub.com\/fr\/wp-json\/wp\/v2\/types\/page"}],"author":[{"embeddable":true,"href":"https:\/\/cirahub.com\/fr\/wp-json\/wp\/v2\/users\/3"}],"replies":[{"embeddable":true,"href":"https:\/\/cirahub.com\/fr\/wp-json\/wp\/v2\/comments?post=38510"}],"version-history":[{"count":6,"href":"https:\/\/cirahub.com\/fr\/wp-json\/wp\/v2\/pages\/38510\/revisions"}],"predecessor-version":[{"id":38516,"href":"https:\/\/cirahub.com\/fr\/wp-json\/wp\/v2\/pages\/38510\/revisions\/38516"}],"wp:attachment":[{"href":"https:\/\/cirahub.com\/fr\/wp-json\/wp\/v2\/media?parent=38510"}],"curies":[{"name":"wp","href":"https:\/\/api.w.org\/{rel}","templated":true}]}}