{"id":38381,"date":"2021-10-29T13:27:30","date_gmt":"2021-10-29T21:27:30","guid":{"rendered":"https:\/\/cirahub.com\/fiche-technique\/"},"modified":"2021-10-29T13:27:35","modified_gmt":"2021-10-29T21:27:35","slug":"fiche-technique","status":"publish","type":"page","link":"https:\/\/cirahub.com\/fr\/fiche-technique\/","title":{"rendered":"Fiche technique"},"content":{"rendered":"<p>[et_pb_section fb_built=\u00a0\u00bb1&Prime; _builder_version=\u00a0\u00bb4.2.1&Prime;][et_pb_row column_structure=\u00a0\u00bb1_3,2_3&Prime; _builder_version=\u00a0\u00bb4.6.1&Prime;][et_pb_column type=\u00a0\u00bb1_3&Prime; _builder_version=\u00a0\u00bb4.4.0&Prime;][et_pb_accordion _builder_version=\u00a0\u00bb4.9.4&Prime; _module_preset=\u00a0\u00bbdefault\u00a0\u00bb hover_enabled=\u00a0\u00bb0&Prime; sticky_enabled=\u00a0\u00bb0&Prime;][et_pb_accordion_item title=\u00a0\u00bbToggle\u00a0\u00bb _builder_version=\u00a0\u00bb4.6.1&Prime; _module_preset=\u00a0\u00bbdefault\u00a0\u00bb custom_css_main_element=\u00a0\u00bbdisplay: none;\u00a0\u00bb open=\u00a0\u00bbon\u00a0\u00bb][\/et_pb_accordion_item][et_pb_accordion_item title=\u00a0\u00bbFonctionnalit\u00e9s\u00a0\u00bb _builder_version=\u00a0\u00bb4.6.1&Prime; _module_preset=\u00a0\u00bbdefault\u00a0\u00bb open=\u00a0\u00bboff\u00a0\u00bb]<\/p>\n<ul>\n<li>Synchronisez automatiquement plus de 25 000 contacts et calendriers partag\u00e9s sur Office 365, les serveurs Exchange on-Premise et les dossiers publics.<\/li>\n<li>Synchronisez les contacts entre plusieurs organisations avec la synchronisation de liste d&rsquo;adresses globale (GAL) vers liste d&rsquo;adresses globale.<\/li>\n<li>Synchronisation bidirectionnelle permettant la gestion des contacts et du calendrier sur les smartphones.<\/li>\n<li>Integration Native CRM (par exemple Salesforce et ActiveCampaign).<\/li>\n<\/ul>\n<p>[\/et_pb_accordion_item][et_pb_accordion_item title=\u00a0\u00bbFonctionnalit\u00e9s \u00e0 venir\u00a0\u00bb _builder_version=\u00a0\u00bb4.6.5&Prime; _module_preset=\u00a0\u00bbdefault\u00a0\u00bb open=\u00a0\u00bboff\u00a0\u00bb]<\/p>\n<p>Dans les futures mises \u00e0 jour, CiraHub s&rsquo;int\u00e9grera aux applications suivantes :<\/p>\n<ul>\n<li style=\"list-style-type: none;\">\n<ul>\n<li>SharePoint et CRM Dynamics<\/li>\n<li>Autres applications en dehors de l&rsquo;\u00e9cosyst\u00e8me Microsoft<\/li>\n<li>CRMs tels que Zoho<\/li>\n<\/ul>\n<\/li>\n<\/ul>\n<p>[\/et_pb_accordion_item][et_pb_accordion_item title=\u00a0\u00bbSp\u00e9cifications techniques \u00a0\u00bb _builder_version=\u00a0\u00bb4.6.1&Prime; _module_preset=\u00a0\u00bbdefault\u00a0\u00bb open=\u00a0\u00bboff\u00a0\u00bb]<\/p>\n<ul>\n<li>Une bo\u00eete aux lettres sur Office 365 ou on-Promise Exchange<\/li>\n<\/ul>\n<p>[\/et_pb_accordion_item][et_pb_accordion_item title=\u00a0\u00bbProduits connexes\u00a0\u00bb open=\u00a0\u00bboff\u00a0\u00bb _builder_version=\u00a0\u00bb4.9.4&Prime; _module_preset=\u00a0\u00bbdefault\u00a0\u00bb hover_enabled=\u00a0\u00bb0&Prime; sticky_enabled=\u00a0\u00bb0&Prime;]<\/p>\n<ul>\n<li style=\"list-style-type: none;\">\n<ul>\n<li><strong><a href=\"https:\/\/CiraSync.com\">CiraSync<\/a>\u2014<\/strong> CiraSync est une solution de synchronisation pour les contacts, calendriers et notes partag\u00e9s pour les entreprises utilisant Microsoft 365.<\/li>\n<\/ul>\n<ul>\n<li><strong>CiraSync Dossiers Publics O365\u2014<\/strong>Disponible sur Apple App et Google Play Stores, CiraSync Dossiers Publics O365 est une application mobile qui permet aux utilisateurs d&rsquo;afficher et de modifier les dossiers publics associ\u00e9s \u00e0 leur tenant Office 365.<\/li>\n<\/ul>\n<ul>\n<li><strong><a href=\"http:\/\/itrezzo.com\/solutions\/unified-contact-management-solution\/\">itrezzo UCM<\/a><\/strong>\u2014C&rsquo;est le produit phare de notre soci\u00e9t\u00e9 s\u0153ur itrezzo. itrezzo UCM est une solution informatique pour les organisations op\u00e9rant dans l&rsquo;environnement Microsoft Exchange qui synchronise les contacts et les calendriers partag\u00e9s avec les smartphones.<\/li>\n<\/ul>\n<\/li>\n<\/ul>\n<p>[\/et_pb_accordion_item][\/et_pb_accordion][\/et_pb_column][et_pb_column type=\u00a0\u00bb2_3&Prime; _builder_version=\u00a0\u00bb4.4.0&Prime;][et_pb_text _builder_version=\u00a0\u00bb4.6.5&Prime; _module_preset=\u00a0\u00bbdefault\u00a0\u00bb]<\/p>\n<h2><span class=\"ez-toc-section\" id=\"Fiche_technique_CiraHub\"><\/span>Fiche technique CiraHub<span class=\"ez-toc-section-end\"><\/span><\/h2>\n<p>CiraHub est une plate-forme unidirectionnelle, bidirectionnelle et multidirectionnelle qui synchronise les contacts partag\u00e9s, les calendriers, le contenu des dossiers publics et les CRM pour les organisations utilisant Microsoft 365, Exchange Server, Google et d&rsquo;autres applications d&rsquo;entreprise.<\/p>\n<p>CiraHub permet aux organisations d&rsquo;\u00e9conomiser un temps pr\u00e9cieux et de l&rsquo;argent en \u00e9liminant le travail fastidieux de synchronisation des contacts et des calendriers entre diverses applications.<\/p>\n<p>Ce produit prend actuellement en charge Salesforce, Hubspot et ActiveCampaign ; les futures mises \u00e0 jour prendront en charge d&rsquo;autres organisations utilisant des logiciels de gestion de calendrier et de contacts en dehors de l&rsquo;\u00e9cosyst\u00e8me Microsoft.<\/p>\n<h3><span class=\"ez-toc-section\" id=\"Avantages\"><\/span>Avantages<span class=\"ez-toc-section-end\"><\/span><\/h3>\n<p>Les services informatiques b\u00e9n\u00e9ficient grandement de CiraHub. Sa conception intuitive le rend facile \u00e0 utiliser et \u00e0 g\u00e9rer pour les employ\u00e9s sans connaissances ni exp\u00e9rience en informatique. Placer la responsabilit\u00e9 de la gestion des contacts et des calendriers de l&rsquo;entreprise entre les mains de personnes non expertes en informatique permet au personnel informatique de concentrer son attention sur d&rsquo;autres projets hautement prioritaires.<\/p>\n<p>CiraHub stimule la productivit\u00e9 des employ\u00e9s en rendant plusieurs contacts ou calendriers accessibles et g\u00e9rables au bureau ou en d\u00e9placement. Cela sert au personnel suivant et plus :<\/p>\n<ul>\n<li style=\"list-style-type: none;\">\n<ul>\n<li>Les <strong>adjoints ex\u00e9cutifs<\/strong> de direction peuvent g\u00e9rer le carnet d&rsquo;adresses et les calendriers de leur PDG.<\/li>\n<li><strong>Les employ\u00e9s<\/strong> peuvent collaborer efficacement avec leurs coll\u00e8gues de diff\u00e9rents d\u00e9partements ou organisations en leur permettant de consolider et de partager des contacts et des calendriers \u00e0 utiliser comme une seule ressource.<\/li>\n<li><strong>Les professionnels des ventes et du marketing<\/strong> peuvent effectuer des synchronisations multidirectionnelles entre les syst\u00e8mes CRM, Google, Outlook et Microsoft 365.<\/li>\n<li><strong>Les administrateurs informatiques<\/strong> peuvent synchroniser les listes d&rsquo;adresses globales de plusieurs tenants Microsoft 365.<\/li>\n<\/ul>\n<\/li>\n<\/ul>\n<h3><span class=\"ez-toc-section\" id=\"Comment_ca_marche\"><\/span>Comment \u00e7a marche?<span class=\"ez-toc-section-end\"><\/span><\/h3>\n<p>La fonctionnalit\u00e9 de CiraHub peut \u00eatre d\u00e9crite de mani\u00e8re conceptuelle comme une plate-forme qui synchronise les contacts et les calendriers \u00e0 l&rsquo;aide d&rsquo;une architecture Hub-and-Spoke.<\/p>\n<p>Les spokes sont des points de terminaison de donn\u00e9es qui repr\u00e9sentent une bo\u00eete aux lettres d&rsquo;utilisateur, un dossier sp\u00e9cifique, un dossier public ou un CRM. Les points de terminaison de donn\u00e9es sont connect\u00e9s \u00e0 un r\u00e9f\u00e9rentiel de donn\u00e9es central appel\u00e9 Hub. Lorsqu&rsquo;un utilisateur modifie les donn\u00e9es d&rsquo;un Spoke, le Hub traitera ces modifications en tant que demandes et les synchronisera avec les autres Spokes.<\/p>\n<h3><span class=\"ez-toc-section\" id=\"Securite\"><\/span>S\u00e9curit\u00e9<span class=\"ez-toc-section-end\"><\/span><\/h3>\n<ul>\n<li style=\"list-style-type: none;\">\n<ul>\n<li>Utilise le mod\u00e8le de s\u00e9curit\u00e9 du consentement Azure (Azure Consent Security Model)<\/li>\n<li>Utilise Azure Security Key Vault dans les situations o\u00f9 le consentement Azure n&rsquo;est pas possible<\/li>\n<li>Prend en charge l&rsquo;authentification multifacteur<\/li>\n<\/ul>\n<\/li>\n<\/ul>\n<p>Pour en savoir plus sur les mesures de s\u00e9curit\u00e9 prises par Cira Apps Ltd. pour assurer la s\u00e9curit\u00e9 des donn\u00e9es de nos utilisateurs, consultez <a href=\"https:\/\/cirahub.com\/fr\/securite-chez-cirahub\/\">S\u00e9curit\u00e9 chez CiraHub<\/a>.<\/p>\n<p>&nbsp;<\/p>\n<p>[\/et_pb_text][\/et_pb_column][\/et_pb_row][\/et_pb_section]<\/p>\n","protected":false},"excerpt":{"rendered":"<p>Synchronisez automatiquement plus de 25 000 contacts et calendriers partag\u00e9s sur Office 365, les serveurs Exchange on-Premise et les dossiers publics. Synchronisez les contacts entre plusieurs organisations avec la synchronisation de liste d&rsquo;adresses globale (GAL) vers liste d&rsquo;adresses globale. Synchronisation bidirectionnelle permettant la gestion des contacts et du calendrier sur les smartphones. Integration Native CRM [&hellip;]<\/p>\n","protected":false},"author":4,"featured_media":0,"parent":0,"menu_order":0,"comment_status":"closed","ping_status":"closed","template":"","meta":{"_et_pb_use_builder":"on","_et_pb_old_content":"","_et_gb_content_width":"","footnotes":""},"class_list":["post-38381","page","type-page","status-publish","hentry"],"_links":{"self":[{"href":"https:\/\/cirahub.com\/fr\/wp-json\/wp\/v2\/pages\/38381","targetHints":{"allow":["GET"]}}],"collection":[{"href":"https:\/\/cirahub.com\/fr\/wp-json\/wp\/v2\/pages"}],"about":[{"href":"https:\/\/cirahub.com\/fr\/wp-json\/wp\/v2\/types\/page"}],"author":[{"embeddable":true,"href":"https:\/\/cirahub.com\/fr\/wp-json\/wp\/v2\/users\/4"}],"replies":[{"embeddable":true,"href":"https:\/\/cirahub.com\/fr\/wp-json\/wp\/v2\/comments?post=38381"}],"version-history":[{"count":2,"href":"https:\/\/cirahub.com\/fr\/wp-json\/wp\/v2\/pages\/38381\/revisions"}],"predecessor-version":[{"id":38383,"href":"https:\/\/cirahub.com\/fr\/wp-json\/wp\/v2\/pages\/38381\/revisions\/38383"}],"wp:attachment":[{"href":"https:\/\/cirahub.com\/fr\/wp-json\/wp\/v2\/media?parent=38381"}],"curies":[{"name":"wp","href":"https:\/\/api.w.org\/{rel}","templated":true}]}}