{"id":38310,"date":"2021-10-17T06:34:52","date_gmt":"2021-10-17T14:34:52","guid":{"rendered":"https:\/\/cirahub.com\/enquete-a-froid-merci\/"},"modified":"2021-10-17T06:39:23","modified_gmt":"2021-10-17T14:39:23","slug":"enquete-a-froid-merci","status":"publish","type":"page","link":"https:\/\/cirahub.com\/fr\/enquete-a-froid-merci\/","title":{"rendered":"Enqu\u00eate \u00e0 froid Merci"},"content":{"rendered":"<p>[et_pb_section fb_built=\u00a0\u00bb1&Prime; _builder_version=\u00a0\u00bb4.6.1&Prime; _module_preset=\u00a0\u00bbdefault\u00a0\u00bb][et_pb_row _builder_version=\u00a0\u00bb4.6.1&Prime; _module_preset=\u00a0\u00bbdefault\u00a0\u00bb][et_pb_column type=\u00a0\u00bb4_4&Prime; _builder_version=\u00a0\u00bb4.6.1&Prime; _module_preset=\u00a0\u00bbdefault\u00a0\u00bb][et_pb_text _builder_version=\u00a0\u00bb4.6.1&Prime; _module_preset=\u00a0\u00bbdefault\u00a0\u00bb text_orientation=\u00a0\u00bbcenter\u00a0\u00bb]<\/p>\n<h1 style=\"color: #1ecfaa;\"><span class=\"ez-toc-section\" id=\"%EE%81%92\"><\/span><span class=\"et-pb-icon\">\ue052<\/span><span class=\"ez-toc-section-end\"><\/span><\/h1>\n<h1><span class=\"ez-toc-section\" id=\"Merci_de_nous_avoir_contacte\"><\/span>Merci de nous avoir contact\u00e9!<span class=\"ez-toc-section-end\"><\/span><\/h1>\n<p>Nous vous contacterons sous peu.<\/p>\n<p>[\/et_pb_text][\/et_pb_column][\/et_pb_row][\/et_pb_section][et_pb_section fb_built=\u00a0\u00bb1&Prime; _builder_version=\u00a0\u00bb4.6.6&Prime; _module_preset=\u00a0\u00bbdefault\u00a0\u00bb background_color=\u00a0\u00bb#37474f\u00a0\u00bb custom_padding=\u00a0\u00bb22px||34px|||\u00a0\u00bb saved_tabs=\u00a0\u00bball\u00a0\u00bb global_module=\u00a0\u00bb34292&Prime;][et_pb_row column_structure=\u00a0\u00bb2_5,3_5&Prime; _builder_version=\u00a0\u00bb4.9.4&Prime; _module_preset=\u00a0\u00bbdefault\u00a0\u00bb][et_pb_column type=\u00a0\u00bb2_5&Prime; _builder_version=\u00a0\u00bb4.6.6&Prime; _module_preset=\u00a0\u00bbdefault\u00a0\u00bb][et_pb_text _builder_version=\u00a0\u00bb4.6.6&Prime; _module_preset=\u00a0\u00bbdefault\u00a0\u00bb text_text_color=\u00a0\u00bb#ffffff\u00a0\u00bb header_text_color=\u00a0\u00bb#ffffff\u00a0\u00bb]<\/p>\n<p style=\"color: #1ecfaa; text-transform: uppercase; font-weight: 600;\">\n<p style=\"color: #1ecfaa; text-transform: uppercase; font-weight: 600;\">\n<p style=\"color: #1ecfaa; text-transform: uppercase; font-weight: 600;\">\n<p style=\"color: #1ecfaa; text-transform: uppercase; font-weight: 600;\">\n<p style=\"color: #1ecfaa; text-transform: uppercase; font-weight: 600;\">Regardez la vid\u00e9o<\/p>\n<h1><span class=\"ez-toc-section\" id=\"Comment_configurer_le_premier_hub_Spoke_avec_CiraHub\"><\/span>Comment configurer le premier hub &amp; Spoke avec CiraHub<span class=\"ez-toc-section-end\"><\/span><\/h1>\n<p>Il s\u2019agit d\u2019une courte vid\u00e9o montrant comment configurer un Hub et connecter un Spoke, \u00e9tape par \u00e9tape.<\/p>\n<p><a href=\"https:\/\/cirahub.com\/fr\/videos\/\">Plus de vid\u00e9os<\/a><\/p>\n<p>[\/et_pb_text][\/et_pb_column][et_pb_column type=\u00a0\u00bb3_5&Prime; _builder_version=\u00a0\u00bb4.6.6&Prime; _module_preset=\u00a0\u00bbdefault\u00a0\u00bb][et_pb_text _builder_version=\u00a0\u00bb4.6.6&Prime; _module_preset=\u00a0\u00bbdefault\u00a0\u00bb]<iframe src=\"https:\/\/player.vimeo.com\/video\/468704332\" width=\"640\" height=\"360\" frameborder=\"0\" allow=\"autoplay; fullscreen\" allowfullscreen=\"\"><\/iframe>[\/et_pb_text][\/et_pb_column][\/et_pb_row][\/et_pb_section]<\/p>\n","protected":false},"excerpt":{"rendered":"<p>\ue052 Merci de nous avoir contact\u00e9! Nous vous contacterons sous peu. Regardez la vid\u00e9o Comment configurer le premier hub &amp; Spoke avec CiraHub Il s\u2019agit d\u2019une courte vid\u00e9o montrant comment configurer un Hub et connecter un Spoke, \u00e9tape par \u00e9tape. Plus de vid\u00e9os<\/p>\n","protected":false},"author":4,"featured_media":0,"parent":0,"menu_order":0,"comment_status":"closed","ping_status":"closed","template":"","meta":{"_et_pb_use_builder":"on","_et_pb_old_content":"","_et_gb_content_width":"","footnotes":""},"class_list":["post-38310","page","type-page","status-publish","hentry"],"_links":{"self":[{"href":"https:\/\/cirahub.com\/fr\/wp-json\/wp\/v2\/pages\/38310","targetHints":{"allow":["GET"]}}],"collection":[{"href":"https:\/\/cirahub.com\/fr\/wp-json\/wp\/v2\/pages"}],"about":[{"href":"https:\/\/cirahub.com\/fr\/wp-json\/wp\/v2\/types\/page"}],"author":[{"embeddable":true,"href":"https:\/\/cirahub.com\/fr\/wp-json\/wp\/v2\/users\/4"}],"replies":[{"embeddable":true,"href":"https:\/\/cirahub.com\/fr\/wp-json\/wp\/v2\/comments?post=38310"}],"version-history":[{"count":5,"href":"https:\/\/cirahub.com\/fr\/wp-json\/wp\/v2\/pages\/38310\/revisions"}],"predecessor-version":[{"id":38318,"href":"https:\/\/cirahub.com\/fr\/wp-json\/wp\/v2\/pages\/38310\/revisions\/38318"}],"wp:attachment":[{"href":"https:\/\/cirahub.com\/fr\/wp-json\/wp\/v2\/media?parent=38310"}],"curies":[{"name":"wp","href":"https:\/\/api.w.org\/{rel}","templated":true}]}}