{"id":38305,"date":"2021-10-15T13:47:33","date_gmt":"2021-10-15T21:47:33","guid":{"rendered":"https:\/\/cirahub.com\/attacher-un-spoke-a-un-hub\/"},"modified":"2021-10-28T03:11:16","modified_gmt":"2021-10-28T11:11:16","slug":"attacher-un-spoke-a-un-hub","status":"publish","type":"page","link":"https:\/\/cirahub.com\/fr\/attacher-un-spoke-a-un-hub\/","title":{"rendered":"Attacher un Spoke \u00e0 un Hub"},"content":{"rendered":"<p>[et_pb_section fb_built=\u00a0\u00bb1&Prime; module_id=\u00a0\u00bbtrynowTabs\u00a0\u00bb _builder_version=\u00a0\u00bb3.29.2&Prime; custom_padding=\u00a0\u00bb10px||0px||false|false\u00a0\u00bb custom_css_main_element=\u00a0\u00bbborder-bottom:1px solid #ebeaeb;\u00a0\u00bb][et_pb_row column_structure=\u00a0\u00bb1_2,1_2&Prime; _builder_version=\u00a0\u00bb4.6.0&Prime; custom_padding=\u00a0\u00bb||0px||false|false\u00a0\u00bb][et_pb_column type=\u00a0\u00bb1_2&Prime; module_class=\u00a0\u00bbhover-blue\u00a0\u00bb _builder_version=\u00a0\u00bb4.6.0&Prime; link_option_url=\u00a0\u00bb\/cirahub\/onboarding\/\u00a0\u00bb][et_pb_text _builder_version=\u00a0\u00bb4.6.0&Prime;]<\/p>\n<h6 style=\"text-align: center;\">Int\u00e9gration de CiraHub<\/h6>\n<p>[\/et_pb_text][\/et_pb_column][et_pb_column type=\u00a0\u00bb1_2&Prime; _builder_version=\u00a0\u00bb4.6.0&Prime; link_option_url=\u00a0\u00bb\/cirahub\/attaching-spoke-to-hub\/\u00a0\u00bb custom_css_main_element=\u00a0\u00bbborder-bottom:2px solid #1c80cc;\u00a0\u00bb][et_pb_text _builder_version=\u00a0\u00bb4.6.0&Prime; header_6_text_color=\u00a0\u00bb#1d80cc\u00a0\u00bb]<\/p>\n<h6 style=\"text-align: center;\">Attacher un Spoke \u00e0 un Hub<\/h6>\n<p>[\/et_pb_text][\/et_pb_column][\/et_pb_row][\/et_pb_section][et_pb_section fb_built=\u00a0\u00bb1&Prime; module_id=\u00a0\u00bbimg-border\u00a0\u00bb _builder_version=\u00a0\u00bb4.6.5&Prime; _module_preset=\u00a0\u00bbdefault\u00a0\u00bb][et_pb_row _builder_version=\u00a0\u00bb4.6.0&Prime; _module_preset=\u00a0\u00bbdefault\u00a0\u00bb][et_pb_column type=\u00a0\u00bb4_4&Prime; _builder_version=\u00a0\u00bb4.6.0&Prime; _module_preset=\u00a0\u00bbdefault\u00a0\u00bb][et_pb_text _builder_version=\u00a0\u00bb4.6.5&Prime; _module_preset=\u00a0\u00bbdefault\u00a0\u00bb]<\/p>\n<p>Un Spoke est un point de terminaison de donn\u00e9es utilis\u00e9 par le hub pour extraire et transmettre des donn\u00e9es. Lors de la cr\u00e9ation d&rsquo;un Hub, un Spoke est automatiquement cr\u00e9\u00e9 pour repr\u00e9senter le point de terminaison de donn\u00e9es que le Hub utilise pour extraire les donn\u00e9es initiales.<\/p>\n<p>Ce guide montre comment attacher un Spoke \u00e0 un Hub.<\/p>\n<p>&nbsp;<\/p>\n<h2><span class=\"ez-toc-section\" id=\"Instructions\"><\/span>Instructions<span class=\"ez-toc-section-end\"><\/span><\/h2>\n<h3><span class=\"ez-toc-section\" id=\"Creation_du_Spoke_et_envoi_de_linvitation_CiraHub\"><\/span>Cr\u00e9ation du Spoke et envoi de l&rsquo;invitation CiraHub<span class=\"ez-toc-section-end\"><\/span><\/h3>\n<ol>\n<li>Cliquez sur <strong>+ Add Spoke<\/strong> dans le coin sup\u00e9rieur droit du tableau de bord. <div class='et-box et-info'>\n\t\t\t\t\t<div class='et-box-content'><strong>REMARQUE:<\/strong> si vous \u00eates dans <strong>List View, <\/strong>cliquez sur <strong>+ Add Spoke<\/strong> dans le coin sup\u00e9rieur droit du volet hub souhait\u00e9 pour commencer \u00e0 ajouter un Spoke.<\/div><\/div> <strong>Select source type of your Spoke<\/strong> appara\u00eetra. (Voir l&rsquo;image ci-dessous.)<img decoding=\"async\" src=\"\/wp-content\/uploads\/2020\/10\/Attach-Contact-Spoke-Select-Source-Type.png\"><\/li>\n<li>Dans cet exemple, cliquez sur <strong>User Mailbox. <\/strong> <\/li>\n<li>Cliquez sur <strong>NEXT. <\/strong><strong>Select Mailbox Folder you want to sync<\/strong> appara\u00eetra. (Voir l&rsquo;image ci-dessous.)<img decoding=\"async\" src=\"\/wp-content\/uploads\/2020\/10\/Attach-a-Spoke-Select-Mailbox-Folder-to-Sync.png\"><\/li>\n<li>S\u00e9lectionnez la bo\u00eete aux lettres que vous souhaitez ajouter en tant que Spoke. <div class='et-box et-info'>\n\t\t\t\t\t<div class='et-box-content'><strong>REMARQUE:<\/strong> CiraHub lira automatiquement les autorisations d&rsquo;acc\u00e8s aux bo\u00eetes aux lettres. Si vous n&rsquo;avez pas l&rsquo;autorisation d&rsquo;acc\u00e9der \u00e0 la bo\u00eete aux lettres de l&rsquo;utilisateur souhait\u00e9e, le message suivant s&rsquo;affichera. (Voir l&rsquo;image ci-dessous.)<\/div><\/div><img decoding=\"async\" src=\"\/wp-content\/uploads\/2020\/10\/Attach-Spoke-Mailbox-Send-Invite.png\"><\/li>\n<li>Cliquez sur <strong><strong>Invite.<\/strong><\/strong><div class='et-box et-info'>\n\t\t\t\t\t<div class='et-box-content'><strong>REMARQUE:<\/strong> Si vous avez acc\u00e8s \u00e0 la bo\u00eete aux lettres souhait\u00e9e, veuillez suivre les <strong>\u00e9tapes 6\u20139 <\/strong>de <strong><a href=\"https:\/\/cirahub.com\/fr\/integration-de-cirahub\/\">l&rsquo;int\u00e9gration de CiraHub<\/a>.<\/strong><\/div><\/div> Vous serez redirig\u00e9 vers <strong>Type Spoke names and click CREATE.<\/strong><\/li>\n<li>Nommez le Spoke.<\/li>\n<li>Cliquez sur <strong>CREATE.<\/strong><div class='et-box et-info'>\n\t\t\t\t\t<div class='et-box-content'><strong>REMARQUE: <\/strong>Cliquez sur <strong>Allow invitee to specify folder<\/strong> si vous souhaitez autoriser l&rsquo;invit\u00e9 \u00e0 terminer la configuration de Spoke.<\/div><\/div> Le tableau de bord CiraHub appara\u00eetra.<\/li>\n<\/ol>\n<h3><span class=\"ez-toc-section\" id=\"Accepter_linvitation_et_terminer_la_configuration_du_spoke\"><\/span>Accepter l&rsquo;invitation et terminer la configuration du spoke<span class=\"ez-toc-section-end\"><\/span><\/h3>\n<div class='et-box et-info'>\n\t\t\t\t\t<div class='et-box-content'><strong>REMARQUE:<\/strong> les \u00e9tapes 1 \u00e0 4 doivent \u00eatre effectu\u00e9es par l&rsquo;invit\u00e9.<\/div><\/div>\n<ol>\n<li>L&rsquo;invit\u00e9 accepte l&rsquo;invitation par e-mail.<\/li>\n<li>L&rsquo;invit\u00e9 se connectera \u00e0 CiraHub. L&rsquo;invitation CiraHub appara\u00eetra. (Voir l&rsquo;image ci-dessous.)<img decoding=\"async\" src=\"\/wp-content\/uploads\/2020\/10\/Attach-a-Spoke-CiraHub-Invite.png\"><\/li>\n<li>L&rsquo;invit\u00e9 cliquera sur <strong>ACCEPT.<\/strong> Un message de remerciement appara\u00eetra.<\/li>\n<li>L&rsquo;invit\u00e9 cliquera sur <strong>CLOSE. <\/strong><div class='et-box et-info'>\n\t\t\t\t\t<div class='et-box-content'><strong>REMARQUE:<\/strong> \u00e0 partir de l&rsquo;\u00e9tape 5, l&rsquo;utilisateur qui a envoy\u00e9 l&rsquo;invitation prendra en charge la configuration du Spoke.<\/div><\/div><div class='et-box et-info'>\n\t\t\t\t\t<div class='et-box-content'><strong>REMARQUE:<\/strong> si \u00e0 <strong>l&rsquo;\u00e9tape 9<\/strong> de la <b>cr\u00e9ation du Spoke et de l&rsquo;envoi de l&rsquo;invitation<\/b>, la case <strong>Allow invitee to specify folder<\/strong> \u00e9tait coch\u00e9e, l&rsquo;invit\u00e9 prendra le relais pour terminer la configuration du Spoke.<\/div><\/div><\/li>\n<li> Rafra\u00eechissez le tableau de bord.<\/li>\n<li>Cliquez sur <strong>Complete invite acceptance<\/strong> dans la liste en bas du tableau de bord. <strong>Select Mailbox Folder you want to sync<\/strong> appara\u00eetra. (Voir l&rsquo;image ci-dessous.)<img decoding=\"async\" src=\"\/wp-content\/uploads\/2020\/10\/Attach-a-Spoke-Select-Mailbox-Folder-Invite.png\"><\/li>\n<li>S\u00e9lectionnez le dossier de bo\u00eete aux lettres dans lequel vous souhaitez synchroniser les donn\u00e9es du Hub. <div class='et-box et-info'>\n\t\t\t\t\t<div class='et-box-content'><strong>REMARQUE:<\/strong> cliquez sur la fl\u00e8che \u00e0 c\u00f4t\u00e9 du dossier de bo\u00eete aux lettres racine souhait\u00e9 pour d\u00e9velopper le dossier. Cela affichera tous les sous-dossiers du dossier racine de la bo\u00eete aux lettres. Vous pouvez \u00e9galement passer la souris \u00e0 c\u00f4t\u00e9 d&rsquo;un dossier de bo\u00eete aux lettres racine et cliquer sur le <strong>+<\/strong> pour cr\u00e9er un sous-dossier.<\/div><\/div><\/li>\n<li>Cliquez sur <strong>NEXT.<\/strong> Vous serez redirig\u00e9 vers <strong>Type Spoke names and click CREATE. <\/strong> <\/li>\n<li>Cliquez sur <strong>SAVE.<\/strong> Vous serez redirig\u00e9 vers le tableau de bord CiraHub. (Voir l&rsquo;image ci-dessous.)<img decoding=\"async\" src=\"\/wp-content\/uploads\/2020\/10\/Attach-a-Spoke-CiraHub-Dash.png\"><\/li>\n<li>Cliquez sur <strong>Turn On<\/strong> sous la vignette <strong>Synced<\/strong> dans le Spoke qui vient d&rsquo;\u00eatre attach\u00e9 au Hub.. <div class='et-box et-info'>\n\t\t\t\t\t<div class='et-box-content'><strong>REMARQUE:<\/strong> vous pouvez \u00e9galement cliquer sur <strong><strong>Turn On <\/strong><span style=\"font-weight: 500;\">dans la liste en bas du tableau de bord. <\/span><\/strong><\/div><\/div><div class='et-box et-info'>\n\t\t\t\t\t<div class='et-box-content'><strong>REMARQUE:<\/strong> dans List View, cliquez sur <strong>Turn On <\/strong>sous la colonne <strong>Synced<\/strong>.<\/div><\/div><img decoding=\"async\" src=\"\/wp-content\/uploads\/2020\/10\/Attacch-a-Spoke-Sync-Options-Invite.png\"><\/li>\n<li> Cochez la case <strong>Allow Hub to create and sync items in this spoke <\/strong>pour activer la synchronisation bidirectionnelle. <div class='et-box et-info'>\n\t\t\t\t\t<div class='et-box-content'><strong>REMARQUE: <\/strong>Cliquez sur <strong>Advanced<\/strong> pour ajouter des filtres de synchronisation \u00e0 ce Spoke.<\/div><\/div><\/li>\n<li> Cliquez sur <strong>SAVE. <\/strong> <\/li>\n<\/ol>\n<p>[\/et_pb_text][\/et_pb_column][\/et_pb_row][\/et_pb_section][et_pb_section fb_built=\u00a0\u00bb1&Prime; admin_label=\u00a0\u00bbCTA\u00a0\u00bb _builder_version=\u00a0\u00bb4.9.4&Prime; _module_preset=\u00a0\u00bbdefault\u00a0\u00bb background_color=\u00a0\u00bb#4f59b3&Prime; background_image=\u00a0\u00bbhttps:\/\/cirahub.com\/wp-content\/uploads\/2021\/05\/hub-cta-block-bg.jpg\u00a0\u00bb background_size=\u00a0\u00bbinitial\u00a0\u00bb background_position=\u00a0\u00bbtop_right\u00a0\u00bb custom_margin=\u00a0\u00bb||30px|||\u00a0\u00bb custom_padding=\u00a0\u00bb30px||28px|||\u00a0\u00bb global_module=\u00a0\u00bb31306&Prime; saved_tabs=\u00a0\u00bball\u00a0\u00bb][et_pb_row module_id=\u00a0\u00bbGetAtaste\u00a0\u00bb _builder_version=\u00a0\u00bb4.9.4&Prime; _module_preset=\u00a0\u00bbdefault\u00a0\u00bb][et_pb_column type=\u00a0\u00bb4_4&Prime; _builder_version=\u00a0\u00bb4.6.5&Prime; _module_preset=\u00a0\u00bbdefault\u00a0\u00bb][et_pb_text _builder_version=\u00a0\u00bb4.9.4&Prime; _module_preset=\u00a0\u00bbdefault\u00a0\u00bb header_text_align=\u00a0\u00bbcenter\u00a0\u00bb background_enable_color=\u00a0\u00bboff\u00a0\u00bb background_enable_image=\u00a0\u00bboff\u00a0\u00bb background_size=\u00a0\u00bbcontain\u00a0\u00bb background_position=\u00a0\u00bbtop_right\u00a0\u00bb text_orientation=\u00a0\u00bbcenter\u00a0\u00bb background_layout=\u00a0\u00bbdark\u00a0\u00bb custom_padding=\u00a0\u00bb||34px|||\u00a0\u00bb]<\/p>\n<h1 style=\"font-size: 36px;\"><span class=\"ez-toc-section\" id=\"Obtenez_un_avant-gout_de_la_synchronisation_bidirectionnelle_Essayez_CiraHub_aujourdhui\"><\/span>Obtenez un avant-go\u00fbt de la synchronisation bidirectionnelle Essayez CiraHub aujourd&rsquo;hui.<span class=\"ez-toc-section-end\"><\/span><\/h1>\n<p style=\"font-size: 14px;\">Tout ce que vous aurez \u00e0 savourer avec CiraHub. Spokes et Hubs illimit\u00e9s gratuits pendant 10 jours. Commencez d\u00e8s maintenant.<\/p>\n<div class=\"cta-buttons\">\n    <a id=\"hero-cta\" class=\"et_pb_button et_pb_button_0 try et_pb_bg_layout_dark\" href=\"https:\/\/cirahub.com\/get-started\/\">Essayez-le gratuitement<\/a><br \/>\n    <a id=\"hero-cta\" class=\"et_pb_button et_pb_button_0 try et_pb_bg_layout_dark\" href=\"https:\/\/cirahub.com\/faq\/\">En savoir plus sur CiraHub<\/a>\n<\/div>\n<p>[\/et_pb_text][\/et_pb_column][\/et_pb_row][\/et_pb_section]<\/p>\n","protected":false},"excerpt":{"rendered":"<p>Int\u00e9gration de CiraHubAttacher un Spoke \u00e0 un HubUn Spoke est un point de terminaison de donn\u00e9es utilis\u00e9 par le hub pour extraire et transmettre des donn\u00e9es. Lors de la cr\u00e9ation d&rsquo;un Hub, un Spoke est automatiquement cr\u00e9\u00e9 pour repr\u00e9senter le point de terminaison de donn\u00e9es que le Hub utilise pour extraire les donn\u00e9es initiales. Ce [&hellip;]<\/p>\n","protected":false},"author":3,"featured_media":0,"parent":0,"menu_order":0,"comment_status":"closed","ping_status":"closed","template":"","meta":{"_et_pb_use_builder":"on","_et_pb_old_content":"","_et_gb_content_width":"","footnotes":""},"class_list":["post-38305","page","type-page","status-publish","hentry"],"_links":{"self":[{"href":"https:\/\/cirahub.com\/fr\/wp-json\/wp\/v2\/pages\/38305","targetHints":{"allow":["GET"]}}],"collection":[{"href":"https:\/\/cirahub.com\/fr\/wp-json\/wp\/v2\/pages"}],"about":[{"href":"https:\/\/cirahub.com\/fr\/wp-json\/wp\/v2\/types\/page"}],"author":[{"embeddable":true,"href":"https:\/\/cirahub.com\/fr\/wp-json\/wp\/v2\/users\/3"}],"replies":[{"embeddable":true,"href":"https:\/\/cirahub.com\/fr\/wp-json\/wp\/v2\/comments?post=38305"}],"version-history":[{"count":9,"href":"https:\/\/cirahub.com\/fr\/wp-json\/wp\/v2\/pages\/38305\/revisions"}],"predecessor-version":[{"id":38371,"href":"https:\/\/cirahub.com\/fr\/wp-json\/wp\/v2\/pages\/38305\/revisions\/38371"}],"wp:attachment":[{"href":"https:\/\/cirahub.com\/fr\/wp-json\/wp\/v2\/media?parent=38305"}],"curies":[{"name":"wp","href":"https:\/\/api.w.org\/{rel}","templated":true}]}}