{"id":38296,"date":"2021-10-13T17:12:50","date_gmt":"2021-10-14T01:12:50","guid":{"rendered":"https:\/\/cirahub.com\/integration-de-cirahub\/"},"modified":"2021-10-28T03:07:22","modified_gmt":"2021-10-28T11:07:22","slug":"integration-de-cirahub","status":"publish","type":"page","link":"https:\/\/cirahub.com\/fr\/integration-de-cirahub\/","title":{"rendered":"Int\u00e9gration de CiraHub"},"content":{"rendered":"<p>[et_pb_section fb_built=\u00a0\u00bb1&Prime; module_id=\u00a0\u00bbtrynowTabs\u00a0\u00bb _builder_version=\u00a0\u00bb4.6.5&Prime; _dynamic_attributes=\u00a0\u00bblink_option_url\u00a0\u00bb custom_padding=\u00a0\u00bb10px||0px||false|false\u00a0\u00bb link_option_url=\u00a0\u00bb@ET-DC@eyJkeW5hbWljIjp0cnVlLCJjb250ZW50IjoicG9zdF9saW5rX3VybF9wYWdlIiwic2V0dGluZ3MiOnsicG9zdF9pZCI6IjE2NjczIn19@\u00a0\u00bb custom_css_main_element=\u00a0\u00bbborder-bottom:1px solid #ebeaeb;\u00a0\u00bb global_colors_info=\u00a0\u00bb{}\u00a0\u00bb][et_pb_row column_structure=\u00a0\u00bb1_2,1_2&Prime; _builder_version=\u00a0\u00bb4.6.0&Prime; custom_padding=\u00a0\u00bb||0px||false|false\u00a0\u00bb global_colors_info=\u00a0\u00bb{}\u00a0\u00bb][et_pb_column type=\u00a0\u00bb1_2&Prime; _builder_version=\u00a0\u00bb4.6.0&Prime; link_option_url=\u00a0\u00bb\/cirahub\/onboarding\/\u00a0\u00bb custom_css_main_element=\u00a0\u00bbborder-bottom:2px solid #1c80cc;\u00a0\u00bb global_colors_info=\u00a0\u00bb{}\u00a0\u00bb][et_pb_text _builder_version=\u00a0\u00bb4.6.5&Prime; global_colors_info=\u00a0\u00bb{}\u00a0\u00bb]<\/p>\n<h6 style=\"text-align: center;\"><span style=\"color: #1d80cc;\">Int\u00e9gration de CiraHub<\/span><\/h6>\n<p>[\/et_pb_text][\/et_pb_column][et_pb_column type=\u00a0\u00bb1_2&Prime; module_class=\u00a0\u00bbhover-blue\u00a0\u00bb _builder_version=\u00a0\u00bb4.6.0&Prime; link_option_url=\u00a0\u00bb\/cirahub\/attaching-spoke-to-hub\/\u00a0\u00bb global_colors_info=\u00a0\u00bb{}\u00a0\u00bb][et_pb_text _builder_version=\u00a0\u00bb4.11.2&Prime; hover_enabled=\u00a0\u00bb0&Prime; global_colors_info=\u00a0\u00bb{}\u00a0\u00bb sticky_enabled=\u00a0\u00bb0&Prime;]<\/p>\n<h6 style=\"text-align: center;\"><a href=\"https:\/\/cirahub.com\/fr\/attacher-un-spoke-a-un-hub\/\">Connecter un Spoke \u00e0 un Hub<\/a><\/h6>\n<p>[\/et_pb_text][\/et_pb_column][\/et_pb_row][\/et_pb_section][et_pb_section fb_built=\u00a0\u00bb1&Prime; module_id=\u00a0\u00bbimg-border\u00a0\u00bb _builder_version=\u00a0\u00bb4.6.5&Prime; _module_preset=\u00a0\u00bbdefault\u00a0\u00bb global_colors_info=\u00a0\u00bb{}\u00a0\u00bb][et_pb_row _builder_version=\u00a0\u00bb4.6.1&Prime; _module_preset=\u00a0\u00bbdefault\u00a0\u00bb global_colors_info=\u00a0\u00bb{}\u00a0\u00bb][et_pb_column type=\u00a0\u00bb4_4&Prime; _builder_version=\u00a0\u00bb4.6.0&Prime; _module_preset=\u00a0\u00bbdefault\u00a0\u00bb global_colors_info=\u00a0\u00bb{}\u00a0\u00bb][et_pb_text _builder_version=\u00a0\u00bb4.9.9&Prime; _module_preset=\u00a0\u00bbdefault\u00a0\u00bb global_colors_info=\u00a0\u00bb{}\u00a0\u00bb]<\/p>\n<p>CiraHub est la r\u00e9ponse de Cira Apps Ltd. \u00e0 la demande d&rsquo;une solution de synchronisation bidirectionnelle pour les contacts et les calendriers partag\u00e9s. Dans son \u00e9tat actuel, CiraHub est une plate-forme de solution de synchronisation bidirectionnelle pour les organisations ex\u00e9cutant des applications d&rsquo;entreprise Microsoft.<\/p>\n<p>La plate-forme est con\u00e7ue pour ceux qui n&rsquo;ont pas d&rsquo;exp\u00e9rience en informatique afin de pouvoir configurer facilement la synchronisation des contacts et du calendrier partag\u00e9s pour leur organisation.<\/p>\n<p>Ce guide montre le processus d&rsquo;int\u00e9gration de CiraHub en cr\u00e9ant un hub de contact.<\/p>\n<p>&nbsp;<\/p>\n<h2><span class=\"ez-toc-section\" id=\"Instructions\"><\/span>Instructions<span class=\"ez-toc-section-end\"><\/span><\/h2>\n<ol>\n<li>Connectez-vous \u00e0 votre compte CiraHub. Vous serez redirig\u00e9 vers l&rsquo;assistant d&rsquo;int\u00e9gration. (Voir l&rsquo;image ci-dessous.) <img decoding=\"async\" src=\"\/wp-content\/uploads\/2020\/10\/CiraHub-Onboarding-Welcome.png\"><\/li>\n<li>S\u00e9lectionnez le type d&rsquo;objet du premier hub. Dans cet exemple, s\u00e9lectionnez <strong>Contacts<\/strong>. La partie <strong>Select source type of your contact Spoke<\/strong> de l&rsquo;assistant appara\u00eetra. (Voir l&rsquo;image ci-dessous.)<img decoding=\"async\" src=\"\/wp-content\/uploads\/2020\/10\/CiraHub-Select-source-type-contact-Spoke.png\"><\/li>\n<li>S\u00e9lectionnez le type de source du Contact Hub et du Spoke. Dans cet exemple, s\u00e9lectionnez <strong>User Mailbox<\/strong>. <\/li>\n<li>Cliquez sur <strong>NEXT<\/strong>. <strong>Select Mailbox Folder you want to sync<\/strong> appara\u00eetra. (Voir l&rsquo;image ci-dessous.)<img decoding=\"async\" src=\"\/wp-content\/uploads\/2020\/10\/CiraHub-Hub-Select-Mailbox-Folder-to-Sync.png\"><\/li>\n<li>S\u00e9lectionnez la bo\u00eete aux lettres que vous souhaitez synchroniser. <div class='et-box et-info'>\n\t\t\t\t\t<div class='et-box-content'><strong>REMARQUE:<\/strong> Id\u00e9alement, la bo\u00eete aux lettres source sera la v\u00f4tre ou une bo\u00eete aux lettres \u00e0 laquelle vous avez acc\u00e8s.<\/div><\/div><\/li>\n<li>S\u00e9lectionnez le dossier de la bo\u00eete aux lettres que vous souhaitez synchroniser. Dans cet exemple, s\u00e9lectionnez <strong>Contacts<\/strong> pour synchroniser les contacts \u00e0 partir du dossier <strong>Contacts<\/strong> source. <div class='et-box et-info'>\n\t\t\t\t\t<div class='et-box-content'><strong>REMARQUE:<\/strong> Cliquez sur la fl\u00e8che \u00e0 c\u00f4t\u00e9 du dossier de bo\u00eete aux lettres souhait\u00e9e pour d\u00e9velopper le dossier. Cela affichera tous les sous-dossiers du dossier de la bo\u00eete aux lettres.<\/div><\/div><div class='et-box et-info'>\n\t\t\t\t\t<div class='et-box-content'><strong>REMARQUE:<\/strong> passez la souris sur Contacts et cliquez sur le + pour cr\u00e9er un sous-dossier, qui peut \u00e9galement \u00eatre utilis\u00e9 pour cr\u00e9er un hub et un spoke.<\/div><\/div><\/li>\n<li>Cliquez sur <strong>Next. Type Spoke Names and click NEXT <\/strong>appara\u00eetra. <div class='et-box et-info'>\n\t\t\t\t\t<div class='et-box-content'><strong><strong>REMARQUE:<\/strong><\/strong> lors de la cr\u00e9ation d&rsquo;un hub, un Spoke est cr\u00e9\u00e9 pour la source de la bo\u00eete aux lettres..<\/div><\/div><div class='et-box et-info'>\n\t\t\t\t\t<div class='et-box-content'><strong><strong>REMARQUE:<\/strong><\/strong> Par d\u00e9faut, le nom du Spoke est automatiquement le nom du dossier utilis\u00e9 dans la partie <strong>Select Mailbox Folder you want to sync<\/strong> de l&rsquo;assistant d&rsquo;int\u00e9gration.<\/div><\/div> <\/li>\n<li>Nommez le Spoke.<\/li>\n<li>Cliquez sur <strong>NEXT.<\/strong> Vous serez redirig\u00e9 vers <strong>Type Hub names and click CREATE<\/strong>.<\/li>\n<li>Nommez le Hub.<\/li>\n<li>Cliquez sur <strong>CREATE<\/strong>. Vous serez redirig\u00e9 vers le tableau de bord CiraHub. (Voir les images ci-dessous.) <img decoding=\"async\" src=\"\/wp-content\/uploads\/2020\/10\/CiraHub-Star-View.png\"><em>CiraHub avec Star View<img decoding=\"async\" src=\"\/wp-content\/uploads\/2020\/10\/CiraHub-List-View.png\"><\/em><em>CiraHub avec List View. <\/em> <div class='et-box et-info'>\n\t\t\t\t\t<div class='et-box-content'><strong><strong><strong>REMARQUE: <\/strong><\/strong><\/strong>Star View est la vue par d\u00e9faut de CiraHub. Pour basculer entre les vues, cliquez sur le curseur dans le coin sup\u00e9rieur droit du tableau de bord.<\/div><\/div><div class='et-box et-info'>\n\t\t\t\t\t<div class='et-box-content'><strong><strong><strong>REMARQUE:<\/strong><\/strong><\/strong> par d\u00e9faut, la synchronisation bidirectionnelle est automatiquement d\u00e9sactiv\u00e9e pour tous les hubs et spokes cr\u00e9\u00e9s et connect\u00e9s. Cela permet aux utilisateurs de CiraHub de cr\u00e9er des filtres personnalis\u00e9s pour leur synchronisation bidirectionnelle et permet au service client et aux experts de Cira Apps Ltd. de r\u00e9soudre plus facilement tout probl\u00e8me pouvant survenir lors de l&rsquo;utilisation de CiraHub.<\/div><\/div><\/li>\n<li> Cliquez sur le spoke qui vient d&rsquo;\u00eatre cr\u00e9\u00e9 sur le diagramme.<\/li>\n<li> Cliquez sur <strong>Turn On<\/strong> sous <strong>Synced.<\/strong> <div class='et-box et-info'>\n\t\t\t\t\t<div class='et-box-content'><strong><strong><strong><strong><strong>REMARQUE: <\/strong><span style=\"font-weight: 500;\">Vous pouvez \u00e9galement cliquer sur <\/span><strong>Turn On <\/strong><span style=\"font-weight: 500;\">dans la liste en bas du tableau de bord..<\/span><\/strong><\/strong><\/strong><\/strong><\/div><\/div><div class='et-box et-info'>\n\t\t\t\t\t<div class='et-box-content'><strong><strong><strong><strong><strong>REMARQUE:<\/strong><\/strong><\/strong><\/strong><\/strong> dans la vue List View, cliquez sur <strong>Turn On<\/strong> sous la colonne <strong>Synced<\/strong>.<\/div><\/div> Les <strong>options de synchronisation du spoke<\/strong> s&rsquo;ouvriront. (Voir l&rsquo;image ci-dessous.)<img decoding=\"async\" src=\"\/wp-content\/uploads\/2020\/10\/CiraHub-Spoke-Sync-Options.png\"><\/li>\n<li> Cochez la case <strong>Allow Hub to create and sync items in this spoke<\/strong> pour activer la synchronisation bidirectionnelle. <div class='et-box et-info'>\n\t\t\t\t\t<div class='et-box-content'><strong><strong><strong><strong><strong><strong>REMARQUE: <\/strong><\/strong><\/strong><\/strong><\/strong><\/strong>Cliquez sur <strong><strong><strong><strong><strong><strong><strong>Advanced<\/strong><span style=\"font-weight: 500;\"> pour ajouter des filtres \u00e0 ce spoke.<\/span><\/strong><\/strong><\/strong><\/strong><\/strong><\/strong><\/div><\/div><\/li>\n<li> Cliquez sur <strong>SAVE. <\/strong> <\/li>\n<\/ol>\n<p><a class=\"next-post\" href=\"https:\/\/cirahub.com\/attaching-spoke-to-hub\/\">Article suivant Attacher un Spoke \u00e0 un Hub<\/a><\/p>\n<p>[\/et_pb_text][\/et_pb_column][\/et_pb_row][\/et_pb_section][et_pb_section fb_built=\u00a0\u00bb1&Prime; admin_label=\u00a0\u00bbCTA\u00a0\u00bb _builder_version=\u00a0\u00bb4.9.4&Prime; _module_preset=\u00a0\u00bbdefault\u00a0\u00bb background_color=\u00a0\u00bb#4f59b3&Prime; background_image=\u00a0\u00bbhttps:\/\/cirahub.com\/wp-content\/uploads\/2021\/05\/hub-cta-block-bg.jpg\u00a0\u00bb background_size=\u00a0\u00bbinitial\u00a0\u00bb background_position=\u00a0\u00bbtop_right\u00a0\u00bb custom_margin=\u00a0\u00bb||30px|||\u00a0\u00bb custom_padding=\u00a0\u00bb30px||28px|||\u00a0\u00bb saved_tabs=\u00a0\u00bball\u00a0\u00bb global_colors_info=\u00a0\u00bb{}\u00a0\u00bb][et_pb_row module_id=\u00a0\u00bbGetAtaste\u00a0\u00bb _builder_version=\u00a0\u00bb4.9.4&Prime; _module_preset=\u00a0\u00bbdefault\u00a0\u00bb global_colors_info=\u00a0\u00bb{}\u00a0\u00bb][et_pb_column type=\u00a0\u00bb4_4&Prime; _builder_version=\u00a0\u00bb4.6.5&Prime; _module_preset=\u00a0\u00bbdefault\u00a0\u00bb global_colors_info=\u00a0\u00bb{}\u00a0\u00bb][et_pb_text _builder_version=\u00a0\u00bb4.9.9&Prime; _module_preset=\u00a0\u00bbdefault\u00a0\u00bb header_text_align=\u00a0\u00bbcenter\u00a0\u00bb background_enable_color=\u00a0\u00bboff\u00a0\u00bb background_enable_image=\u00a0\u00bboff\u00a0\u00bb background_size=\u00a0\u00bbcontain\u00a0\u00bb background_position=\u00a0\u00bbtop_right\u00a0\u00bb text_orientation=\u00a0\u00bbcenter\u00a0\u00bb background_layout=\u00a0\u00bbdark\u00a0\u00bb custom_padding=\u00a0\u00bb||34px|||\u00a0\u00bb global_colors_info=\u00a0\u00bb{}\u00a0\u00bb]<\/p>\n<h1 style=\"font-size: 36px;\"><span class=\"ez-toc-section\" id=\"Obtenez_un_avant-gout_de_la_synchronisation_bidirectionnelle_Essayez_CiraHub_aujourdhui\"><\/span>Obtenez un avant-go\u00fbt de la synchronisation bidirectionnelle. Essayez CiraHub aujourd\u2019hui.<span class=\"ez-toc-section-end\"><\/span><\/h1>\n<p style=\"font-size: 14px;\">Tout ce que vous savourer manger avec CiraHub. Spokes et Hubs illimit\u00e9s gratuits pendant 10 jours. Commencez d\u00e8s maintenant.<\/p>\n<div class=\"cta-buttons\">\n    <a id=\"hero-cta\" class=\"et_pb_button et_pb_button_0 try et_pb_bg_layout_dark\" href=\"https:\/\/cirahub.com\/get-started\/\">Essayez-le gratuitement<\/a><br \/>\n    <a id=\"hero-cta\" class=\"et_pb_button et_pb_button_0 try et_pb_bg_layout_dark\" href=\"https:\/\/cirahub.com\/faq\/\">En savoir plus sur CiraHub<\/a>\n<\/div>\n<p>[\/et_pb_text][\/et_pb_column][\/et_pb_row][\/et_pb_section]<\/p>\n","protected":false},"excerpt":{"rendered":"<p>Int\u00e9gration de CiraHubConnecter un Spoke \u00e0 un HubCiraHub est la r\u00e9ponse de Cira Apps Ltd. \u00e0 la demande d&rsquo;une solution de synchronisation bidirectionnelle pour les contacts et les calendriers partag\u00e9s. Dans son \u00e9tat actuel, CiraHub est une plate-forme de solution de synchronisation bidirectionnelle pour les organisations ex\u00e9cutant des applications d&rsquo;entreprise Microsoft. La plate-forme est con\u00e7ue [&hellip;]<\/p>\n","protected":false},"author":4,"featured_media":0,"parent":0,"menu_order":0,"comment_status":"closed","ping_status":"closed","template":"","meta":{"_et_pb_use_builder":"on","_et_pb_old_content":"","_et_gb_content_width":"","footnotes":""},"class_list":["post-38296","page","type-page","status-publish","hentry"],"_links":{"self":[{"href":"https:\/\/cirahub.com\/fr\/wp-json\/wp\/v2\/pages\/38296","targetHints":{"allow":["GET"]}}],"collection":[{"href":"https:\/\/cirahub.com\/fr\/wp-json\/wp\/v2\/pages"}],"about":[{"href":"https:\/\/cirahub.com\/fr\/wp-json\/wp\/v2\/types\/page"}],"author":[{"embeddable":true,"href":"https:\/\/cirahub.com\/fr\/wp-json\/wp\/v2\/users\/4"}],"replies":[{"embeddable":true,"href":"https:\/\/cirahub.com\/fr\/wp-json\/wp\/v2\/comments?post=38296"}],"version-history":[{"count":4,"href":"https:\/\/cirahub.com\/fr\/wp-json\/wp\/v2\/pages\/38296\/revisions"}],"predecessor-version":[{"id":38367,"href":"https:\/\/cirahub.com\/fr\/wp-json\/wp\/v2\/pages\/38296\/revisions\/38367"}],"wp:attachment":[{"href":"https:\/\/cirahub.com\/fr\/wp-json\/wp\/v2\/media?parent=38296"}],"curies":[{"name":"wp","href":"https:\/\/api.w.org\/{rel}","templated":true}]}}