{"id":38284,"date":"2021-10-12T05:19:13","date_gmt":"2021-10-12T13:19:13","guid":{"rendered":"https:\/\/cirahub.com\/synchronisation-des-contacts-et-des-calendriers-avec-une-organisation-filiale-acquise-par-lentreprise\/"},"modified":"2021-10-12T05:19:18","modified_gmt":"2021-10-12T13:19:18","slug":"synchronisation-des-contacts-et-des-calendriers-avec-une-organisation-filiale-acquise-par-lentreprise","status":"publish","type":"page","link":"https:\/\/cirahub.com\/fr\/synchronisation-des-contacts-et-des-calendriers-avec-une-organisation-filiale-acquise-par-lentreprise\/","title":{"rendered":"Synchronisation des contacts et des calendriers avec une organisation\/filiale acquise par l&rsquo;entreprise"},"content":{"rendered":"<p>[et_pb_section fb_built=\u00a0\u00bb1&Prime; module_class=\u00a0\u00bbpartner-qsg\u00a0\u00bb _builder_version=\u00a0\u00bb4.2.1&Prime;][et_pb_row column_structure=\u00a0\u00bb1_3,2_3&Prime; _builder_version=\u00a0\u00bb4.4.0&Prime;][et_pb_column type=\u00a0\u00bb1_3&Prime; _builder_version=\u00a0\u00bb4.2.1&Prime;][et_pb_sidebar area=\u00a0\u00bbet_pb_widget_area_8&Prime; _builder_version=\u00a0\u00bb4.4.0&Prime; body_font=\u00a0\u00bbPoppins||||||||\u00a0\u00bb][\/et_pb_sidebar][\/et_pb_column][et_pb_column type=\u00a0\u00bb2_3&Prime; _builder_version=\u00a0\u00bb4.2.1&Prime;][et_pb_text _builder_version=\u00a0\u00bb4.4.0&Prime; hover_enabled=\u00a0\u00bb0&Prime;]<\/p>\n<h2>Synchronisation des contacts et des calendriers avec une organisation\/filiale acquise par l&rsquo;entreprise <\/h2>\n<p><strong>Acteur principal:<\/strong><\/p>\n<p>Alex\u2014Assistant Ex\u00e9cutif chez Acme Corporation<\/p>\n<p><strong>Acteurs secondaires:<\/strong><\/p>\n<p>Jesse\u2014Assistante Ex\u00e9cutive chez Massive Dynamic<\/p>\n<p>PDG d&rsquo;Acme Corporation<\/p>\n<p>PDG de Massive Dynamic<\/p>\n<p><strong>Probl\u00e8me:<\/strong><\/p>\n<p>Acme Corporation acquiert Massive Dynamic en tant que filiale. Alex, l&rsquo;assistant ex\u00e9cutif d&rsquo;Acme Corporation, et Jesse, l&rsquo;assistante ex\u00e9cutive de Massive Dynamic, doivent pouvoir afficher et g\u00e9rer le carnet d&rsquo;adresses et le calendrier des PDG d&rsquo;Acme Corporation et de Massive Dynamic. Cependant, les deux soci\u00e9t\u00e9s sont dans des tenants Microsoft diff\u00e9rents.<\/p>\n<p><strong>Solution: <\/strong><\/p>\n<p>Comme Alex a d\u00e9j\u00e0 mis en place un hub pour Acme Corporation, il envoie une invitation par e-mail via CiraHub \u00e0 Jesse, l&rsquo;assistante ex\u00e9cutive de Massive Dynamic et le PDG de Massive Dynamic.<\/p>\n<p>Une fois qu&rsquo;ils ont accept\u00e9 l&rsquo;invitation par e-mail, Alex configure leurs spokes pour permettre la synchronisation bidirectionnelle des hubs de contact et de calendrier pour Acme Corporation.<\/p>\n<p>CiraHub permet \u00e0 Alex et Jesse de g\u00e9rer de mani\u00e8re centralis\u00e9e le carnet d&rsquo;adresses et le calendrier combin\u00e9s de l&rsquo;entreprise sur leur Outlook et sur leur smartphone. Ils pourront ajouter, supprimer et modifier des contacts dans le carnet d&rsquo;adresses et planifier des r\u00e9unions et des rendez-vous au nom de leur PDG, m\u00eame s&rsquo;ils appartiennent \u00e0 des entreprises diff\u00e9rentes!<\/p>\n<p>[\/et_pb_text][\/et_pb_column][\/et_pb_row][\/et_pb_section]<\/p>\n","protected":false},"excerpt":{"rendered":"<p>Synchronisation des contacts et des calendriers avec une organisation\/filiale acquise par l&rsquo;entreprise Acteur principal: Alex\u2014Assistant Ex\u00e9cutif chez Acme Corporation Acteurs secondaires: Jesse\u2014Assistante Ex\u00e9cutive chez Massive Dynamic PDG d&rsquo;Acme Corporation PDG de Massive Dynamic Probl\u00e8me: Acme Corporation acquiert Massive Dynamic en tant que filiale. Alex, l&rsquo;assistant ex\u00e9cutif d&rsquo;Acme Corporation, et Jesse, l&rsquo;assistante ex\u00e9cutive de Massive Dynamic, [&hellip;]<\/p>\n","protected":false},"author":3,"featured_media":0,"parent":0,"menu_order":0,"comment_status":"closed","ping_status":"closed","template":"","meta":{"_et_pb_use_builder":"on","_et_pb_old_content":"","_et_gb_content_width":"","footnotes":""},"class_list":["post-38284","page","type-page","status-publish","hentry"],"_links":{"self":[{"href":"https:\/\/cirahub.com\/fr\/wp-json\/wp\/v2\/pages\/38284","targetHints":{"allow":["GET"]}}],"collection":[{"href":"https:\/\/cirahub.com\/fr\/wp-json\/wp\/v2\/pages"}],"about":[{"href":"https:\/\/cirahub.com\/fr\/wp-json\/wp\/v2\/types\/page"}],"author":[{"embeddable":true,"href":"https:\/\/cirahub.com\/fr\/wp-json\/wp\/v2\/users\/3"}],"replies":[{"embeddable":true,"href":"https:\/\/cirahub.com\/fr\/wp-json\/wp\/v2\/comments?post=38284"}],"version-history":[{"count":2,"href":"https:\/\/cirahub.com\/fr\/wp-json\/wp\/v2\/pages\/38284\/revisions"}],"predecessor-version":[{"id":38286,"href":"https:\/\/cirahub.com\/fr\/wp-json\/wp\/v2\/pages\/38284\/revisions\/38286"}],"wp:attachment":[{"href":"https:\/\/cirahub.com\/fr\/wp-json\/wp\/v2\/media?parent=38284"}],"curies":[{"name":"wp","href":"https:\/\/api.w.org\/{rel}","templated":true}]}}