{"id":38279,"date":"2021-10-10T07:17:30","date_gmt":"2021-10-10T15:17:30","guid":{"rendered":"https:\/\/cirahub.com\/securite-chez-cirahub-2\/"},"modified":"2023-06-23T17:55:05","modified_gmt":"2023-06-24T01:55:05","slug":"securite-chez-cirahub-2","status":"publish","type":"page","link":"https:\/\/cirahub.com\/fr\/securite-chez-cirahub-2\/","title":{"rendered":"S\u00e9curit\u00e9 chez CiraHub"},"content":{"rendered":"<p>[et_pb_section fb_built=\u00a0\u00bb1&Prime; module_class=\u00a0\u00bbhero\u00a0\u00bb _builder_version=\u00a0\u00bb4.16&Prime; background_color=\u00a0\u00bb#f3fbff\u00a0\u00bb custom_padding=\u00a0\u00bb30px|0px|0|0px|false|false\u00a0\u00bb global_colors_info=\u00a0\u00bb{}\u00a0\u00bb][et_pb_row column_structure=\u00a0\u00bb2_5,3_5&Prime; module_class=\u00a0\u00bbno-marg-mobile\u00a0\u00bb _builder_version=\u00a0\u00bb4.16&Prime; custom_padding=\u00a0\u00bb||0px|||\u00a0\u00bb global_colors_info=\u00a0\u00bb{}\u00a0\u00bb][et_pb_column type=\u00a0\u00bb2_5&Prime; _builder_version=\u00a0\u00bb4.16&Prime; custom_padding=\u00a0\u00bb||0px|\u00a0\u00bb global_colors_info=\u00a0\u00bb{}\u00a0\u00bb custom_padding__hover=\u00a0\u00bb|||\u00a0\u00bb][et_pb_text _builder_version=\u00a0\u00bb4.16&Prime; header_font_size=\u00a0\u00bb51px\u00a0\u00bb text_orientation=\u00a0\u00bbcenter\u00a0\u00bb global_colors_info=\u00a0\u00bb{}\u00a0\u00bb]<\/p>\n<h1 style=\"text-align: left;\"><span class=\"ez-toc-section\" id=\"Securite_des_donnees_CiraSync\"><\/span>S\u00e9curit\u00e9 des donn\u00e9es CiraSync<span class=\"ez-toc-section-end\"><\/span><\/h1>\n<p style=\"text-align: left;\">Regardez cette vid\u00e9o pour en savoir plus sur l&rsquo;architecture du flux de donn\u00e9es CiraSync.<\/p>\n<p>[\/et_pb_text][\/et_pb_column][et_pb_column type=\u00a0\u00bb3_5&Prime; _builder_version=\u00a0\u00bb4.16&Prime; custom_padding=\u00a0\u00bb||0px|\u00a0\u00bb global_colors_info=\u00a0\u00bb{}\u00a0\u00bb custom_padding__hover=\u00a0\u00bb|||\u00a0\u00bb][et_pb_code _builder_version=\u00a0\u00bb4.16&Prime; custom_css_main_element=\u00a0\u00bbwidth:100%\u00a0\u00bb global_colors_info=\u00a0\u00bb{}\u00a0\u00bb]<iframe src=\"https:\/\/player.vimeo.com\/video\/364407098?color=ffffff&amp;title=0&amp;byline=0&amp;portrait=0\" frameborder=\"0\" allowfullscreen=\"allowfullscreen\"><\/iframe>[\/et_pb_code][\/et_pb_column][\/et_pb_row][\/et_pb_section][et_pb_section fb_built=\u00a0\u00bb1&Prime; _builder_version=\u00a0\u00bb4.16&Prime; background_enable_color=\u00a0\u00bboff\u00a0\u00bb custom_padding=\u00a0\u00bb||0px||false|false\u00a0\u00bb global_colors_info=\u00a0\u00bb{}\u00a0\u00bb][et_pb_row column_structure=\u00a0\u00bb1_2,1_2&Prime; _builder_version=\u00a0\u00bb4.16&Prime; global_colors_info=\u00a0\u00bb{}\u00a0\u00bb][et_pb_column type=\u00a0\u00bb1_2&Prime; _builder_version=\u00a0\u00bb4.16&Prime; global_colors_info=\u00a0\u00bb{}\u00a0\u00bb][et_pb_text module_class=\u00a0\u00bbvideo-title\u00a0\u00bb _builder_version=\u00a0\u00bb4.16&Prime; global_colors_info=\u00a0\u00bb{}\u00a0\u00bb]papier blanc<br \/>\n[\/et_pb_text][et_pb_text _builder_version=\u00a0\u00bb4.16&Prime; global_colors_info=\u00a0\u00bb{}\u00a0\u00bb]<\/p>\n<h2><span class=\"ez-toc-section\" id=\"Securite_des_donnees_utilisateur_chez_CiraSync\"><\/span>S\u00e9curit\u00e9 des donn\u00e9es utilisateur chez CiraSync<span class=\"ez-toc-section-end\"><\/span><\/h2>\n<p>Cira Apps Ltd. prend la s\u00e9curit\u00e9 des donn\u00e9es des utilisateurs tr\u00e8s au s\u00e9rieux et a pris plusieurs mesures pour faire en sorte que les donn\u00e9es des utilisateurs soient s\u00e9curis\u00e9es et conformes \u00e0 toutes les lois existantes sur la s\u00e9curit\u00e9 des donn\u00e9es.<\/p>\n<p>Ce livre blanc comprend les sujets de s\u00e9curit\u00e9 suivants:<\/p>\n<ul>\n<li>Int\u00e9gration de CiraSync avec Microsoft Azure et Azure Consent Network.<\/li>\n<li>Comment les donn\u00e9es utilisateur transitent par CiraSync.<\/li>\n<li>Conformit\u00e9 de CiraSync au RGPD.<\/li>\n<li>Politiques de confidentialit\u00e9 des donn\u00e9es de Cira Apps.<\/li>\n<\/ul>\n<p>[\/et_pb_text][et_pb_button button_url=\u00a0\u00bbhttps:\/\/cirasync.com\/wp-content\/uploads\/2019\/10\/CiraSync-Data-Security-White-Paper.pdf\u00a0\u00bb url_new_window=\u00a0\u00bbon\u00a0\u00bb button_text=\u00a0\u00bbT\u00e9l\u00e9charger le livre blanc\u00a0\u00bb module_class=\u00a0\u00bbblue-primary\u00a0\u00bb _builder_version=\u00a0\u00bb4.16&Prime; global_colors_info=\u00a0\u00bb{}\u00a0\u00bb][\/et_pb_button][\/et_pb_column][et_pb_column type=\u00a0\u00bb1_2&Prime; _builder_version=\u00a0\u00bb4.16&Prime; global_colors_info=\u00a0\u00bb{}\u00a0\u00bb][et_pb_image src=\u00a0\u00bbhttps:\/\/cirasync.com\/wp-content\/uploads\/2020\/02\/Updated_white-paper-cover.svg\u00a0\u00bb url=\u00a0\u00bbhttps:\/\/cirasync.com\/wp-content\/uploads\/2019\/10\/CiraSync-Data-Security-White-Paper.pdf\u00a0\u00bb url_new_window=\u00a0\u00bbon\u00a0\u00bb align=\u00a0\u00bbcenter\u00a0\u00bb _builder_version=\u00a0\u00bb4.16&Prime; custom_css_main_element=\u00a0\u00bbmax-width:300px;\u00a0\u00bb animation=\u00a0\u00bboff\u00a0\u00bb global_colors_info=\u00a0\u00bb{}\u00a0\u00bb][\/et_pb_image][\/et_pb_column][\/et_pb_row][\/et_pb_section][et_pb_section fb_built=\u00a0\u00bb1&Prime; admin_label=\u00a0\u00bbFeatures\u00a0\u00bb module_id=\u00a0\u00bbsfaq\u00a0\u00bb _builder_version=\u00a0\u00bb4.16&Prime; background_enable_color=\u00a0\u00bboff\u00a0\u00bb custom_padding=\u00a0\u00bb100px||||false|false\u00a0\u00bb locked=\u00a0\u00bboff\u00a0\u00bb global_colors_info=\u00a0\u00bb{}\u00a0\u00bb][et_pb_row column_structure=\u00a0\u00bb1_3,2_3&Prime; module_id=\u00a0\u00bbsec\u00a0\u00bb _builder_version=\u00a0\u00bb4.16&Prime; global_colors_info=\u00a0\u00bb{}\u00a0\u00bb][et_pb_column type=\u00a0\u00bb1_3&Prime; _builder_version=\u00a0\u00bb4.16&Prime; custom_padding=\u00a0\u00bb|||\u00a0\u00bb global_colors_info=\u00a0\u00bb{}\u00a0\u00bb custom_padding__hover=\u00a0\u00bb|||\u00a0\u00bb][et_pb_text _builder_version=\u00a0\u00bb4.19.4&Prime; text_font=\u00a0\u00bbLato||||||||\u00a0\u00bb text_line_height=\u00a0\u00bb1.8em\u00a0\u00bb header_font=\u00a0\u00bbPoppins||||||||\u00a0\u00bb header_font_size=\u00a0\u00bb35px\u00a0\u00bb header_line_height=\u00a0\u00bb1.2em\u00a0\u00bb custom_margin_tablet=\u00a0\u00bb||30px|\u00a0\u00bb custom_margin_phone=\u00a0\u00bb\u00a0\u00bb custom_margin_last_edited=\u00a0\u00bbon|tablet\u00a0\u00bb custom_padding=\u00a0\u00bb||0px|||\u00a0\u00bb text_font_size_tablet=\u00a0\u00bb24px\u00a0\u00bb text_font_size_phone=\u00a0\u00bb16px\u00a0\u00bb text_font_size_last_edited=\u00a0\u00bbon|phone\u00a0\u00bb header_font_size_tablet=\u00a0\u00bb50px\u00a0\u00bb header_font_size_phone=\u00a0\u00bb32px\u00a0\u00bb header_font_size_last_edited=\u00a0\u00bbon|phone\u00a0\u00bb global_colors_info=\u00a0\u00bb{}\u00a0\u00bb]<\/p>\n<h1><span class=\"ez-toc-section\" id=\"FAQ_sur_la_securite\"><\/span>FAQ sur la s\u00e9curit\u00e9<span class=\"ez-toc-section-end\"><\/span><\/h1>\n<p>Cette FAQ fournit des r\u00e9ponses sur la mani\u00e8re dont Cira Apps Ltd. g\u00e8re les donn\u00e9es des clients et r\u00e9pond aux probl\u00e8mes de s\u00e9curit\u00e9 des donn\u00e9es. Pour obtenir des r\u00e9ponses aux questions techniques, consultez notre <a href=\"https:\/\/cirahub.com\/fr\/centre-de-soutien-cirahub\/\">centre d\u2019assistance<\/a>.<\/p>\n<p>[\/et_pb_text][\/et_pb_column][et_pb_column type=\u00a0\u00bb2_3&Prime; _builder_version=\u00a0\u00bb4.16&Prime; custom_padding=\u00a0\u00bb|||\u00a0\u00bb global_colors_info=\u00a0\u00bb{}\u00a0\u00bb custom_padding__hover=\u00a0\u00bb|||\u00a0\u00bb][et_pb_accordion _builder_version=\u00a0\u00bb4.21.0&Prime; hover_enabled=\u00a0\u00bb0&Prime; global_colors_info=\u00a0\u00bb{}\u00a0\u00bb sticky_enabled=\u00a0\u00bb0&Prime;][et_pb_accordion_item title=\u00a0\u00bbComment CiraSync g\u00e8re-t-il la s\u00e9curit\u00e9 des donn\u00e9es? \u00a0\u00bb open=\u00a0\u00bbon\u00a0\u00bb _builder_version=\u00a0\u00bb4.19.4&Prime; global_colors_info=\u00a0\u00bb{}\u00a0\u00bb]<\/p>\n<p><span class=\"TextRun SCXW246632969 BCX0\" lang=\"EN-US\" xml:lang=\"EN-US\" data-contrast=\"auto\"><span class=\"NormalTextRun SCXW246632969 BCX0\">En tant que soci\u00e9t\u00e9 SaaS,<\/span><\/span><span class=\"TextRun SCXW246632969 BCX0\" lang=\"EN-US\" xml:lang=\"EN-US\" data-contrast=\"auto\"><span class=\"NormalTextRun CommentStart SCXW246632969 BCX0\">CiraSync s&rsquo;int\u00e8gre \u00e0 Microsoft Azure<\/span><\/span><span class=\"TextRun SCXW246632969 BCX0\" lang=\"EN-US\" xml:lang=\"EN-US\" data-contrast=\"auto\"><span class=\"NormalTextRun SCXW246632969 BCX0\">\u00e0 l\u2019aide<\/span><\/span><span class=\"TextRun SCXW246632969 BCX0\" lang=\"EN-US\" xml:lang=\"EN-US\" data-contrast=\"auto\"><span class=\"NormalTextRun SCXW246632969 BCX0\"> de <\/span><\/span><span class=\"TextRun SCXW246632969 BCX0\" lang=\"EN-US\" xml:lang=\"EN-US\" data-contrast=\"auto\"><span class=\"NormalTextRun SCXW246632969 BCX0\">Azure Consent Framework.<\/span><\/span><span class=\"TextRun SCXW246632969 BCX0\" lang=\"EN-US\" xml:lang=\"EN-US\" data-contrast=\"auto\"><span class=\"NormalTextRun SCXW246632969 BCX0\">.<\/span><\/span><span class=\"TextRun SCXW246632969 BCX0\" lang=\"EN-US\" xml:lang=\"EN-US\" data-contrast=\"auto\"><span class=\"NormalTextRun SCXW246632969 BCX0\"> Si vous \u00eates abonn\u00e9, vos donn\u00e9es sont conserv\u00e9es dans le Microsoft Cloud. <\/span><\/span><span class=\"TextRun SCXW246632969 BCX0\" lang=\"EN-US\" xml:lang=\"EN-US\" data-contrast=\"auto\"><span class=\"NormalTextRun SCXW246632969 BCX0\">Lisez ce qui suit pour plus de d\u00e9tails sur la fa\u00e7on dont nous traitons les donn\u00e9es des utilisateurs et les prot\u00e9geons:: <\/span><\/span><\/p>\n<ul>\n<li><a class=\"Hyperlink SCXW246632969 BCX0\" href=\"https:\/\/cirasync.com\/support\/it-management\/how-we-handle-your-security\/\" target=\"_blank\" rel=\"noopener noreferrer\"><span class=\"TextRun Underlined SCXW246632969 BCX0\" lang=\"EN-US\" xml:lang=\"EN-US\" data-contrast=\"none\"><span class=\"NormalTextRun SCXW246632969 BCX0\">S\u00e9curit\u00e9 SaaS: comment nous prot\u00e9geons les donn\u00e9es des abonn\u00e9s<\/span><\/span><\/a><span class=\"TextRun SCXW246632969 BCX0\" lang=\"EN-US\" xml:lang=\"EN-US\" data-contrast=\"auto\"><span class=\"NormalTextRun SCXW246632969 BCX0\"> <\/span><\/span><\/li>\n<li><a class=\"Hyperlink SCXW246632969 BCX0\" href=\"https:\/\/cirahub.com\/fr\/politique-de-confidentialite-des-donnees\/\" target=\"_blank\" rel=\"noopener noreferrer\"><span class=\"TextRun Underlined SCXW246632969 BCX0\" lang=\"EN-US\" xml:lang=\"EN-US\" data-contrast=\"none\"><span class=\"NormalTextRun SCXW246632969 BCX0\">Politique de confidentialit\u00e9<\/span><\/span><\/a><span class=\"TextRun SCXW246632969 BCX0\" lang=\"EN-US\" xml:lang=\"EN-US\" data-contrast=\"auto\"><span class=\"NormalTextRun SCXW246632969 BCX0\"> <\/span><\/span><\/li>\n<\/ul>\n<p>[\/et_pb_accordion_item][et_pb_accordion_item title=\u00a0\u00bbJe ne suis pas s\u00fbr d&rsquo;accorder \u00e0 Cira Apps Ltd l&rsquo;acc\u00e8s \u00e0 mon compte d&rsquo;administrateur g\u00e9n\u00e9ral. \u00a0\u00bb _builder_version=\u00a0\u00bb4.21.0&Prime; hover_enabled=\u00a0\u00bb0&Prime; global_colors_info=\u00a0\u00bb{}\u00a0\u00bb open=\u00a0\u00bboff\u00a0\u00bb sticky_enabled=\u00a0\u00bb0&Prime;]<\/p>\n<p><span data-contrast=\"auto\">Nous comprenons les pr\u00e9occupations li\u00e9es \u00e0 l\u2019octroi d\u2019un acc\u00e8s administrateur g\u00e9n\u00e9ral \u00e0 un fournisseur SaaS tiers. CiraSync EE (Entreprise Edition) <\/span><span data-contrast=\"auto\">CiraSync<\/span><span data-contrast=\"auto\"> deux cl\u00e9s API. Microsoft n\u2019autorise pas l\u2019utilisation des API via le processus d\u2019autorisation, sauf si un compte d\u2019administrateur g\u00e9n\u00e9ral est utilis\u00e9. Une fois que vous vous \u00eates connect\u00e9s au tableau de bord de <\/span><span data-contrast=\"auto\">CiraSync<\/span><span data-contrast=\"auto\"> \u00e0 l\u2019aide du compte de service et que vous avez accord\u00e9 votre autorisation, vous pouvez r\u00e9trograder le compte de service. Voir <\/span><a href=\"https:\/\/cirasync.com\/support\/it-management\/secure-cirasync-service-account\/\">S\u00e9curisation du compte de service CiraSync<\/a> <span data-contrast=\"none\">pour plus de d\u00e9tails.<\/span><span data-ccp-props=\"{\"201341983\":0,\"335559739\":160,\"335559740\":259}\"> <\/span><\/p>\n<p><span data-contrast=\"auto\">Notre infrastructure SaaS n\u00e9cessite un acc\u00e8s aux contacts, au calendrier et aux notes. \u00c9tant donn\u00e9 que CiraSync utilise le mod\u00e8le d\u2019Azure Consent, aucun mot de passe n\u2019est jamais transmis \u00e0 CiraSync. Un token (ou jeton) est \u00e9mis lorsqu\u2019un administrateur g\u00e9n\u00e9ral Office 365 accorde son consentement \u00e0 CiraSync. Il n\u2019est pas possible d\u2019utiliser ce token pour une autre application. Les donn\u00e9es des abonn\u00e9s sont conserv\u00e9es dans le Microsoft Cloud. Pour plus de d\u00e9tails: <\/span><a href=\"https:\/\/cirasync.com\/support\/how-we-handle-your-security\/\"><span data-contrast=\"none\">comment nous g\u00e9rons votre s\u00e9curit\u00e9<\/span><\/a><span data-contrast=\"auto\">. <\/span> <\/p>\n<p>[\/et_pb_accordion_item][et_pb_accordion_item title=\u00a0\u00bbCiraSync est-il conforme \u00e0 la loi HIPAA? \u00a0\u00bb _builder_version=\u00a0\u00bb4.19.4&Prime; global_colors_info=\u00a0\u00bb{}\u00a0\u00bb open=\u00a0\u00bboff\u00a0\u00bb]<\/p>\n<p><span class=\"TextRun SCXW230443691 BCX0\" lang=\"EN-US\" data-contrast=\"auto\"><span class=\"SpellingError SCXW230443691 BCX0\">CiraSync <\/span><\/span><span class=\"TextRun SCXW230443691 BCX0\" lang=\"EN-US\" data-contrast=\"auto\"><span class=\"NormalTextRun SCXW230443691 BCX0\">ne g\u00e8re aucune donn\u00e9e relative au patient, il n\u2019est donc pas n\u00e9cessaire qu\u2019il soit conforme \u00e0 la HIPAA. <\/span><\/span><span class=\"TextRun SCXW230443691 BCX0\" lang=\"EN-US\" data-contrast=\"auto\"><span class=\"SpellingError SCXW230443691 BCX0\">CiraSync<\/span><\/span><span class=\"TextRun SCXW230443691 BCX0\" lang=\"EN-US\" xml:lang=\"EN-US\" data-contrast=\"auto\"><span class=\"NormalTextRun SCXW230443691 BCX0\"> lit uniquement les contacts et les \u00e9v\u00e9nements de calendrier depuis Office 365. Nous avons de nombreux hospices et cabinets m\u00e9dicaux en tant que clients qui utilisent CiraSync pour cette fonctionnalit\u00e9. <\/span><\/span><span class=\"EOP SCXW230443691 BCX0\" data-ccp-props=\"{\"201341983\":0,\"335559739\":160,\"335559740\":259}\"> <\/span><\/p>\n<p>[\/et_pb_accordion_item][et_pb_accordion_item title=\u00a0\u00bbAllez-vous signer un accord de partenariat HIPAA (HIPAA Business Associate Agreement) avec notre entreprise? \u00a0\u00bb _builder_version=\u00a0\u00bb4.19.4&Prime; global_colors_info=\u00a0\u00bb{}\u00a0\u00bb open=\u00a0\u00bboff\u00a0\u00bb]<\/p>\n<p><span class=\"TextRun SCXW91916127 BCX0\" lang=\"EN-US\" xml:lang=\"EN-US\" data-contrast=\"auto\"><span class=\"NormalTextRun SCXW91916127 BCX0\">Oui nous le ferons. Envoyez-nous votre HIPAA BAA (Business Associate Agreement) pour examen, et nous pourrons le remplir si n\u00e9cessaire.<\/span><\/span><span class=\"EOP SCXW91916127 BCX0\" data-ccp-props=\"{\"201341983\":0,\"335559739\":160,\"335559740\":259}\"> <\/span><\/p>\n<p>[\/et_pb_accordion_item][et_pb_accordion_item title=\u00a0\u00bbPouvez-vous nous envoyer un DPA ou un document similaire? \u00a0\u00bb _builder_version=\u00a0\u00bb4.19.4&Prime; global_colors_info=\u00a0\u00bb{}\u00a0\u00bb open=\u00a0\u00bboff\u00a0\u00bb]<\/p>\n<p>Oui, nous envoyons toutes les informations relatives \u00e0 la s\u00e9curit\u00e9 sur demande. Pour recevoir un DPA de notre part, veuillez contacter notre service client <a href=\"https:\/\/cirahub.com\/fr\/nous-contacter\/\">en soumettant un ticket d\u2019assistance<\/a>.<\/p>\n<p>[\/et_pb_accordion_item][\/et_pb_accordion][\/et_pb_column][\/et_pb_row][\/et_pb_section][et_pb_section fb_built=\u00a0\u00bb1&Prime; _builder_version=\u00a0\u00bb4.16&Prime; background_color=\u00a0\u00bb#ffffff\u00a0\u00bb top_divider_height=\u00a0\u00bb74px\u00a0\u00bb border_width_top=\u00a0\u00bb1px\u00a0\u00bb border_color_top=\u00a0\u00bb#f5f5f5&Prime; global_colors_info=\u00a0\u00bb{}\u00a0\u00bb][et_pb_row column_structure=\u00a0\u00bb1_2,1_2&Prime; _builder_version=\u00a0\u00bb4.16&Prime; global_colors_info=\u00a0\u00bb{}\u00a0\u00bb][et_pb_column type=\u00a0\u00bb1_2&Prime; _builder_version=\u00a0\u00bb4.16&Prime; global_colors_info=\u00a0\u00bb{}\u00a0\u00bb][et_pb_text _builder_version=\u00a0\u00bb4.16&Prime; global_colors_info=\u00a0\u00bb{}\u00a0\u00bb]<\/p>\n<h1><span class=\"ez-toc-section\" id=\"Conformite_de_CiraSync_au_RGPD\"><\/span>Conformit\u00e9 de CiraSync au RGPD<span class=\"ez-toc-section-end\"><\/span><\/h1>\n<p>CiraSync prend tr\u00e8s au s\u00e9rieux la s\u00e9curit\u00e9 des donn\u00e9es des utilisateurs. Pour les clients de l\u2019Union europ\u00e9enne (UE), chez Cira Apps, nous avons modifi\u00e9 l\u2019exp\u00e9rience utilisateur de CiraSync pour se conformer au r\u00e8glement g\u00e9n\u00e9ral sur la protection des donn\u00e9es (RGPD).<br \/>\n[\/et_pb_text][et_pb_button button_url=\u00a0\u00bbhttp:\/\/Cirasync.com\/blog-articles\/security\/cirasync-compliance-with-gdpr\/\u00a0\u00bb button_text=\u00a0\u00bbEn savoir plus\u00a0\u00bb module_class=\u00a0\u00bbblue-primary\u00a0\u00bb _builder_version=\u00a0\u00bb4.19.4&Prime; global_colors_info=\u00a0\u00bb{}\u00a0\u00bb][\/et_pb_button][\/et_pb_column][et_pb_column type=\u00a0\u00bb1_2&Prime; _builder_version=\u00a0\u00bb4.16&Prime; global_colors_info=\u00a0\u00bb{}\u00a0\u00bb][et_pb_image src=\u00a0\u00bbhttps:\/\/cirasync.com\/wp-content\/uploads\/2019\/10\/gdpr2.svg\u00a0\u00bb align=\u00a0\u00bbcenter\u00a0\u00bb _builder_version=\u00a0\u00bb4.16&Prime; custom_css_main_element=\u00a0\u00bbmax-width:350px\u00a0\u00bb animation=\u00a0\u00bboff\u00a0\u00bb global_colors_info=\u00a0\u00bb{}\u00a0\u00bb][\/et_pb_image][\/et_pb_column][\/et_pb_row][\/et_pb_section][et_pb_section fb_built=\u00a0\u00bb1&Prime; _builder_version=\u00a0\u00bb4.16&Prime; background_image=\u00a0\u00bbhttps:\/\/cirasync.com\/wp-content\/uploads\/2019\/10\/world-map-grey.svg\u00a0\u00bb custom_padding=\u00a0\u00bb60px||||false|false\u00a0\u00bb global_colors_info=\u00a0\u00bb{}\u00a0\u00bb][et_pb_row _builder_version=\u00a0\u00bb4.16&Prime; global_colors_info=\u00a0\u00bb{}\u00a0\u00bb][et_pb_column type=\u00a0\u00bb4_4&Prime; _builder_version=\u00a0\u00bb4.16&Prime; global_colors_info=\u00a0\u00bb{}\u00a0\u00bb][et_pb_text _builder_version=\u00a0\u00bb4.16&Prime; global_colors_info=\u00a0\u00bb{}\u00a0\u00bb]<\/p>\n<h1 class=\"entry-title\" style=\"text-align: center;\"><span class=\"ez-toc-section\" id=\"Configuration_de_la_residence_des_donnees_Office_365_chez_CiraSync\"><\/span>Configuration de la r\u00e9sidence des donn\u00e9es Office 365 chez CiraSync<span class=\"ez-toc-section-end\"><\/span><\/h1>\n<p style=\"text-align: center;\">Chez CiraSync, il existe des <strong>travailleurs<\/strong> du cloud qui synchronisent les informations avec les smartphones et les bo\u00eetes aux lettres Exchange. Ces travailleurs vivent dans des centres de donn\u00e9es dans <span style=\"font-size: 16px;\">l\u2019Union europ\u00e9enne (UE) et en Am\u00e9rique du Nord.<\/span> <span style=\"font-size: 16px;\">Pour se conformer aux lois existantes sur la s\u00e9curit\u00e9 des donn\u00e9es et prot\u00e9ger les donn\u00e9es des utilisateurs, les param\u00e8tres de r\u00e9sidence des donn\u00e9es CiraSync peuvent \u00eatre d\u00e9finis directement sur le tableau de bord du tenant CiraSync.<\/span> <\/p>\n<p>[\/et_pb_text][et_pb_button button_url=\u00a0\u00bbhttps:\/\/cirasync.com\/support\/it-management\/setting-office-365-cirasync-data-residency\/\u00a0\u00bb button_text=\u00a0\u00bbEn savoir plus\u00a0\u00bb button_alignment=\u00a0\u00bbcenter\u00a0\u00bb module_class=\u00a0\u00bbblue-primary\u00a0\u00bb _builder_version=\u00a0\u00bb4.19.4&Prime; global_colors_info=\u00a0\u00bb{}\u00a0\u00bb][\/et_pb_button][\/et_pb_column][\/et_pb_row][\/et_pb_section][et_pb_section fb_built=\u00a0\u00bb1&Prime; _builder_version=\u00a0\u00bb4.16&Prime; custom_padding=\u00a0\u00bb||0px||false|false\u00a0\u00bb global_colors_info=\u00a0\u00bb{}\u00a0\u00bb][et_pb_row column_structure=\u00a0\u00bb3_5,2_5&Prime; _builder_version=\u00a0\u00bb4.16&Prime; global_colors_info=\u00a0\u00bb{}\u00a0\u00bb][et_pb_column type=\u00a0\u00bb3_5&Prime; _builder_version=\u00a0\u00bb4.16&Prime; global_colors_info=\u00a0\u00bb{}\u00a0\u00bb][et_pb_text _builder_version=\u00a0\u00bb4.19.4&Prime; global_colors_info=\u00a0\u00bb{}\u00a0\u00bb]<\/p>\n<h1 class=\"entry-title\"><span class=\"ez-toc-section\" id=\"Securisation_du_compte_de_service_CiraSync\"><\/span>S\u00e9curisation du compte de service CiraSync<span class=\"ez-toc-section-end\"><\/span><\/h1>\n<p>Nous recommandons aux utilisateurs de CiraSync Enterprise Edition de cr\u00e9er un compte de service d\u00e9di\u00e9 pour servir d\u2019administrateur g\u00e9n\u00e9ral pour CiraSync. Ce compte est s\u00e9curis\u00e9 car CiraSync est une application qui vit dans le Microsoft Azure Cloud. Cependant, nous prenons au s\u00e9rieux tous les probl\u00e8mes de s\u00e9curit\u00e9. C\u2019est pourquoi, chez Cira Apps, nous avons respect\u00e9 des mesures de s\u00e9curit\u00e9 suppl\u00e9mentaires qui peuvent \u00eatre prises pour s\u00e9curiser le compte de service CiraSync.<\/p>\n<p>[\/et_pb_text][et_pb_button button_url=\u00a0\u00bbhttp:\/\/Cirasync.com\/support\/it-management\/secure-cirasync-service-account\/\u00a0\u00bb button_text=\u00a0\u00bbLire l&rsquo;article\u00a0\u00bb module_class=\u00a0\u00bbblue-primary\u00a0\u00bb _builder_version=\u00a0\u00bb4.19.4&Prime; global_colors_info=\u00a0\u00bb{}\u00a0\u00bb][\/et_pb_button][\/et_pb_column][et_pb_column type=\u00a0\u00bb2_5&Prime; _builder_version=\u00a0\u00bb4.16&Prime; global_colors_info=\u00a0\u00bb{}\u00a0\u00bb][et_pb_image src=\u00a0\u00bbhttps:\/\/cirasync.com\/wp-content\/uploads\/2019\/06\/cirasync-shield4.svg\u00a0\u00bb align=\u00a0\u00bbcenter\u00a0\u00bb _builder_version=\u00a0\u00bb4.16&Prime; animation=\u00a0\u00bboff\u00a0\u00bb global_colors_info=\u00a0\u00bb{}\u00a0\u00bb][\/et_pb_image][\/et_pb_column][\/et_pb_row][\/et_pb_section][et_pb_section fb_built=\u00a0\u00bb1&Prime; admin_label=\u00a0\u00bbProject Request\u00a0\u00bb _builder_version=\u00a0\u00bb4.19.4&Prime; custom_margin=\u00a0\u00bb0px||||false|false\u00a0\u00bb custom_padding=\u00a0\u00bb0px|30px|60px|30px|false|true\u00a0\u00bb custom_css_main_element=\u00a0\u00bbmargin-top:60px\u00a0\u00bb border_radii=\u00a0\u00bbon|8px|8px|8px|8px\u00a0\u00bb saved_tabs=\u00a0\u00bball\u00a0\u00bb locked=\u00a0\u00bboff\u00a0\u00bb global_colors_info=\u00a0\u00bb{}\u00a0\u00bb][\/et_pb_section]<\/p>\n","protected":false},"excerpt":{"rendered":"<p>S\u00e9curit\u00e9 des donn\u00e9es CiraSync Regardez cette vid\u00e9o pour en savoir plus sur l&rsquo;architecture du flux de donn\u00e9es CiraSync. papier blanc S\u00e9curit\u00e9 des donn\u00e9es utilisateur chez CiraSync Cira Apps Ltd. prend la s\u00e9curit\u00e9 des donn\u00e9es des utilisateurs tr\u00e8s au s\u00e9rieux et a pris plusieurs mesures pour faire en sorte que les donn\u00e9es des utilisateurs soient s\u00e9curis\u00e9es [&hellip;]<\/p>\n","protected":false},"author":4,"featured_media":0,"parent":0,"menu_order":0,"comment_status":"closed","ping_status":"closed","template":"","meta":{"_et_pb_use_builder":"on","_et_pb_old_content":"","_et_gb_content_width":"","footnotes":""},"class_list":["post-38279","page","type-page","status-publish","hentry"],"_links":{"self":[{"href":"https:\/\/cirahub.com\/fr\/wp-json\/wp\/v2\/pages\/38279","targetHints":{"allow":["GET"]}}],"collection":[{"href":"https:\/\/cirahub.com\/fr\/wp-json\/wp\/v2\/pages"}],"about":[{"href":"https:\/\/cirahub.com\/fr\/wp-json\/wp\/v2\/types\/page"}],"author":[{"embeddable":true,"href":"https:\/\/cirahub.com\/fr\/wp-json\/wp\/v2\/users\/4"}],"replies":[{"embeddable":true,"href":"https:\/\/cirahub.com\/fr\/wp-json\/wp\/v2\/comments?post=38279"}],"version-history":[{"count":5,"href":"https:\/\/cirahub.com\/fr\/wp-json\/wp\/v2\/pages\/38279\/revisions"}],"predecessor-version":[{"id":49772,"href":"https:\/\/cirahub.com\/fr\/wp-json\/wp\/v2\/pages\/38279\/revisions\/49772"}],"wp:attachment":[{"href":"https:\/\/cirahub.com\/fr\/wp-json\/wp\/v2\/media?parent=38279"}],"curies":[{"name":"wp","href":"https:\/\/api.w.org\/{rel}","templated":true}]}}