{"id":38269,"date":"2021-10-08T08:41:00","date_gmt":"2021-10-08T16:41:00","guid":{"rendered":"https:\/\/cirahub.com\/synchroniser-deux-listes-dadresses-globale-ensemble\/"},"modified":"2021-10-08T08:41:10","modified_gmt":"2021-10-08T16:41:10","slug":"synchroniser-deux-listes-dadresses-globale-ensemble","status":"publish","type":"page","link":"https:\/\/cirahub.com\/fr\/synchroniser-deux-listes-dadresses-globale-ensemble\/","title":{"rendered":"Synchroniser deux listes d&rsquo;adresses globale ensemble"},"content":{"rendered":"<p>[et_pb_section fb_built=\u00a0\u00bb1&Prime; module_class=\u00a0\u00bbpartner-qsg\u00a0\u00bb _builder_version=\u00a0\u00bb4.9.4&Prime; _module_preset=\u00a0\u00bbdefault\u00a0\u00bb][et_pb_row column_structure=\u00a0\u00bb1_3,2_3&Prime; _builder_version=\u00a0\u00bb4.9.4&Prime; _module_preset=\u00a0\u00bbdefault\u00a0\u00bb][et_pb_column type=\u00a0\u00bb1_3&Prime; _builder_version=\u00a0\u00bb4.9.4&Prime; _module_preset=\u00a0\u00bbdefault\u00a0\u00bb][et_pb_sidebar area=\u00a0\u00bbet_pb_widget_area_1&Prime; _builder_version=\u00a0\u00bb4.9.4&Prime; body_font=\u00a0\u00bbPoppins||||||||\u00a0\u00bb hover_enabled=\u00a0\u00bb0&Prime; sticky_enabled=\u00a0\u00bb0&Prime;][\/et_pb_sidebar][\/et_pb_column][et_pb_column type=\u00a0\u00bb2_3&Prime; _builder_version=\u00a0\u00bb4.9.4&Prime; _module_preset=\u00a0\u00bbdefault\u00a0\u00bb][et_pb_text _builder_version=\u00a0\u00bb4.9.4&Prime; _module_preset=\u00a0\u00bbdefault\u00a0\u00bb]<\/p>\n<h2>Synchronisation de deux listes d&rsquo;adresses globales ensemble<\/h2>\n<p><strong>Acteur principal:<\/strong><\/p>\n<p>Jill \u2014 Responsable Informatique chez Acme Corporation<\/p>\n<p><strong>Probl\u00e8me:<\/strong><\/p>\n<p><span data-contrast=\"auto\">Les relations entre Acme Corporation et Weyland Inc. <\/span><span data-contrast=\"auto\">sont devenues de plus en plus imbriqu\u00e9es,<\/span><span data-contrast=\"auto\">en tant que telle Acme Corporation a d\u00e9cid\u00e9 d&rsquo;acqu\u00e9rir Weyland Inc tout en gardant les deux entreprises en tant qu&rsquo;entit\u00e9s distinctes.<\/span><span data-contrast=\"auto\"> Le service informatique nouvellement fusionn\u00e9 se chargera<\/span><span data-contrast=\"auto\">de<\/span><span data-contrast=\"auto\"> synchroniser les deux listes d&rsquo;adresses globales, tout en \u00e9liminant les doublons; comme complication suppl\u00e9mentaire, les deux listes devront rester synchronis\u00e9es pour faire en sorte que les employ\u00e9s des deux entreprises aient des contacts pr\u00e9cis.<\/span><span data-ccp-props=\"{\"201341983\":0,\"335559739\":160,\"335559740\":259}\"> <\/span><\/p>\n<p><span data-contrast=\"{wpml_trans_unit_4_0_5_0_-1_0}\">Cette campagne n\u00e9cessite que les deux soci\u00e9t\u00e9s aient acc\u00e8s \u00e0 la visualisation et \u00e0 la modification de leurs contacts de la liste d&rsquo;adresses globale sur les<\/span> <span data-contrast=\"auto\">ordinateurs de bureau<\/span> <span data-contrast=\"auto\">tout en gardant les deux listes simultan\u00e9ment exactes et \u00e0 jour.<\/span><span data-ccp-props=\"{\"201341983\":0,\"335559739\":160,\"335559740\":259}\"> <\/span><\/p>\n<p><b><span data-contrast=\"auto\">Solution:<\/span><\/b><span data-ccp-props=\"{\"201341983\":0,\"335559739\":160,\"335559740\":259}\"> <\/span><\/p>\n<p><span data-contrast=\"{wpml_trans_unit_4_0_7_0_-1_0}\">Jill, responsable informatique chez Acme Corporation, reconna\u00eet que<\/span> <span data-contrast=\"auto\">c&rsquo;est \u00e9puisant<\/span> <span data-contrast=\"auto\">de faire une synchronisation manuelle de ces deux listes. Apr\u00e8s avoir fait des recherches, elle d\u00e9couvre que <\/span><span data-contrast=\"{wpml_trans_unit_4_0_7_3_-1_0}\">CiraHub<\/span> <span data-contrast=\"auto\">a la capacit\u00e9 de<\/span> s<span data-contrast=\"auto\">ynchroniser deux listes d&rsquo;adresses globales.<\/span><span data-ccp-props=\"{\"201341983\":0,\"335559739\":160,\"335559740\":259}\"> <\/span><\/p>\n<p><span data-contrast=\"{wpml_trans_unit_4_0_8_0_-1_0}\">Jill met en place un Hub pour Acme Corporation,<\/span> <span data-contrast=\"auto\">li\u00e9 \u00e0 la premi\u00e8re<\/span> <span data-contrast=\"auto\">GAL<\/span> <span data-contrast=\"auto\">des entreprises.<\/span> <span data-contrast=\"auto\">Elle<\/span> <span data-contrast=\"auto\">cr\u00e9e un hub et spoke<\/span><span data-contrast=\"auto\"> pour la deuxi\u00e8me entreprise et envoie une invitation. Elle configure le hub pour lire les informations de contact des listes d&rsquo;adresses globales des deux soci\u00e9t\u00e9s et configure les spokes pour renvoyer les informations vers chaque liste d&rsquo;adresses globale.<\/span><span data-contrast=\"auto\">.<\/span><span data-ccp-props=\"{\"201341983\":0,\"335559739\":160,\"335559740\":259}\"> <\/span><\/p>\n<p><span data-contrast=\"{wpml_trans_unit_4_0_9_0_-1_0}\">L&rsquo;utilisation de<\/span> <span data-contrast=\"auto\">CiraHub<\/span> <span data-contrast=\"auto\">permet \u00e0 Acme Corporation<\/span> <span data-contrast=\"auto\">de consolider ses contacts de liste d&rsquo;adresses globale entre les deux soci\u00e9t\u00e9s.<\/span><span data-contrast=\"auto\">. Les employ\u00e9s des deux d\u00e9partements peuvent consulter<\/span><span data-contrast=\"auto\"> la base de donn\u00e9es de contacts clients depuis leur bureau. <\/span><span data-contrast=\"auto\">Lorsqu&rsquo;une mise \u00e0 jour est effectu\u00e9e dans une base de donn\u00e9es, elle est r\u00e9percut\u00e9e dans l&rsquo;autre; de m\u00eame, s&rsquo;il y avait des doublons entre les deux bases de donn\u00e9es, les informations de contact sont <\/span><span data-contrast=\"auto\">fusionn\u00e9es<\/span><span data-contrast=\"auto\"> et le probl\u00e8me \u00e9vit\u00e9. <\/span><span data-contrast=\"auto\">Tant que le hub reste actif,<\/span><span data-contrast=\"auto\"> toute modification apport\u00e9e \u00e0 une base de donn\u00e9es <\/span><span data-contrast=\"auto\">est<\/span><span data-contrast=\"auto\"> r\u00e9percut\u00e9e dans l&rsquo;autre.<\/span><span data-ccp-props=\"{\"201341983\":0,\"335551550\":1,\"335551620\":1,\"335559739\":160,\"335559740\":259}\"> <\/span><\/p>\n<p>[\/et_pb_text][\/et_pb_column][\/et_pb_row][\/et_pb_section]<\/p>\n","protected":false},"excerpt":{"rendered":"<p>Synchronisation de deux listes d&rsquo;adresses globales ensemble Acteur principal: Jill \u2014 Responsable Informatique chez Acme Corporation Probl\u00e8me: Les relations entre Acme Corporation et Weyland Inc. sont devenues de plus en plus imbriqu\u00e9es,en tant que telle Acme Corporation a d\u00e9cid\u00e9 d&rsquo;acqu\u00e9rir Weyland Inc tout en gardant les deux entreprises en tant qu&rsquo;entit\u00e9s distinctes. Le service informatique [&hellip;]<\/p>\n","protected":false},"author":3,"featured_media":0,"parent":0,"menu_order":0,"comment_status":"closed","ping_status":"closed","template":"","meta":{"_et_pb_use_builder":"on","_et_pb_old_content":"","_et_gb_content_width":"","footnotes":""},"class_list":["post-38269","page","type-page","status-publish","hentry"],"_links":{"self":[{"href":"https:\/\/cirahub.com\/fr\/wp-json\/wp\/v2\/pages\/38269","targetHints":{"allow":["GET"]}}],"collection":[{"href":"https:\/\/cirahub.com\/fr\/wp-json\/wp\/v2\/pages"}],"about":[{"href":"https:\/\/cirahub.com\/fr\/wp-json\/wp\/v2\/types\/page"}],"author":[{"embeddable":true,"href":"https:\/\/cirahub.com\/fr\/wp-json\/wp\/v2\/users\/3"}],"replies":[{"embeddable":true,"href":"https:\/\/cirahub.com\/fr\/wp-json\/wp\/v2\/comments?post=38269"}],"version-history":[{"count":6,"href":"https:\/\/cirahub.com\/fr\/wp-json\/wp\/v2\/pages\/38269\/revisions"}],"predecessor-version":[{"id":38275,"href":"https:\/\/cirahub.com\/fr\/wp-json\/wp\/v2\/pages\/38269\/revisions\/38275"}],"wp:attachment":[{"href":"https:\/\/cirahub.com\/fr\/wp-json\/wp\/v2\/media?parent=38269"}],"curies":[{"name":"wp","href":"https:\/\/api.w.org\/{rel}","templated":true}]}}