{"id":38250,"date":"2021-10-01T06:44:22","date_gmt":"2021-10-01T14:44:22","guid":{"rendered":"https:\/\/cirahub.com\/synchroniser-les-contacts-entre-collegues\/"},"modified":"2021-10-01T06:44:26","modified_gmt":"2021-10-01T14:44:26","slug":"synchroniser-les-contacts-entre-collegues","status":"publish","type":"page","link":"https:\/\/cirahub.com\/fr\/synchroniser-les-contacts-entre-collegues\/","title":{"rendered":"Synchroniser les contacts entre coll\u00e8gues"},"content":{"rendered":"<p>[et_pb_section fb_built=\u00a0\u00bb1&Prime; module_class=\u00a0\u00bbpartner-qsg\u00a0\u00bb _builder_version=\u00a0\u00bb4.2.1&Prime;][et_pb_row column_structure=\u00a0\u00bb1_3,2_3&Prime; _builder_version=\u00a0\u00bb4.4.0&Prime;][et_pb_column type=\u00a0\u00bb1_3&Prime; _builder_version=\u00a0\u00bb4.2.1&Prime;][et_pb_sidebar area=\u00a0\u00bbet_pb_widget_area_1&Prime; _builder_version=\u00a0\u00bb4.9.4&Prime; body_font=\u00a0\u00bbPoppins||||||||\u00a0\u00bb hover_enabled=\u00a0\u00bb0&Prime; sticky_enabled=\u00a0\u00bb0&Prime;][\/et_pb_sidebar][\/et_pb_column][et_pb_column type=\u00a0\u00bb2_3&Prime; _builder_version=\u00a0\u00bb4.2.1&Prime;][et_pb_text _builder_version=\u00a0\u00bb4.4.0&Prime;]<\/p>\n<h2>Synchroniser les contacts entre coll\u00e8gues<\/h2>\n<p><strong>Acteur principal: <\/strong><\/p>\n<p>Riley\u2014Un chef de projet chez RDA Construction.<\/p>\n<p><strong>Acteur secondaire:<\/strong><\/p>\n<p>\u00c9quipe de projet de gestion de construction<\/p>\n<p><strong>Probl\u00e8me:<\/strong><\/p>\n<p>Une \u00e9quipe de RDA Construction est affect\u00e9e \u00e0 la gestion des r\u00e9novations majeures du si\u00e8ge social d&rsquo;une entreprise technologique valant plus d&rsquo;un milliard de dollars. Ce projet n\u00e9cessite une collaboration \u00e9troite entre la RDA et le personnel du client.<\/p>\n<p>La gestion de la construction n\u00e9cessite une communication profonde \u00e0 l&rsquo;interne et \u00e0 l&rsquo;externe. Il est important de pouvoir afficher et g\u00e9rer les contacts. C&rsquo;est particuli\u00e8rement vrai dans une industrie en constance \u00e9volution o\u00f9 un contact constant avec les membres de l&rsquo;\u00e9quipe, les clients, les entrepreneurs et les employ\u00e9s du gouvernement est n\u00e9cessaire \u00e0 l&rsquo;avanc\u00e9e du travail. Pour \u00eatre en mesure de livrer un travail de haute qualit\u00e9 dans les d\u00e9lais, l&rsquo;\u00e9quipe de RDA Construction doit \u00eatre en mesure de g\u00e9rer ses contacts \u00e0 tout moment et en tout lieu.<\/p>\n<p>Riley a les informations de contact dont son \u00e9quipe a besoin dans un dossier public dans sa bo\u00eete aux lettres. Cependant, elle a besoin d&rsquo;un moyen de partager ce dossier avec son \u00e9quipe et de leur permettre de le modifier en temps r\u00e9el.<\/p>\n<p><strong>Solution: <\/strong><\/p>\n<p>Riley, le chef de projet, utilise d\u00e9j\u00e0 CiraHub pour synchroniser le calendrier d&rsquo;une \u00e9quipe. Apr\u00e8s quelques recherches, elle d\u00e9couvre que CiraHub synchronise \u00e9galement les contacts. Riley cr\u00e9e alors un hub de contact. Ensuite, CiraHub envoie une invitation par e-mail \u00e0 l&rsquo;\u00e9quipe de Riley pour se connecter au hub. Apr\u00e8s avoir accept\u00e9 l&rsquo;invitation, Riley termine la configuration des spokes pour son \u00e9quipe et active la synchronisation bidirectionnelle.<\/p>\n<p>Avec CiraHub compl\u00e8tement configur\u00e9, Riley et son \u00e9quipe peuvent g\u00e9rer de mani\u00e8re centralis\u00e9e leurs listes de contacts et calendriers sur Outlook et sur les smartphones. L&rsquo;\u00e9quipe peut ajouter, supprimer et modifier des contacts dans leurs carnets d&rsquo;adresses. Cela leur permet de g\u00e9rer les contacts du personnel impliqu\u00e9 dans le projet. L&rsquo;\u00e9quipe est \u00e9galement s\u00fbre de joindre chaque coll\u00e8gue \u00e0 tout moment.<\/p>\n<p><a href=\"https:\/\/cirahub.com\/sync-salesforce-crm-contacts\/\" class=\"next-post\">Article suivant: Synchronisation des contacts Salesforce CRM<\/a>[\/et_pb_text][\/et_pb_column][\/et_pb_row][\/et_pb_section]<\/p>\n","protected":false},"excerpt":{"rendered":"<p>Synchroniser les contacts entre coll\u00e8gues Acteur principal: Riley\u2014Un chef de projet chez RDA Construction. Acteur secondaire: \u00c9quipe de projet de gestion de construction Probl\u00e8me: Une \u00e9quipe de RDA Construction est affect\u00e9e \u00e0 la gestion des r\u00e9novations majeures du si\u00e8ge social d&rsquo;une entreprise technologique valant plus d&rsquo;un milliard de dollars. Ce projet n\u00e9cessite une collaboration \u00e9troite [&hellip;]<\/p>\n","protected":false},"author":3,"featured_media":0,"parent":0,"menu_order":0,"comment_status":"closed","ping_status":"closed","template":"","meta":{"_et_pb_use_builder":"on","_et_pb_old_content":"","_et_gb_content_width":"","footnotes":""},"class_list":["post-38250","page","type-page","status-publish","hentry"],"_links":{"self":[{"href":"https:\/\/cirahub.com\/fr\/wp-json\/wp\/v2\/pages\/38250","targetHints":{"allow":["GET"]}}],"collection":[{"href":"https:\/\/cirahub.com\/fr\/wp-json\/wp\/v2\/pages"}],"about":[{"href":"https:\/\/cirahub.com\/fr\/wp-json\/wp\/v2\/types\/page"}],"author":[{"embeddable":true,"href":"https:\/\/cirahub.com\/fr\/wp-json\/wp\/v2\/users\/3"}],"replies":[{"embeddable":true,"href":"https:\/\/cirahub.com\/fr\/wp-json\/wp\/v2\/comments?post=38250"}],"version-history":[{"count":2,"href":"https:\/\/cirahub.com\/fr\/wp-json\/wp\/v2\/pages\/38250\/revisions"}],"predecessor-version":[{"id":38252,"href":"https:\/\/cirahub.com\/fr\/wp-json\/wp\/v2\/pages\/38250\/revisions\/38252"}],"wp:attachment":[{"href":"https:\/\/cirahub.com\/fr\/wp-json\/wp\/v2\/media?parent=38250"}],"curies":[{"name":"wp","href":"https:\/\/api.w.org\/{rel}","templated":true}]}}