{"id":38235,"date":"2021-10-01T06:09:58","date_gmt":"2021-10-01T14:09:58","guid":{"rendered":"https:\/\/cirahub.com\/synchroniser-les-calendriers-entre-collegues\/"},"modified":"2021-10-12T11:45:58","modified_gmt":"2021-10-12T19:45:58","slug":"synchroniser-les-calendriers-entre-collegues","status":"publish","type":"page","link":"https:\/\/cirahub.com\/fr\/synchroniser-les-calendriers-entre-collegues\/","title":{"rendered":"Synchroniser les calendriers entre coll\u00e8gues"},"content":{"rendered":"<p>[et_pb_section fb_built=\u00a0\u00bb1&Prime; module_class=\u00a0\u00bbpartner-qsg\u00a0\u00bb _builder_version=\u00a0\u00bb4.2.1&Prime;][et_pb_row column_structure=\u00a0\u00bb1_3,2_3&Prime; _builder_version=\u00a0\u00bb4.4.0&Prime;][et_pb_column type=\u00a0\u00bb1_3&Prime; _builder_version=\u00a0\u00bb4.2.1&Prime;][et_pb_sidebar area=\u00a0\u00bbet_pb_widget_area_1&Prime; _builder_version=\u00a0\u00bb4.9.4&Prime; body_font=\u00a0\u00bbPoppins||||||||\u00a0\u00bb hover_enabled=\u00a0\u00bb0&Prime; sticky_enabled=\u00a0\u00bb0&Prime;][\/et_pb_sidebar][\/et_pb_column][et_pb_column type=\u00a0\u00bb2_3&Prime; _builder_version=\u00a0\u00bb4.2.1&Prime;][et_pb_text _builder_version=\u00a0\u00bb4.4.0&Prime;]<\/p>\n<h2>Synchroniser les calendriers entre coll\u00e8gues<\/h2>\n<p><strong>Acteur principal: <\/strong><\/p>\n<p>Riley\u2014Un chef de projet chez RDA Construction.<\/p>\n<p><strong>Acteur secondaire:<\/strong><\/p>\n<p>\u00c9quipe de projet de gestion de construction<\/p>\n<p><strong>Probl\u00e8me:<\/strong><\/p>\n<p>Une \u00e9quipe de RDA Construction est affect\u00e9e \u00e0 la gestion des r\u00e9novations majeures du si\u00e8ge social d&rsquo;une entreprise technologique valant plus d&rsquo;un milliard de dollars. Ce projet n\u00e9cessite une collaboration \u00e9troite avec le personnel du client.<\/p>\n<p>Pour \u00eatre en mesure de fournir un travail de haute qualit\u00e9 \u00e0 temps, l&rsquo;\u00e9quipe de RDA Construction doit fixer des d\u00e9lais et des rep\u00e8res de projet et planifier des r\u00e9unions entre eux et les autres \u00e0 tout moment.<\/p>\n<p><strong>Solution: <\/strong><\/p>\n<p>Riley, le chef de projet, d\u00e9couvre CiraHub, une solution de synchronisation bidirectionnelle pour les contacts et les calendriers qui est facile \u00e0 d\u00e9ployer, \u00e0 utiliser et \u00e0 g\u00e9rer. Riley cr\u00e9e un spoke du calendrier sur CiraHub. CiraHub envoie une invitation par e-mail \u00e0 l&rsquo;\u00e9quipe de Riley pour participer au hub. Apr\u00e8s avoir accept\u00e9 l&rsquo;invitation, Riley termine la configuration des spokes et active la synchronisation bidirectionnelle.<\/p>\n<p>\u00c9tant donn\u00e9 que le Hub autorise plus de deux spokes, des bo\u00eetes aux lettres suppl\u00e9mentaires peuvent \u00e9galement \u00eatre mises \u00e0 jour dans le Hub.<\/p>\n<p>Avec CiraHub compl\u00e8tement configur\u00e9, Riley et son \u00e9quipe peuvent g\u00e9rer de mani\u00e8re centralis\u00e9e leurs calendriers sur Outlook et sur leurs smartphones. Cela permet \u00e0 l&rsquo;\u00e9quipe de visualiser et de planifier les r\u00e9unions importantes et les jalons du projet. <\/p>\n<p><a href=\"https:\/\/cirahub.com\/fr\/synchroniser-les-contacts-entre-collegues\/\" class=\"next-post\">Article suivant: Synchronisation des contacts entre coll\u00e8gues<\/a>[\/et_pb_text][\/et_pb_column][\/et_pb_row][\/et_pb_section]<\/p>\n","protected":false},"excerpt":{"rendered":"<p>Synchroniser les calendriers entre coll\u00e8gues Acteur principal: Riley\u2014Un chef de projet chez RDA Construction. Acteur secondaire: \u00c9quipe de projet de gestion de construction Probl\u00e8me: Une \u00e9quipe de RDA Construction est affect\u00e9e \u00e0 la gestion des r\u00e9novations majeures du si\u00e8ge social d&rsquo;une entreprise technologique valant plus d&rsquo;un milliard de dollars. Ce projet n\u00e9cessite une collaboration \u00e9troite [&hellip;]<\/p>\n","protected":false},"author":3,"featured_media":0,"parent":0,"menu_order":0,"comment_status":"closed","ping_status":"closed","template":"","meta":{"_et_pb_use_builder":"on","_et_pb_old_content":"","_et_gb_content_width":"","footnotes":""},"class_list":["post-38235","page","type-page","status-publish","hentry"],"_links":{"self":[{"href":"https:\/\/cirahub.com\/fr\/wp-json\/wp\/v2\/pages\/38235","targetHints":{"allow":["GET"]}}],"collection":[{"href":"https:\/\/cirahub.com\/fr\/wp-json\/wp\/v2\/pages"}],"about":[{"href":"https:\/\/cirahub.com\/fr\/wp-json\/wp\/v2\/types\/page"}],"author":[{"embeddable":true,"href":"https:\/\/cirahub.com\/fr\/wp-json\/wp\/v2\/users\/3"}],"replies":[{"embeddable":true,"href":"https:\/\/cirahub.com\/fr\/wp-json\/wp\/v2\/comments?post=38235"}],"version-history":[{"count":18,"href":"https:\/\/cirahub.com\/fr\/wp-json\/wp\/v2\/pages\/38235\/revisions"}],"predecessor-version":[{"id":38292,"href":"https:\/\/cirahub.com\/fr\/wp-json\/wp\/v2\/pages\/38235\/revisions\/38292"}],"wp:attachment":[{"href":"https:\/\/cirahub.com\/fr\/wp-json\/wp\/v2\/media?parent=38235"}],"curies":[{"name":"wp","href":"https:\/\/api.w.org\/{rel}","templated":true}]}}