{"id":38231,"date":"2021-09-30T07:42:53","date_gmt":"2021-09-30T15:42:53","guid":{"rendered":"https:\/\/cirahub.com\/synchronisation-des-contacts-entre-un-assistant-executif-et-un-pdg\/"},"modified":"2021-09-30T07:42:57","modified_gmt":"2021-09-30T15:42:57","slug":"synchronisation-des-contacts-entre-un-assistant-executif-et-un-pdg","status":"publish","type":"page","link":"https:\/\/cirahub.com\/fr\/synchronisation-des-contacts-entre-un-assistant-executif-et-un-pdg\/","title":{"rendered":"Synchronisation des Contacts entre un Assistant Ex\u00e9cutif et un PDG"},"content":{"rendered":"<p>[et_pb_section fb_built=\u00a0\u00bb1&Prime; module_class=\u00a0\u00bbpartner-qsg\u00a0\u00bb _builder_version=\u00a0\u00bb4.2.1&Prime;][et_pb_row column_structure=\u00a0\u00bb1_3,2_3&Prime; _builder_version=\u00a0\u00bb4.4.0&Prime;][et_pb_column type=\u00a0\u00bb1_3&Prime; _builder_version=\u00a0\u00bb4.2.1&Prime;][et_pb_sidebar area=\u00a0\u00bbet_pb_widget_area_1&Prime; _builder_version=\u00a0\u00bb4.9.4&Prime; body_font=\u00a0\u00bbPoppins||||||||\u00a0\u00bb hover_enabled=\u00a0\u00bb0&Prime; sticky_enabled=\u00a0\u00bb0&Prime;][\/et_pb_sidebar][\/et_pb_column][et_pb_column type=\u00a0\u00bb2_3&Prime; _builder_version=\u00a0\u00bb4.2.1&Prime;][et_pb_text _builder_version=\u00a0\u00bb4.4.0&Prime;]<\/p>\n<h2>Synchronisation des Contacts entre un Assistant Ex\u00e9cutif et un PDG<\/h2>\n<p><strong>Acteur principal: <\/strong><\/p>\n<p>Alex\u2014Assistant ex\u00e9cutif chez Acme Corporation.<\/p>\n<p><strong>Acteur secondaire: <\/strong><\/p>\n<p>PDG d&rsquo;Acme Corporation<\/p>\n<p><strong>Probl\u00e8me: <\/strong><\/p>\n<p>Le PDG a tout le temps besoin d&rsquo;informations \u00e0 jour sur les employ\u00e9s, les clients et les fournisseurs. Alex est l&rsquo;assistant ex\u00e9cutif du PDG d&rsquo;Acme Corporation et est responsable de la gestion de ces informations.<\/p>\n<p>Alex est souvent absent du bureau, l&rsquo;heure \u00e0 laquelle il doit ajouter, supprimer ou modifier des informations de contact. Cependant, Il n&rsquo;a pas les connaissances ou l&rsquo;exp\u00e9rience en informatique pour mettre en \u0153uvre une solution qui permettrait de mettre \u00e0 jour ces informations directement depuis un smartphone ou une tablette. <\/p>\n<p><strong>Solution: <\/strong><\/p>\n<p>Alex d\u00e9couvre alors que CiraHub est une solution qui peut \u00eatre utilis\u00e9e pour effectuer une synchronisation bidirectionnelle des dossiers de contacts. Alex configure le hub de contacts pour utiliser un sous-dossier sous son dossier de contacts principal, afin que le carnet d&rsquo;adresses du PDG ne soit pas m\u00e9lang\u00e9 avec les contacts personnels d&rsquo;Alex. Il ajoute le PDG en tant que spoke et configure son carnet d&rsquo;adresses en synchronisation bidirectionnelle avec sa bo\u00eete aux lettres.<\/p>\n<p>CiraHub permet d\u00e9sormais \u00e0 Alex de g\u00e9rer le carnet d&rsquo;adresses du PDG sur Outlook et sur son smartphone. Alex peut maintenant ajouter, supprimer et modifier des contacts dans le carnet d&rsquo;adresses au nom du PDG!<\/p>\n<p><a href=\"\/cirahub\/syncing-calendars-colleagues\/\" class=\"next-post\">Article suivant: Synchronisation des calendriers entre coll\u00e8gues<\/a>[\/et_pb_text][\/et_pb_column][\/et_pb_row][\/et_pb_section]<\/p>\n","protected":false},"excerpt":{"rendered":"<p>Synchronisation des Contacts entre un Assistant Ex\u00e9cutif et un PDG Acteur principal: Alex\u2014Assistant ex\u00e9cutif chez Acme Corporation. Acteur secondaire: PDG d&rsquo;Acme Corporation Probl\u00e8me: Le PDG a tout le temps besoin d&rsquo;informations \u00e0 jour sur les employ\u00e9s, les clients et les fournisseurs. Alex est l&rsquo;assistant ex\u00e9cutif du PDG d&rsquo;Acme Corporation et est responsable de la gestion [&hellip;]<\/p>\n","protected":false},"author":3,"featured_media":0,"parent":0,"menu_order":0,"comment_status":"closed","ping_status":"closed","template":"","meta":{"_et_pb_use_builder":"on","_et_pb_old_content":"","_et_gb_content_width":"","footnotes":""},"class_list":["post-38231","page","type-page","status-publish","hentry"],"_links":{"self":[{"href":"https:\/\/cirahub.com\/fr\/wp-json\/wp\/v2\/pages\/38231","targetHints":{"allow":["GET"]}}],"collection":[{"href":"https:\/\/cirahub.com\/fr\/wp-json\/wp\/v2\/pages"}],"about":[{"href":"https:\/\/cirahub.com\/fr\/wp-json\/wp\/v2\/types\/page"}],"author":[{"embeddable":true,"href":"https:\/\/cirahub.com\/fr\/wp-json\/wp\/v2\/users\/3"}],"replies":[{"embeddable":true,"href":"https:\/\/cirahub.com\/fr\/wp-json\/wp\/v2\/comments?post=38231"}],"version-history":[{"count":2,"href":"https:\/\/cirahub.com\/fr\/wp-json\/wp\/v2\/pages\/38231\/revisions"}],"predecessor-version":[{"id":38233,"href":"https:\/\/cirahub.com\/fr\/wp-json\/wp\/v2\/pages\/38231\/revisions\/38233"}],"wp:attachment":[{"href":"https:\/\/cirahub.com\/fr\/wp-json\/wp\/v2\/media?parent=38231"}],"curies":[{"name":"wp","href":"https:\/\/api.w.org\/{rel}","templated":true}]}}