{"id":38203,"date":"2021-09-25T11:18:11","date_gmt":"2021-09-25T19:18:11","guid":{"rendered":"https:\/\/cirahub.com\/securite-chez-cirahub\/"},"modified":"2021-09-25T11:18:16","modified_gmt":"2021-09-25T19:18:16","slug":"securite-chez-cirahub","status":"publish","type":"page","link":"https:\/\/cirahub.com\/fr\/securite-chez-cirahub\/","title":{"rendered":"S\u00e9curit\u00e9 chez CiraHub"},"content":{"rendered":"<p>[et_pb_section fb_built=\u00a0\u00bb1&Prime; _builder_version=\u00a0\u00bb4.4.0&Prime;][et_pb_row _builder_version=\u00a0\u00bb4.9.4&Prime; hover_enabled=\u00a0\u00bb0&Prime; sticky_enabled=\u00a0\u00bb0&Prime;][et_pb_column type=\u00a0\u00bb4_4&Prime; _builder_version=\u00a0\u00bb4.9.4&Prime; hover_enabled=\u00a0\u00bb0&Prime; sticky_enabled=\u00a0\u00bb0&Prime;][et_pb_text _builder_version=\u00a0\u00bb4.9.4&Prime; hover_enabled=\u00a0\u00bb0&Prime; sticky_enabled=\u00a0\u00bb0&Prime;]<\/p>\n<h2><span class=\"ez-toc-section\" id=\"Securite_au_CiraHub\"><\/span>S\u00e9curit\u00e9 au CiraHub<span class=\"ez-toc-section-end\"><\/span><\/h2>\n<p><span data-contrast=\"auto\">Cira Apps Ltd. prend la s\u00e9curit\u00e9 des donn\u00e9es des utilisateurs tr\u00e8s au s\u00e9rieux et a pris <\/span><span data-contrast=\"auto\">action<\/span><span data-contrast=\"auto\"> pour s&rsquo;assurer que les donn\u00e9es des utilisateurs sont s\u00e9curis\u00e9es<\/span><span data-contrast=\"auto\">. <\/span> <span> <\/span><\/p>\n<p><span data-contrast=\"auto\">Cette page inclut les sujets de s\u00e9curit\u00e9 suivantes<\/span><span> <\/span><\/p>\n<ul>\n<li style=\"list-style-type: none\">\n<ul>\n<li data-leveltext=\"\uf0b7\" data-font=\"Symbol\" data-listid=\"1\" data-aria-posinset=\"0\" data-aria-level=\"1\"><span data-contrast=\"auto\">Int\u00e9gration de CiraHub avec Microsoft Azure<\/span><span data-contrast=\"auto\">.<\/span><span> <\/span><\/li>\n<li data-leveltext=\"\uf0b7\" data-font=\"Symbol\" data-listid=\"1\" data-aria-posinset=\"0\" data-aria-level=\"1\"><span data-contrast=\"auto\">Comment les donn\u00e9es utilisateur circulent dans Cira<\/span><span data-contrast=\"auto\">Hub<\/span><span data-contrast=\"auto\">.<\/span><span> <\/span><\/li>\n<li data-leveltext=\"\uf0b7\" data-font=\"Symbol\" data-listid=\"1\" data-aria-posinset=\"0\" data-aria-level=\"1\"><span data-contrast=\"auto\">Mesures de s\u00e9curit\u00e9 suppl\u00e9mentaires pour les donn\u00e9es des utilisateurs de CiraHub<\/span><span> <\/span><\/li>\n<li data-leveltext=\"\uf0b7\" data-font=\"Symbol\" data-listid=\"1\" data-aria-posinset=\"0\" data-aria-level=\"1\"><span data-contrast=\"auto\">Politiques de confidentialit\u00e9 des donn\u00e9es de Cira Apps.<\/span><span> <\/span><\/li>\n<\/ul>\n<\/li>\n<\/ul>\n<h3><span class=\"ez-toc-section\" id=\"Integration_de_CiraHub_avec_Microsoft_Azure\"><\/span>Int\u00e9gration de CiraHub avec Microsoft Azure<span class=\"ez-toc-section-end\"><\/span><\/h3>\n<p><span class=\"TextRun SCXW48134709 BCX0\" lang=\"EN-US\" data-contrast=\"auto\" xml:lang=\"EN-US\"><span class=\"SpellingError SCXW48134709 BCX0\" data-ccp-charstyle=\"normaltextrun\">CiraHub<\/span><\/span><span class=\"TextRun SCXW48134709 BCX0\" lang=\"EN-US\" data-contrast=\"auto\" xml:lang=\"EN-US\"><span class=\"NormalTextRun SCXW48134709 BCX0\" data-ccp-charstyle=\"normaltextrun\"> est<\/span><\/span><span class=\"TextRun SCXW48134709 BCX0\" lang=\"EN-US\" data-contrast=\"auto\" xml:lang=\"EN-US\"><span class=\"NormalTextRun SCXW48134709 BCX0\" data-ccp-charstyle=\"normaltextrun\"> enregistr\u00e9 avec Microsoft Azure<\/span><\/span><span class=\"TextRun SCXW48134709 BCX0\" lang=\"EN-US\" xml:lang=\"EN-US\" data-contrast=\"auto\"><span class=\"NormalTextRun SCXW48134709 BCX0\" data-ccp-charstyle=\"normaltextrun\">. Ce <\/span><\/span><span class=\"TextRun SCXW48134709 BCX0\" lang=\"EN-US\" data-contrast=\"auto\" xml:lang=\"EN-US\"><span class=\"NormalTextRun SCXW48134709 BCX0\" data-ccp-charstyle=\"normaltextrun\">utilise le <\/span><\/span><a target=\"_blank\" href=\"https:\/\/docs.microsoft.com\/en-us\/azure\/active-directory\/develop\/consent-framework\" rel=\"noopener noreferrer\" class=\"Hyperlink SCXW48134709 BCX0\"><span class=\"TextRun Underlined SCXW48134709 BCX0\" lang=\"EN-US\" xml:lang=\"EN-US\" data-contrast=\"none\"><span class=\"NormalTextRun SCXW48134709 BCX0\" data-ccp-charstyle=\"Hyperlink\">Azure Consent Framework<\/span><\/span><\/a><span class=\"TextRun SCXW48134709 BCX0\" lang=\"EN-US\" data-contrast=\"auto\" xml:lang=\"EN-US\"><span class=\"NormalTextRun SCXW48134709 BCX0\" data-ccp-charstyle=\"normaltextrun\"> et ne stockera pas les mots de passe. <\/span><\/span><span class=\"TextRun SCXW48134709 BCX0\" lang=\"EN-US\" data-contrast=\"auto\" xml:lang=\"EN-US\"><span class=\"NormalTextRun SCXW48134709 BCX0\" data-ccp-charstyle=\"normaltextrun\">Cependant, dans les situations o\u00f9 Azure Consent n&rsquo;est pas possible, <\/span><\/span><span class=\"TextRun SCXW48134709 BCX0\" lang=\"EN-US\" data-contrast=\"auto\" xml:lang=\"EN-US\"><span class=\"SpellingError SCXW48134709 BCX0\" data-ccp-charstyle=\"normaltextrun\">CiraHub<\/span> <span class=\"NormalTextRun SCXW48134709 BCX0\" data-ccp-charstyle=\"normaltextrun\"> <\/span><\/span> <span class=\"TextRun SCXW48134709 BCX0\" lang=\"EN-US\" data-contrast=\"auto\" xml:lang=\"EN-US\"><span class=\"NormalTextRun SCXW48134709 BCX0\" data-ccp-charstyle=\"normaltextrun\">utilise le <\/span><\/span><a target=\"_blank\" href=\"https:\/\/docs.microsoft.com\/en-us\/azure\/key-vault\/key-vault-overview\" rel=\"noopener noreferrer\" class=\"Hyperlink SCXW48134709 BCX0\"><span class=\"TextRun Underlined SCXW48134709 BCX0\" lang=\"EN-US\" xml:lang=\"EN-US\" data-contrast=\"none\"><span class=\"NormalTextRun SCXW48134709 BCX0\" data-ccp-charstyle=\"Hyperlink\">Azure Key Vault<\/span><\/span><\/a><span class=\"TextRun SCXW48134709 BCX0\" lang=\"EN-US\" data-contrast=\"auto\" xml:lang=\"EN-US\"><span class=\"NormalTextRun SCXW48134709 BCX0\" data-ccp-charstyle=\"normaltextrun\">. <\/span><\/span> <span class=\"TextRun SCXW48134709 BCX0\" lang=\"EN-US\" xml:lang=\"EN-US\" data-contrast=\"auto\"><span class=\"NormalTextRun SCXW48134709 BCX0\" data-ccp-charstyle=\"normaltextrun\"> <\/span><\/span><span class=\"TextRun SCXW48134709 BCX0\" lang=\"EN-US\" xml:lang=\"EN-US\" data-contrast=\"auto\"><span class=\"NormalTextRun SCXW48134709 BCX0\" data-ccp-charstyle=\"eop\">Toutes les donn\u00e9es d&rsquo;abonn\u00e9 sont <\/span><\/span><span class=\"TextRun SCXW48134709 BCX0\" lang=\"EN-US\" xml:lang=\"EN-US\" data-contrast=\"auto\"><span class=\"NormalTextRun SCXW48134709 BCX0\" data-ccp-charstyle=\"normaltextrun\">conserv\u00e9s dans le Microsoft Cloud. Avec plus de 100 millions d&rsquo;utilisateurs actifs sur Office 365 et plus <\/span><\/span><a target=\"_blank\" href=\"https:\/\/www.microsoft.com\/en-us\/trust-center\/compliance\/compliance-overview\" rel=\"noopener noreferrer\" class=\"Hyperlink SCXW48134709 BCX0\"><span class=\"TextRun Underlined SCXW48134709 BCX0\" lang=\"EN-US\" xml:lang=\"EN-US\" data-contrast=\"none\"><span class=\"NormalTextRun SCXW48134709 BCX0\" data-ccp-charstyle=\"Hyperlink\">certifications de s\u00e9curit\u00e9 cloud<\/span><\/span><\/a><span class=\"TextRun SCXW48134709 BCX0\" lang=\"EN-US\" data-contrast=\"auto\" xml:lang=\"EN-US\"><span class=\"NormalTextRun SCXW48134709 BCX0\" data-ccp-charstyle=\"normaltextrun\"> que toute autre soci\u00e9t\u00e9, la s\u00e9curit\u00e9 de Microsoft Azure est<\/span><\/span><span class=\"TextRun SCXW48134709 BCX0\" lang=\"EN-US\" data-contrast=\"auto\" xml:lang=\"EN-US\"><span class=\"NormalTextRun SCXW48134709 BCX0\" data-ccp-charstyle=\"normaltextrun\">parmi<\/span><\/span><span class=\"TextRun SCXW48134709 BCX0\" lang=\"EN-US\" data-contrast=\"auto\" xml:lang=\"EN-US\"><span class=\"NormalTextRun SCXW48134709 BCX0\" data-ccp-charstyle=\"normaltextrun\"> le meilleur du monde. <\/span><\/span> <span class=\"EOP SCXW48134709 BCX0\"> <\/span><\/p>\n<h3><span class=\"ez-toc-section\" id=\"Architecture_de_flux_de_donnees_CiraHub\"><\/span>Architecture de flux de donn\u00e9es CiraHub<span class=\"ez-toc-section-end\"><\/span><\/h3>\n<p><img decoding=\"async\" class=\"aligncenter wp-image-21004 size-full\" src=\"https:\/\/cirahub.com\/wp-content\/uploads\/2020\/03\/CiraHub-Data-Security-Diagram-e1584030719339.png\" alt=\"\" width=\"800\" height=\"611\"><\/p>\n<ol>\n<li>L&rsquo;utilisateur acc\u00e8de au tableau de bord CiraHub pour configurer et g\u00e9rer CiraHub.<div class='et-box et-info'>\n\t\t\t\t\t<div class='et-box-content'><strong>NOTE: <\/strong>CiraHub r\u00e9side dans le Microsoft Azure cloud. Les seuls points de terminaison qui existent en dehors du cloud sont les suivants :\n<ul>\n<li>Le tableau de bord CiraHub, qui est cach\u00e9 derri\u00e8re le Cloudflare Content Delivery Network<\/li>\n<li>Applications en dehors de l&rsquo;environnement Microsoft<\/li>\n<li>P\u00e9riph\u00e9riques de sortie utilisateur tels que les smartphones.<\/div><\/div><\/li>\n<\/ul>\n<p>&nbsp;<\/p>\n<\/li>\n<li>CiraHub utilise une architecture hub-and-spoke pour stocker et synchroniser les donn\u00e9es selon ce que l&rsquo;utilisateur d\u00e9termine. <div class='et-box et-info'>\n\t\t\t\t\t<div class='et-box-content'><strong>NOTE: <\/strong><span class=\"TextRun SCXW162054381 BCX0\" lang=\"EN-US\" xml:lang=\"EN-US\" data-contrast=\"auto\"><span class=\"NormalTextRun SCXW162054381 BCX0\">Conceptuellement, <\/span><\/span><span class=\"TextRun SCXW162054381 BCX0\" lang=\"EN-US\" xml:lang=\"EN-US\" data-contrast=\"auto\"><span class=\"SpellingError SCXW162054381 BCX0\">CiraHub<\/span><\/span><span class=\"TextRun SCXW162054381 BCX0\" lang=\"EN-US\" xml:lang=\"EN-US\" data-contrast=\"auto\"><span class=\"NormalTextRun SCXW162054381 BCX0\"> traite chaque utilisateur comme <\/span><\/span><span class=\"TextRun SCXW162054381 BCX0\" lang=\"EN-US\" xml:lang=\"EN-US\" data-contrast=\"auto\"><span class=\"NormalTextRun SCXW162054381 BCX0\">spoke<\/span><\/span><span class=\"TextRun SCXW162054381 BCX0\" lang=\"EN-US\" xml:lang=\"EN-US\" data-contrast=\"auto\"><span class=\"NormalTextRun SCXW162054381 BCX0\">s<\/span><\/span><span class=\"TextRun SCXW162054381 BCX0\" lang=\"EN-US\" xml:lang=\"EN-US\" data-contrast=\"auto\"><span class=\"NormalTextRun SCXW162054381 BCX0\"> sur une roue. <\/span><\/span><span class=\"TextRun SCXW162054381 BCX0\" lang=\"EN-US\" xml:lang=\"EN-US\" data-contrast=\"auto\"><span class=\"NormalTextRun SCXW162054381 BCX0\">Ceux-ci <\/span><\/span><span class=\"TextRun SCXW162054381 BCX0\" lang=\"EN-US\" xml:lang=\"EN-US\" data-contrast=\"auto\"><span class=\"NormalTextRun SCXW162054381 BCX0\">Spoke<\/span><\/span><span class=\"TextRun SCXW162054381 BCX0\" lang=\"EN-US\" xml:lang=\"EN-US\" data-contrast=\"auto\"><span class=\"NormalTextRun SCXW162054381 BCX0\">sont des points de terminaison de donn\u00e9es qui contribuent \u00e0 un<\/span><\/span><span class=\"TextRun SCXW162054381 BCX0\" lang=\"EN-US\" xml:lang=\"EN-US\" data-contrast=\"auto\"><span class=\"NormalTextRun SCXW162054381 BCX0\"> Hub central<\/span><\/span><span class=\"TextRun SCXW162054381 BCX0\" lang=\"EN-US\" xml:lang=\"EN-US\" data-contrast=\"auto\"><span class=\"NormalTextRun SCXW162054381 BCX0\">. Ensuite, lorsque la synchronisation bidirectionnelle est activ\u00e9e manuellement, le <\/span><\/span><span class=\"TextRun SCXW162054381 BCX0\" lang=\"EN-US\" data-contrast=\"auto\" xml:lang=\"EN-US\"><span class=\"NormalTextRun SCXW162054381 BCX0\">les donn\u00e9es cumulatives sont ensuite pouss\u00e9es vers chaque<\/span><\/span><span class=\"TextRun SCXW162054381 BCX0\" lang=\"EN-US\" data-contrast=\"auto\" xml:lang=\"EN-US\"><span class=\"NormalTextRun SCXW162054381 BCX0\">spoke<\/span><\/span><span class=\"TextRun SCXW162054381 BCX0\" lang=\"EN-US\" xml:lang=\"EN-US\" data-contrast=\"auto\"><span class=\"NormalTextRun SCXW162054381 BCX0\">.<\/div><\/div><\/span><\/span><\/li>\n<li>CiraHub utilise une combinaison de commandes EWS, Microsoft Graph API et Powershell pour envoyer et extraire des donn\u00e9es dans et hors du hub.<\/li>\n<li>Lors de la configuration initiale du hub and spoke, la synchronisation bidirectionnelle n&rsquo;est pas automatiquement activ\u00e9e. L&rsquo;utilisateur doit acc\u00e9der aux param\u00e8tres individuels de chaque spoke et l&rsquo;activer. Cela permet aux utilisateurs de contr\u00f4ler et de filtrer les donn\u00e9es qui sont synchronis\u00e9es avec les spokes.<\/li>\n<\/ol>\n<h3><span class=\"ez-toc-section\" id=\"Mesures_de_Securite_des_Donnees_CiraHub_Supplementaires\"><\/span>Mesures de S\u00e9curit\u00e9 des Donn\u00e9es CiraHub Suppl\u00e9mentaires<span class=\"ez-toc-section-end\"><\/span><\/h3>\n<p>Les tableaux suivants d\u00e9crivent les autres mesures d&rsquo;architecture de donn\u00e9es prises par Cira Apps pour garantir que les donn\u00e9es des utilisateurs sont s\u00fbres et s\u00e9curis\u00e9es dans CiraHub.<\/p>\n<table>\n<tbody>\n<tr>\n<td width=\"312\"><strong>S\u00e9curit\u00e9 du tableau de bord<\/strong><\/td>\n<td width=\"312\"><a href=\"https:\/\/dashboard.cirahub.com\">https:\/\/dashboard.cirahub.com<\/a> est le seul point de terminaison Internet public. Le tableau de bord est cach\u00e9 derri\u00e8re le Cloudflare Content Delivery Network.<\/td>\n<\/tr>\n<tr>\n<td width=\"312\"><strong>Mots de passe<\/strong><\/td>\n<td width=\"312\">\n<p>Pour la plupart des fonctions, CiraHub ne stocke pas les mots de passe et ne demande pas de mots de passe. \u00c0 la place, CiraHub utilisera Azure Consent Framework pour l&rsquo;acc\u00e8s aux bo\u00eetes aux lettres.<\/p>\n<p>De plus, lors de la connexion initiale de CiraHub, les utilisateurs seront redirig\u00e9s vers la page de connexion Microsoft.<\/p>\n<p>&nbsp;<\/p>\n<p>Dans les situations o\u00f9 Azure Consent n&rsquo;est pas possible, CiraHub utilisera Azure Key Vault pour stocker en toute s\u00e9curit\u00e9 les mots de passe.<\/p>\n<\/td>\n<\/tr>\n<tr>\n<td width=\"312\"><strong>EWS Connexion, Graph API<\/strong><\/td>\n<td width=\"312\">\n<p>Lorsque CiraHub met \u00e0 jour les bo\u00eetes aux lettres dans Office 365, il utilise HTTPS pour se connecter \u00e0 EWS. Cette connexion EWS ne passe pas par l&rsquo;Internet public.<\/p>\n<p>&nbsp;<\/p>\n<p>Si CiraHub synchronise et met \u00e0 jour la liste d&rsquo;adresses globale, il utilise l&rsquo;API Microsoft Graph. Toutes les donn\u00e9es de s\u00e9curit\u00e9 g\u00e9r\u00e9es par l&rsquo;API Microsoft Graph sont sensibles et prot\u00e9g\u00e9es par des autorisations et des r\u00f4les d\u00e9l\u00e9gu\u00e9s par Azure Active Directory.<\/p>\n<\/td>\n<\/tr>\n<tr>\n<td width=\"312\"><strong>Informations sur l&rsquo;abonn\u00e9 et la licence<\/strong><\/td>\n<td width=\"312\">Toutes les informations sur les abonn\u00e9s et les licences sont stock\u00e9es dans Azure SQL en tant que service et ne sont accessibles qu&rsquo;\u00e0 partir du tableau de bord et des processus de travail.<\/td>\n<\/tr>\n<tr>\n<td width=\"312\"><strong>Mise en cache des donn\u00e9es<\/strong><\/td>\n<td width=\"312\">\n<p>CiraHub met en cache les donn\u00e9es de configuration de synchronisation re\u00e7ues des applications d&rsquo;entreprise Microsoft (Microsoft Enterprise Applications) dans une base de donn\u00e9es s\u00e9curis\u00e9e dans le cloud Microsoft.<\/p>\n<p>&nbsp;<\/p>\n<p>Toutes les donn\u00e9es mises en cache par CiraHub peuvent \u00eatre volontairement supprim\u00e9es par l&rsquo;utilisateur via le tableau de bord de CiraHub. Une fois qu&rsquo;un utilisateur d\u00e9cide de ne plus participer \u00e0 CiraHub, les donn\u00e9es d\u00e9tenues par l&rsquo;utilisateur sont effac\u00e9es.<\/p>\n<\/td>\n<\/tr>\n<\/tbody>\n<\/table>\n<h3><\/h3>\n<h3><\/h3>\n<h3><span class=\"ez-toc-section\" id=\"Politique_de_confidentialite_des_donnees_Cira_Apps\"><\/span>Politique de confidentialit\u00e9 des donn\u00e9es Cira Apps<span class=\"ez-toc-section-end\"><\/span><\/h3>\n<p>Cira Apps donne aux utilisateurs le choix de fournir ou non des informations et quelles informations sont fournies. Conform\u00e9ment \u00e0 la l\u00e9gislation locale, CiraHub permet aux utilisateurs d&rsquo;exercer certains contr\u00f4les et choix, tels que les suivants:<\/p>\n<ul>\n<li style=\"list-style-type: none\">\n<ul>\n<li>Corrigez, mettez \u00e0 jour et supprimez les comptes li\u00e9s \u00e0 CiraHub. Cela inclut toutes les informations mises en cache par CiraHub.<\/li>\n<li>Choisissez si vous souhaitez recevoir des offres promotionnelles et des publicit\u00e9s de CiraHub.<\/li>\n<\/ul>\n<\/li>\n<\/ul>\n<p>Les renseignements personnels sont recueillis lorsque les utilisateurs demandent des produits, des services ou des informations \u00e0 Cira Apps Ltd. Cela comprend l&rsquo;ouverture d&rsquo;un compte CiraHub et la participation \u00e0 des forums publics ou \u00e0 d&rsquo;autres activit\u00e9s sur https:\/\/cirahub.com et sur toute plate-forme qui nous permet d&rsquo;interagir directement avec les utilisateurs.<\/p>\n<p>Les informations collect\u00e9es sont utilis\u00e9es pour:<\/p>\n<ul>\n<li style=\"list-style-type: none\">\n<ul>\n<li>Fournir aux utilisateurs les produits, informations et services demand\u00e9s.<\/li>\n<li>Communiquez avec les utilisateurs au sujet de leur compte et de leurs transactions avec Cira Apps Ltd.<\/li>\n<li>Cr\u00e9ez et calculez des informations anonymes pour aider \u00e0 am\u00e9liorer les services de Cira Apps Ltd.<\/li>\n<\/ul>\n<\/li>\n<\/ul>\n<p>Pour plus d&rsquo;informations sur la fa\u00e7on dont Cira Apps Ltd. g\u00e8re les donn\u00e9es des utilisateurs, lisez <a href=\"https:\/\/cirasync.com\/data-privacy-policy\/\">la politique de confidentialit\u00e9 de Cira Apps Ltd.<\/a>.<\/p>\n<p>[\/et_pb_text][\/et_pb_column][\/et_pb_row][\/et_pb_section]<\/p>\n","protected":false},"excerpt":{"rendered":"<p>S\u00e9curit\u00e9 au CiraHub Cira Apps Ltd. prend la s\u00e9curit\u00e9 des donn\u00e9es des utilisateurs tr\u00e8s au s\u00e9rieux et a pris action pour s&rsquo;assurer que les donn\u00e9es des utilisateurs sont s\u00e9curis\u00e9es. Cette page inclut les sujets de s\u00e9curit\u00e9 suivantes Int\u00e9gration de CiraHub avec Microsoft Azure. Comment les donn\u00e9es utilisateur circulent dans CiraHub. Mesures de s\u00e9curit\u00e9 suppl\u00e9mentaires pour [&hellip;]<\/p>\n","protected":false},"author":4,"featured_media":0,"parent":0,"menu_order":0,"comment_status":"closed","ping_status":"closed","template":"","meta":{"_et_pb_use_builder":"on","_et_pb_old_content":"","_et_gb_content_width":"","footnotes":""},"class_list":["post-38203","page","type-page","status-publish","hentry"],"_links":{"self":[{"href":"https:\/\/cirahub.com\/fr\/wp-json\/wp\/v2\/pages\/38203","targetHints":{"allow":["GET"]}}],"collection":[{"href":"https:\/\/cirahub.com\/fr\/wp-json\/wp\/v2\/pages"}],"about":[{"href":"https:\/\/cirahub.com\/fr\/wp-json\/wp\/v2\/types\/page"}],"author":[{"embeddable":true,"href":"https:\/\/cirahub.com\/fr\/wp-json\/wp\/v2\/users\/4"}],"replies":[{"embeddable":true,"href":"https:\/\/cirahub.com\/fr\/wp-json\/wp\/v2\/comments?post=38203"}],"version-history":[{"count":3,"href":"https:\/\/cirahub.com\/fr\/wp-json\/wp\/v2\/pages\/38203\/revisions"}],"predecessor-version":[{"id":38208,"href":"https:\/\/cirahub.com\/fr\/wp-json\/wp\/v2\/pages\/38203\/revisions\/38208"}],"wp:attachment":[{"href":"https:\/\/cirahub.com\/fr\/wp-json\/wp\/v2\/media?parent=38203"}],"curies":[{"name":"wp","href":"https:\/\/api.w.org\/{rel}","templated":true}]}}