{"id":38053,"date":"2021-08-13T08:29:06","date_gmt":"2021-08-13T16:29:06","guid":{"rendered":"https:\/\/cirahub.com\/sincronizacion-de-calendarios-entre-colegas\/"},"modified":"2021-08-13T08:29:10","modified_gmt":"2021-08-13T16:29:10","slug":"sincronizacion-de-calendarios-entre-colegas-2","status":"publish","type":"page","link":"https:\/\/cirahub.com\/fr\/sincronizacion-de-calendarios-entre-colegas-2\/","title":{"rendered":"Sincronizaci\u00f3n de calendarios entre colegas"},"content":{"rendered":"<p>[et_pb_section fb_built=\u00a0\u00bb1&Prime; module_class=\u00a0\u00bbpartner-qsg\u00a0\u00bb _builder_version=\u00a0\u00bb4.2.1&Prime;][et_pb_row column_structure=\u00a0\u00bb1_3,2_3&Prime; _builder_version=\u00a0\u00bb4.4.0&Prime;][et_pb_column type=\u00a0\u00bb1_3&Prime; _builder_version=\u00a0\u00bb4.2.1&Prime;][et_pb_sidebar area=\u00a0\u00bbet_pb_widget_area_1&Prime; _builder_version=\u00a0\u00bb4.9.4&Prime; body_font=\u00a0\u00bbPoppins||||||||\u00a0\u00bb hover_enabled=\u00a0\u00bb0&Prime; sticky_enabled=\u00a0\u00bb0&Prime;][\/et_pb_sidebar][\/et_pb_column][et_pb_column type=\u00a0\u00bb2_3&Prime; _builder_version=\u00a0\u00bb4.2.1&Prime;][et_pb_text _builder_version=\u00a0\u00bb4.4.0&Prime;]<\/p>\n<h2>Sincronizaci\u00f3n de calendarios entre colegas<\/h2>\n<p><strong>Agente principal: <\/strong><\/p>\n<p>Riley &#8211; Una directora de proyectos de la empresa de construcci\u00f3n RDA.<\/p>\n<p><strong>Agente secundario:<\/strong><\/p>\n<p>Equipo de gesti\u00f3n de proyectos de construcci\u00f3n<\/p>\n<p><strong>Problema:<\/strong><\/p>\n<p>Un equipo de RDA Construction recibe el encargo de gestionar las grandes reformas de la oficina principal de una empresa tecnol\u00f3gica multimillonaria. Este proyecto requiere una amplia colaboraci\u00f3n con el personal del cliente.<\/p>\n<p>Para poder entregar un trabajo de alta calidad a tiempo, el equipo de RDA Construction tiene que establecer plazos y puntos de referencia del proyecto y programar reuniones cr\u00edticas entre ellos y otros en cualquier momento.<\/p>\n<p><strong>Soluci\u00f3n: <\/strong><\/p>\n<p>Riley, la directora del proyecto, encuentra CiraHub, que es una soluci\u00f3n de sincronizaci\u00f3n bidireccional para contactos y calendarios que es f\u00e1cil de implementar, utilizar y gestionar. Riley crea un calendario Conector en CiraHub. CiraHub env\u00eda una invitaci\u00f3n por correo electr\u00f3nico al equipo de Riley para que participe en el Centro. Tras aceptar la invitaci\u00f3n, Riley finaliza la configuraci\u00f3n de los Conectores y activa la sincronizaci\u00f3n bidireccional.<\/p>\n<p>Como el Centro permite m\u00e1s de dos Conectores, los buzones adicionales tambi\u00e9n pueden participar en las actualizaciones del Centro.<\/p>\n<p>Con CiraHub completamente configurado, Riley y su equipo pueden gestionar de forma centralizada sus calendarios en Outlook y en sus tel\u00e9fonos inteligentes. Esto permite al equipo ver y programar las reuniones cr\u00edticas del equipo y los hitos del proyecto. <\/p>\n<p><a href=\"https:\/\/cirahub.com\/sync-contacts-colleagues\/\" class=\"next-post\">Art\u00edculo siguiente: Sincronizaci\u00f3n de contactos entre colegas<\/a>[\/et_pb_text][\/et_pb_column][\/et_pb_row][\/et_pb_section]<\/p>\n","protected":false},"excerpt":{"rendered":"<p>Sincronizaci\u00f3n de calendarios entre colegas Agente principal: Riley &#8211; Una directora de proyectos de la empresa de construcci\u00f3n RDA. Agente secundario: Equipo de gesti\u00f3n de proyectos de construcci\u00f3n Problema: Un equipo de RDA Construction recibe el encargo de gestionar las grandes reformas de la oficina principal de una empresa tecnol\u00f3gica multimillonaria. Este proyecto requiere una [&hellip;]<\/p>\n","protected":false},"author":3,"featured_media":0,"parent":0,"menu_order":0,"comment_status":"closed","ping_status":"closed","template":"","meta":{"_et_pb_use_builder":"on","_et_pb_old_content":"","_et_gb_content_width":"","footnotes":""},"class_list":["post-38053","page","type-page","status-publish","hentry"],"_links":{"self":[{"href":"https:\/\/cirahub.com\/fr\/wp-json\/wp\/v2\/pages\/38053","targetHints":{"allow":["GET"]}}],"collection":[{"href":"https:\/\/cirahub.com\/fr\/wp-json\/wp\/v2\/pages"}],"about":[{"href":"https:\/\/cirahub.com\/fr\/wp-json\/wp\/v2\/types\/page"}],"author":[{"embeddable":true,"href":"https:\/\/cirahub.com\/fr\/wp-json\/wp\/v2\/users\/3"}],"replies":[{"embeddable":true,"href":"https:\/\/cirahub.com\/fr\/wp-json\/wp\/v2\/comments?post=38053"}],"version-history":[{"count":2,"href":"https:\/\/cirahub.com\/fr\/wp-json\/wp\/v2\/pages\/38053\/revisions"}],"predecessor-version":[{"id":38057,"href":"https:\/\/cirahub.com\/fr\/wp-json\/wp\/v2\/pages\/38053\/revisions\/38057"}],"wp:attachment":[{"href":"https:\/\/cirahub.com\/fr\/wp-json\/wp\/v2\/media?parent=38053"}],"curies":[{"name":"wp","href":"https:\/\/api.w.org\/{rel}","templated":true}]}}