{"id":38047,"date":"2021-08-12T11:27:02","date_gmt":"2021-08-12T19:27:02","guid":{"rendered":"https:\/\/cirahub.com\/sincronizacion-de-contactos-entre-una-asistente-ejecutiva-y-un-director-general\/"},"modified":"2021-08-12T11:27:07","modified_gmt":"2021-08-12T19:27:07","slug":"sincronizacion-de-contactos-entre-una-asistente-ejecutiva-y-un-director-general-2","status":"publish","type":"page","link":"https:\/\/cirahub.com\/fr\/sincronizacion-de-contactos-entre-una-asistente-ejecutiva-y-un-director-general-2\/","title":{"rendered":"Sincronizaci\u00f3n de contactos entre una asistente ejecutiva y un director general"},"content":{"rendered":"<p>[et_pb_section fb_built=\u00a0\u00bb1&Prime; module_class=\u00a0\u00bbpartner-qsg\u00a0\u00bb _builder_version=\u00a0\u00bb4.2.1&Prime;][et_pb_row column_structure=\u00a0\u00bb1_3,2_3&Prime; _builder_version=\u00a0\u00bb4.4.0&Prime;][et_pb_column type=\u00a0\u00bb1_3&Prime; _builder_version=\u00a0\u00bb4.2.1&Prime;][et_pb_sidebar area=\u00a0\u00bbet_pb_widget_area_1&Prime; _builder_version=\u00a0\u00bb4.9.4&Prime; body_font=\u00a0\u00bbPoppins||||||||\u00a0\u00bb hover_enabled=\u00a0\u00bb0&Prime; sticky_enabled=\u00a0\u00bb0&Prime;][\/et_pb_sidebar][\/et_pb_column][et_pb_column type=\u00a0\u00bb2_3&Prime; _builder_version=\u00a0\u00bb4.2.1&Prime;][et_pb_text _builder_version=\u00a0\u00bb4.4.0&Prime;]<\/p>\n<h2>Sincronizaci\u00f3n de contactos entre un asistente ejecutivo y un director general<\/h2>\n<p><strong>Agente principal: <\/strong><\/p>\n<p>Alex- Asistente Ejecutiva de la Corporaci\u00f3n Acme.<\/p>\n<p><strong>Agente secundario: <\/strong><\/p>\n<p>CEO de Acme Corporation<\/p>\n<p><strong>Problema: <\/strong><\/p>\n<p>El director general necesita informaci\u00f3n actualizada de sus empleados, clientes y proveedores en todo momento. Alex es la asistente ejecutiva del director general de Acme Corporation y se encarga de gestionar esta informaci\u00f3n.<\/p>\n<p>Alex est\u00e1 frecuentemente fuera de la oficina, y es cuando necesita a\u00f1adir, eliminar o editar informaci\u00f3n de contacto. Sin embargo, no tiene los conocimientos inform\u00e1ticos ni la experiencia necesaria para implantar una soluci\u00f3n que permita actualizar la informaci\u00f3n directamente desde un tel\u00e9fono m\u00f3vil o una tableta. <\/p>\n<p><strong>Soluci\u00f3n: <\/strong><\/p>\n<p>Alex descubre entonces que CiraHub es una soluci\u00f3n que puede utilizarse para realizar una sincronizaci\u00f3n bidireccional de las carpetas de contactos. Alex configura el hub de contactos para que utilice una subcarpeta bajo su carpeta principal de contactos, de modo que la libreta de direcciones del director general no se mezcle con los contactos personales de Alex. Ella a\u00f1ade al director general como Conector y configura su libreta de direcciones para que se sincronice de forma bilateral con su buz\u00f3n de correo.<\/p>\n<p>CiraHub permite ahora a Alex gestionar la libreta de direcciones del director general en Outlook y en su tel\u00e9fono m\u00f3vil. Alex puede a\u00f1adir, eliminar y editar contactos en la libreta de direcciones en nombre del director general.<\/p>\n<p><a href=\"\/cirahub\/syncing-calendars-colleagues\/\" class=\"next-post\">Art\u00edculo siguiente: Sincronizaci\u00f3n de calendarios entre colegas<\/a>[\/et_pb_text][\/et_pb_column][\/et_pb_row][\/et_pb_section]<\/p>\n","protected":false},"excerpt":{"rendered":"<p>Sincronizaci\u00f3n de contactos entre un asistente ejecutivo y un director general Agente principal: Alex- Asistente Ejecutiva de la Corporaci\u00f3n Acme. Agente secundario: CEO de Acme Corporation Problema: El director general necesita informaci\u00f3n actualizada de sus empleados, clientes y proveedores en todo momento. Alex es la asistente ejecutiva del director general de Acme Corporation y se [&hellip;]<\/p>\n","protected":false},"author":3,"featured_media":0,"parent":0,"menu_order":0,"comment_status":"closed","ping_status":"closed","template":"","meta":{"_et_pb_use_builder":"on","_et_pb_old_content":"","_et_gb_content_width":"","footnotes":""},"class_list":["post-38047","page","type-page","status-publish","hentry"],"_links":{"self":[{"href":"https:\/\/cirahub.com\/fr\/wp-json\/wp\/v2\/pages\/38047","targetHints":{"allow":["GET"]}}],"collection":[{"href":"https:\/\/cirahub.com\/fr\/wp-json\/wp\/v2\/pages"}],"about":[{"href":"https:\/\/cirahub.com\/fr\/wp-json\/wp\/v2\/types\/page"}],"author":[{"embeddable":true,"href":"https:\/\/cirahub.com\/fr\/wp-json\/wp\/v2\/users\/3"}],"replies":[{"embeddable":true,"href":"https:\/\/cirahub.com\/fr\/wp-json\/wp\/v2\/comments?post=38047"}],"version-history":[{"count":2,"href":"https:\/\/cirahub.com\/fr\/wp-json\/wp\/v2\/pages\/38047\/revisions"}],"predecessor-version":[{"id":38052,"href":"https:\/\/cirahub.com\/fr\/wp-json\/wp\/v2\/pages\/38047\/revisions\/38052"}],"wp:attachment":[{"href":"https:\/\/cirahub.com\/fr\/wp-json\/wp\/v2\/media?parent=38047"}],"curies":[{"name":"wp","href":"https:\/\/api.w.org\/{rel}","templated":true}]}}