{"id":47498,"date":"2023-04-13T10:36:52","date_gmt":"2023-04-13T18:36:52","guid":{"rendered":"https:\/\/cirahub.com\/sincronizacion-multidireccional-de-google-calendar\/"},"modified":"2023-04-13T10:36:58","modified_gmt":"2023-04-13T18:36:58","slug":"sincronizacion-multidireccional-de-google-calendar","status":"publish","type":"page","link":"https:\/\/cirahub.com\/es\/sincronizacion-multidireccional-de-google-calendar\/","title":{"rendered":"Sincronizaci\u00f3n multidireccional de Google Calendar"},"content":{"rendered":"<p>[et_pb_section fb_built=\u00bb1&#8243; _builder_version=\u00bb4.17.4&#8243; _module_preset=\u00bbdefault\u00bb background_color=\u00bb#009aed\u00bb custom_padding=\u00bb||3px|||\u00bb global_colors_info=\u00bb{}\u00bb][et_pb_row _builder_version=\u00bb4.17.4&#8243; _module_preset=\u00bbdefault\u00bb custom_padding=\u00bb||0px|||\u00bb global_colors_info=\u00bb{}\u00bb][et_pb_column type=\u00bb4_4&#8243; _builder_version=\u00bb4.17.4&#8243; _module_preset=\u00bbdefault\u00bb global_colors_info=\u00bb{}\u00bb][et_pb_text _builder_version=\u00bb4.19.4&#8243; _module_preset=\u00bbdefault\u00bb text_font_size=\u00bb12px\u00bb header_6_font=\u00bbOpen Sans||||||||\u00bb text_orientation=\u00bbcenter\u00bb background_layout=\u00bbdark\u00bb custom_padding=\u00bb||0px|||\u00bb global_colors_info=\u00bb{}\u00bb]<\/p>\n<h1>Sincronizaci\u00f3n multidireccional de Google Calendar<\/h1>\n<h6>Sincronice Google Calendar con m\u00faltiples opciones<\/h6>\n<p>[\/et_pb_text][et_pb_button button_url=\u00bbhttps:\/\/cirahub.com\/es\/contacto\/\u00bb button_text=\u00bbMant\u00e9ngase sincronizado\u00bb button_alignment=\u00bbcenter\u00bb module_class=\u00bbwhite-button\u00bb _builder_version=\u00bb4.17.4&#8243; _module_preset=\u00bbdefault\u00bb custom_button=\u00bbon\u00bb button_bg_color=\u00bb#29c4a9&#8243; button_border_color=\u00bbrgba(0,0,0,0)\u00bb button_use_icon=\u00bboff\u00bb background_layout=\u00bbdark\u00bb custom_margin=\u00bb1em||5em||false|false\u00bb custom_padding=\u00bb|30px||30px||true\u00bb box_shadow_style=\u00bbpreset3&#8243; box_shadow_vertical=\u00bb30px\u00bb box_shadow_blur=\u00bb40px\u00bb box_shadow_spread=\u00bb-16px\u00bb box_shadow_color=\u00bbrgba(28,165,255,0.24)\u00bb locked=\u00bboff\u00bb global_colors_info=\u00bb{}\u00bb][\/et_pb_button][\/et_pb_column][\/et_pb_row][\/et_pb_section][et_pb_section fb_built=\u00bb1&#8243; _builder_version=\u00bb4.17.4&#8243; _module_preset=\u00bbdefault\u00bb custom_padding=\u00bb||0px||false|false\u00bb global_colors_info=\u00bb{}\u00bb][et_pb_row column_structure=\u00bb1_4,1_4,1_4,1_4&#8243; _builder_version=\u00bb4.17.4&#8243; _module_preset=\u00bbdefault\u00bb max_width=\u00bb1200px\u00bb locked=\u00bboff\u00bb global_colors_info=\u00bb{}\u00bb][et_pb_column type=\u00bb1_4&#8243; _builder_version=\u00bb4.16&#8243; _module_preset=\u00bbdefault\u00bb global_colors_info=\u00bb{}\u00bb][et_pb_blurb title=\u00bbEscale a medida que crece\u00bb image=\u00bb\/wp-content\/uploads\/2020\/09\/infinity-sync.svg\u00bb _builder_version=\u00bb4.16&#8243; _module_preset=\u00bbdefault\u00bb header_text_align=\u00bbcenter\u00bb text_orientation=\u00bbcenter\u00bb global_colors_info=\u00bb{}\u00bb]<\/p>\n<p>Sincronice autom\u00e1ticamente un n\u00famero ilimitado de contactos y calendarios compartidos en Office 365, servidores Exchange locales y carpetas p\u00fablicas.<\/p>\n<p>[\/et_pb_blurb][\/et_pb_column][et_pb_column type=\u00bb1_4&#8243; _builder_version=\u00bb4.16&#8243; _module_preset=\u00bbdefault\u00bb global_colors_info=\u00bb{}\u00bb][et_pb_blurb title=\u00bbPotencie su CRM\u00bb image=\u00bb\/wp-content\/uploads\/2020\/09\/Native-Salesforce-integration.svg\u00bb _builder_version=\u00bb4.16&#8243; _module_preset=\u00bbdefault\u00bb header_text_align=\u00bbcenter\u00bb text_orientation=\u00bbcenter\u00bb global_colors_info=\u00bb{}\u00bb]<\/p>\n<p><span>Sincronice Salesforce, HubSpot, ActiveCampaign y m\u00e1s. Transfiera, duplique y comparta los contactos de sus clientes en todos los dispositivos de los empleados.<\/span><\/p>\n<p>[\/et_pb_blurb][\/et_pb_column][et_pb_column type=\u00bb1_4&#8243; _builder_version=\u00bb4.16&#8243; _module_preset=\u00bbdefault\u00bb global_colors_info=\u00bb{}\u00bb][et_pb_blurb title=\u00bbGesti\u00f3n centralizada\u00bb image=\u00bb\/wp-content\/uploads\/2020\/09\/cirahub-dashboard.svg\u00bb _builder_version=\u00bb4.16&#8243; _module_preset=\u00bbdefault\u00bb header_text_align=\u00bbcenter\u00bb text_orientation=\u00bbcenter\u00bb global_colors_info=\u00bb{}\u00bb]<\/p>\n<p>Una interfaz de usuario limpia e intuitiva dise\u00f1ada para facilitar la configuraci\u00f3n a usuarios con y sin conocimientos o experiencia en inform\u00e1tica.<\/p>\n<p>[\/et_pb_blurb][\/et_pb_column][et_pb_column type=\u00bb1_4&#8243; _builder_version=\u00bb4.16&#8243; _module_preset=\u00bbdefault\u00bb global_colors_info=\u00bb{}\u00bb][et_pb_blurb title=\u00bbGestione su libreta de direcciones sobre la marcha\u00bb image=\u00bb\/wp-content\/uploads\/2020\/09\/two-way-sync.svg\u00bb _builder_version=\u00bb4.16&#8243; _module_preset=\u00bbdefault\u00bb header_text_align=\u00bbcenter\u00bb text_orientation=\u00bbcenter\u00bb custom_margin=\u00bb|-19px||||\u00bb custom_padding=\u00bb|0px||||\u00bb global_colors_info=\u00bb{}\u00bb]<\/p>\n<p style=\"text-align: center;\">La sincronizaci\u00f3n bidireccional permite gestionar f\u00e1cilmente los contactos y calendarios en el puesto de trabajo y en los dispositivos m\u00f3viles.<\/p>\n<p>[\/et_pb_blurb][\/et_pb_column][\/et_pb_row][\/et_pb_section][et_pb_section fb_built=\u00bb1&#8243; _builder_version=\u00bb4.17.4&#8243; _module_preset=\u00bbdefault\u00bb custom_padding=\u00bb||||false|false\u00bb global_colors_info=\u00bb{}\u00bb][et_pb_row _builder_version=\u00bb4.17.4&#8243; _module_preset=\u00bbdefault\u00bb custom_padding=\u00bb||15px|||\u00bb global_colors_info=\u00bb{}\u00bb][et_pb_column type=\u00bb4_4&#8243; _builder_version=\u00bb4.17.4&#8243; _module_preset=\u00bbdefault\u00bb global_colors_info=\u00bb{}\u00bb][et_pb_text admin_label=\u00bbTitle\u00bb _builder_version=\u00bb4.19.4&#8243; _module_preset=\u00bbdefault\u00bb text_orientation=\u00bbcenter\u00bb global_colors_info=\u00bb{}\u00bb]<\/p>\n<h4>Sincronice Google Calendar con cualquiera de las siguientes opciones:<\/h4>\n<p>[\/et_pb_text][\/et_pb_column][\/et_pb_row][et_pb_row column_structure=\u00bb1_3,1_3,1_3&#8243; admin_label=\u00bbSincronizar elementos\u00bb _builder_version=\u00bb4.19.4&#8243; _module_preset=\u00bbdefault\u00bb saved_tabs=\u00bball\u00bb locked=\u00bboff\u00bb global_colors_info=\u00bb{}\u00bb][et_pb_column type=\u00bb1_3&#8243; _builder_version=\u00bb4.17.4&#8243; _module_preset=\u00bbdefault\u00bb global_colors_info=\u00bb{}\u00bb][et_pb_blurb title=\u00bbGoogle Calendar\u00bb url=\u00bbhttps:\/\/cirahub.com\/support\/how-to-sync-multiple-google-calendars-together\/\u00bb image=\u00bb\/wp-content\/uploads\/2023\/01\/GoogleCalendar.svg\u00bb icon_placement=\u00bbleft\u00bb admin_label=\u00bbGoogle Calendar\u00bb module_class=\u00bbsync-module\u00bb _builder_version=\u00bb4.19.4&#8243; _module_preset=\u00bbdefault\u00bb image_icon_custom_margin=\u00bb||||false|false\u00bb image_icon_custom_padding=\u00bb||||false|false\u00bb custom_padding=\u00bb1em|1em|1em|1em|false|false\u00bb link_option_url=\u00bbhttps:\/\/cirahub.com\/es\/soporte\/como-habilitar-la-sincronizacion-bidireccional-del-calendario-entre-un-calendario-de-google-y-las-carpetas-publicas\/\u00bb border_radii=\u00bbon|6px|6px|6px|6px\u00bb box_shadow_style=\u00bbpreset3&#8243; box_shadow_vertical=\u00bb6px\u00bb box_shadow_color=\u00bbrgba(0,0,0,0.15)\u00bb global_colors_info=\u00bb{}\u00bb box_shadow_blur__hover_enabled=\u00bboff|desktop\u00bb box_shadow_blur__hover=\u00bb30px\u00bb box_shadow_vertical__hover_enabled=\u00bbon|desktop\u00bb box_shadow_vertical__hover=\u00bb20px\u00bb][\/et_pb_blurb][et_pb_blurb title=\u00bbCalendario del buz\u00f3n de Exchange Server\u00bb url=\u00bbhttps:\/\/cirahub.com\/support\/how-to-enable-calendar-sync-between-a-google-calendar-and-exchange-server-user-mailbox\/\u00bb image=\u00bb\/wp-content\/uploads\/2023\/01\/exchange-mailbox-calendar.svg\u00bb icon_placement=\u00bbleft\u00bb admin_label=\u00bbExchange Mailbox Calendar\u00bb module_class=\u00bbsync-module\u00bb _builder_version=\u00bb4.19.4&#8243; _module_preset=\u00bbdefault\u00bb image_icon_custom_margin=\u00bb||||false|false\u00bb image_icon_custom_padding=\u00bb||||false|false\u00bb custom_padding=\u00bb1em|1em|1em|1em|false|false\u00bb link_option_url=\u00bbhttps:\/\/cirahub.com\/support\/how-to-enable-calendar-sync-between-an-exchange-and-public-folder\/\u00bb border_radii=\u00bbon|6px|6px|6px|6px\u00bb box_shadow_style=\u00bbpreset3&#8243; box_shadow_vertical=\u00bb6px\u00bb box_shadow_color=\u00bbrgba(0,0,0,0.15)\u00bb global_colors_info=\u00bb{}\u00bb box_shadow_blur__hover_enabled=\u00bboff|desktop\u00bb box_shadow_blur__hover=\u00bb30px\u00bb box_shadow_vertical__hover_enabled=\u00bbon|desktop\u00bb box_shadow_vertical__hover=\u00bb20px\u00bb][\/et_pb_blurb][\/et_pb_column][et_pb_column type=\u00bb1_3&#8243; _builder_version=\u00bb4.17.4&#8243; _module_preset=\u00bbdefault\u00bb global_colors_info=\u00bb{}\u00bb][et_pb_blurb title=\u00bbCalendario del buz\u00f3n de Office365&#8243; url=\u00bbhttps:\/\/cirahub.com\/es\/soporte\/como-habilitar-la-sincronizacion-bidireccional-del-calendario-entre-los-buzones-de-usuario-de-google-y-office-365\/\u00bb url_new_window=\u00bbon\u00bb image=\u00bb\/wp-content\/uploads\/2022\/07\/O365-mailbox.svg\u00bb icon_placement=\u00bbleft\u00bb admin_label=\u00bbO365 Mailbox Calendar\u00bb module_class=\u00bbsync-module\u00bb _builder_version=\u00bb4.19.4&#8243; _module_preset=\u00bbdefault\u00bb image_icon_custom_margin=\u00bb||||false|false\u00bb image_icon_custom_padding=\u00bb||||false|false\u00bb custom_padding=\u00bb1em|1em|1em|1em|false|false\u00bb link_option_url=\u00bbhttps:\/\/cirahub.com\/es\/soporte\/como-sincronizar-bidireccionalmente-el-calendario-de-office-365-con-las-carpetas-publicas-y-los-buzones-de-los-usuarios\/\u00bb link_option_url_new_window=\u00bbon\u00bb border_radii=\u00bbon|6px|6px|6px|6px\u00bb box_shadow_style=\u00bbpreset3&#8243; box_shadow_vertical=\u00bb6px\u00bb box_shadow_color=\u00bbrgba(0,0,0,0.15)\u00bb global_colors_info=\u00bb{}\u00bb box_shadow_blur__hover_enabled=\u00bboff|desktop\u00bb box_shadow_blur__hover=\u00bb30px\u00bb box_shadow_vertical__hover_enabled=\u00bbon|desktop\u00bb box_shadow_vertical__hover=\u00bb20px\u00bb][\/et_pb_blurb][et_pb_blurb title=\u00bbCalendario de carpetas p\u00fablicas de Exchange Server\u00bb url=\u00bbhttps:\/\/cirahub.com\/support\/calendar-sync-between-google-and-an-exchange-server-public-folder\/\u00bb image=\u00bb\/wp-content\/uploads\/2023\/01\/exchange-pf-calendar.svg\u00bb icon_placement=\u00bbleft\u00bb admin_label=\u00bbExchange Public Folder Calendar\u00bb module_class=\u00bbsync-module\u00bb _builder_version=\u00bb4.19.4&#8243; _module_preset=\u00bbdefault\u00bb image_icon_custom_margin=\u00bb||||false|false\u00bb image_icon_custom_padding=\u00bb||||false|false\u00bb custom_padding=\u00bb1em|1em|1em|1em|false|false\u00bb link_option_url=\u00bbhttps:\/\/cirahub.com\/support\/how-to-sync-a-exchange-server-with-a-public-folder\/\u00bb border_radii=\u00bbon|6px|6px|6px|6px\u00bb box_shadow_style=\u00bbpreset3&#8243; box_shadow_vertical=\u00bb6px\u00bb box_shadow_color=\u00bbrgba(0,0,0,0.15)\u00bb global_colors_info=\u00bb{}\u00bb box_shadow_blur__hover_enabled=\u00bboff|desktop\u00bb box_shadow_blur__hover=\u00bb30px\u00bb box_shadow_vertical__hover_enabled=\u00bbon|desktop\u00bb box_shadow_vertical__hover=\u00bb20px\u00bb][\/et_pb_blurb][\/et_pb_column][et_pb_column type=\u00bb1_3&#8243; _builder_version=\u00bb4.17.4&#8243; _module_preset=\u00bbdefault\u00bb global_colors_info=\u00bb{}\u00bb][et_pb_blurb title=\u00bbCalendario de carpetas p\u00fablica de Office365&#8243; url=\u00bbhttps:\/\/cirahub.com\/es\/soporte\/como-habilitar-la-sincronizacion-bidireccional-del-calendario-entre-un-calendario-de-google-y-las-carpetas-publicas\/\u00bb image=\u00bb\/wp-content\/uploads\/2022\/07\/O365-pf.svg\u00bb icon_placement=\u00bbleft\u00bb admin_label=\u00bbO365 Public Folder Calendar\u00bb module_class=\u00bbsync-module\u00bb _builder_version=\u00bb4.19.4&#8243; _module_preset=\u00bbdefault\u00bb image_icon_custom_margin=\u00bb||||false|false\u00bb image_icon_custom_padding=\u00bb||||false|false\u00bb custom_padding=\u00bb1em|1em|1em|1em|false|false\u00bb link_option_url=\u00bbhttps:\/\/cirahub.com\/es\/soporte\/como-activar-la-sincronizacion-bidireccional-del-calendario-entre-carpetas-publicas\/\u00bb border_radii=\u00bbon|6px|6px|6px|6px\u00bb box_shadow_style=\u00bbpreset3&#8243; box_shadow_vertical=\u00bb6px\u00bb box_shadow_color=\u00bbrgba(0,0,0,0.15)\u00bb global_colors_info=\u00bb{}\u00bb box_shadow_blur__hover_enabled=\u00bboff|desktop\u00bb box_shadow_blur__hover=\u00bb30px\u00bb box_shadow_vertical__hover_enabled=\u00bbon|desktop\u00bb box_shadow_vertical__hover=\u00bb20px\u00bb][\/et_pb_blurb][et_pb_blurb title=\u00bbCalendario iCal\u00bb url=\u00bbhttps:\/\/cirahub.com\/es\/soporte\/como-sincronizar-los-calendarios-de-google-y-icalendars\/\u00bb image=\u00bb\/wp-content\/uploads\/2023\/01\/iCal.svg\u00bb icon_placement=\u00bbleft\u00bb admin_label=\u00bbiCal calendar\u00bb module_class=\u00bbsync-module\u00bb _builder_version=\u00bb4.19.4&#8243; _module_preset=\u00bbdefault\u00bb image_icon_custom_margin=\u00bb||||false|false\u00bb image_icon_custom_padding=\u00bb||||false|false\u00bb custom_padding=\u00bb1em|1em|1em|1em|false|false\u00bb link_option_url=\u00bbhttps:\/\/cirahub.com\/es\/soporte\/como-sincronizar-un-ical-con-un-calendario-de-carpeta-publica-de-office-365\/\u00bb border_radii=\u00bbon|6px|6px|6px|6px\u00bb box_shadow_style=\u00bbpreset3&#8243; box_shadow_vertical=\u00bb6px\u00bb box_shadow_color=\u00bbrgba(0,0,0,0.15)\u00bb global_colors_info=\u00bb{}\u00bb box_shadow_blur__hover_enabled=\u00bboff|desktop\u00bb box_shadow_blur__hover=\u00bb30px\u00bb box_shadow_vertical__hover_enabled=\u00bbon|desktop\u00bb box_shadow_vertical__hover=\u00bb20px\u00bb][\/et_pb_blurb][\/et_pb_column][\/et_pb_row][\/et_pb_section]<\/p>\n","protected":false},"excerpt":{"rendered":"<p>Sincronizaci\u00f3n multidireccional de Google Calendar Sincronice Google Calendar con m\u00faltiples opcionesSincronice autom\u00e1ticamente un n\u00famero ilimitado de contactos y calendarios compartidos en Office 365, servidores Exchange locales y carpetas p\u00fablicas.Sincronice Salesforce, HubSpot, ActiveCampaign y m\u00e1s. Transfiera, duplique y comparta los contactos de sus clientes en todos los dispositivos de los empleados.Una interfaz de usuario limpia e [&hellip;]<\/p>\n","protected":false},"author":2,"featured_media":0,"parent":0,"menu_order":0,"comment_status":"closed","ping_status":"closed","template":"","meta":{"_et_pb_use_builder":"on","_et_pb_old_content":"","_et_gb_content_width":"","footnotes":""},"class_list":["post-47498","page","type-page","status-publish","hentry"],"_links":{"self":[{"href":"https:\/\/cirahub.com\/es\/wp-json\/wp\/v2\/pages\/47498","targetHints":{"allow":["GET"]}}],"collection":[{"href":"https:\/\/cirahub.com\/es\/wp-json\/wp\/v2\/pages"}],"about":[{"href":"https:\/\/cirahub.com\/es\/wp-json\/wp\/v2\/types\/page"}],"author":[{"embeddable":true,"href":"https:\/\/cirahub.com\/es\/wp-json\/wp\/v2\/users\/2"}],"replies":[{"embeddable":true,"href":"https:\/\/cirahub.com\/es\/wp-json\/wp\/v2\/comments?post=47498"}],"version-history":[{"count":2,"href":"https:\/\/cirahub.com\/es\/wp-json\/wp\/v2\/pages\/47498\/revisions"}],"predecessor-version":[{"id":47500,"href":"https:\/\/cirahub.com\/es\/wp-json\/wp\/v2\/pages\/47498\/revisions\/47500"}],"wp:attachment":[{"href":"https:\/\/cirahub.com\/es\/wp-json\/wp\/v2\/media?parent=47498"}],"curies":[{"name":"wp","href":"https:\/\/api.w.org\/{rel}","templated":true}]}}