{"id":38105,"date":"2021-08-27T12:46:26","date_gmt":"2021-08-27T20:46:26","guid":{"rendered":"https:\/\/cirahub.com\/seguridad-en-cira-apps\/"},"modified":"2023-04-17T07:51:05","modified_gmt":"2023-04-17T15:51:05","slug":"seguridad-en-cira-apps","status":"publish","type":"page","link":"https:\/\/cirahub.com\/es\/seguridad-en-cira-apps\/","title":{"rendered":"Seguridad en CiraHub"},"content":{"rendered":"<p>[et_pb_section fb_built=\u00bb1&#8243; module_class=\u00bbhero\u00bb _builder_version=\u00bb4.16&#8243; background_color=\u00bb#f3fbff\u00bb custom_padding=\u00bb30px|0px|0|0px|false|false\u00bb global_colors_info=\u00bb{}\u00bb][et_pb_row column_structure=\u00bb2_5,3_5&#8243; module_class=\u00bbno-marg-mobile\u00bb _builder_version=\u00bb4.16&#8243; custom_padding=\u00bb||0px|||\u00bb global_colors_info=\u00bb{}\u00bb][et_pb_column type=\u00bb2_5&#8243; _builder_version=\u00bb4.16&#8243; custom_padding=\u00bb||0px|\u00bb global_colors_info=\u00bb{}\u00bb custom_padding__hover=\u00bb|||\u00bb][et_pb_text _builder_version=\u00bb4.16&#8243; header_font_size=\u00bb51px\u00bb text_orientation=\u00bbcenter\u00bb global_colors_info=\u00bb{}\u00bb]<\/p>\n<h1 style=\"text-align: left;\"><span class=\"ez-toc-section\" id=\"Seguridad_de_los_datos_de_Cira_Apps\"><\/span>Seguridad de los datos de Cira Apps<span class=\"ez-toc-section-end\"><\/span><\/h1>\n<p style=\"text-align: left;\">Vea el v\u00eddeo para conocer la arquitectura de flujo de datos de Cira Apps<\/p>\n<p>[\/et_pb_text][\/et_pb_column][et_pb_column type=\u00bb3_5&#8243; _builder_version=\u00bb4.16&#8243; custom_padding=\u00bb||0px|\u00bb global_colors_info=\u00bb{}\u00bb custom_padding__hover=\u00bb|||\u00bb][et_pb_code _builder_version=\u00bb4.16&#8243; custom_css_main_element=\u00bbwidth:100%\u00bb global_colors_info=\u00bb{}\u00bb]<iframe src=\"https:\/\/player.vimeo.com\/video\/364407098?color=ffffff&amp;title=0&amp;byline=0&amp;portrait=0\" frameborder=\"0\" allowfullscreen=\"allowfullscreen\"><\/iframe>[\/et_pb_code][\/et_pb_column][\/et_pb_row][\/et_pb_section][et_pb_section fb_built=\u00bb1&#8243; _builder_version=\u00bb4.16&#8243; background_enable_color=\u00bboff\u00bb custom_padding=\u00bb||0px||false|false\u00bb global_colors_info=\u00bb{}\u00bb][et_pb_row column_structure=\u00bb1_2,1_2&#8243; _builder_version=\u00bb4.16&#8243; global_colors_info=\u00bb{}\u00bb][et_pb_column type=\u00bb1_2&#8243; _builder_version=\u00bb4.16&#8243; global_colors_info=\u00bb{}\u00bb][et_pb_text module_class=\u00bbvideo-title\u00bb _builder_version=\u00bb4.16&#8243; global_colors_info=\u00bb{}\u00bb]Informe<br \/>\n[\/et_pb_text][et_pb_text _builder_version=\u00bb4.16&#8243; global_colors_info=\u00bb{}\u00bb]<\/p>\n<h2><span class=\"ez-toc-section\" id=\"Seguridad_de_los_datos_del_usuario_de_Cira_Apps\"><\/span>Seguridad de los datos del usuario de Cira Apps<span class=\"ez-toc-section-end\"><\/span><\/h2>\n<p>Cira Apps Ltd. se toma muy en serio la seguridad de los datos de los usuarios y ha tomado m\u00faltiples medidas para garantizar que los datos de los usuarios se mantienen seguros y cumplen con todas las leyes de seguridad de datos existentes.<\/p>\n<p>Este informe incluye los siguientes temas de seguridad:<\/p>\n<ul>\n<li>Integraci\u00f3n de CiraSync con Microsoft Azure y la Red de Consentimiento Azure.<\/li>\n<li>C\u00f3mo fluyen los datos de los usuarios a trav\u00e9s de CiraSync.<\/li>\n<li>Pol\u00edticas de privacidad de datos de Cira Apps.<\/li>\n<li>Pol\u00edticas de privacidad de datos de Cira Apps.<\/li>\n<\/ul>\n<p>[\/et_pb_text][et_pb_button button_url=\u00bbhttps:\/\/cirasync.com\/wp-content\/uploads\/2019\/10\/CiraSync-Data-Security-White-Paper.pdf\u00bb url_new_window=\u00bbon\u00bb button_text=\u00bbDescargar informe.\u00bb module_class=\u00bbblue-primary\u00bb _builder_version=\u00bb4.16&#8243; global_colors_info=\u00bb{}\u00bb][\/et_pb_button][\/et_pb_column][et_pb_column type=\u00bb1_2&#8243; _builder_version=\u00bb4.16&#8243; global_colors_info=\u00bb{}\u00bb][et_pb_image src=\u00bbhttps:\/\/cirasync.com\/wp-content\/uploads\/2020\/02\/Updated_white-paper-cover.svg\u00bb url=\u00bbhttps:\/\/cirasync.com\/wp-content\/uploads\/2019\/10\/CiraSync-Data-Security-White-Paper.pdf\u00bb url_new_window=\u00bbon\u00bb align=\u00bbcenter\u00bb _builder_version=\u00bb4.16&#8243; custom_css_main_element=\u00bbmax-width:300px;\u00bb animation=\u00bboff\u00bb global_colors_info=\u00bb{}\u00bb][\/et_pb_image][\/et_pb_column][\/et_pb_row][\/et_pb_section][et_pb_section fb_built=\u00bb1&#8243; admin_label=\u00bbFeatures\u00bb module_id=\u00bbsfaq\u00bb _builder_version=\u00bb4.16&#8243; background_enable_color=\u00bboff\u00bb custom_padding=\u00bb100px||||false|false\u00bb locked=\u00bboff\u00bb global_colors_info=\u00bb{}\u00bb][et_pb_row column_structure=\u00bb1_3,2_3&#8243; module_id=\u00bbsec\u00bb _builder_version=\u00bb4.16&#8243; global_colors_info=\u00bb{}\u00bb][et_pb_column type=\u00bb1_3&#8243; _builder_version=\u00bb4.16&#8243; custom_padding=\u00bb|||\u00bb global_colors_info=\u00bb{}\u00bb custom_padding__hover=\u00bb|||\u00bb][et_pb_text _builder_version=\u00bb4.19.4&#8243; text_font=\u00bbLato||||||||\u00bb text_line_height=\u00bb1.8em\u00bb header_font=\u00bbPoppins||||||||\u00bb header_font_size=\u00bb35px\u00bb header_line_height=\u00bb1.2em\u00bb custom_margin_tablet=\u00bb||30px|\u00bb custom_margin_phone=\u00bb\u00bb custom_margin_last_edited=\u00bbon|tablet\u00bb custom_padding=\u00bb||0px|||\u00bb text_font_size_tablet=\u00bb24px\u00bb text_font_size_phone=\u00bb16px\u00bb text_font_size_last_edited=\u00bbon|phone\u00bb header_font_size_tablet=\u00bb50px\u00bb header_font_size_phone=\u00bb32px\u00bb header_font_size_last_edited=\u00bbon|phone\u00bb global_colors_info=\u00bb{}\u00bb]<\/p>\n<h1><span class=\"ez-toc-section\" id=\"Preguntas_frecuentes_sobre_seguridad\"><\/span>Preguntas frecuentes sobre seguridad<span class=\"ez-toc-section-end\"><\/span><\/h1>\n<p>Esta secci\u00f3n de preguntas frecuentes ofrece respuestas r\u00e1pidas sobre c\u00f3mo Cira Apps Ltd. maneja los datos de sus clientes y aborda las preocupaciones sobre la seguridad de los datos. Para obtener respuestas a preguntas t\u00e9cnicas, consulte la <a href=\"https:\/\/cirahub.com\/es\/centro-de-soporte-de-cirahub\/\">P\u00e1gina de soporte.<\/a><\/p>\n<p>[\/et_pb_text][\/et_pb_column][et_pb_column type=\u00bb2_3&#8243; _builder_version=\u00bb4.16&#8243; custom_padding=\u00bb|||\u00bb global_colors_info=\u00bb{}\u00bb custom_padding__hover=\u00bb|||\u00bb][et_pb_accordion _builder_version=\u00bb4.19.4&#8243; global_colors_info=\u00bb{}\u00bb][et_pb_accordion_item title=\u00bb\u00bfC\u00f3mo maneja Cira Apps la seguridad de los datos? \u00bb open=\u00bbon\u00bb _builder_version=\u00bb4.19.4&#8243; global_colors_info=\u00bb{}\u00bb]<\/p>\n<p><span class=\"TextRun SCXW246632969 BCX0\" lang=\"EN-US\" xml:lang=\"EN-US\" data-contrast=\"auto\"><span class=\"NormalTextRun SCXW246632969 BCX0\">Como empresa SaaS, Cira Apps se integra<\/span><\/span><span class=\"TextRun SCXW246632969 BCX0\" lang=\"EN-US\" xml:lang=\"EN-US\" data-contrast=\"auto\"><span class=\"NormalTextRun CommentStart SCXW246632969 BCX0\">con Microsoft Azure<\/span><\/span><span class=\"TextRun SCXW246632969 BCX0\" lang=\"EN-US\" xml:lang=\"EN-US\" data-contrast=\"auto\"><span class=\"NormalTextRun SCXW246632969 BCX0\">utilizando<\/span><\/span><span class=\"TextRun SCXW246632969 BCX0\" lang=\"EN-US\" xml:lang=\"EN-US\" data-contrast=\"auto\"><span class=\"NormalTextRun SCXW246632969 BCX0\"> el <\/span><\/span><span class=\"TextRun SCXW246632969 BCX0\" lang=\"EN-US\" xml:lang=\"EN-US\" data-contrast=\"auto\"><span class=\"NormalTextRun SCXW246632969 BCX0\">marco de consentimiento Azure.<\/span><\/span><span class=\"TextRun SCXW246632969 BCX0\" lang=\"EN-US\" xml:lang=\"EN-US\" data-contrast=\"auto\"><span class=\"NormalTextRun SCXW246632969 BCX0\">.<\/span><\/span><span class=\"TextRun SCXW246632969 BCX0\" lang=\"EN-US\" xml:lang=\"EN-US\" data-contrast=\"auto\"><span class=\"NormalTextRun SCXW246632969 BCX0\"> Si es un suscriptor, sus datos se mantienen dentro de la nube de Microsoft. <\/span><\/span><span class=\"TextRun SCXW246632969 BCX0\" lang=\"EN-US\" xml:lang=\"EN-US\" data-contrast=\"auto\"><span class=\"NormalTextRun SCXW246632969 BCX0\">Lea lo siguiente para obtener m\u00e1s detalles sobre c\u00f3mo manejamos los datos de los usuarios y c\u00f3mo los mantenemos seguros: <\/span><\/span><\/p>\n<ul>\n<li><a class=\"Hyperlink SCXW246632969 BCX0\" href=\"https:\/\/cirasync.com\/support\/it-management\/how-we-handle-your-security\/\" target=\"_blank\" rel=\"noopener noreferrer\"><span class=\"TextRun Underlined SCXW246632969 BCX0\" lang=\"EN-US\" xml:lang=\"EN-US\" data-contrast=\"none\"><span class=\"NormalTextRun SCXW246632969 BCX0\">Seguridad SaaS: C\u00f3mo mantenemos los datos de los suscriptores a salvo y seguros<\/span><\/span><\/a><span class=\"TextRun SCXW246632969 BCX0\" lang=\"EN-US\" xml:lang=\"EN-US\" data-contrast=\"auto\"><span class=\"NormalTextRun SCXW246632969 BCX0\"> <\/span><\/span><\/li>\n<li><a class=\"Hyperlink SCXW246632969 BCX0\" href=\"https:\/\/cirahub.com\/es\/politica-de-privacidad-de-datos-cirahub\/\" target=\"_blank\" rel=\"noopener noreferrer\"><span class=\"TextRun Underlined SCXW246632969 BCX0\" lang=\"EN-US\" xml:lang=\"EN-US\" data-contrast=\"none\"><span class=\"NormalTextRun SCXW246632969 BCX0\">de Cira Apps Ltd.<\/span><\/span><\/a><span class=\"TextRun SCXW246632969 BCX0\" lang=\"EN-US\" xml:lang=\"EN-US\" data-contrast=\"auto\"><span class=\"NormalTextRun SCXW246632969 BCX0\"> <\/span><\/span><\/li>\n<\/ul>\n<p>[\/et_pb_accordion_item][et_pb_accordion_item title=\u00bbNo me siento seguro a la hora de conceder a Cira Apps Ltd. el acceso a mi cuenta de Administrador Global. \u00bb _builder_version=\u00bb4.19.4&#8243; global_colors_info=\u00bb{}\u00bb open=\u00bboff\u00bb]<\/p>\n<p><span data-contrast=\"auto\">Entendemos las preocupaciones sobre la concesi\u00f3n de acceso de Administrador Global a un tercero proveedor SaaS Hay dos llamadas clave a la API <\/span><span data-contrast=\"auto\">que Cira Apps<\/span><span data-contrast=\"auto\"> requiere. Microsoft no permite el uso de las API a trav\u00e9s del proceso de consentimiento a menos que se utilice un Administrador Global. Una vez que inicie sesi\u00f3n en el <\/span><span data-contrast=\"auto\">que Cira Apps<\/span><span data-contrast=\"auto\"> con la cuenta de servicio y conceda el consentimiento, podr\u00e1 degradar la cuenta de servicio. Consulte <\/span><a href=\"https:\/\/cirasync.com\/support\/it-management\/secure-cirasync-service-account\/\">C\u00f3mo asegurar la cuenta de servicio CiraSync para obtener<\/a> <span data-contrast=\"none\">m\u00e1s detalles.<\/span><span data-ccp-props=\"{\"201341983\":0,\"335559739\":160,\"335559740\":259}\"> <\/span><\/p>\n<p><span data-contrast=\"auto\">Nuestra infraestructura SaaS requiere acceso a los contactos, el calendario y las notas. Como Cira Apps utiliza el modelo de consentimiento Azure, nunca se transmiten contrase\u00f1as a Cira Apps. Se emite una se\u00f1al cuando un administrador global de Office 365 otorga el consentimiento a Cira Apps. No es posible utilizar esta ficha o se\u00f1al para ninguna otra aplicaci\u00f3n. Los datos de los suscriptores se mantienen en la nube de Microsoft. M\u00e1s detalles aqu\u00ed:<a title=\"C\u00f3mo gestionamos su seguridad \" href=\"\/support\/how-we-handle-your-security\/\"> <\/a><\/span><a href=\"https:\/\/cirasync.com\/support\/how-we-handle-your-security\/\"><span data-contrast=\"none\">C\u00f3mo manejamos su seguridad<\/span><\/a><span data-contrast=\"auto\">.<\/span> <\/p>\n<p>[\/et_pb_accordion_item][et_pb_accordion_item title=\u00bb\u00bfCumple CiraSync la ley HIPAA? \u00bb _builder_version=\u00bb4.19.4&#8243; global_colors_info=\u00bb{}\u00bb open=\u00bboff\u00bb]<\/p>\n<p><span class=\"TextRun SCXW230443691 BCX0\" lang=\"EN-US\" data-contrast=\"auto\"><span class=\"SpellingError SCXW230443691 BCX0\">El servicio Cira Apps<\/span><\/span> <span class=\"TextRun SCXW230443691 BCX0\" lang=\"EN-US\" data-contrast=\"auto\"><span class=\"NormalTextRun SCXW230443691 BCX0\">no maneja ning\u00fan dato relacionado con el paciente, as\u00ed que no hay necesidad de que cumpla con la HIPAA.<\/span><\/span> <span class=\"TextRun SCXW230443691 BCX0\" lang=\"EN-US\" data-contrast=\"auto\"><span class=\"SpellingError SCXW230443691 BCX0\">Cira Apps <\/span><\/span><span class=\"TextRun SCXW230443691 BCX0\" lang=\"EN-US\" xml:lang=\"EN-US\" data-contrast=\"auto\"><span class=\"NormalTextRun SCXW230443691 BCX0\"> s\u00f3lo lee los contactos y eventos del calendario de la fuente de Office 365. Tenemos muchos hospicios y consultorios m\u00e9dicos como clientes que usan CiraSync para esta funcionalidad. <\/span><\/span><span class=\"EOP SCXW230443691 BCX0\" data-ccp-props=\"{\"201341983\":0,\"335559739\":160,\"335559740\":259}\"> <\/span><\/p>\n<p>[\/et_pb_accordion_item][et_pb_accordion_item title=\u00bb\u00bfFirmar\u00edan un acuerdo de asociaci\u00f3n comercial de la HIPAA con nuestra empresa? \u00bb _builder_version=\u00bb4.19.4&#8243; global_colors_info=\u00bb{}\u00bb open=\u00bboff\u00bb]<\/p>\n<p><span class=\"TextRun SCXW91916127 BCX0\" lang=\"EN-US\" xml:lang=\"EN-US\" data-contrast=\"auto\"><span class=\"NormalTextRun SCXW91916127 BCX0\">S\u00ed, lo haremos. Env\u00edenos su BAA de la HIPAA para que la revisemos, y podremos completarla seg\u00fan sea necesario.<\/span><\/span><span class=\"EOP SCXW91916127 BCX0\" data-ccp-props=\"{\"201341983\":0,\"335559739\":160,\"335559740\":259}\"> <\/span><\/p>\n<p>[\/et_pb_accordion_item][et_pb_accordion_item title=\u00bb\u00bfPueden enviarnos un DPA (Acuerdo de protecci\u00f3n de datos) o algo similar? \u00bb _builder_version=\u00bb4.19.4&#8243; global_colors_info=\u00bb{}\u00bb open=\u00bboff\u00bb]<\/p>\n<p>S\u00ed, enviamos todo tipo de informaci\u00f3n relacionada con seguridad a petici\u00f3n. Para recibir una DPA (Acuerdo de protecci\u00f3n de datos) de nosotros, por favor contacte a nuestro Equipo de \u00c9xito del Cliente <a href=\"https:\/\/cirahub.com\/es\/contacto\/\">enviando un Ticket de Soporte.<\/a><\/p>\n<p>[\/et_pb_accordion_item][\/et_pb_accordion][\/et_pb_column][\/et_pb_row][\/et_pb_section][et_pb_section fb_built=\u00bb1&#8243; _builder_version=\u00bb4.16&#8243; background_color=\u00bb#ffffff\u00bb top_divider_height=\u00bb74px\u00bb border_width_top=\u00bb1px\u00bb border_color_top=\u00bb#f5f5f5&#8243; global_colors_info=\u00bb{}\u00bb][et_pb_row column_structure=\u00bb1_2,1_2&#8243; _builder_version=\u00bb4.16&#8243; global_colors_info=\u00bb{}\u00bb][et_pb_column type=\u00bb1_2&#8243; _builder_version=\u00bb4.16&#8243; global_colors_info=\u00bb{}\u00bb][et_pb_text _builder_version=\u00bb4.16&#8243; global_colors_info=\u00bb{}\u00bb]<\/p>\n<h1><span class=\"ez-toc-section\" id=\"Conformidad_de_CiraSync_con_GDPR\"><\/span>Conformidad de CiraSync con GDPR<span class=\"ez-toc-section-end\"><\/span><\/h1>\n<p>CiraSync se toma muy en serio la seguridad de los datos de los usuarios. Para los clientes de la Uni\u00f3n Europea (UE), en Cira Apps hemos modificado la experiencia de usuario de CiraSync para cumplir con el Reglamento General de Protecci\u00f3n de Datos (GDPR).<br \/>\n[\/et_pb_text][et_pb_button button_url=\u00bbCirasync.com\/es\/articulos-blog\/seguridad\/conformidad-rgpd-cirasync\/\u00bb button_text=\u00bbConozca m\u00e1s\u00bb module_class=\u00bbblue-primary\u00bb _builder_version=\u00bb4.19.4&#8243; hover_enabled=\u00bb0&#8243; global_colors_info=\u00bb{}\u00bb sticky_enabled=\u00bb0&#8243;][\/et_pb_button][\/et_pb_column][et_pb_column type=\u00bb1_2&#8243; _builder_version=\u00bb4.16&#8243; global_colors_info=\u00bb{}\u00bb][et_pb_image src=\u00bbhttps:\/\/cirasync.com\/wp-content\/uploads\/2019\/10\/gdpr2.svg\u00bb align=\u00bbcenter\u00bb _builder_version=\u00bb4.16&#8243; custom_css_main_element=\u00bbmax-width:350px\u00bb animation=\u00bboff\u00bb global_colors_info=\u00bb{}\u00bb][\/et_pb_image][\/et_pb_column][\/et_pb_row][\/et_pb_section][et_pb_section fb_built=\u00bb1&#8243; _builder_version=\u00bb4.16&#8243; background_image=\u00bbhttps:\/\/cirasync.com\/wp-content\/uploads\/2019\/10\/world-map-grey.svg\u00bb custom_padding=\u00bb60px||||false|false\u00bb global_colors_info=\u00bb{}\u00bb][et_pb_row _builder_version=\u00bb4.16&#8243; global_colors_info=\u00bb{}\u00bb][et_pb_column type=\u00bb4_4&#8243; _builder_version=\u00bb4.16&#8243; global_colors_info=\u00bb{}\u00bb][et_pb_text _builder_version=\u00bb4.16&#8243; global_colors_info=\u00bb{}\u00bb]<\/p>\n<h1 class=\"entry-title\" style=\"text-align: center;\"><span class=\"ez-toc-section\" id=\"Configuracion_de_la_Residencia_de_datos_de_Office_365_para_Cira_Apps\"><\/span>Configuraci\u00f3n de la Residencia de datos de Office 365 para Cira Apps<span class=\"ez-toc-section-end\"><\/span><\/h1>\n<p style=\"text-align: center;\">En CiraSync, hay <strong>workers<\/strong> en la nube que sincronizan la informaci\u00f3n con los tel\u00e9fonos m\u00f3viles y los buzones de Exchange. Estos workers se encuentran en centros de datos en la<span style=\"font-size: 16px;\">Uni\u00f3n Europea (UE) y Am\u00e9rica del Norte.<\/span> <span style=\"font-size: 16px;\">Para cumplir con las leyes de seguridad de datos existentes y proteger los datos de los usuarios, la configuraci\u00f3n de residencia de los datos de CiraSync se puede establecer directamente en el panel de control del inquilino de CiraSync.<\/span> <\/p>\n<p>[\/et_pb_text][et_pb_button button_url=\u00bbhttps:\/\/cirasync.com\/support\/it-management\/setting-office-365-cirasync-data-residency\/\u00bb button_text=\u00bbConozca m\u00e1s\u00bb button_alignment=\u00bbcenter\u00bb module_class=\u00bbblue-primary\u00bb _builder_version=\u00bb4.19.4&#8243; hover_enabled=\u00bb0&#8243; global_colors_info=\u00bb{}\u00bb sticky_enabled=\u00bb0&#8243;][\/et_pb_button][\/et_pb_column][\/et_pb_row][\/et_pb_section][et_pb_section fb_built=\u00bb1&#8243; _builder_version=\u00bb4.16&#8243; custom_padding=\u00bb||0px||false|false\u00bb global_colors_info=\u00bb{}\u00bb][et_pb_row column_structure=\u00bb3_5,2_5&#8243; _builder_version=\u00bb4.16&#8243; global_colors_info=\u00bb{}\u00bb][et_pb_column type=\u00bb3_5&#8243; _builder_version=\u00bb4.16&#8243; global_colors_info=\u00bb{}\u00bb][et_pb_text _builder_version=\u00bb4.19.4&#8243; hover_enabled=\u00bb0&#8243; global_colors_info=\u00bb{}\u00bb sticky_enabled=\u00bb0&#8243;]<\/p>\n<h1 class=\"entry-title\"><span class=\"ez-toc-section\" id=\"Proteger_la_cuenta_de_servicio_Cira_Apps\"><\/span>Proteger la cuenta de servicio Cira Apps<span class=\"ez-toc-section-end\"><\/span><\/h1>\n<p>Recomendamos a los usuarios de Cira Apps que creen una cuenta de servicio dedicada a servir como Administrador Global de Cirahub. Esta cuenta es segura porque CiraSync es una aplicaci\u00f3n que vive en la Nube de Microsoft Azure. Sin embargo, nos tomamos muy en serio todas las cuestiones de seguridad, y en Cira Apps hemos cumplido con las medidas de seguridad adicionales que se pueden tomar para asegurar la cuenta de servicio de CiraSync.<\/p>\n<p>[\/et_pb_text][et_pb_button button_url=\u00bbCirasync.com\/es\/soporte\/asegurar-cuenta-de-servicio-cirasync\/\u00bb button_text=\u00bbLea el art\u00edculo\u00bb module_class=\u00bbblue-primary\u00bb _builder_version=\u00bb4.19.4&#8243; hover_enabled=\u00bb0&#8243; global_colors_info=\u00bb{}\u00bb sticky_enabled=\u00bb0&#8243;][\/et_pb_button][\/et_pb_column][et_pb_column type=\u00bb2_5&#8243; _builder_version=\u00bb4.16&#8243; global_colors_info=\u00bb{}\u00bb][et_pb_image src=\u00bbhttps:\/\/cirasync.com\/wp-content\/uploads\/2019\/06\/cirasync-shield4.svg\u00bb align=\u00bbcenter\u00bb _builder_version=\u00bb4.16&#8243; animation=\u00bboff\u00bb global_colors_info=\u00bb{}\u00bb][\/et_pb_image][\/et_pb_column][\/et_pb_row][\/et_pb_section][et_pb_section fb_built=\u00bb1&#8243; admin_label=\u00bbProject Request\u00bb _builder_version=\u00bb4.19.4&#8243; custom_margin=\u00bb0px||||false|false\u00bb custom_padding=\u00bb0px|30px|60px|30px|false|true\u00bb hover_enabled=\u00bb0&#8243; custom_css_main_element=\u00bbmargin-top:60px\u00bb border_radii=\u00bbon|8px|8px|8px|8px\u00bb saved_tabs=\u00bball\u00bb locked=\u00bboff\u00bb global_colors_info=\u00bb{}\u00bb sticky_enabled=\u00bb0&#8243;][\/et_pb_section]<\/p>\n","protected":false},"excerpt":{"rendered":"<p>Seguridad de los datos de Cira Apps Vea el v\u00eddeo para conocer la arquitectura de flujo de datos de Cira Apps Informe Seguridad de los datos del usuario de Cira Apps Cira Apps Ltd. se toma muy en serio la seguridad de los datos de los usuarios y ha tomado m\u00faltiples medidas para garantizar que [&hellip;]<\/p>\n","protected":false},"author":4,"featured_media":0,"parent":0,"menu_order":0,"comment_status":"closed","ping_status":"closed","template":"","meta":{"_et_pb_use_builder":"on","_et_pb_old_content":"","_et_gb_content_width":"","footnotes":""},"class_list":["post-38105","page","type-page","status-publish","hentry"],"_links":{"self":[{"href":"https:\/\/cirahub.com\/es\/wp-json\/wp\/v2\/pages\/38105","targetHints":{"allow":["GET"]}}],"collection":[{"href":"https:\/\/cirahub.com\/es\/wp-json\/wp\/v2\/pages"}],"about":[{"href":"https:\/\/cirahub.com\/es\/wp-json\/wp\/v2\/types\/page"}],"author":[{"embeddable":true,"href":"https:\/\/cirahub.com\/es\/wp-json\/wp\/v2\/users\/4"}],"replies":[{"embeddable":true,"href":"https:\/\/cirahub.com\/es\/wp-json\/wp\/v2\/comments?post=38105"}],"version-history":[{"count":11,"href":"https:\/\/cirahub.com\/es\/wp-json\/wp\/v2\/pages\/38105\/revisions"}],"predecessor-version":[{"id":47549,"href":"https:\/\/cirahub.com\/es\/wp-json\/wp\/v2\/pages\/38105\/revisions\/47549"}],"wp:attachment":[{"href":"https:\/\/cirahub.com\/es\/wp-json\/wp\/v2\/media?parent=38105"}],"curies":[{"name":"wp","href":"https:\/\/api.w.org\/{rel}","templated":true}]}}