{"id":38095,"date":"2021-08-26T08:12:35","date_gmt":"2021-08-26T16:12:35","guid":{"rendered":"https:\/\/cirahub.com\/sincronizacion-de-contactos-y-calendarios-de-gmail-con-un-buzon-de-outlook\/"},"modified":"2021-08-26T08:16:36","modified_gmt":"2021-08-26T16:16:36","slug":"sincronizacion-de-contactos-y-calendarios-de-gmail-con-un-buzon-de-outlook","status":"publish","type":"page","link":"https:\/\/cirahub.com\/es\/sincronizacion-de-contactos-y-calendarios-de-gmail-con-un-buzon-de-outlook\/","title":{"rendered":"Sincronizaci\u00f3n de contactos y calendarios de Gmail con Outlook"},"content":{"rendered":"<p>[et_pb_section fb_built=\u00bb1&#8243; module_class=\u00bbpartner-qsg\u00bb _builder_version=\u00bb4.9.4&#8243;][et_pb_row column_structure=\u00bb1_3,2_3&#8243; _builder_version=\u00bb3.25&#8243; background_size=\u00bbinitial\u00bb background_position=\u00bbtop_left\u00bb background_repeat=\u00bbrepeat\u00bb][et_pb_column type=\u00bb1_3&#8243; _builder_version=\u00bb3.25&#8243; custom_padding=\u00bb|||\u00bb custom_padding__hover=\u00bb|||\u00bb][et_pb_sidebar area=\u00bbet_pb_widget_area_1&#8243; _builder_version=\u00bb4.9.4&#8243; body_font=\u00bbPoppins||||||||\u00bb][\/et_pb_sidebar][\/et_pb_column][et_pb_column type=\u00bb2_3&#8243; _builder_version=\u00bb3.25&#8243; custom_padding=\u00bb|||\u00bb custom_padding__hover=\u00bb|||\u00bb][et_pb_text _builder_version=\u00bb3.27.4&#8243; background_size=\u00bbinitial\u00bb background_position=\u00bbtop_left\u00bb background_repeat=\u00bbrepeat\u00bb]<\/p>\n<h2>Sincronizaci\u00f3n de contactos y calendarios de Gmail con un buz\u00f3n de Outlook<\/h2>\n<p><strong>Agente principal:<\/strong><\/p>\n<p><span data-contrast=\"none\">Brian<\/span> \u2014 <span data-contrast=\"none\">Propietario<\/span> <span data-contrast=\"none\">y<\/span> <span data-contrast=\"none\">operador <\/span><span data-contrast=\"none\">de una empresa de pintura comercial en varias ciudades<\/span><span> <\/span><\/p>\n<p><b><span data-contrast=\"none\">Problema:<\/span><\/b><span> <\/span><\/p>\n<p><span data-contrast=\"none\">Brian es el propietario y operador de la empresa Allen&#8217;s Painting, una empresa de pintura comercial a gran escala que<\/span> <span data-contrast=\"none\">opera<\/span> <span data-contrast=\"none\">en<\/span> <span data-contrast=\"none\">varias <\/span><span data-contrast=\"none\"> <\/span><span data-contrast=\"none\">ciudades<\/span><span data-contrast=\"none\">. Debido a la variedad de <\/span><span data-contrast=\"none\">la clientela<\/span><span data-contrast=\"none\">, junto con los m\u00e9todos utilizados para la captaci\u00f3n de<\/span> nuevos <span data-contrast=\"none\">negocios<\/span><span data-contrast=\"none\">, Briano<\/span> <span data-contrast=\"none\">opera<\/span> <span data-contrast=\"none\">una<\/span> <span data-contrast=\"none\">serie<\/span> <span data-contrast=\"none\">de<\/span> <span data-contrast=\"none\">plataformas<\/span> <span data-contrast=\"none\">diferentes<\/span> <span data-contrast=\"none\">simult\u00e1neamente.<\/span><span data-contrast=\"none\"> <\/span><span> <\/span><\/p>\n<p><span data-contrast=\"none\">Los nuevos negocios, las solicitudes de reuniones, los horarios de los lugares de trabajo<\/span> <span data-contrast=\"none\">y mucho m\u00e1s<\/span>, <span data-contrast=\"none\">est\u00e1n<\/span> <span data-contrast=\"none\">alojados<\/span> <span data-contrast=\"none\">entre la Lista Global de Direcciones de su empresa, el Calendario de Outlook<\/span>, el <span data-contrast=\"none\">Calendario de Gmail<\/span> <span data-contrast=\"none\">y su<\/span> <span data-contrast=\"none\">libreta de contactos<\/span><span data-contrast=\"none\"> en su Gmail. Aunque exportar estos art\u00edculos es <\/span><span data-contrast=\"none\"> una opci\u00f3n<\/span><span data-contrast=\"none\">, Brian ha encontrado la tarea tediosa, propensa a errores<\/span> <span data-contrast=\"none\">y a menudo<\/span> <span data-contrast=\"none\">inexacta<\/span><span data-contrast=\"none\">.<\/span><span> <\/span><\/p>\n<p><b><span data-contrast=\"none\">Soluci\u00f3n:<\/span><\/b><span> <\/span><\/p>\n<p><span data-contrast=\"none\">Despu\u00e9s<\/span> <span data-contrast=\"none\">de hacer algunas averiguaciones en Internet<\/span><span data-contrast=\"none\">,<\/span> <span data-contrast=\"none\">Brian<\/span> <span data-contrast=\"none\">descubri\u00f3<\/span> <span data-contrast=\"none\">que CiraHub es<\/span> <span data-contrast=\"none\">una posible soluci\u00f3n para sus problemas<\/span> <span data-contrast=\"none\">de<\/span> <span data-contrast=\"none\">informaci\u00f3n.<\/span><span data-contrast=\"none\"> <\/span><span data-contrast=\"none\">Cirahub es capaz de<\/span><span data-contrast=\"none\"> <\/span><span data-contrast=\"none\">consolidar<\/span><span data-contrast=\"none\"> <\/span><span data-contrast=\"none\"> numerosas<\/span> <span data-contrast=\"none\">fuentes de datos de m\u00faltiples plataformas para que la informaci\u00f3n<\/span> <span data-contrast=\"none\">permanezca <\/span><span data-contrast=\"none\"> <\/span><span data-contrast=\"none\"> consistente<\/span> <span data-contrast=\"none\">entre los dispositivos y el software.<\/span><span> <\/span><\/p>\n<p><span data-contrast=\"none\">En primer lugar, Brian cre\u00f3 un Centro y varios Conectores; el primero lo adjunt\u00f3 a un buz\u00f3n de Outlook que albergaba los contactos de su empresa. A partir de ah\u00ed cre\u00f3 otro<\/span> <span data-contrast=\"none\">Centro y<\/span> <span data-contrast=\"none\">Conector que se adjunta a su lista de<\/span> <span data-contrast=\"none\">contactos<\/span> <span data-contrast=\"none\">de Gsuite.<\/span><span data-contrast=\"none\">. Por \u00faltimo, cre\u00f3 otro Conector<\/span> <span data-contrast=\"none\">y Centro<\/span> <span data-contrast=\"none\">que se adjunta a su Calendario de Gmail<\/span> <span data-contrast=\"none\">y al Calendario de Outlook, lo que permite que todos los elementos se mantengan en constante sincronizaci\u00f3n.<\/span><span> <\/span><\/p>\n<p><span data-contrast=\"none\">Con esta configuraci\u00f3n<\/span>,<span data-contrast=\"none\">los contactos y calendarios de Brian<\/span> <span data-contrast=\"none\">se sincronizan<\/span> <span data-contrast=\"none\">en todas sus plataformas;<\/span> <span data-contrast=\"none\">cuando se env\u00eda una nueva solicitud de reuni\u00f3n a su cuenta de Gmail, se refleja en su calendario de Outlook,<\/span> <span data-contrast=\"none\">y <\/span><span data-contrast=\"none\"> viceversa. Lo mismo ocurre con los contactos almacenados en su libreta de direcciones de Google, se a\u00f1aden autom\u00e1ticamente y <\/span><span data-contrast=\"none\"> se sincronizan<\/span> <span data-contrast=\"none\">continuamente con la Lista Global de Direcciones de su empresa.<\/span><span> <\/span><\/p>\n<p><span data-contrast=\"none\">Adem\u00e1s,<\/span> <span data-contrast=\"none\">gracias a la configuraci\u00f3n del Centro, Brian<\/span> <span data-contrast=\"none\">es capaz de <\/span><span data-contrast=\"none\"> a\u00f1adir otros usuarios, que podr\u00e1n ver y editar sus calendarios a su discreci\u00f3n. Es la soluci\u00f3n perfecta en caso de que decida incorporar un asistente en el futuro.<\/span><span> <\/span><\/p>\n<p>[\/et_pb_text][\/et_pb_column][\/et_pb_row][\/et_pb_section]<\/p>\n","protected":false},"excerpt":{"rendered":"<p>Sincronizaci\u00f3n de contactos y calendarios de Gmail con un buz\u00f3n de Outlook Agente principal: Brian \u2014 Propietario y operador de una empresa de pintura comercial en varias ciudades Problema: Brian es el propietario y operador de la empresa Allen&#8217;s Painting, una empresa de pintura comercial a gran escala que opera en varias ciudades. Debido a [&hellip;]<\/p>\n","protected":false},"author":3,"featured_media":0,"parent":0,"menu_order":0,"comment_status":"closed","ping_status":"closed","template":"","meta":{"_et_pb_use_builder":"on","_et_pb_old_content":"","_et_gb_content_width":"","footnotes":""},"class_list":["post-38095","page","type-page","status-publish","hentry"],"_links":{"self":[{"href":"https:\/\/cirahub.com\/es\/wp-json\/wp\/v2\/pages\/38095","targetHints":{"allow":["GET"]}}],"collection":[{"href":"https:\/\/cirahub.com\/es\/wp-json\/wp\/v2\/pages"}],"about":[{"href":"https:\/\/cirahub.com\/es\/wp-json\/wp\/v2\/types\/page"}],"author":[{"embeddable":true,"href":"https:\/\/cirahub.com\/es\/wp-json\/wp\/v2\/users\/3"}],"replies":[{"embeddable":true,"href":"https:\/\/cirahub.com\/es\/wp-json\/wp\/v2\/comments?post=38095"}],"version-history":[{"count":8,"href":"https:\/\/cirahub.com\/es\/wp-json\/wp\/v2\/pages\/38095\/revisions"}],"predecessor-version":[{"id":38104,"href":"https:\/\/cirahub.com\/es\/wp-json\/wp\/v2\/pages\/38095\/revisions\/38104"}],"wp:attachment":[{"href":"https:\/\/cirahub.com\/es\/wp-json\/wp\/v2\/media?parent=38095"}],"curies":[{"name":"wp","href":"https:\/\/api.w.org\/{rel}","templated":true}]}}