{"id":38091,"date":"2021-08-18T06:59:56","date_gmt":"2021-08-18T14:59:56","guid":{"rendered":"https:\/\/cirahub.com\/sincronizacion-de-dos-gals-juntas\/"},"modified":"2021-08-18T07:00:03","modified_gmt":"2021-08-18T15:00:03","slug":"sincronizacion-de-dos-gals-juntas","status":"publish","type":"page","link":"https:\/\/cirahub.com\/es\/sincronizacion-de-dos-gals-juntas\/","title":{"rendered":"Sincronizaci\u00f3n de dos GALs juntas"},"content":{"rendered":"<p>[et_pb_section fb_built=\u00bb1&#8243; module_class=\u00bbpartner-qsg\u00bb _builder_version=\u00bb4.9.4&#8243; _module_preset=\u00bbdefault\u00bb][et_pb_row column_structure=\u00bb1_3,2_3&#8243; _builder_version=\u00bb4.9.4&#8243; _module_preset=\u00bbdefault\u00bb][et_pb_column type=\u00bb1_3&#8243; _builder_version=\u00bb4.9.4&#8243; _module_preset=\u00bbdefault\u00bb][et_pb_sidebar area=\u00bbet_pb_widget_area_1&#8243; _builder_version=\u00bb4.9.4&#8243; body_font=\u00bbPoppins||||||||\u00bb hover_enabled=\u00bb0&#8243; sticky_enabled=\u00bb0&#8243;][\/et_pb_sidebar][\/et_pb_column][et_pb_column type=\u00bb2_3&#8243; _builder_version=\u00bb4.9.4&#8243; _module_preset=\u00bbdefault\u00bb][et_pb_text _builder_version=\u00bb4.9.4&#8243; _module_preset=\u00bbdefault\u00bb]<\/p>\n<h2>Sincronizaci\u00f3n de dos Listas Globales de Direcciones<\/h2>\n<p><strong>Agente principal:<\/strong><\/p>\n<p>Jill \u2014 Directora de Inform\u00e1tica de Acme Corporation<\/p>\n<p><strong>Problema:<\/strong><\/p>\n<p><span data-contrast=\"auto\">Las relaciones entre Acme Corporation y Weyland Inc. <\/span><span data-contrast=\"auto\">Se han entrelazado cada vez m\u00e1s<\/span><span data-contrast=\"auto\">, por lo que Acme Corporation ha decidido adquirir Weyland Inc y mantener las dos empresas como entidades separadas.<\/span><span data-contrast=\"auto\"> El nuevo departamento combinado de IT se encargar\u00e1<\/span><span data-contrast=\"auto\">de<\/span><span data-contrast=\"auto\"> las tareas de sincronizaci\u00f3n de las dos Listas Globales de Direcciones, al tiempo que se eliminan los duplicados; como complicaci\u00f3n a\u00f1adida, ambas listas deber\u00e1n permanecer sincronizadas para garantizar que los empleados de ambas empresas tengan contactos precisos.<\/span><span data-ccp-props=\"{\"201341983\":0,\"335559739\":160,\"335559740\":259}\"> <\/span><\/p>\n<p><span data-contrast=\"auto\">Esta campa\u00f1a requiere que ambas empresas tengan acceso para ver y editar sus contactos de la Lista Global de Direcciones en los computadores de escritorio<\/span><span data-contrast=\"auto\">,<\/span><span data-contrast=\"auto\">manteniendo ambas listas simult\u00e1neamente precisas y actualizadas.<\/span><span data-ccp-props=\"{\"201341983\":0,\"335559739\":160,\"335559740\":259}\"> <\/span><\/p>\n<p><b><span data-contrast=\"auto\">Soluci\u00f3n:<\/span><\/b><span data-ccp-props=\"{\"201341983\":0,\"335559739\":160,\"335559740\":259}\"> <\/span><\/p>\n<p><span data-contrast=\"auto\">Jill, la directora de inform\u00e1tica de Acme Corporation, reconoce el<\/span> <span data-contrast=\"auto\">esfuerzo que requiere una <\/span> <span data-contrast=\"auto\">sincronizaci\u00f3n manual de estas dos listas, la cual es casi imposible. Tras realizar una investigaci\u00f3n, descubre que <\/span><span data-contrast=\"auto\">CiraHub<\/span><span data-contrast=\"auto\">tiene la capacidad<\/span> <span data-contrast=\"auto\">de mantener sincronizadas dos Listas Globales de Direcciones.<\/span><span data-ccp-props=\"{\"201341983\":0,\"335559739\":160,\"335559740\":259}\"> <\/span><\/p>\n<p><span data-contrast=\"auto\">Jill crea un Centro para la Acme Corporation,<\/span> <span data-contrast=\"auto\">vinculado al<\/span> <span data-contrast=\"auto\">GAL de la primera empresa<\/span><span data-contrast=\"auto\">.<\/span> <span data-contrast=\"auto\">Crea<\/span> <span data-contrast=\"auto\">un Centro y un Conector<\/span><span data-contrast=\"auto\"> para la segunda empresa y env\u00eda una invitaci\u00f3n. Ella configura el Centro para leer la informaci\u00f3n de contacto de las Listas Globales de Direcciones de ambas empresas y establece los Conectores para enviar la informaci\u00f3n a cada GAL<\/span><span data-contrast=\"auto\">.<\/span><span data-ccp-props=\"{\"201341983\":0,\"335559739\":160,\"335559740\":259}\"> <\/span><\/p>\n<p><span data-contrast=\"auto\">El uso de CiraHub<\/span> <span data-contrast=\"auto\">permite a Acme Corporation<\/span> <span data-contrast=\"auto\">consolidar los contactos<\/span> <span data-contrast=\"auto\">de su Lista Global de Direcciones entre ambas empresas<\/span><span data-contrast=\"auto\">. Los empleados de cualquier departamento pueden ver<\/span><span data-contrast=\"auto\"> la base de datos combinada de contactos de clientes en su computadora de escritorio. <\/span><span data-contrast=\"auto\">Cuando se realiza una actualizaci\u00f3n en una base de datos, se refleja en la otra; asimismo, si hubiera alg\u00fan duplicado entre las dos bases de datos, la informaci\u00f3n de contacto se <\/span><span data-contrast=\"auto\">fusionar\u00eda<\/span><span data-contrast=\"auto\"> y as\u00ed se evitan problemas. <\/span><span data-contrast=\"auto\">Mientras<\/span><span data-contrast=\"auto\"> el Centro permanece activo, cualquier cambio en una base de datos <\/span><span data-contrast=\"auto\">se<\/span><span data-contrast=\"auto\"> reflejar\u00e1 en la otra.<\/span><span data-ccp-props=\"{\"201341983\":0,\"335551550\":1,\"335551620\":1,\"335559739\":160,\"335559740\":259}\"> <\/span><\/p>\n<p>[\/et_pb_text][\/et_pb_column][\/et_pb_row][\/et_pb_section]<\/p>\n","protected":false},"excerpt":{"rendered":"<p>Sincronizaci\u00f3n de dos Listas Globales de Direcciones Agente principal: Jill \u2014 Directora de Inform\u00e1tica de Acme Corporation Problema: Las relaciones entre Acme Corporation y Weyland Inc. Se han entrelazado cada vez m\u00e1s, por lo que Acme Corporation ha decidido adquirir Weyland Inc y mantener las dos empresas como entidades separadas. El nuevo departamento combinado de [&hellip;]<\/p>\n","protected":false},"author":3,"featured_media":0,"parent":0,"menu_order":0,"comment_status":"closed","ping_status":"closed","template":"","meta":{"_et_pb_use_builder":"on","_et_pb_old_content":"","_et_gb_content_width":"","footnotes":""},"class_list":["post-38091","page","type-page","status-publish","hentry"],"_links":{"self":[{"href":"https:\/\/cirahub.com\/es\/wp-json\/wp\/v2\/pages\/38091","targetHints":{"allow":["GET"]}}],"collection":[{"href":"https:\/\/cirahub.com\/es\/wp-json\/wp\/v2\/pages"}],"about":[{"href":"https:\/\/cirahub.com\/es\/wp-json\/wp\/v2\/types\/page"}],"author":[{"embeddable":true,"href":"https:\/\/cirahub.com\/es\/wp-json\/wp\/v2\/users\/3"}],"replies":[{"embeddable":true,"href":"https:\/\/cirahub.com\/es\/wp-json\/wp\/v2\/comments?post=38091"}],"version-history":[{"count":2,"href":"https:\/\/cirahub.com\/es\/wp-json\/wp\/v2\/pages\/38091\/revisions"}],"predecessor-version":[{"id":38093,"href":"https:\/\/cirahub.com\/es\/wp-json\/wp\/v2\/pages\/38091\/revisions\/38093"}],"wp:attachment":[{"href":"https:\/\/cirahub.com\/es\/wp-json\/wp\/v2\/media?parent=38091"}],"curies":[{"name":"wp","href":"https:\/\/api.w.org\/{rel}","templated":true}]}}