{"id":38079,"date":"2021-08-16T06:54:01","date_gmt":"2021-08-16T14:54:01","guid":{"rendered":"https:\/\/cirahub.com\/centro-de-soporte-de-cirahub\/"},"modified":"2023-07-19T07:15:16","modified_gmt":"2023-07-19T15:15:16","slug":"centro-de-soporte-de-cirahub","status":"publish","type":"page","link":"https:\/\/cirahub.com\/es\/centro-de-soporte-de-cirahub\/","title":{"rendered":"Centro de soporte de CiraHub"},"content":{"rendered":"<p>[et_pb_section fb_built=\u00bb1&#8243; module_id=\u00bbsupport-search\u00bb _builder_version=\u00bb4.16&#8243; background_color=\u00bb#7c63ff\u00bb global_colors_info=\u00bb{}\u00bb][et_pb_row _builder_version=\u00bb4.16&#8243; global_colors_info=\u00bb{}\u00bb][et_pb_column type=\u00bb4_4&#8243; _builder_version=\u00bb4.16&#8243; custom_css_main_element=\u00bbmin-height:0;\u00bb global_colors_info=\u00bb{}\u00bb][et_pb_text _builder_version=\u00bb4.16&#8243; custom_margin=\u00bb||10px||false|false\u00bb global_colors_info=\u00bb{}\u00bb]<\/p>\n<h1 style=\"text-align: center;\"><span class=\"ez-toc-section\" id=\"%C2%BFComo_podemos_ayudarle\"><\/span><span style=\"color: #ffffff;\">\u00bfC\u00f3mo podemos ayudarle?<\/span><span class=\"ez-toc-section-end\"><\/span><\/h1>\n<p>[\/et_pb_text][et_pb_search exclude_pages=\u00bbon\u00bb include_categories=\u00bb1479,1478,1480,1363,1481,83,3305,1422,1&#8243; show_button=\u00bboff\u00bb placeholder=\u00bbBusque en nuestros art\u00edculos de ayuda\u00bb placeholder_color=\u00bb#cccccc\u00bb _builder_version=\u00bb4.16&#8243; form_field_background_color=\u00bb#ffffff\u00bb form_field_text_color=\u00bb#37474f\u00bb form_field_focus_background_color=\u00bb#fafafa\u00bb form_field_font=\u00bbOpen Sans|600|||||||\u00bb form_field_font_size=\u00bb17px\u00bb form_field_letter_spacing=\u00bb1px\u00bb form_field_line_height=\u00bb1.3em\u00bb width=\u00bb80%\u00bb module_alignment=\u00bbcenter\u00bb custom_padding=\u00bb15px|15px|15px|15px|true|true\u00bb z_index_tablet=\u00bb500&#8243; button_text_shadow_horizontal_length_tablet=\u00bb0px\u00bb button_text_shadow_vertical_length_tablet=\u00bb0px\u00bb button_text_shadow_blur_strength_tablet=\u00bb1px\u00bb form_field_text_shadow_horizontal_length_tablet=\u00bb0px\u00bb form_field_text_shadow_vertical_length_tablet=\u00bb0px\u00bb form_field_text_shadow_blur_strength_tablet=\u00bb1px\u00bb box_shadow_horizontal_tablet=\u00bb0px\u00bb box_shadow_vertical_tablet=\u00bb0px\u00bb box_shadow_blur_tablet=\u00bb40px\u00bb box_shadow_spread_tablet=\u00bb0px\u00bb text_shadow_horizontal_length_tablet=\u00bb0px\u00bb text_shadow_vertical_length_tablet=\u00bb0px\u00bb text_shadow_blur_strength_tablet=\u00bb1px\u00bb global_colors_info=\u00bb{}\u00bb][\/et_pb_search][\/et_pb_column][\/et_pb_row][\/et_pb_section][et_pb_section fb_built=\u00bb1&#8243; admin_label=\u00bbSupport Topics\u00bb module_id=\u00bbnew-s-cats\u00bb _builder_version=\u00bb4.20.0&#8243; background_enable_color=\u00bboff\u00bb global_colors_info=\u00bb{}\u00bb][et_pb_row _builder_version=\u00bb4.16&#8243; custom_padding=\u00bb0px||0px||false|false\u00bb global_colors_info=\u00bb{}\u00bb][et_pb_column type=\u00bb4_4&#8243; _builder_version=\u00bb4.16&#8243; custom_padding=\u00bb|||\u00bb global_colors_info=\u00bb{}\u00bb custom_padding__hover=\u00bb|||\u00bb][et_pb_text admin_label=\u00bbTitle\u00bb _builder_version=\u00bb4.20.0&#8243; text_font=\u00bbPoppins||||||||\u00bb text_font_size=\u00bb18px\u00bb text_line_height=\u00bb1.8em\u00bb header_font=\u00bbPoppins|600|||||||\u00bb header_text_align=\u00bbleft\u00bb header_font_size=\u00bb48px\u00bb header_line_height=\u00bb1.4em\u00bb header_2_font=\u00bb||||||||\u00bb max_width=\u00bb700px\u00bb module_alignment=\u00bbcenter\u00bb custom_margin=\u00bb||0px|\u00bb global_colors_info=\u00bb{}\u00bb]<\/p>\n<h3 style=\"text-align: center;\"><span class=\"ez-toc-section\" id=\"Temas_de_ayuda\"><\/span>Temas de ayuda<span class=\"ez-toc-section-end\"><\/span><\/h3>\n<p>[\/et_pb_text][et_pb_text disabled_on=\u00bboff|off|off\u00bb admin_label=\u00bbSubmit a tech support request\u00bb module_class=\u00bbcat-item\u00bb _builder_version=\u00bb4.20.0&#8243; _module_preset=\u00bbdefault\u00bb custom_padding=\u00bb1em||||false|false\u00bb link_option_url=\u00bbhttps:\/\/cirahub.com\/es\/?page_id=46798&#8243; global_colors_info=\u00bb{}\u00bb]<\/p>\n<div class=\"request\"><img decoding=\"async\" src=\"\/wp-content\/uploads\/2023\/03\/Tech-Support-Request.svg\"><\/p>\n<h5>Env\u00ede una solicitud de asistencia t\u00e9cnica<\/h5>\n<\/div>\n<p>[\/et_pb_text][\/et_pb_column][\/et_pb_row][et_pb_row admin_label=\u00bbCategor\u00edas de soporte\u00bb module_id=\u00bbsupport-cats\u00bb _builder_version=\u00bb4.16&#8243; custom_padding=\u00bb0px||0px||false|false\u00bb global_colors_info=\u00bb{}\u00bb][et_pb_column type=\u00bb4_4&#8243; _builder_version=\u00bb4.16&#8243; custom_padding=\u00bb|||\u00bb global_colors_info=\u00bb{}\u00bb custom_padding__hover=\u00bb|||\u00bb][et_pb_sidebar area=\u00bbet_pb_widget_area_2&#8243; _builder_version=\u00bb4.20.0&#8243; text_orientation=\u00bbcenter\u00bb global_colors_info=\u00bb{}\u00bb][\/et_pb_sidebar][\/et_pb_column][\/et_pb_row][\/et_pb_section][et_pb_section fb_built=\u00bb1&#8243; admin_label=\u00bbMore FAQs\u00bb module_id=\u00bbsupport-faq\u00bb _builder_version=\u00bb4.16&#8243; background_color=\u00bb#f3fbff\u00bb custom_padding=\u00bb30px||30px||true|false\u00bb global_colors_info=\u00bb{}\u00bb][et_pb_row _builder_version=\u00bb4.16&#8243; module_alignment=\u00bbcenter\u00bb custom_margin=\u00bb||||false|false\u00bb custom_padding=\u00bb||0px||false|false\u00bb global_colors_info=\u00bb{}\u00bb][et_pb_column type=\u00bb4_4&#8243; _builder_version=\u00bb4.16&#8243; global_colors_info=\u00bb{}\u00bb][et_pb_text _builder_version=\u00bb4.16&#8243; text_orientation=\u00bbcenter\u00bb z_index_tablet=\u00bb500&#8243; text_text_shadow_horizontal_length_tablet=\u00bb0px\u00bb text_text_shadow_vertical_length_tablet=\u00bb0px\u00bb text_text_shadow_blur_strength_tablet=\u00bb1px\u00bb link_text_shadow_horizontal_length_tablet=\u00bb0px\u00bb link_text_shadow_vertical_length_tablet=\u00bb0px\u00bb link_text_shadow_blur_strength_tablet=\u00bb1px\u00bb ul_text_shadow_horizontal_length_tablet=\u00bb0px\u00bb ul_text_shadow_vertical_length_tablet=\u00bb0px\u00bb ul_text_shadow_blur_strength_tablet=\u00bb1px\u00bb ol_text_shadow_horizontal_length_tablet=\u00bb0px\u00bb ol_text_shadow_vertical_length_tablet=\u00bb0px\u00bb ol_text_shadow_blur_strength_tablet=\u00bb1px\u00bb quote_text_shadow_horizontal_length_tablet=\u00bb0px\u00bb quote_text_shadow_vertical_length_tablet=\u00bb0px\u00bb quote_text_shadow_blur_strength_tablet=\u00bb1px\u00bb header_text_shadow_horizontal_length_tablet=\u00bb0px\u00bb header_text_shadow_vertical_length_tablet=\u00bb0px\u00bb header_text_shadow_blur_strength_tablet=\u00bb1px\u00bb header_2_text_shadow_horizontal_length_tablet=\u00bb0px\u00bb header_2_text_shadow_vertical_length_tablet=\u00bb0px\u00bb header_2_text_shadow_blur_strength_tablet=\u00bb1px\u00bb header_3_text_shadow_horizontal_length_tablet=\u00bb0px\u00bb header_3_text_shadow_vertical_length_tablet=\u00bb0px\u00bb header_3_text_shadow_blur_strength_tablet=\u00bb1px\u00bb header_4_text_shadow_horizontal_length_tablet=\u00bb0px\u00bb header_4_text_shadow_vertical_length_tablet=\u00bb0px\u00bb header_4_text_shadow_blur_strength_tablet=\u00bb1px\u00bb header_5_text_shadow_horizontal_length_tablet=\u00bb0px\u00bb header_5_text_shadow_vertical_length_tablet=\u00bb0px\u00bb header_5_text_shadow_blur_strength_tablet=\u00bb1px\u00bb header_6_text_shadow_horizontal_length_tablet=\u00bb0px\u00bb header_6_text_shadow_vertical_length_tablet=\u00bb0px\u00bb header_6_text_shadow_blur_strength_tablet=\u00bb1px\u00bb box_shadow_horizontal_tablet=\u00bb0px\u00bb box_shadow_vertical_tablet=\u00bb0px\u00bb box_shadow_blur_tablet=\u00bb40px\u00bb box_shadow_spread_tablet=\u00bb0px\u00bb global_colors_info=\u00bb{}\u00bb]<\/p>\n<h3 style=\"text-align: center;\"><span class=\"ez-toc-section\" id=\"Preguntas_frecuentes\"><\/span>Preguntas frecuentes<span class=\"ez-toc-section-end\"><\/span><\/h3>\n<p>[\/et_pb_text][\/et_pb_column][\/et_pb_row][et_pb_row column_structure=\u00bb1_2,1_2&#8243; _builder_version=\u00bb4.16&#8243; background_size=\u00bbinitial\u00bb background_position=\u00bbtop_left\u00bb background_repeat=\u00bbrepeat\u00bb max_width=\u00bb700px\u00bb module_alignment=\u00bbcenter\u00bb global_colors_info=\u00bb{}\u00bb][et_pb_column type=\u00bb1_2&#8243; _builder_version=\u00bb4.16&#8243; custom_padding=\u00bb|||\u00bb global_colors_info=\u00bb{}\u00bb custom_padding__hover=\u00bb|||\u00bb][et_pb_button button_url=\u00bbhttps:\/\/cirahub.com\/es\/preguntas-frecuentes\/\u00bb button_text=\u00bbPreguntas frecuentes CiraHub\u00bb button_alignment=\u00bbcenter\u00bb module_class=\u00bbsecondary\u00bb _builder_version=\u00bb4.21.0&#8243; hover_enabled=\u00bb0&#8243; z_index_tablet=\u00bb500&#8243; custom_css_main_element=\u00bbmin-width:145px;\u00bb button_text_shadow_horizontal_length_tablet=\u00bb0px\u00bb button_text_shadow_vertical_length_tablet=\u00bb0px\u00bb button_text_shadow_blur_strength_tablet=\u00bb1px\u00bb box_shadow_horizontal_tablet=\u00bb0px\u00bb box_shadow_vertical_tablet=\u00bb0px\u00bb box_shadow_blur_tablet=\u00bb40px\u00bb box_shadow_spread_tablet=\u00bb0px\u00bb global_colors_info=\u00bb{}\u00bb sticky_enabled=\u00bb0&#8243;][\/et_pb_button][\/et_pb_column][et_pb_column type=\u00bb1_2&#8243; _builder_version=\u00bb4.16&#8243; custom_padding=\u00bb|||\u00bb global_colors_info=\u00bb{}\u00bb custom_padding__hover=\u00bb|||\u00bb][et_pb_button button_url=\u00bbhttps:\/\/cirahub.com\/es\/precios\/\u00bb button_text=\u00bbPreguntas frecuentes sobre precios\u00bb button_alignment=\u00bbcenter\u00bb module_class=\u00bbsecondary\u00bb _builder_version=\u00bb4.21.0&#8243; hover_enabled=\u00bb0&#8243; z_index_tablet=\u00bb500&#8243; button_text_shadow_horizontal_length_tablet=\u00bb0px\u00bb button_text_shadow_vertical_length_tablet=\u00bb0px\u00bb button_text_shadow_blur_strength_tablet=\u00bb1px\u00bb box_shadow_horizontal_tablet=\u00bb0px\u00bb box_shadow_vertical_tablet=\u00bb0px\u00bb box_shadow_blur_tablet=\u00bb40px\u00bb box_shadow_spread_tablet=\u00bb0px\u00bb global_colors_info=\u00bb{}\u00bb sticky_enabled=\u00bb0&#8243;][\/et_pb_button][\/et_pb_column][\/et_pb_row][\/et_pb_section]<\/p>\n","protected":false},"excerpt":{"rendered":"<p>\u00bfC\u00f3mo podemos ayudarle?Temas de ayuda Env\u00ede una solicitud de asistencia t\u00e9cnica Preguntas frecuentes<\/p>\n","protected":false},"author":2,"featured_media":0,"parent":0,"menu_order":0,"comment_status":"closed","ping_status":"closed","template":"","meta":{"_et_pb_use_builder":"on","_et_pb_old_content":"","_et_gb_content_width":"","footnotes":""},"class_list":["post-38079","page","type-page","status-publish","hentry"],"_links":{"self":[{"href":"https:\/\/cirahub.com\/es\/wp-json\/wp\/v2\/pages\/38079","targetHints":{"allow":["GET"]}}],"collection":[{"href":"https:\/\/cirahub.com\/es\/wp-json\/wp\/v2\/pages"}],"about":[{"href":"https:\/\/cirahub.com\/es\/wp-json\/wp\/v2\/types\/page"}],"author":[{"embeddable":true,"href":"https:\/\/cirahub.com\/es\/wp-json\/wp\/v2\/users\/2"}],"replies":[{"embeddable":true,"href":"https:\/\/cirahub.com\/es\/wp-json\/wp\/v2\/comments?post=38079"}],"version-history":[{"count":20,"href":"https:\/\/cirahub.com\/es\/wp-json\/wp\/v2\/pages\/38079\/revisions"}],"predecessor-version":[{"id":50152,"href":"https:\/\/cirahub.com\/es\/wp-json\/wp\/v2\/pages\/38079\/revisions\/50152"}],"wp:attachment":[{"href":"https:\/\/cirahub.com\/es\/wp-json\/wp\/v2\/media?parent=38079"}],"curies":[{"name":"wp","href":"https:\/\/api.w.org\/{rel}","templated":true}]}}