{"id":38070,"date":"2021-08-16T06:25:51","date_gmt":"2021-08-16T14:25:51","guid":{"rendered":"https:\/\/cirahub.com\/sincronizacion-de-contactos-de-salesforce-crm\/"},"modified":"2021-08-16T06:47:44","modified_gmt":"2021-08-16T14:47:44","slug":"sincronizacion-contactos-de-salesforce-crm","status":"publish","type":"page","link":"https:\/\/cirahub.com\/es\/sincronizacion-contactos-de-salesforce-crm\/","title":{"rendered":"Sincronizaci\u00f3n de contactos de Salesforce CRM"},"content":{"rendered":"<p>[et_pb_section fb_built=\u00bb1&#8243; module_class=\u00bbpartner-qsg\u00bb _builder_version=\u00bb4.2.1&#8243;][et_pb_row column_structure=\u00bb1_3,2_3&#8243; _builder_version=\u00bb4.4.0&#8243;][et_pb_column type=\u00bb1_3&#8243; _builder_version=\u00bb4.2.1&#8243;][et_pb_sidebar area=\u00bbet_pb_widget_area_1&#8243; _builder_version=\u00bb4.9.4&#8243; body_font=\u00bbPoppins||||||||\u00bb][\/et_pb_sidebar][\/et_pb_column][et_pb_column type=\u00bb2_3&#8243; _builder_version=\u00bb4.2.1&#8243;][et_pb_text _builder_version=\u00bb4.4.0&#8243;]<\/p>\n<h2>Sincronizaci\u00f3n de contactos de Salesforce CRM<\/h2>\n<p><strong>Agente principal: <\/strong><\/p>\n<p>Adrian \u2014 Director de Ventas y Marketing de Acme Corporation<\/p>\n<p><strong>Agente secundario:<\/strong><\/p>\n<p>Jordan\u2014 Director de Ventas y Marketing de Weyland Inc.<\/p>\n<p><strong>Problema: <\/strong><\/p>\n<p>Acme Corporation y Weyland Inc. se han asociado recientemente. Sus respectivas aplicaciones inform\u00e1ticas se actualizar\u00e1n para introducir la integraci\u00f3n entre ellas. Los departamentos de ventas y marketing de Acme y Weyland lanzar\u00e1n una campa\u00f1a de marketing para promover su asociaci\u00f3n y la integraci\u00f3n de sus productos.<\/p>\n<p>Esta campa\u00f1a de marketing requiere que ambas empresas tengan acceso para ver y editar sus contactos de Salesforce en computadoras de escritorio y tel\u00e9fonos m\u00f3viles.<\/p>\n<p><strong>Soluci\u00f3n:<\/strong><\/p>\n<p>Adrian, el director de ventas y marketing de Acme Corporation, se pregunta si el software que la asistente ejecutiva de Acme Corporation utiliza para sincronizar contactos y calendarios tambi\u00e9n se integrar\u00e1 con Salesforce. Tras investigar, descubre que CiraHub tiene un conector nativo con Salesforce.<\/p>\n<p>Adrian configura CiraHub para su departamento. Crea un Centro y un Conector utilizando el buz\u00f3n de correo compartido del departamento. Despu\u00e9s de establecer un Centro para el Departamento de Ventas de Acme, necesita a\u00f1adir el Departamento de Ventas de Weyland como un Conector. CiraHub env\u00eda una invitaci\u00f3n por correo electr\u00f3nico al buz\u00f3n compartido de Weyland Inc para participar en los Centros de contactos y calendarios. Jordan, Director de Ventas y Marketing de Weyland Inc, acepta la invitaci\u00f3n. Adrian completa la configuraci\u00f3n y habilita la sincronizaci\u00f3n bidireccional para sus Conectores.<\/p>\n<p>El uso de CiraHub permite al departamento de ventas de Acme Corporation y Weyland Inc. consolidar sus contactos de Salesforce en una subcarpeta de Outlook. Los empleados de cualquiera de los dos departamentos pueden ver y editar la base de datos combinada de contactos de clientes en su ordenador o en sus tel\u00e9fonos. Cuando la colaboraci\u00f3n llegue a su fin, ambas empresas podr\u00e1n revocar f\u00e1cilmente el acceso a sus contactos de Salesforce eliminando su Centro y su Conector. <\/p>\n<p>[\/et_pb_text][\/et_pb_column][\/et_pb_row][\/et_pb_section]<\/p>\n","protected":false},"excerpt":{"rendered":"<p>Sincronizaci\u00f3n de contactos de Salesforce CRM Agente principal: Adrian \u2014 Director de Ventas y Marketing de Acme Corporation Agente secundario: Jordan\u2014 Director de Ventas y Marketing de Weyland Inc. Problema: Acme Corporation y Weyland Inc. se han asociado recientemente. Sus respectivas aplicaciones inform\u00e1ticas se actualizar\u00e1n para introducir la integraci\u00f3n entre ellas. Los departamentos de ventas [&hellip;]<\/p>\n","protected":false},"author":3,"featured_media":0,"parent":0,"menu_order":0,"comment_status":"closed","ping_status":"closed","template":"","meta":{"_et_pb_use_builder":"on","_et_pb_old_content":"","_et_gb_content_width":"","footnotes":""},"class_list":["post-38070","page","type-page","status-publish","hentry"],"_links":{"self":[{"href":"https:\/\/cirahub.com\/es\/wp-json\/wp\/v2\/pages\/38070","targetHints":{"allow":["GET"]}}],"collection":[{"href":"https:\/\/cirahub.com\/es\/wp-json\/wp\/v2\/pages"}],"about":[{"href":"https:\/\/cirahub.com\/es\/wp-json\/wp\/v2\/types\/page"}],"author":[{"embeddable":true,"href":"https:\/\/cirahub.com\/es\/wp-json\/wp\/v2\/users\/3"}],"replies":[{"embeddable":true,"href":"https:\/\/cirahub.com\/es\/wp-json\/wp\/v2\/comments?post=38070"}],"version-history":[{"count":5,"href":"https:\/\/cirahub.com\/es\/wp-json\/wp\/v2\/pages\/38070\/revisions"}],"predecessor-version":[{"id":38078,"href":"https:\/\/cirahub.com\/es\/wp-json\/wp\/v2\/pages\/38070\/revisions\/38078"}],"wp:attachment":[{"href":"https:\/\/cirahub.com\/es\/wp-json\/wp\/v2\/media?parent=38070"}],"curies":[{"name":"wp","href":"https:\/\/api.w.org\/{rel}","templated":true}]}}