{"id":38062,"date":"2021-08-13T11:03:18","date_gmt":"2021-08-13T19:03:18","guid":{"rendered":"https:\/\/cirahub.com\/sincronizacion-de-contactos-y-calendarios-con-una-organizacion-filial-adquirida-por-la-empresa\/"},"modified":"2023-04-17T07:52:35","modified_gmt":"2023-04-17T15:52:35","slug":"sincronizacion-contactos-calendarios-filial","status":"publish","type":"page","link":"https:\/\/cirahub.com\/es\/sincronizacion-contactos-calendarios-filial\/","title":{"rendered":"Sincronizaci\u00f3n de contactos y calendarios con una organizaci\u00f3n\/filial adquirida por la empresa"},"content":{"rendered":"<p>[et_pb_section fb_built=\u00bb1&#8243; module_class=\u00bbpartner-qsg\u00bb _builder_version=\u00bb4.16&#8243; global_colors_info=\u00bb{}\u00bb][et_pb_row column_structure=\u00bb1_3,2_3&#8243; _builder_version=\u00bb4.16&#8243; global_colors_info=\u00bb{}\u00bb][et_pb_column type=\u00bb1_3&#8243; _builder_version=\u00bb4.16&#8243; global_colors_info=\u00bb{}\u00bb][et_pb_sidebar area=\u00bbet_pb_widget_area_8&#8243; _builder_version=\u00bb4.16&#8243; body_font=\u00bbPoppins||||||||\u00bb global_colors_info=\u00bb{}\u00bb][\/et_pb_sidebar][\/et_pb_column][et_pb_column type=\u00bb2_3&#8243; _builder_version=\u00bb4.16&#8243; global_colors_info=\u00bb{}\u00bb][et_pb_text _builder_version=\u00bb4.16&#8243; global_colors_info=\u00bb{}\u00bb]<\/p>\n<h2>Sincronizaci\u00f3n de contactos y calendarios con una organizaci\u00f3n\/filial adquirida por la empresa <\/h2>\n<p><strong>Agente principal:<\/strong><\/p>\n<p>Alex\u2014 Asistente Ejecutiva de Acme Corporation<\/p>\n<p><strong>Agentes secundarios:<\/strong><\/p>\n<p>Jesse\u2014 Asistente Ejecutivo de Massive Dynamic<\/p>\n<p>CEO de Acme Corporation<\/p>\n<p>CEO de Massive Dynamic<\/p>\n<p><strong>Problema:<\/strong><\/p>\n<p>Acme Corporation adquiere Massive Dynamic como filial. Alex, la asistente ejecutiva de Acme Corporation, y Jesse, el asistente ejecutivo de Massive Dynamic, necesitan poder ver y gestionar la agenda de direcciones y el calendario de los directores generales de Acme Corporation y Massive Dynamic. Sin embargo, ambas empresas pertenecen a diferentes inquilinos de Microsoft.<\/p>\n<p><strong>Soluci\u00f3n: <\/strong><\/p>\n<p>Como Alex ya tiene un Centro para la Acme Corporation, env\u00eda una invitaci\u00f3n por correo electr\u00f3nico a trav\u00e9s de CiraHub a Jesse, el asistente ejecutivo de Massive Dynamic, y al CEO de Massive Dynamic.<\/p>\n<p>Una vez que han aceptado la invitaci\u00f3n por correo electr\u00f3nico, Alex configura sus Centros para permitir la sincronizaci\u00f3n bidireccional de los Centros de contactos y calendarios de la Acme Corporation.<\/p>\n<p>CiraHub permite a Alex y Jesse gestionar de forma centralizada la libreta de direcciones y el calendario de la empresa combinados en su Outlook y en su tel\u00e9fono m\u00f3vil. Podr\u00e1n a\u00f1adir, eliminar y editar contactos en la libreta de direcciones y programar reuniones y citas en nombre de sus directores generales, aunque sean de empresas diferentes.<\/p>\n<p>[\/et_pb_text][\/et_pb_column][\/et_pb_row][\/et_pb_section]<\/p>\n","protected":false},"excerpt":{"rendered":"<p>Sincronizaci\u00f3n de contactos y calendarios con una organizaci\u00f3n\/filial adquirida por la empresa Agente principal: Alex\u2014 Asistente Ejecutiva de Acme Corporation Agentes secundarios: Jesse\u2014 Asistente Ejecutivo de Massive Dynamic CEO de Acme Corporation CEO de Massive Dynamic Problema: Acme Corporation adquiere Massive Dynamic como filial. Alex, la asistente ejecutiva de Acme Corporation, y Jesse, el asistente [&hellip;]<\/p>\n","protected":false},"author":3,"featured_media":0,"parent":0,"menu_order":0,"comment_status":"closed","ping_status":"closed","template":"","meta":{"_et_pb_use_builder":"on","_et_pb_old_content":"","_et_gb_content_width":"","footnotes":""},"class_list":["post-38062","page","type-page","status-publish","hentry"],"_links":{"self":[{"href":"https:\/\/cirahub.com\/es\/wp-json\/wp\/v2\/pages\/38062","targetHints":{"allow":["GET"]}}],"collection":[{"href":"https:\/\/cirahub.com\/es\/wp-json\/wp\/v2\/pages"}],"about":[{"href":"https:\/\/cirahub.com\/es\/wp-json\/wp\/v2\/types\/page"}],"author":[{"embeddable":true,"href":"https:\/\/cirahub.com\/es\/wp-json\/wp\/v2\/users\/3"}],"replies":[{"embeddable":true,"href":"https:\/\/cirahub.com\/es\/wp-json\/wp\/v2\/comments?post=38062"}],"version-history":[{"count":8,"href":"https:\/\/cirahub.com\/es\/wp-json\/wp\/v2\/pages\/38062\/revisions"}],"predecessor-version":[{"id":47551,"href":"https:\/\/cirahub.com\/es\/wp-json\/wp\/v2\/pages\/38062\/revisions\/47551"}],"wp:attachment":[{"href":"https:\/\/cirahub.com\/es\/wp-json\/wp\/v2\/media?parent=38062"}],"curies":[{"name":"wp","href":"https:\/\/api.w.org\/{rel}","templated":true}]}}