{"id":38059,"date":"2021-08-13T10:39:17","date_gmt":"2021-08-13T18:39:17","guid":{"rendered":"https:\/\/cirahub.com\/sincronizacion-de-contactos-entre-colegas\/"},"modified":"2021-08-13T10:39:20","modified_gmt":"2021-08-13T18:39:20","slug":"sincronizacion-de-contactos-entre-colegas","status":"publish","type":"page","link":"https:\/\/cirahub.com\/es\/sincronizacion-de-contactos-entre-colegas\/","title":{"rendered":"Sincronizaci\u00f3n de contactos entre colegas"},"content":{"rendered":"<p>[et_pb_section fb_built=\u00bb1&#8243; module_class=\u00bbpartner-qsg\u00bb _builder_version=\u00bb4.2.1&#8243;][et_pb_row column_structure=\u00bb1_3,2_3&#8243; _builder_version=\u00bb4.4.0&#8243;][et_pb_column type=\u00bb1_3&#8243; _builder_version=\u00bb4.2.1&#8243;][et_pb_sidebar area=\u00bbet_pb_widget_area_1&#8243; _builder_version=\u00bb4.9.4&#8243; body_font=\u00bbPoppins||||||||\u00bb hover_enabled=\u00bb0&#8243; sticky_enabled=\u00bb0&#8243;][\/et_pb_sidebar][\/et_pb_column][et_pb_column type=\u00bb2_3&#8243; _builder_version=\u00bb4.2.1&#8243;][et_pb_text _builder_version=\u00bb4.4.0&#8243;]<\/p>\n<h2>Sincronizaci\u00f3n de contactos entre colegas<\/h2>\n<p><strong>Agente principal: <\/strong><\/p>\n<p>Riley &#8211; Una directora de proyectos de la empresa de construcci\u00f3n RDA.<\/p>\n<p><strong>Agente secundario:<\/strong><\/p>\n<p>Equipo de gesti\u00f3n de proyectos de construcci\u00f3n<\/p>\n<p><strong>Problema:<\/strong><\/p>\n<p>Un equipo de RDA Construction recibe el encargo de gestionar las grandes reformas de la oficina principal de una empresa tecnol\u00f3gica multimillonaria. Este proyecto requiere una amplia colaboraci\u00f3n del personal de RDA y del cliente.<\/p>\n<p>La gesti\u00f3n de las construcciones requiere una amplia comunicaci\u00f3n interna y externa. Poder ver y gestionar los contactos es importante. Esto es especialmente cierto en una industria de ritmo r\u00e1pido en la que el contacto constante con los miembros del equipo, los clientes, los contratistas y los empleados del gobierno es una necesidad para que el trabajo avance. Para poder entregar con \u00e9xito un trabajo de alta calidad a tiempo, el equipo de RDA Construction necesita poder gestionar sus contactos en cualquier momento y lugar.<\/p>\n<p>Riley tiene la informaci\u00f3n de contacto que su equipo necesita en una carpeta p\u00fablica en su buz\u00f3n. Sin embargo, necesita una forma de compartir esta carpeta con su equipo y permitirles editarla en tiempo real.<\/p>\n<p><strong>Soluci\u00f3n: <\/strong><\/p>\n<p>Riley, la directora del proyecto, ya est\u00e1 utilizando CiraHub para sincronizar el calendario del equipo. Investigando un poco, descubre que CiraHub tambi\u00e9n sincroniza los contactos. Riley crea un Centro de contactos. A continuaci\u00f3n, CiraHub env\u00eda una invitaci\u00f3n por correo electr\u00f3nico al equipo de Riley para que participe en el Centro. Tras aceptar la invitaci\u00f3n, Riley finaliza la configuraci\u00f3n de los Conectores para su equipo y activa la sincronizaci\u00f3n bidireccional.<\/p>\n<p>Con CiraHub completamente configurado, Riley y su equipo pueden gestionar de forma centralizada sus listas de contactos y calendarios en Outlook y en los tel\u00e9fonos m\u00f3viles. El equipo puede a\u00f1adir, eliminar y editar contactos en sus libretas de direcciones. Esto les permite gestionar los contactos del personal implicado en el proyecto. Adem\u00e1s, el equipo conf\u00eda en poder contactar con quien sea necesario en cualquier momento.<\/p>\n<p><a href=\"https:\/\/cirahub.com\/es\/sincronizacion-contactos-de-salesforce-crm\/\" class=\"next-post\">Art\u00edculo siguiente: Sincronizaci\u00f3n de contactos de Salesforce CRM<\/a>[\/et_pb_text][\/et_pb_column][\/et_pb_row][\/et_pb_section]<\/p>\n","protected":false},"excerpt":{"rendered":"<p>Sincronizaci\u00f3n de contactos entre colegas Agente principal: Riley &#8211; Una directora de proyectos de la empresa de construcci\u00f3n RDA. Agente secundario: Equipo de gesti\u00f3n de proyectos de construcci\u00f3n Problema: Un equipo de RDA Construction recibe el encargo de gestionar las grandes reformas de la oficina principal de una empresa tecnol\u00f3gica multimillonaria. Este proyecto requiere una [&hellip;]<\/p>\n","protected":false},"author":3,"featured_media":0,"parent":0,"menu_order":0,"comment_status":"closed","ping_status":"closed","template":"","meta":{"_et_pb_use_builder":"on","_et_pb_old_content":"","_et_gb_content_width":"","footnotes":""},"class_list":["post-38059","page","type-page","status-publish","hentry"],"_links":{"self":[{"href":"https:\/\/cirahub.com\/es\/wp-json\/wp\/v2\/pages\/38059","targetHints":{"allow":["GET"]}}],"collection":[{"href":"https:\/\/cirahub.com\/es\/wp-json\/wp\/v2\/pages"}],"about":[{"href":"https:\/\/cirahub.com\/es\/wp-json\/wp\/v2\/types\/page"}],"author":[{"embeddable":true,"href":"https:\/\/cirahub.com\/es\/wp-json\/wp\/v2\/users\/3"}],"replies":[{"embeddable":true,"href":"https:\/\/cirahub.com\/es\/wp-json\/wp\/v2\/comments?post=38059"}],"version-history":[{"count":2,"href":"https:\/\/cirahub.com\/es\/wp-json\/wp\/v2\/pages\/38059\/revisions"}],"predecessor-version":[{"id":38061,"href":"https:\/\/cirahub.com\/es\/wp-json\/wp\/v2\/pages\/38059\/revisions\/38061"}],"wp:attachment":[{"href":"https:\/\/cirahub.com\/es\/wp-json\/wp\/v2\/media?parent=38059"}],"curies":[{"name":"wp","href":"https:\/\/api.w.org\/{rel}","templated":true}]}}