{"id":38039,"date":"2021-08-10T11:54:20","date_gmt":"2021-08-10T19:54:20","guid":{"rendered":"https:\/\/cirahub.com\/fijar-un-conector-spoke-a-un-centro-hub\/"},"modified":"2021-10-26T13:00:15","modified_gmt":"2021-10-26T21:00:15","slug":"fijar-un-conector-a-un-centro","status":"publish","type":"page","link":"https:\/\/cirahub.com\/es\/fijar-un-conector-a-un-centro\/","title":{"rendered":"Fijar un Conector (spoke) a un Centro (hub)"},"content":{"rendered":"<p>[et_pb_section fb_built=\u00bb1&#8243; module_id=\u00bbtrynowTabs\u00bb _builder_version=\u00bb3.29.2&#8243; custom_padding=\u00bb10px||0px||false|false\u00bb custom_css_main_element=\u00bbborder-bottom:1px solid #ebeaeb;\u00bb global_colors_info=\u00bb{}\u00bb][et_pb_row column_structure=\u00bb1_2,1_2&#8243; _builder_version=\u00bb4.6.0&#8243; custom_padding=\u00bb||0px||false|false\u00bb global_colors_info=\u00bb{}\u00bb][et_pb_column type=\u00bb1_2&#8243; module_class=\u00bbhover-blue\u00bb _builder_version=\u00bb4.6.0&#8243; link_option_url=\u00bbhttps:\/\/cirahub.com\/integraci\u00f3n\/\u00bb global_colors_info=\u00bb{}\u00bb][et_pb_text _builder_version=\u00bb4.11.2&#8243; hover_enabled=\u00bb0&#8243; global_colors_info=\u00bb{}\u00bb sticky_enabled=\u00bb0&#8243;]<\/p>\n<h6 style=\"text-align: center;\"><a href=\"https:\/\/cirahub.com\/es\/integracion-con-cirahub\/\">Integraci\u00f3n con CiraHub<\/a><\/h6>\n<p>[\/et_pb_text][\/et_pb_column][et_pb_column type=\u00bb1_2&#8243; _builder_version=\u00bb4.6.0&#8243; link_option_url=\u00bbhttps:\/\/cirahub.com\/fijar-Conector-a-Centro\/\u00bb custom_css_main_element=\u00bbborder-bottom:2px solid #1c80cc;\u00bb global_colors_info=\u00bb{}\u00bb][et_pb_text _builder_version=\u00bb4.6.0&#8243; header_6_text_color=\u00bb#1d80cc\u00bb global_colors_info=\u00bb{}\u00bb]<\/p>\n<h6 style=\"text-align: center;\">Fijar un Conector (spoke) a un Centro (hub)<\/h6>\n<p>[\/et_pb_text][\/et_pb_column][\/et_pb_row][\/et_pb_section][et_pb_section fb_built=\u00bb1&#8243; module_id=\u00bbimg-border\u00bb _builder_version=\u00bb4.6.5&#8243; _module_preset=\u00bbdefault\u00bb global_colors_info=\u00bb{}\u00bb][et_pb_row _builder_version=\u00bb4.6.0&#8243; _module_preset=\u00bbdefault\u00bb global_colors_info=\u00bb{}\u00bb][et_pb_column type=\u00bb4_4&#8243; _builder_version=\u00bb4.6.0&#8243; _module_preset=\u00bbdefault\u00bb global_colors_info=\u00bb{}\u00bb][et_pb_text _builder_version=\u00bb4.6.5&#8243; _module_preset=\u00bbdefault\u00bb global_colors_info=\u00bb{}\u00bb]<\/p>\n<p>Un Conector es un punto final de datos utilizado por el Centro para extraer datos y enviarlos. Al crear un Centro, se crea autom\u00e1ticamente un Conector para representar el punto final de datos que el Centro utiliza para extraer los datos iniciales.<\/p>\n<p>Esta gu\u00eda muestra c\u00f3mo unir un Conector a un Centro.<\/p>\n<p>&nbsp;<\/p>\n<h2><span class=\"ez-toc-section\" id=\"Instrucciones\"><\/span>Instrucciones<span class=\"ez-toc-section-end\"><\/span><\/h2>\n<h3><span class=\"ez-toc-section\" id=\"Creacion_del_Conector_y_envio_de_la_invitacion_de_CiraHub\"><\/span>Creaci\u00f3n del Conector y env\u00edo de la invitaci\u00f3n de CiraHub<span class=\"ez-toc-section-end\"><\/span><\/h3>\n<ol>\n<li>Haga clic en <strong>+ A\u00f1adir Conector<\/strong> en la esquina superior derecha del panel de control. <div class='et-box et-info'>\n\t\t\t\t\t<div class='et-box-content'><strong>NOTA:<\/strong> Si est\u00e1 en la <strong>vista de lista<\/strong>, haga clic en <strong>+ A\u00f1adir Conector<\/strong> en la esquina superior derecha del panel del centro deseado para empezar a a\u00f1adir un Conector.<\/div><\/div> Aparecer\u00e1 la opci\u00f3n de <strong>seleccionar el tipo de fuente de su Conector.<\/strong> (Vea la imagen a continuaci\u00f3n).<img decoding=\"async\" src=\"\/wp-content\/uploads\/2020\/10\/Attach-Contact-Spoke-Select-Source-Type.png\"><\/li>\n<li>En este ejemplo, haga clic en <strong>Buz\u00f3n de usuario.<\/strong> <\/li>\n<li>Haga clic en <strong>SIGUIENTE<\/strong>. Aparecer\u00e1 la opci\u00f3n de <strong>seleccionar la carpeta del buz\u00f3n que desea sincronizar.<\/strong> (Vea la imagen a continuaci\u00f3n).<img decoding=\"async\" src=\"\/wp-content\/uploads\/2020\/10\/Attach-a-Spoke-Select-Mailbox-Folder-to-Sync.png\"><\/li>\n<li>Seleccione el buz\u00f3n del usuario deseado para a\u00f1adirlo como Conector. <div class='et-box et-info'>\n\t\t\t\t\t<div class='et-box-content'><strong>NOTA:<\/strong> CiraHub leer\u00e1 autom\u00e1ticamente los permisos de acceso al buz\u00f3n. Si no tiene permiso para acceder al buz\u00f3n del usuario deseado, aparecer\u00e1 lo siguiente. (Vea la imagen a continuaci\u00f3n).<\/div><\/div><img decoding=\"async\" src=\"\/wp-content\/uploads\/2020\/10\/Attach-Spoke-Mailbox-Send-Invite.png\"><\/li>\n<li>Haga clic en <strong><strong>Invitar.<\/strong><\/strong><div class='et-box et-info'>\n\t\t\t\t\t<div class='et-box-content'><strong>NOTA:<\/strong> Si tiene acceso al buz\u00f3n deseado, siga los <strong>pasos 6 a 9<\/strong> de <strong><a href=\"https:\/\/cirahub.com\/es\/integracion-con-cirahub\/\">Incorporaci\u00f3n a CiraHub<\/a>.<\/strong><\/div><\/div> Se le llevar\u00e1 a <strong>Escribir los nombres de los Conectores y hacer clic en CREAR.<\/strong><\/li>\n<li>Nombre el Conector.<\/li>\n<li>Haga clic en CREAR.<strong> <\/strong><div class='et-box et-info'>\n\t\t\t\t\t<div class='et-box-content'><strong>NOTA: <\/strong>Haga clic en <strong>Permitir que el invitado especifique la carpeta<\/strong>, si desea permitir que el invitado finalice la configuraci\u00f3n del Conector.<\/div><\/div> Aparecer\u00e1 el panel de control de CiraHub.<\/li>\n<\/ol>\n<h3><span class=\"ez-toc-section\" id=\"Aceptacion_de_la_invitacion_y_finalizacion_de_la_configuracion_del_Conector\"><\/span>Aceptaci\u00f3n de la invitaci\u00f3n y finalizaci\u00f3n de la configuraci\u00f3n del Conector<span class=\"ez-toc-section-end\"><\/span><\/h3>\n<div class='et-box et-info'>\n\t\t\t\t\t<div class='et-box-content'><strong>NOTA:<\/strong> Los pasos 1-4 deben ser completados por el invitado.<\/div><\/div>\n<ol>\n<li>El invitado acepta la invitaci\u00f3n por correo electr\u00f3nico.<\/li>\n<li>El invitado se conectar\u00e1 a CiraHub. Aparecer\u00e1 la invitaci\u00f3n de CiraHub. (Vea la imagen a continuaci\u00f3n).<img decoding=\"async\" src=\"\/wp-content\/uploads\/2020\/10\/Attach-a-Spoke-CiraHub-Invite.png\"><\/li>\n<li>El invitado har\u00e1 clic en <strong>ACEPTAR<\/strong>. Aparecer\u00e1 un mensaje de agradecimiento.<\/li>\n<li>El invitado har\u00e1 clic en <strong> CERRAR. <\/strong><div class='et-box et-info'>\n\t\t\t\t\t<div class='et-box-content'><strong>NOTA:<\/strong> A partir del paso 5, el usuario que envi\u00f3 la invitaci\u00f3n se encargar\u00e1 de la configuraci\u00f3n del Conector.<\/div><\/div><div class='et-box et-info'>\n\t\t\t\t\t<div class='et-box-content'><strong>NOTA: <\/strong>Si en el <strong>paso 9<\/strong> de <b>Crear el Conector y enviar la invitaci\u00f3n<\/b>, se marc\u00f3 la casilla Permitir al invitado especificar la carpeta, el invitado se encargar\u00e1 de completar la configuraci\u00f3n del Conector<strong>.<\/strong><\/div><\/div><\/li>\n<li> Actualice el panel de control.<\/li>\n<li>Haga clic en <strong>Completar la aceptaci\u00f3n de la invitaci\u00f3n<\/strong> en la lista de la parte inferior del panel. Aparecer\u00e1 la opci\u00f3n de <strong>seleccionar la carpeta del buz\u00f3n que desea sincronizar.<\/strong> (Vea la imagen a continuaci\u00f3n).<img decoding=\"async\" src=\"\/wp-content\/uploads\/2020\/10\/Attach-a-Spoke-Select-Mailbox-Folder-Invite.png\"><\/li>\n<li>Selecciona la carpeta del buz\u00f3n en la que quiere sincronizar los datos del Centro. <div class='et-box et-info'>\n\t\t\t\t\t<div class='et-box-content'><strong>NOTA:<\/strong> Haga clic en la flecha situada junto a la carpeta del buz\u00f3n ra\u00edz que desee para ampliar la carpeta. Esto mostrar\u00e1 todas las subcarpetas dentro de la carpeta ra\u00edz del buz\u00f3n. Tambi\u00e9n puede pasar el rat\u00f3n junto a una carpeta ra\u00edz del buz\u00f3n y hacer clic en el signo <strong>+ <\/strong>para crear una subcarpeta.<\/div><\/div><\/li>\n<li>Haga clic en <strong>SIGUIENTE<\/strong>. Se le llevar\u00e1 a <strong>Escribir los nombres de los Conector y hacer clic en CREAR.<\/strong> <\/li>\n<li>Haga clic en <strong>GUARDAR<\/strong>. Acceder\u00e1 al panel de control de CiraHub. (Vea la imagen a continuaci\u00f3n).<img decoding=\"async\" src=\"\/wp-content\/uploads\/2020\/10\/Attach-a-Spoke-CiraHub-Dash.png\"><\/li>\n<li>Haz clic en <strong>Activar<\/strong>bajo el icono de <strong>Sincronizaci\u00f3n<\/strong>en el Conector que acaba de ser conectado al Centro. <div class='et-box et-info'>\n\t\t\t\t\t<div class='et-box-content'><strong>NOTA:<\/strong> Tambi\u00e9n puede hacer clic en <strong><strong>Activar<\/strong><span style=\"font-weight: 500;\">en la lista de la parte inferior del panel<\/span>.<\/strong><\/div><\/div><div class='et-box et-info'>\n\t\t\t\t\t<div class='et-box-content'><strong>NOTA:<\/strong> En la vista de lista, haga clic en <strong>Activar<\/strong>bajo la columna de <strong>Sincronizaci\u00f3n<\/strong>.<\/div><\/div><img decoding=\"async\" src=\"\/wp-content\/uploads\/2020\/10\/Attacch-a-Spoke-Sync-Options-Invite.png\"><\/li>\n<li> Haga clic en la casilla de verificaci\u00f3n <strong>Permitir que el Centro cree y sincronice elementos en este Conector<\/strong> para activar la sincronizaci\u00f3n bidireccional. <div class='et-box et-info'>\n\t\t\t\t\t<div class='et-box-content'><strong>NOTA<\/strong>: Haga clic en <strong>Avanzado<\/strong>para a\u00f1adir filtros de sincronizaci\u00f3n a este Conector.<\/div><\/div><\/li>\n<li> Haga clic en <strong>GUARDAR<\/strong>. <\/li>\n<\/ol>\n<p>[\/et_pb_text][\/et_pb_column][\/et_pb_row][\/et_pb_section][et_pb_section fb_built=\u00bb1&#8243; admin_label=\u00bbCTA\u00bb _builder_version=\u00bb4.9.4&#8243; _module_preset=\u00bbdefault\u00bb background_color=\u00bb#4f59b3&#8243; background_image=\u00bbhttps:\/\/cirahub.com\/wp-content\/uploads\/2021\/05\/hub-cta-block-bg.jpg\u00bb background_size=\u00bbinitial\u00bb background_position=\u00bbtop_right\u00bb custom_margin=\u00bb||30px|||\u00bb custom_padding=\u00bb30px||28px|||\u00bb saved_tabs=\u00bball\u00bb global_colors_info=\u00bb{}\u00bb][et_pb_row module_id=\u00bbGetAtaste\u00bb _builder_version=\u00bb4.9.4&#8243; _module_preset=\u00bbdefault\u00bb global_colors_info=\u00bb{}\u00bb][et_pb_column type=\u00bb4_4&#8243; _builder_version=\u00bb4.6.5&#8243; _module_preset=\u00bbdefault\u00bb global_colors_info=\u00bb{}\u00bb][et_pb_text _builder_version=\u00bb4.9.4&#8243; _module_preset=\u00bbdefault\u00bb header_text_align=\u00bbcenter\u00bb background_enable_color=\u00bboff\u00bb background_enable_image=\u00bboff\u00bb background_size=\u00bbcontain\u00bb background_position=\u00bbtop_right\u00bb text_orientation=\u00bbcenter\u00bb background_layout=\u00bbdark\u00bb custom_padding=\u00bb||34px|||\u00bb global_colors_info=\u00bb{}\u00bb]<\/p>\n<h1 style=\"font-size: 36px;\"><span class=\"ez-toc-section\" id=\"Pruebe_la_sincronizacion_bidireccional_Pruebe_CiraHub_hoy_mismo\"><\/span>Pruebe la sincronizaci\u00f3n bidireccional. Pruebe CiraHub hoy mismo.<span class=\"ez-toc-section-end\"><\/span><\/h1>\n<p style=\"font-size: 14px;\">Todo lo que pueda imaginar con CiraHub Spokes (Conectores) y Hubs (Centros) ilimitados gratis durante 10 d\u00edas. Empiece hoy mismo.<\/p>\n<div class=\"cta-buttons\">\n    <a id=\"hero-cta\" class=\"et_pb_button et_pb_button_0 try et_pb_bg_layout_dark\" href=\"https:\/\/cirahub.com\/es\/comenzar\/\">Pru\u00e9belo gratis<\/a><br \/>\n    <a id=\"hero-cta\" class=\"et_pb_button et_pb_button_0 try et_pb_bg_layout_dark\" href=\"https:\/\/cirahub.com\/es\/preguntas-frecuentes\/\">M\u00e1s informaci\u00f3n sobre CiraHub<\/a>\n<\/div>\n<p>[\/et_pb_text][\/et_pb_column][\/et_pb_row][\/et_pb_section]<\/p>\n","protected":false},"excerpt":{"rendered":"<p>Integraci\u00f3n con CiraHub Fijar un Conector (spoke) a un Centro (hub)Un Conector es un punto final de datos utilizado por el Centro para extraer datos y enviarlos. Al crear un Centro, se crea autom\u00e1ticamente un Conector para representar el punto final de datos que el Centro utiliza para extraer los datos iniciales. Esta gu\u00eda muestra [&hellip;]<\/p>\n","protected":false},"author":3,"featured_media":0,"parent":0,"menu_order":0,"comment_status":"closed","ping_status":"closed","template":"","meta":{"_et_pb_use_builder":"on","_et_pb_old_content":"","_et_gb_content_width":"","footnotes":""},"class_list":["post-38039","page","type-page","status-publish","hentry"],"_links":{"self":[{"href":"https:\/\/cirahub.com\/es\/wp-json\/wp\/v2\/pages\/38039","targetHints":{"allow":["GET"]}}],"collection":[{"href":"https:\/\/cirahub.com\/es\/wp-json\/wp\/v2\/pages"}],"about":[{"href":"https:\/\/cirahub.com\/es\/wp-json\/wp\/v2\/types\/page"}],"author":[{"embeddable":true,"href":"https:\/\/cirahub.com\/es\/wp-json\/wp\/v2\/users\/3"}],"replies":[{"embeddable":true,"href":"https:\/\/cirahub.com\/es\/wp-json\/wp\/v2\/comments?post=38039"}],"version-history":[{"count":6,"href":"https:\/\/cirahub.com\/es\/wp-json\/wp\/v2\/pages\/38039\/revisions"}],"predecessor-version":[{"id":38353,"href":"https:\/\/cirahub.com\/es\/wp-json\/wp\/v2\/pages\/38039\/revisions\/38353"}],"wp:attachment":[{"href":"https:\/\/cirahub.com\/es\/wp-json\/wp\/v2\/media?parent=38039"}],"curies":[{"name":"wp","href":"https:\/\/api.w.org\/{rel}","templated":true}]}}