{"id":38028,"date":"2021-08-09T07:06:54","date_gmt":"2021-08-09T15:06:54","guid":{"rendered":"https:\/\/cirahub.com\/ficha-tecnica\/"},"modified":"2023-09-28T11:12:29","modified_gmt":"2023-09-28T19:12:29","slug":"ficha-tecnica","status":"publish","type":"page","link":"https:\/\/cirahub.com\/es\/ficha-tecnica\/","title":{"rendered":"Ficha t\u00e9cnica"},"content":{"rendered":"<p>[et_pb_section fb_built=\u00bb1&#8243; _builder_version=\u00bb4.16&#8243; global_colors_info=\u00bb{}\u00bb][et_pb_row column_structure=\u00bb1_3,2_3&#8243; _builder_version=\u00bb4.16&#8243; global_colors_info=\u00bb{}\u00bb][et_pb_column type=\u00bb1_3&#8243; _builder_version=\u00bb4.16&#8243; global_colors_info=\u00bb{}\u00bb][et_pb_accordion _builder_version=\u00bb4.21.0&#8243; _module_preset=\u00bbdefault\u00bb hover_enabled=\u00bb0&#8243; global_colors_info=\u00bb{}\u00bb sticky_enabled=\u00bb0&#8243;][et_pb_accordion_item title=\u00bbToggle\u00bb open=\u00bbon\u00bb _builder_version=\u00bb4.16&#8243; _module_preset=\u00bbdefault\u00bb custom_css_main_element=\u00bbdisplay: none;\u00bb global_colors_info=\u00bb{}\u00bb][\/et_pb_accordion_item][et_pb_accordion_item title=\u00bbCaracter\u00edsticas\u00bb _builder_version=\u00bb4.21.0&#8243; _module_preset=\u00bbdefault\u00bb hover_enabled=\u00bb0&#8243; global_colors_info=\u00bb{}\u00bb open=\u00bboff\u00bb sticky_enabled=\u00bb0&#8243;]<\/p>\n<ul>\n<li>Sincroniza autom\u00e1ticamente m\u00e1s de 25 000 contactos y calendarios compartidos en Microsoft 365, servidores Exchange locales y carpetas p\u00fablicas.<\/li>\n<li>Sincroniza los contactos entre varias organizaciones con la Sincronizaci\u00f3n GAL a GAL.<\/li>\n<li>Sincronizaci\u00f3n bidireccional que permite la gesti\u00f3n de contactos y calendarios en los tel\u00e9fonos m\u00f3viles.<\/li>\n<li>Integraci\u00f3n nativa con CRM. (por ejemplo, Salesforce y Active Campaign).<\/li>\n<\/ul>\n<p>[\/et_pb_accordion_item][et_pb_accordion_item title=\u00bbPr\u00f3ximas funciones\u00bb _builder_version=\u00bb4.16&#8243; _module_preset=\u00bbdefault\u00bb global_colors_info=\u00bb{}\u00bb open=\u00bboff\u00bb]<\/p>\n<p>En futuras actualizaciones, CiraHub se integrar\u00e1 con las siguientes aplicaciones:<\/p>\n<ul>\n<li style=\"list-style-type: none;\">\n<ul>\n<li>SharePoint y Dynamics CRM<\/li>\n<li>Otras aplicaciones fuera del ecosistema de Microsoft<\/li>\n<li>CRMs como Zoho<\/li>\n<\/ul>\n<\/li>\n<\/ul>\n<p>[\/et_pb_accordion_item][et_pb_accordion_item title=\u00bbEspecificaciones t\u00e9cnicas \u00bb _builder_version=\u00bb4.21.0&#8243; _module_preset=\u00bbdefault\u00bb hover_enabled=\u00bb0&#8243; global_colors_info=\u00bb{}\u00bb open=\u00bboff\u00bb sticky_enabled=\u00bb0&#8243;]<\/p>\n<ul>\n<li>Un buz\u00f3n de correo en Microsoft 365 o Exchange local.<\/li>\n<\/ul>\n<p>[\/et_pb_accordion_item][et_pb_accordion_item title=\u00bbProductos relacionados\u00bb _builder_version=\u00bb4.21.0&#8243; _module_preset=\u00bbdefault\u00bb hover_enabled=\u00bb0&#8243; global_colors_info=\u00bb{}\u00bb open=\u00bboff\u00bb sticky_enabled=\u00bb0&#8243;]<\/p>\n<ul>\n<li style=\"list-style-type: none;\">\n<ul>\n<li><strong><a href=\"https:\/\/CiraSync.com\">CiraSync \u2014<\/a><\/strong> CiraSync es una soluci\u00f3n de sincronizaci\u00f3n de uno a muchos para contactos, calendarios y notas compartidas para empresas que utilizan Microsoft 365.<\/li>\n<\/ul>\n<ul>\n<li><strong>CiraSync Carpetas P\u00fablicas de Microsoft 365-<\/strong> Disponible en Apple App y Google Play Stores, CiraSync Public Folders Microsoft 365 es una aplicaci\u00f3n m\u00f3vil que permite a los usuarios ver y editar las carpetas p\u00fablicas asociadas a su tenencia de Microsoft 365.<\/li>\n<\/ul>\n<ul>\n<li><strong><a href=\"http:\/\/itrezzo.com\/solutions\/unified-contact-management-solution\/\">itrezzo UCM<\/a><\/strong>\u2014 Este es el producto estrella de nuestra empresa hermana itrezzo. itrezzo UCM es una soluci\u00f3n inform\u00e1tica para organizaciones que operan en el entorno de Microsoft Exchange que sincroniza los contactos y calendarios compartidos con dispositivos inteligentes.<\/li>\n<\/ul>\n<\/li>\n<\/ul>\n<p>[\/et_pb_accordion_item][\/et_pb_accordion][\/et_pb_column][et_pb_column type=\u00bb2_3&#8243; _builder_version=\u00bb4.16&#8243; global_colors_info=\u00bb{}\u00bb][et_pb_text _builder_version=\u00bb4.16&#8243; _module_preset=\u00bbdefault\u00bb global_colors_info=\u00bb{}\u00bb]<\/p>\n<h2><span class=\"ez-toc-section\" id=\"Ficha_tecnica_de_CiraHub\"><\/span>Ficha t\u00e9cnica de CiraHub<span class=\"ez-toc-section-end\"><\/span><\/h2>\n<p>CiraHub es una plataforma unidireccional, bidireccional y multidireccional que sincroniza contactos compartidos, calendarios, contenidos de carpetas p\u00fablicas y CRM para organizaciones que ejecutan Microsoft 365, Exchange Server, Google y otras aplicaciones empresariales.<\/p>\n<p>CiraHub le ahorra a las organizaciones un valioso tiempo y dinero al eliminar el ajetreado trabajo de mantener los contactos y calendarios sincronizados entre diversas aplicaciones.<\/p>\n<p>Este producto es actualmente compatible con Salesforce, Hubspot y ActiveCampaign; las futuras actualizaciones soportar\u00e1n otras organizaciones que utilicen software de gesti\u00f3n de calendarios y contactos fuera del ecosistema de Microsoft.<\/p>\n<h3><span class=\"ez-toc-section\" id=\"Beneficios\"><\/span>Beneficios<span class=\"ez-toc-section-end\"><\/span><\/h3>\n<p>Los departamentos de IT se benefician enormemente de CiraHub. Su dise\u00f1o intuitivo hace que sea f\u00e1cil de usar y gestionar para los empleados sin conocimientos o experiencia en inform\u00e1tica. Poner la responsabilidad de gestionar los contactos y calendarios de la empresa en manos de personas no expertas en inform\u00e1tica permite al personal de IT centrar su atenci\u00f3n en otros proyectos de alta prioridad.<\/p>\n<p>CiraHub pone en marcha la productividad de los empleados haciendo que varios contactos o calendarios sean accesibles y manejables en la oficina o sobre la marcha. Esto es \u00fatil para el siguiente personal y m\u00e1s:<\/p>\n<ul>\n<li style=\"list-style-type: none;\">\n<ul>\n<li><strong>Los asistentes ejecutivos<\/strong> pueden gestionar la libreta de direcciones y los calendarios de su director general.<\/li>\n<li><strong>Los empleados<\/strong> pueden colaborar eficazmente con sus colegas de diferentes departamentos u organizaciones permiti\u00e9ndoles consolidar y compartir contactos y calendarios para utilizarlos como un \u00fanico recurso<\/li>\n<li><strong>Los profesionales de las ventas y el marketing<\/strong> pueden realizar sincronizaciones multidireccionales entre los sistemas CRM, Google, Outlook y Microsoft 365<\/li>\n<li><strong>Los administradores de IT<\/strong> pueden sincronizar las Listas Globales de Direcciones de varios inquilinos de Microsoft 365<\/li>\n<\/ul>\n<\/li>\n<\/ul>\n<h3><span class=\"ez-toc-section\" id=\"%C2%BFComo_funciona\"><\/span>\u00bfC\u00f3mo funciona?<span class=\"ez-toc-section-end\"><\/span><\/h3>\n<p>La funcionalidad de CiraHub puede describirse conceptualmente como una plataforma que sincroniza contactos y calendarios utilizando una arquitectura de tipo centro y conectores (Hub-and-Spoke)<\/p>\n<p>Los conectores son endpoints de datos que representan un buz\u00f3n de usuario, una carpeta espec\u00edfica, una carpeta p\u00fablica o un CRM. Los endpoints de datos est\u00e1n conectados a un dep\u00f3sito central de datos llamado centro. Cuando un usuario edita los datos de un conector, el centro procesa estos cambios como solicitudes y los sincroniza con los otros conectores.<\/p>\n<h3><span class=\"ez-toc-section\" id=\"Seguridad\"><\/span>Seguridad<span class=\"ez-toc-section-end\"><\/span><\/h3>\n<ul>\n<li style=\"list-style-type: none;\">\n<ul>\n<li>Utiliza el modelo de seguridad de consentimiento de Azure<\/li>\n<li>Utiliza la B\u00f3veda de Claves de Seguridad de Azure en situaciones en las que no es posible el consentimiento de Azure<\/li>\n<li>Admite la autenticaci\u00f3n multifactorial<\/li>\n<\/ul>\n<\/li>\n<\/ul>\n<p>Para saber m\u00e1s sobre las medidas de seguridad que toma Cira Apps Ltd. para garantizar la seguridad de los datos de nuestros usuarios, consulte <a href=\"https:\/\/cirahub.com\/es\/seguridad-de-cirahub\/\">Seguridad en CiraHub.<\/a><\/p>\n<p>&nbsp;<\/p>\n<p>[\/et_pb_text][\/et_pb_column][\/et_pb_row][\/et_pb_section]<\/p>\n","protected":false},"excerpt":{"rendered":"<p>Sincroniza autom\u00e1ticamente m\u00e1s de 25 000 contactos y calendarios compartidos en Microsoft 365, servidores Exchange locales y carpetas p\u00fablicas. Sincroniza los contactos entre varias organizaciones con la Sincronizaci\u00f3n GAL a GAL. Sincronizaci\u00f3n bidireccional que permite la gesti\u00f3n de contactos y calendarios en los tel\u00e9fonos m\u00f3viles. Integraci\u00f3n nativa con CRM. (por ejemplo, Salesforce y Active Campaign). [&hellip;]<\/p>\n","protected":false},"author":4,"featured_media":0,"parent":0,"menu_order":0,"comment_status":"closed","ping_status":"closed","template":"","meta":{"_et_pb_use_builder":"on","_et_pb_old_content":"","_et_gb_content_width":"","footnotes":""},"class_list":["post-38028","page","type-page","status-publish","hentry"],"_links":{"self":[{"href":"https:\/\/cirahub.com\/es\/wp-json\/wp\/v2\/pages\/38028","targetHints":{"allow":["GET"]}}],"collection":[{"href":"https:\/\/cirahub.com\/es\/wp-json\/wp\/v2\/pages"}],"about":[{"href":"https:\/\/cirahub.com\/es\/wp-json\/wp\/v2\/types\/page"}],"author":[{"embeddable":true,"href":"https:\/\/cirahub.com\/es\/wp-json\/wp\/v2\/users\/4"}],"replies":[{"embeddable":true,"href":"https:\/\/cirahub.com\/es\/wp-json\/wp\/v2\/comments?post=38028"}],"version-history":[{"count":12,"href":"https:\/\/cirahub.com\/es\/wp-json\/wp\/v2\/pages\/38028\/revisions"}],"predecessor-version":[{"id":51472,"href":"https:\/\/cirahub.com\/es\/wp-json\/wp\/v2\/pages\/38028\/revisions\/51472"}],"wp:attachment":[{"href":"https:\/\/cirahub.com\/es\/wp-json\/wp\/v2\/media?parent=38028"}],"curies":[{"name":"wp","href":"https:\/\/api.w.org\/{rel}","templated":true}]}}