{"id":38013,"date":"2021-08-02T07:53:43","date_gmt":"2021-08-02T15:53:43","guid":{"rendered":"https:\/\/cirahub.com\/integracion-con-cirahub\/"},"modified":"2021-10-26T12:55:58","modified_gmt":"2021-10-26T20:55:58","slug":"integracion-con-cirahub","status":"publish","type":"page","link":"https:\/\/cirahub.com\/es\/integracion-con-cirahub\/","title":{"rendered":"Integraci\u00f3n con CiraHub"},"content":{"rendered":"<p>[et_pb_section fb_built=\u00bb1&#8243; module_id=\u00bbtrynowTabs\u00bb _builder_version=\u00bb4.6.5&#8243; _dynamic_attributes=\u00bblink_option_url\u00bb custom_padding=\u00bb10px||0px||false|false\u00bb link_option_url=\u00bb@ET-DC@eyJkeW5hbWljIjp0cnVlLCJjb250ZW50IjoicG9zdF9saW5rX3VybF9wYWdlIiwic2V0dGluZ3MiOnsicG9zdF9pZCI6IjE2NjczIn19@\u00bb custom_css_main_element=\u00bbborder-bottom:1px solid #ebeaeb;\u00bb global_colors_info=\u00bb{}\u00bb][et_pb_row column_structure=\u00bb1_2,1_2&#8243; _builder_version=\u00bb4.6.0&#8243; custom_padding=\u00bb||0px||false|false\u00bb global_colors_info=\u00bb{}\u00bb][et_pb_column type=\u00bb1_2&#8243; _builder_version=\u00bb4.6.0&#8243; link_option_url=\u00bbhttps:\/\/cirahub.com\/integraci\u00f3n\/\u00bb custom_css_main_element=\u00bbborder-bottom:2px solid #1c80cc;\u00bb global_colors_info=\u00bb{}\u00bb][et_pb_text _builder_version=\u00bb4.11.2&#8243; hover_enabled=\u00bb0&#8243; global_colors_info=\u00bb{}\u00bb sticky_enabled=\u00bb0&#8243;]<\/p>\n<h6 style=\"text-align: center;\"><span style=\"color: #1d80cc;\">Integraci\u00f3n con CiraHub<\/span><\/h6>\n<p>[\/et_pb_text][\/et_pb_column][et_pb_column type=\u00bb1_2&#8243; module_class=\u00bbhover-blue\u00bb _builder_version=\u00bb4.6.0&#8243; link_option_url=\u00bbhttps:\/\/cirahub.com\/fijar-Conector-a-Centro\/\u00bb global_colors_info=\u00bb{}\u00bb][et_pb_text _builder_version=\u00bb4.11.2&#8243; hover_enabled=\u00bb0&#8243; global_colors_info=\u00bb{}\u00bb sticky_enabled=\u00bb0&#8243;]<\/p>\n<h6 style=\"text-align: center;\"><a href=\"https:\/\/cirahub.com\/es\/fijar-un-conector-a-un-centro\/\">Fijar un Conector (spoke) a un Centro (hub)<\/a><\/h6>\n<p>[\/et_pb_text][\/et_pb_column][\/et_pb_row][\/et_pb_section][et_pb_section fb_built=\u00bb1&#8243; module_id=\u00bbimg-border\u00bb _builder_version=\u00bb4.6.5&#8243; _module_preset=\u00bbdefault\u00bb global_colors_info=\u00bb{}\u00bb][et_pb_row _builder_version=\u00bb4.6.1&#8243; _module_preset=\u00bbdefault\u00bb global_colors_info=\u00bb{}\u00bb][et_pb_column type=\u00bb4_4&#8243; _builder_version=\u00bb4.6.0&#8243; _module_preset=\u00bbdefault\u00bb global_colors_info=\u00bb{}\u00bb][et_pb_text _builder_version=\u00bb4.6.5&#8243; _module_preset=\u00bbdefault\u00bb global_colors_info=\u00bb{}\u00bb]<\/p>\n<p>CiraHub es la respuesta de Cira Apps Ltd. a la demanda de una soluci\u00f3n de sincronizaci\u00f3n bidireccional de contactos y calendarios compartidos. En su estado actual, CiraHub es una plataforma de soluci\u00f3n de sincronizaci\u00f3n bidireccional de muchos a muchos para organizaciones que ejecutan aplicaciones empresariales de Microsoft.<\/p>\n<p>La plataforma est\u00e1 dise\u00f1ada para que quienes no tienen experiencia en IT puedan configurar f\u00e1cilmente la sincronizaci\u00f3n de contactos y calendarios compartidos para su organizaci\u00f3n.<\/p>\n<p>Esta gu\u00eda muestra el proceso de incorporaci\u00f3n de CiraHub mediante la creaci\u00f3n de un Centro de Contactos.<\/p>\n<p>&nbsp;<\/p>\n<h2><span class=\"ez-toc-section\" id=\"Instrucciones\"><\/span>Instrucciones<span class=\"ez-toc-section-end\"><\/span><\/h2>\n<ol>\n<li>Inicie sesi\u00f3n en CiraHub. Se le llevar\u00e1 al asistente de incorporaci\u00f3n. (Vea la imagen a continuaci\u00f3n.) <img decoding=\"async\" src=\"\/wp-content\/uploads\/2020\/10\/CiraHub-Onboarding-Welcome.png\"><\/li>\n<li>Seleccione el tipo de objeto del primer Centro. En este ejemplo, seleccione <strong>Contactos<\/strong>. <strong>Seleccione el tipo de fuente de su Conector de contactos<\/strong> aparecer\u00e1 una parte del ayudante de configuraci\u00f3n. (Vea la imagen a continuaci\u00f3n).<img decoding=\"async\" src=\"\/wp-content\/uploads\/2020\/10\/CiraHub-Select-source-type-contact-Spoke.png\"><\/li>\n<li>Seleccione el tipo de fuente del Centro de Contactos y del Conector. En este ejemplo, seleccione <strong>Buz\u00f3n de correo de usuario.<\/strong> <\/li>\n<li>Haga clic en <strong>SIGUIENTE<\/strong>. Aparecer\u00e1 en pantalla la <strong>carpeta del buz\u00f3n que desea sincronizar.<\/strong> (Vea la imagen a continuaci\u00f3n).<img decoding=\"async\" src=\"\/wp-content\/uploads\/2020\/10\/CiraHub-Hub-Select-Mailbox-Folder-to-Sync.png\"><\/li>\n<li>Seleccione el buz\u00f3n que desea sincronizar. <div class='et-box et-info'>\n\t\t\t\t\t<div class='et-box-content'><strong>NOTA:<\/strong> Lo ideal es que el buz\u00f3n de origen sea el suyo o un buz\u00f3n al que tenga acceso.<\/div><\/div><\/li>\n<li>Seleccione la carpeta del buz\u00f3n que desea sincronizar. En este ejemplo, seleccione <strong>Contactos<\/strong>para sincronizar los contactosde la carpeta ra\u00edz de <strong>Contactos<\/strong>. <div class='et-box et-info'>\n\t\t\t\t\t<div class='et-box-content'><strong>NOTA<\/strong>: Haga clic en la flecha situada junto a la carpeta del buz\u00f3n ra\u00edz que desee para expandir la carpeta. Esto mostrar\u00e1 todas las subcarpetas dentro de la carpeta del buz\u00f3n.<\/div><\/div><div class='et-box et-info'>\n\t\t\t\t\t<div class='et-box-content'><strong>NOTA<\/strong>: Pase el rat\u00f3n por encima de los contactos y haga clic en el signo + para crear una subcarpeta, que tambi\u00e9n puede utilizarse para crear un Centro y un Conector.<\/div><\/div><\/li>\n<li>Haga clic en <strong>Siguiente. Escriba los nombres de los Conectores y haga clic en SIGUIENTE <\/strong>aparecer\u00e1. <div class='et-box et-info'>\n\t\t\t\t\t<div class='et-box-content'><strong><strong>NOTA<\/strong><\/strong>: Al crear un Centro, se crea un Conector (Spoke) para el origen del buz\u00f3n.<\/div><\/div> <div class='et-box et-info'>\n\t\t\t\t\t<div class='et-box-content'><strong><strong>NOTA<\/strong>:<\/strong> El nombre del Conector (Spoke) es autom\u00e1ticamente el nombre de la carpeta utilizada en la parte del Asistente de integraci\u00f3n llamada \u00ab<strong>Seleccione la carpeta del buz\u00f3n que desea sincronizar\u00bb.<\/strong><\/div><\/div> <\/li>\n<li>Nombre el Conector.<\/li>\n<li>Haga clic en <strong>SIGUIENTE<\/strong>. Se le pedir\u00e1 que <strong>escriba los nombres de los Centros y haga clic en CREAR.<\/strong><\/li>\n<li>Nombre el Centro.<\/li>\n<li>Haga clic en <strong>CREAR<\/strong>. Ser\u00e1 llevado al panel de control de CiraHub. (Vea las imagenes a continuaci\u00f3n.) <img decoding=\"async\" src=\"\/wp-content\/uploads\/2020\/10\/CiraHub-Star-View.png\"><em>CiraHub en la Vista de Estrella <img decoding=\"async\" src=\"\/wp-content\/uploads\/2020\/10\/CiraHub-List-View.png\"><\/em> <em>CiraHub en la Vista de Lista.<\/em> <div class='et-box et-info'>\n\t\t\t\t\t<div class='et-box-content'><strong><strong><strong>NOTA<\/strong><\/strong><\/strong>: La vista en estrella es la vista por defecto de CiraHub. Para pasar de una vista a otra, haga clic en el control deslizante situado en la esquina superior derecha del tablero.<\/div><\/div><div class='et-box et-info'>\n\t\t\t\t\t<div class='et-box-content'><strong><strong><strong>NOTA<\/strong>:<\/strong><\/strong> Por defecto, todos los Centros y Conectores creados y conectados tendr\u00e1n la sincronizaci\u00f3n bidireccional autom\u00e1ticamente desactivada. Esto permite a los usuarios de CiraHub la posibilidad de crear filtros personalizados para su sincronizaci\u00f3n bidireccional y facilita el trabajo de Cira Apps Ltd. El equipo de satisfacci\u00f3n del cliente est\u00e1 presente para poder solucionar m\u00e1s f\u00e1cilmente cualquier problema que pueda surgir durante el uso de CiraHub.<\/div><\/div><\/li>\n<li> Haga clic en el Conector que acaba de crear en el diagrama.<\/li>\n<li> Haga clic en <strong>Encender<\/strong> bajo el ficha de <strong>sincronizaci\u00f3n<\/strong>. <div class='et-box et-info'>\n\t\t\t\t\t<div class='et-box-content'><strong><strong><strong><strong><strong>NOTA<\/strong>: <span style=\"font-weight: 500;\">Tambi\u00e9n puede hacer clic<\/span> en <strong>Activar<\/strong> <span style=\"font-weight: 500;\">en la lista de la parte inferior del panel.<\/span><\/strong><\/strong><\/strong><\/strong><\/div><\/div><div class='et-box et-info'>\n\t\t\t\t\t<div class='et-box-content'><strong><strong><strong><strong><strong>NOTA:<\/strong><\/strong><\/strong><\/strong><\/strong> En la vista de lista, haga clic en <strong>Activar<\/strong>bajo la columna de <strong>Sincronizaci\u00f3n.<\/strong><\/div><\/div> Las <strong>Opciones de Sincronizaci\u00f3n del Conector<\/strong> se abrir\u00e1n. (Vea la imagen a continuaci\u00f3n).<img decoding=\"async\" src=\"\/wp-content\/uploads\/2020\/10\/CiraHub-Spoke-Sync-Options.png\"><\/li>\n<li> Haga clic en la casilla de verificaci\u00f3n <strong>Permitir que el Centro cree y sincronice elementos en este Conector<\/strong> para activar la sincronizaci\u00f3n bidireccional. <div class='et-box et-info'>\n\t\t\t\t\t<div class='et-box-content'><strong><strong><strong><strong><strong><strong>NOTA:<\/strong><\/strong><\/strong><\/strong><\/strong><\/strong>Haga clic en <strong><strong><strong><strong><strong><strong><strong>Opciones avanzadas<\/strong><span style=\"font-weight: 500;\"> para a\u00f1adir filtros de sincronizaci\u00f3n a este Conector.<\/span><\/strong><\/strong><\/strong><\/strong><\/strong><\/strong><\/div><\/div><\/li>\n<li> Haga clic en <strong>GUARDAR<\/strong>. <\/li>\n<\/ol>\n<p><a class=\"next-post\" href=\"\/\/cirahub\/attaching-spoke-to-hub\/\">Art\u00edculo siguiente: A\u00f1adir un Conector a un Centro<\/a><\/p>\n<p>[\/et_pb_text][\/et_pb_column][\/et_pb_row][\/et_pb_section][et_pb_section fb_built=\u00bb1&#8243; admin_label=\u00bbCTA\u00bb _builder_version=\u00bb4.6.6&#8243; _module_preset=\u00bbdefault\u00bb background_color=\u00bb#4f59b3&#8243; background_image=\u00bbhttps:\/\/cirahub.com\/wp-content\/uploads\/2021\/05\/hub-cta-block-bg.jpg\u00bb background_size=\u00bbinitial\u00bb background_position=\u00bbtop_right\u00bb custom_margin=\u00bb||30px|||\u00bb custom_padding=\u00bb30px||28px|||\u00bb saved_tabs=\u00bball\u00bb global_colors_info=\u00bb{}\u00bb][et_pb_row _builder_version=\u00bb4.6.5&#8243; _module_preset=\u00bbdefault\u00bb global_colors_info=\u00bb{}\u00bb][et_pb_column type=\u00bb4_4&#8243; _builder_version=\u00bb4.6.5&#8243; _module_preset=\u00bbdefault\u00bb global_colors_info=\u00bb{}\u00bb][et_pb_text _builder_version=\u00bb4.6.6&#8243; _module_preset=\u00bbdefault\u00bb header_text_align=\u00bbcenter\u00bb background_enable_color=\u00bboff\u00bb background_enable_image=\u00bboff\u00bb background_size=\u00bbcontain\u00bb background_position=\u00bbtop_right\u00bb text_orientation=\u00bbcenter\u00bb background_layout=\u00bbdark\u00bb custom_padding=\u00bb||34px|||\u00bb global_colors_info=\u00bb{}\u00bb]<\/p>\n<h1 style=\"font-size: 36px;\"><span class=\"ez-toc-section\" id=\"Pruebe_la_sincronizacion_bidireccional_Pruebe_CiraHub_hoy_mismo\"><\/span>Pruebe la sincronizaci\u00f3n bidireccional. Pruebe CiraHub hoy mismo.<span class=\"ez-toc-section-end\"><\/span><\/h1>\n<p style=\"font-size: 14px;\">Todo lo que pueda imaginar con CiraHub Spokes (Conectores) y Hubs (Centros) ilimitados gratis durante 10 d\u00edas. Empiece hoy mismo.<\/p>\n<p style=\"font-size: 14px;\">\n<p style=\"font-size: 14px;\">\n<p style=\"font-size: 14px;\">\n<div style=\"display: flex; justify-content: center; flex-wrap: wrap;\">\n<p>&nbsp;<\/p>\n<p>&nbsp;<\/p>\n<p><a id=\"hero-cta\" class=\"et_pb_button et_pb_button_0 try et_pb_bg_layout_dark\" style=\"margin-top: 2em; margin-left: 10px; margin-right: 10px; border-color: #fff!important; background-color: #fff!important; color: #1d80cc!important;\" href=\"https:\/\/cirahub.com\/es\/comenzar\/\">Pru\u00e9belo gratis<\/a><\/p>\n<p><a id=\"hero-cta\" class=\"et_pb_button et_pb_button_0 try et_pb_bg_layout_dark\" style=\"margin-top: 2em; margin-left: 10px; margin-right: 10px;\" href=\"https:\/\/cirahub.com\/es\/preguntas-frecuentes\/\">M\u00e1s informaci\u00f3n sobre CiraHub<\/a><\/p>\n<\/div>\n<p>[\/et_pb_text][\/et_pb_column][\/et_pb_row][\/et_pb_section]<\/p>\n","protected":false},"excerpt":{"rendered":"<p>Integraci\u00f3n con CiraHubFijar un Conector (spoke) a un Centro (hub)CiraHub es la respuesta de Cira Apps Ltd. a la demanda de una soluci\u00f3n de sincronizaci\u00f3n bidireccional de contactos y calendarios compartidos. En su estado actual, CiraHub es una plataforma de soluci\u00f3n de sincronizaci\u00f3n bidireccional de muchos a muchos para organizaciones que ejecutan aplicaciones empresariales de [&hellip;]<\/p>\n","protected":false},"author":4,"featured_media":0,"parent":0,"menu_order":0,"comment_status":"closed","ping_status":"closed","template":"","meta":{"_et_pb_use_builder":"on","_et_pb_old_content":"","_et_gb_content_width":"","footnotes":""},"class_list":["post-38013","page","type-page","status-publish","hentry"],"_links":{"self":[{"href":"https:\/\/cirahub.com\/es\/wp-json\/wp\/v2\/pages\/38013","targetHints":{"allow":["GET"]}}],"collection":[{"href":"https:\/\/cirahub.com\/es\/wp-json\/wp\/v2\/pages"}],"about":[{"href":"https:\/\/cirahub.com\/es\/wp-json\/wp\/v2\/types\/page"}],"author":[{"embeddable":true,"href":"https:\/\/cirahub.com\/es\/wp-json\/wp\/v2\/users\/4"}],"replies":[{"embeddable":true,"href":"https:\/\/cirahub.com\/es\/wp-json\/wp\/v2\/comments?post=38013"}],"version-history":[{"count":12,"href":"https:\/\/cirahub.com\/es\/wp-json\/wp\/v2\/pages\/38013\/revisions"}],"predecessor-version":[{"id":38346,"href":"https:\/\/cirahub.com\/es\/wp-json\/wp\/v2\/pages\/38013\/revisions\/38346"}],"wp:attachment":[{"href":"https:\/\/cirahub.com\/es\/wp-json\/wp\/v2\/media?parent=38013"}],"curies":[{"name":"wp","href":"https:\/\/api.w.org\/{rel}","templated":true}]}}