{"id":38006,"date":"2021-07-30T05:33:23","date_gmt":"2021-07-30T13:33:23","guid":{"rendered":"https:\/\/cirahub.com\/seguridad-en-cirahub\/"},"modified":"2023-10-04T11:58:42","modified_gmt":"2023-10-04T19:58:42","slug":"seguridad-de-cirahub","status":"publish","type":"page","link":"https:\/\/cirahub.com\/es\/seguridad-de-cirahub\/","title":{"rendered":"Seguridad en CiraHub"},"content":{"rendered":"<p>[et_pb_section fb_built=\u00bb1&#8243; _builder_version=\u00bb4.16&#8243; global_colors_info=\u00bb{}\u00bb][et_pb_row _builder_version=\u00bb4.16&#8243; global_colors_info=\u00bb{}\u00bb][et_pb_column type=\u00bb4_4&#8243; _builder_version=\u00bb4.16&#8243; global_colors_info=\u00bb{}\u00bb][et_pb_text _builder_version=\u00bb4.21.0&#8243; hover_enabled=\u00bb0&#8243; global_colors_info=\u00bb{}\u00bb sticky_enabled=\u00bb0&#8243;]<\/p>\n<h2><span class=\"ez-toc-section\" id=\"Seguridad_en_CiraHub\"><\/span>Seguridad en CiraHub<span class=\"ez-toc-section-end\"><\/span><\/h2>\n<p>Cira Apps Ltd. se toma muy en serio la seguridad de los datos de los usuarios y ha tomado medidas para garantizar la seguridad de los mismos. <\/p>\n<p>Esta p\u00e1gina incluye los siguientes temas de seguridad:<\/p>\n<ul>\n<li style=\"list-style-type: none;\">\n<ul>\n<li>CiraHub integraci\u00f3n con Microsoft Azure.<\/li>\n<li>C\u00f3mo fluyen los datos de los usuarios a trav\u00e9s de CiraHub. <\/li>\n<li>Medidas adicionales de seguridad de los datos de los usuarios de CiraHub<\/li>\n<li>Pol\u00edticas de privacidad de datos de Cira Apps.<\/li>\n<\/ul>\n<\/li>\n<\/ul>\n<h3><span class=\"ez-toc-section\" id=\"Integracion_de_CiraHub_con_Microsoft_Azure\"><\/span>Integraci\u00f3n de CiraHub con Microsoft Azure<span class=\"ez-toc-section-end\"><\/span><\/h3>\n<p>CiraHub est\u00e1 registrado en Microsoft Azure. Utiliza <a href=\"https:\/\/docs.microsoft.com\/en-us\/azure\/active-directory\/develop\/consent-framework\" rel=\"noopener noreferrer\" target=\"_blank\">Azure Consent Framework<\/a> y no almacena contrase\u00f1as. Sin embargo, en situaciones d\u00f3nde Azure Consent no es posible, CiraHub utiliza <a href=\"https:\/\/docs.microsoft.com\/en-us\/azure\/key-vault\/key-vault-overview\" rel=\"noopener noreferrer\" target=\"_blank\">Azure Key Vault<\/a>. Todos los datos de los susbcritores se mantienen dentro de Microsoft Cloud. Con m\u00e1s de 100 millones de usuarios activos en Microsoft 365 y m\u00e1s <a href=\"https:\/\/www.microsoft.com\/en-us\/trust-center\/compliance\/compliance-overview\" rel=\"noopener noreferrer\" target=\"_blank\">certificaciones de seguridad en la nube<\/a> que cualquier otra compa\u00f1\u00eda, la seguridad de Azure est\u00e1 dentro de las mejores del mundo. <\/p>\n<h3><span class=\"ez-toc-section\" id=\"Arquitectura_de_flujo_de_datos_de_CiraHub\"><\/span>Arquitectura de flujo de datos de CiraHub<span class=\"ez-toc-section-end\"><\/span><\/h3>\n<p><img decoding=\"async\" class=\"aligncenter wp-image-21004 size-full\" src=\"\/wp-content\/uploads\/2020\/03\/CiraHub-Data-Security-Diagram-e1584030719339.png\" alt=\"\" width=\"800\" height=\"611\"><\/p>\n<ol>\n<li>\n El usuario accede al panel de control de CiraHub para configurar y gestionar CiraHub.<br \/>\n        <div class='et-box et-info'>\n\t\t\t\t\t<div class='et-box-content'><strong>NOTA:<\/strong> CiraHub vive dentro de la nube de Microsoft Azure. Los \u00fanicos endpoints que existen fuera de la nube son los siguientes:<\/p>\n<ul>\n<li>El panel de control de CiraHub, que se esconde detr\u00e1s de la red de distribuci\u00f3n de contenidos de Cloudflare<\/li>\n<li>Aplicaciones fuera del entorno de Microsoft<\/li>\n<li>Dispositivos de salida del usuario, como los tel\u00e9fonos m\u00f3viles.<\/div><\/div><\/li>\n<\/ul>\n<\/li>\n<li>\n CiraHub utiliza una arquitectura de tipo \u00abcentro-y-conector\u00bb para almacenar y sincronizar los datos seg\u00fan lo determine el usuario.<br \/>\n        <div class='et-box et-info'>\n\t\t\t\t\t<div class='et-box-content'><strong>NOTA: <\/strong>Conceptualmente, CiraHub trata a cada usuario como un conector en una rueda. Estos conectores son endpoints de datos que aportan datos a un centro. Cuando se activa manualmente la sincronizaci\u00f3n bidireccional, los datos acumulados se env\u00edan a cada conector.<\/div><\/div>\n    <\/li>\n<li>CiraHub utiliza una combinaci\u00f3n de EWS, Microsoft Graph API y comandos Powershell para introducir y extraer datos del Centro.<\/li>\n<li>Durante la configuraci\u00f3n inicial del Centro y el Conector, la sincronizaci\u00f3n bidireccional no est\u00e1 autom\u00e1ticamente activada. El usuario debe entrar en la configuraci\u00f3n individual de cada Conector y habilitarla. Esto permite a los usuarios controlar y filtrar los datos que se sincronizan con los Conectores.<\/li>\n<\/ol>\n<h3><span class=\"ez-toc-section\" id=\"Medidas_adicionales_de_seguridad_de_datos_de_CiraHub\"><\/span>Medidas adicionales de seguridad de datos de CiraHub<span class=\"ez-toc-section-end\"><\/span><\/h3>\n<p>Las siguientes tablas describen las dem\u00e1s caracter\u00edsticas de la arquitectura de datos de Cira Apps para garantizar la seguridad de los datos de los usuarios en CiraHub.<\/p>\n<table>\n<tbody>\n<tr>\n<td width=\"312\"><strong>Seguridad del panel de control<\/strong><\/td>\n<td width=\"312\"><a href=\"https:\/\/dashboard.cirahub.com\">https:\/\/dashboard.cirahub.com<\/a> es el \u00fanico endpoint p\u00fablico de Internet. El panel de control est\u00e1 oculto detr\u00e1s de la Red de Entrega de Contenido de Cloudflare.<\/td>\n<\/tr>\n<tr>\n<td width=\"312\"><strong>Contrase\u00f1as<\/strong><\/td>\n<td width=\"312\">\n<p>Para la mayor\u00eda de las funciones, CiraHub no almacena contrase\u00f1as ni las pide. En su lugar, CiraHub utilizar\u00e1 el Azure Consent Framework para el acceso al buz\u00f3n.<\/p>\n<p>Adem\u00e1s, durante el inicio de sesi\u00f3n de CiraHub, los usuarios ser\u00e1n redirigidos a la p\u00e1gina de inicio de sesi\u00f3n de Microsoft.<\/p>\n<p>En situaciones en las que no es posible el Consentimiento de Azure, CiraHub utilizar\u00e1 la B\u00f3veda de Claves de Azure para almacenar de forma segura las contrase\u00f1as.<\/p>\n<\/td>\n<\/tr>\n<tr>\n<td width=\"312\"><strong>Conexi\u00f3n EWS, Graph API<\/strong><\/td>\n<td width=\"312\">\n<p>Cuando CiraHub actualiza buzones en Microsoft 365, utiliza HTTPS para conectarse con EWS. Esta conexi\u00f3n EWS no fluye a trav\u00e9s de la Internet p\u00fablica.<\/p>\n<p>Si CiraHub sincroniza y rellena la GAL, utiliza la API de Microsoft Graph. Todos los datos de seguridad manejados por la API de Microsoft Graph son sensibles y est\u00e1n protegidos por los permisos y roles delegados de Azure Active Directory.<\/p>\n<\/td>\n<\/tr>\n<tr>\n<td width=\"312\"><strong>Informaci\u00f3n sobre suscriptores y licencias<\/strong><\/td>\n<td width=\"312\">Toda la informaci\u00f3n de suscriptores y licencias se almacena en Azure SQL como servicio y s\u00f3lo es accesible desde el panel de control y los procesos de los trabajadores.<\/td>\n<\/tr>\n<tr>\n<td width=\"312\"><strong>Cach\u00e9 de datos<\/strong><\/td>\n<td width=\"312\">\n<p>Los trabajadores de CiraHub sincronizan en cach\u00e9 los datos de configuraci\u00f3n recibidos de las aplicaciones empresariales de Microsoft en una base de datos segura en la nube de Microsoft.<\/p>\n<p>Todos los datos almacenados en cach\u00e9 por CiraHub pueden ser eliminados voluntariamente por el usuario a trav\u00e9s del panel de control de CiraHub. Cuando un usuario decide dejar de participar en CiraHub, los datos que le pertenecen se borran.<\/p>\n<\/td>\n<\/tr>\n<\/tbody>\n<\/table>\n<h3><\/h3>\n<h3><\/h3>\n<h3><span class=\"ez-toc-section\" id=\"Politica_de_privacidad_de_datos_de_Cira_Apps\"><\/span>Pol\u00edtica de privacidad de datos de Cira Apps<span class=\"ez-toc-section-end\"><\/span><\/h3>\n<p>Cira Apps da a los usuarios la posibilidad de elegir si quieren proporcionar informaci\u00f3n y qu\u00e9 informaci\u00f3n se proporciona. De acuerdo con la legislaci\u00f3n local, CiraHub permite a los usuarios ejercer ciertos controles y elecciones, como los siguientes:<\/p>\n<ul>\n<li style=\"list-style-type: none;\">\n<ul>\n<li>Corregir, actualizar y eliminar cuentas de registro vinculadas a CiraHub. Esto incluye toda la informaci\u00f3n que se almacena en cach\u00e9 por CiraHub.<\/li>\n<li>Elija si desea recibir ofertas promocionales y anuncios dirigidos de CiraHub.<\/li>\n<\/ul>\n<\/li>\n<\/ul>\n<p>La informaci\u00f3n personal se recoge cuando los usuarios solicitan productos, servicios o informaci\u00f3n a Cira Apps Ltd. Esto incluye el registro en una cuenta de CiraHub y la participaci\u00f3n en foros p\u00fablicos u otras actividades en https:\/\/cirahub.com y en cualquier plataforma que nos permita interactuar directamente con los usuarios.<\/p>\n<p>La informaci\u00f3n recogida se utiliza para lo siguiente<\/p>\n<ul>\n<li style=\"list-style-type: none;\">\n<ul>\n<li>Proporcionar a los usuarios los productos, la informaci\u00f3n y los servicios que solicitan.<\/li>\n<li>Comunicarse con los usuarios sobre su cuenta y sus transacciones con Cira Apps Ltd.<\/li>\n<li>Crear y calcular informaci\u00f3n estad\u00edstica an\u00f3nima para ayudar a mejorar los servicios de Cira Apps Ltd.<\/li>\n<\/ul>\n<\/li>\n<\/ul>\n<p>Para m\u00e1s informaci\u00f3n sobre c\u00f3mo Cira Apps Ltd. trata los datos de los usuarios, lea <a href=\"https:\/\/cirahub.com\/es\/politica-de-privacidad-de-datos-cirahub\/\">la Pol\u00edtica de privacidad de Cira Apps Ltd.<\/a>.<\/p>\n<p>[\/et_pb_text][\/et_pb_column][\/et_pb_row][\/et_pb_section]<\/p>\n","protected":false},"excerpt":{"rendered":"<p>Seguridad en CiraHub Cira Apps Ltd. se toma muy en serio la seguridad de los datos de los usuarios y ha tomado medidas para garantizar la seguridad de los mismos. Esta p\u00e1gina incluye los siguientes temas de seguridad: CiraHub integraci\u00f3n con Microsoft Azure. C\u00f3mo fluyen los datos de los usuarios a trav\u00e9s de CiraHub. Medidas [&hellip;]<\/p>\n","protected":false},"author":4,"featured_media":0,"parent":0,"menu_order":0,"comment_status":"closed","ping_status":"closed","template":"","meta":{"_et_pb_use_builder":"on","_et_pb_old_content":"","_et_gb_content_width":"","footnotes":""},"class_list":["post-38006","page","type-page","status-publish","hentry"],"_links":{"self":[{"href":"https:\/\/cirahub.com\/es\/wp-json\/wp\/v2\/pages\/38006","targetHints":{"allow":["GET"]}}],"collection":[{"href":"https:\/\/cirahub.com\/es\/wp-json\/wp\/v2\/pages"}],"about":[{"href":"https:\/\/cirahub.com\/es\/wp-json\/wp\/v2\/types\/page"}],"author":[{"embeddable":true,"href":"https:\/\/cirahub.com\/es\/wp-json\/wp\/v2\/users\/4"}],"replies":[{"embeddable":true,"href":"https:\/\/cirahub.com\/es\/wp-json\/wp\/v2\/comments?post=38006"}],"version-history":[{"count":6,"href":"https:\/\/cirahub.com\/es\/wp-json\/wp\/v2\/pages\/38006\/revisions"}],"predecessor-version":[{"id":51589,"href":"https:\/\/cirahub.com\/es\/wp-json\/wp\/v2\/pages\/38006\/revisions\/51589"}],"wp:attachment":[{"href":"https:\/\/cirahub.com\/es\/wp-json\/wp\/v2\/media?parent=38006"}],"curies":[{"name":"wp","href":"https:\/\/api.w.org\/{rel}","templated":true}]}}