{"id":37985,"date":"2021-07-28T07:25:08","date_gmt":"2021-07-28T15:25:08","guid":{"rendered":"https:\/\/cirahub.com\/preguntas-frecuentes\/"},"modified":"2024-07-04T12:25:37","modified_gmt":"2024-07-04T20:25:37","slug":"preguntas-frecuentes","status":"publish","type":"page","link":"https:\/\/cirahub.com\/es\/preguntas-frecuentes\/","title":{"rendered":"Preguntas frecuentes"},"content":{"rendered":"<p>[et_pb_section fb_built=\u00bb1&#8243; _builder_version=\u00bb4.16&#8243; custom_padding=\u00bb54px|0px|2px|0px|false|false\u00bb global_colors_info=\u00bb{}\u00bb][et_pb_row column_structure=\u00bb3_5,2_5&#8243; _builder_version=\u00bb4.16&#8243; custom_padding=\u00bb||0px|||\u00bb global_colors_info=\u00bb{}\u00bb][et_pb_column type=\u00bb3_5&#8243; _builder_version=\u00bb4.16&#8243; custom_padding=\u00bb|||\u00bb global_colors_info=\u00bb{}\u00bb custom_padding__hover=\u00bb|||\u00bb][et_pb_text _builder_version=\u00bb4.21.0&#8243; text_font=\u00bbLato||||||||\u00bb text_font_size=\u00bb18px\u00bb text_line_height=\u00bb1.8em\u00bb header_font=\u00bbPoppins|700|||||||\u00bb header_line_height=\u00bb1.2em\u00bb custom_margin_tablet=\u00bb||30px|\u00bb custom_margin_phone=\u00bb\u00bb custom_margin_last_edited=\u00bbon|tablet\u00bb custom_padding=\u00bb||0px|||\u00bb hover_enabled=\u00bb0&#8243; text_font_size_tablet=\u00bb24px\u00bb text_font_size_phone=\u00bb16px\u00bb text_font_size_last_edited=\u00bbon|phone\u00bb header_font_size_tablet=\u00bb50px\u00bb header_font_size_phone=\u00bb32px\u00bb header_font_size_last_edited=\u00bbon|phone\u00bb global_colors_info=\u00bb{}\u00bb sticky_enabled=\u00bb0&#8243;]<\/p>\n<h1>Preguntas frecuentes CiraHub<\/h1>\n<p>CiraHub es una plataforma de soluci\u00f3n de sincronizaci\u00f3n bidireccional para los contactos y calendarios compartidos para las organizaciones que ejecutan Microsoft 365, Exchange Server y otras aplicaciones empresariales de Microsoft. <\/p>\n<p>[\/et_pb_text][\/et_pb_column][et_pb_column type=\u00bb2_5&#8243; _builder_version=\u00bb4.16&#8243; custom_padding=\u00bb|||\u00bb global_colors_info=\u00bb{}\u00bb custom_padding__hover=\u00bb|||\u00bb][et_pb_text disabled_on=\u00bbon|on|off\u00bb _builder_version=\u00bb4.16&#8243; text_font=\u00bb||||||||\u00bb text_text_color=\u00bb#1d80cc\u00bb text_orientation=\u00bbcenter\u00bb global_colors_info=\u00bb{}\u00bb]<span class=\"et-pb-icon\" style=\"font-size: 200px;\">\ue066<\/span>[\/et_pb_text][\/et_pb_column][\/et_pb_row][\/et_pb_section][et_pb_section fb_built=\u00bb1&#8243; admin_label=\u00bbFeatures\u00bb _builder_version=\u00bb4.16&#8243; custom_padding=\u00bb0px|0px|110px|0px|false|false\u00bb locked=\u00bboff\u00bb global_colors_info=\u00bb{}\u00bb][et_pb_row _builder_version=\u00bb4.18.0&#8243; global_colors_info=\u00bb{}\u00bb][et_pb_column type=\u00bb4_4&#8243; _builder_version=\u00bb4.16&#8243; custom_padding=\u00bb|||\u00bb global_colors_info=\u00bb{}\u00bb custom_padding__hover=\u00bb|||\u00bb][et_pb_accordion open_toggle_text_color=\u00bb#37474f\u00bb open_toggle_background_color=\u00bb#f3fbff\u00bb closed_toggle_background_color=\u00bb#f3fbff\u00bb icon_color=\u00bb#1ecfaa\u00bb _builder_version=\u00bb4.21.0&#8243; toggle_font=\u00bb||||||||\u00bb body_font=\u00bb||||||||\u00bb hover_enabled=\u00bb0&#8243; border_width_all=\u00bb0px\u00bb box_shadow_style=\u00bbpreset3&#8243; global_colors_info=\u00bb{}\u00bb sticky_enabled=\u00bb0&#8243;][et_pb_accordion_item title=\u00bbSu t\u00edtulo va aqu\u00ed\u00bb open=\u00bbon\u00bb _builder_version=\u00bb4.16&#8243; _module_preset=\u00bbdefault\u00bb custom_css_main_element=\u00bbdisplay:none;\u00bb global_colors_info=\u00bb{}\u00bb]<\/p>\n<p>Su contenido va aqu\u00ed. Edite o elimine este texto en l\u00ednea o en la configuraci\u00f3n del m\u00f3dulo Contenido. Tambi\u00e9n puede estilizar cada aspecto de este contenido en la configuraci\u00f3n del m\u00f3dulo Dise\u00f1o e incluso aplicar CSS personalizado a este texto en la configuraci\u00f3n avanzada del m\u00f3dulo.<\/p>\n<p>[\/et_pb_accordion_item][et_pb_accordion_item title=\u00bb\u00bfNecesito ser usuario de CiraSync Edici\u00f3n Personal o Empresarial para utilizar CiraHub?\u00bb _builder_version=\u00bb4.16&#8243; global_colors_info=\u00bb{}\u00bb open=\u00bboff\u00bb]<\/p>\n<p>No, no es necesario tener una licencia de CiraSync para utilizar CiraHub. CiraHub es una soluci\u00f3n personal y empresarial independiente que proporciona una soluci\u00f3n de sincronizaci\u00f3n unidireccional y bidireccional f\u00e1cil de usar para contactos y calendarios.<\/p>\n<p>[\/et_pb_accordion_item][et_pb_accordion_item title=\u00bb\u00bfQu\u00e9 ocurre si un usuario que utiliza CiraHub es un usuario con licencia de CiraSync? \u00bb _builder_version=\u00bb4.16&#8243; global_colors_info=\u00bb{}\u00bb open=\u00bboff\u00bb]<\/p>\n<p>Si el buz\u00f3n de este usuario est\u00e1 unido a un Centro como un Conector y tiene datos de contacto o calendario sincronizados por CiraSync, los duplicados aparecer\u00e1n en los Conectores. Recomendamos que los usuarios de CiraHub no formen parte de ning\u00fan tipo de configuraci\u00f3n de CiraSync. <\/p>\n<p>[\/et_pb_accordion_item][et_pb_accordion_item title=\u00bb\u00bfQu\u00e9 tipo de art\u00edculos puede sincronizar CiraHub? \u00bb _builder_version=\u00bb4.16&#8243; global_colors_info=\u00bb{}\u00bb open=\u00bboff\u00bb]<\/p>\n<p>CiraHub puede sincronizar lo siguiente:<\/p>\n<ul>\n<li>Contactos<\/li>\n<li>Calendarios<\/li>\n<li>Notas adhesivas<\/li>\n<li>Buzones<\/li>\n<\/ul>\n<p>[\/et_pb_accordion_item][et_pb_accordion_item title=\u00bb\u00bfQu\u00e9 tipo de contactos y calendarios admite CiraHub? \u00bb _builder_version=\u00bb4.16&#8243; global_colors_info=\u00bb{}\u00bb open=\u00bboff\u00bb]<\/p>\n<p>Actualmente, CiraHub soporta lo siguiente tanto para los contactos como para los calendarios:<\/p>\n<ul>\n<li>Buzones de usuario<\/li>\n<li>Buzones compartidos<\/li>\n<li>Carpetas p\u00fablicas<\/li>\n<\/ul>\n<p>Adem\u00e1s, CiraHub tambi\u00e9n admite lo siguiente para los contactos:<\/p>\n<ul>\n<li>Lista Global de Direccciones<\/li>\n<li>Salesforce <\/li>\n<\/ul>\n<p>En el futuro, CiraHub planea ofrecer soporte a lo siguiente:<\/p>\n<ul>\n<li>Gmail<\/li>\n<li>SharePoint<\/li>\n<li>Dynamics CRM<\/li>\n<\/ul>\n<p>[\/et_pb_accordion_item][et_pb_accordion_item title=\u00bb\u00bfPuedo sincronizar tanto los contactos como los calendarios en un solo Centro? \u00bb _builder_version=\u00bb4.16&#8243; global_colors_info=\u00bb{}\u00bb open=\u00bboff\u00bb]<\/p>\n<p>No, no puede. S\u00f3lo se puede sincronizar un tipo de objeto por Centro.<\/p>\n<p>[\/et_pb_accordion_item][et_pb_accordion_item title=\u00bbNuestros altos directivos necesitan la posibilidad de editar los calendarios compartidos de Microsoft 365 desde sus tel\u00e9fonos m\u00f3viles. \u00bfPuede CiraHub soportar esta funcionalidad?\u00bb _builder_version=\u00bb4.21.0&#8243; hover_enabled=\u00bb0&#8243; global_colors_info=\u00bb{}\u00bb open=\u00bboff\u00bb sticky_enabled=\u00bb0&#8243;]<\/p>\n<p>S\u00ed. Con CiraHub, cualquier edici\u00f3n realizada en un calendario de Microsoft 365 sincronizado se propagar\u00e1 a otros usuarios si la sincronizaci\u00f3n bidireccional est\u00e1 activada.<\/p>\n<p>[\/et_pb_accordion_item][et_pb_accordion_item title=\u00bb\u00bfQu\u00e9 ocurre cuando un Conector es removido de un Centro?\u00bb _builder_version=\u00bb4.16&#8243; global_colors_info=\u00bb{}\u00bb open=\u00bboff\u00bb]<\/p>\n<p>CiraHub borrar\u00e1 todos los datos relacionados con el Conector removido. Esto incluye los datos sincronizados con el Conector y todos los datos creados por el Conector removido y sincronizados con el Centro y otros Conectores asociados. <\/p>\n<p>En el futuro, CiraHub permitir\u00e1 a los usuarios transferir la propiedad de cualquier contenido a\u00f1adido por el Conector eliminado a otro Conector asociado.<\/p>\n<p>[\/et_pb_accordion_item][et_pb_accordion_item title=\u00bbAcabo de crear un Centro y un Conector, pero no pasa nada. \u00bfQu\u00e9 hago? \u00bb _builder_version=\u00bb4.16&#8243; global_colors_info=\u00bb{}\u00bb open=\u00bboff\u00bb]<\/p>\n<p>Cuando se crea un Conector por primera vez, la sincronizaci\u00f3n bidireccional est\u00e1 desactivada. Esto facilita la resoluci\u00f3n de cualquier problema que los usuarios puedan encontrar al utilizar el Centro y le da la oportunidad de filtrar los datos que se sincronizan. Para activar la sincronizaci\u00f3n bidireccional, deber\u00e1 ir a la configuraci\u00f3n de cada Conector y activar esta opci\u00f3n.<\/p>\n<p>[\/et_pb_accordion_item][et_pb_accordion_item title=\u00bb\u00bfC\u00f3mo funcionan juntos CiraSync y CiraHub? \u00bb _builder_version=\u00bb4.21.0&#8243; _module_preset=\u00bbdefault\u00bb hover_enabled=\u00bb0&#8243; global_colors_info=\u00bb{}\u00bb open=\u00bboff\u00bb sticky_enabled=\u00bb0&#8243;]<\/p>\n<p>CiraHub y CiraSync pueden utilizarse juntos de diversas formas para sincronizar tus datos con los de otros empleados y clientes de una organizaci\u00f3n. CiraSync es una herramienta de distribuci\u00f3n que permite a los usuarios sincronizar los datos del calendario y los contactos con cualquier n\u00famero de personas dentro de la organizaci\u00f3n. CiraHub funciona simplemente como una herramienta muy eficaz que permite sincronizar esas fuentes de datos.<\/p>\n<p>Por ejemplo, con CiraHub, puedes combinar diferentes calendarios en un calendario de salida que puede actuar como calendario de trabajo en grupo. Esto permite a cualquier usuario buscar ahora la informaci\u00f3n en su ordenador y examinar los resultados si as\u00ed lo desea. Sin embargo, esto puede resultar confuso para todas las partes; \u00bfqu\u00e9 pasa si necesitas esa informaci\u00f3n mientras est\u00e1s sobre el terreno? Un administrador puede utilizar CiraSync para sincronizar ese \u00abCalendario de grupo\u00bb con cualquier n\u00famero de buzones de usuario, combinando y distribuyendo as\u00ed todos los calendarios. Haga clic <a href=\"https:\/\/cirahub.com\/es\/blog-es\/cirahub-vs-cirasync-cual-es-la-diferencia\/\">aqu\u00ed<\/a> para obtener m\u00e1s informaci\u00f3n sobre todas las diferencias entre CiraSync y CiraHub.<\/p>\n<p>[\/et_pb_accordion_item][\/et_pb_accordion][\/et_pb_column][\/et_pb_row][\/et_pb_section]<\/p>\n","protected":false},"excerpt":{"rendered":"<p>Preguntas frecuentes CiraHub CiraHub es una plataforma de soluci\u00f3n de sincronizaci\u00f3n bidireccional para los contactos y calendarios compartidos para las organizaciones que ejecutan Microsoft 365, Exchange Server y otras aplicaciones empresariales de Microsoft. \ue066Su contenido va aqu\u00ed. Edite o elimine este texto en l\u00ednea o en la configuraci\u00f3n del m\u00f3dulo Contenido. Tambi\u00e9n puede estilizar cada [&hellip;]<\/p>\n","protected":false},"author":4,"featured_media":0,"parent":0,"menu_order":0,"comment_status":"closed","ping_status":"closed","template":"","meta":{"_et_pb_use_builder":"on","_et_pb_old_content":"","_et_gb_content_width":"","footnotes":""},"class_list":["post-37985","page","type-page","status-publish","hentry"],"_links":{"self":[{"href":"https:\/\/cirahub.com\/es\/wp-json\/wp\/v2\/pages\/37985","targetHints":{"allow":["GET"]}}],"collection":[{"href":"https:\/\/cirahub.com\/es\/wp-json\/wp\/v2\/pages"}],"about":[{"href":"https:\/\/cirahub.com\/es\/wp-json\/wp\/v2\/types\/page"}],"author":[{"embeddable":true,"href":"https:\/\/cirahub.com\/es\/wp-json\/wp\/v2\/users\/4"}],"replies":[{"embeddable":true,"href":"https:\/\/cirahub.com\/es\/wp-json\/wp\/v2\/comments?post=37985"}],"version-history":[{"count":8,"href":"https:\/\/cirahub.com\/es\/wp-json\/wp\/v2\/pages\/37985\/revisions"}],"predecessor-version":[{"id":56026,"href":"https:\/\/cirahub.com\/es\/wp-json\/wp\/v2\/pages\/37985\/revisions\/56026"}],"wp:attachment":[{"href":"https:\/\/cirahub.com\/es\/wp-json\/wp\/v2\/media?parent=37985"}],"curies":[{"name":"wp","href":"https:\/\/api.w.org\/{rel}","templated":true}]}}