{"id":37973,"date":"2021-07-26T11:41:26","date_gmt":"2021-07-26T19:41:26","guid":{"rendered":"https:\/\/cirahub.com\/sincronizacion-de-calendarios-entre-un-asistente-ejecutivo-y-un-director-general\/"},"modified":"2021-07-26T11:58:39","modified_gmt":"2021-07-26T19:58:39","slug":"sincronizacion-de-calendarios-asistente-ejecutivo-y-director-general","status":"publish","type":"page","link":"https:\/\/cirahub.com\/es\/sincronizacion-de-calendarios-asistente-ejecutivo-y-director-general\/","title":{"rendered":"Sincronizaci\u00f3n de calendarios entre un asistente ejecutivo y un director general"},"content":{"rendered":"<p>[et_pb_section fb_built=\u00bb1&#8243; module_class=\u00bbpartner-qsg\u00bb _builder_version=\u00bb4.2.1&#8243;][et_pb_row column_structure=\u00bb1_3,2_3&#8243; _builder_version=\u00bb4.4.0&#8243;][et_pb_column type=\u00bb1_3&#8243; _builder_version=\u00bb4.2.1&#8243;][et_pb_sidebar area=\u00bbet_pb_widget_area_1&#8243; _builder_version=\u00bb4.9.4&#8243; body_font=\u00bbPoppins||||||||\u00bb][\/et_pb_sidebar][\/et_pb_column][et_pb_column type=\u00bb2_3&#8243; _builder_version=\u00bb4.2.1&#8243;][et_pb_text _builder_version=\u00bb4.4.0&#8243;]<\/p>\n<h2>Sincronizaci\u00f3n de calendarios entre una asistente ejecutiva y un director general<\/h2>\n<p><strong>Agente principal: <\/strong><\/p>\n<p>Alex- Asistente Ejecutiva de la Corporaci\u00f3n Acme.<\/p>\n<p><strong>Agente secundario: <\/strong><\/p>\n<p>CEO de Acme Corporation<\/p>\n<p><strong>Problema: <\/strong><\/p>\n<p>Alex es una asistente ejecutiva de la Corporaci\u00f3n Acme. El director general de Acme Corporation es conocido por su din\u00e1mica agenda. Su agenda cambia de un momento a otro, lo que significa que la asistente ejecutiva tiene que hacer cambios sobre la marcha aunque no est\u00e9 en su escritorio o incluso en el trabajo.<\/p>\n<p>Sin embargo, Alex carece de conocimientos inform\u00e1ticos para implantar eficazmente una soluci\u00f3n que les permita gestionar el calendario de su director general en tiempo real.<\/p>\n<p><strong>Soluci\u00f3n: <\/strong><\/p>\n<p>Alex encuentra CiraHub, que es una soluci\u00f3n de sincronizaci\u00f3n bidireccional para contactos y calendarios que es ideal para las organizaciones que ejecutan Office 365 y Microsoft Exchange.<\/p>\n<p>Para empezar, Alex crea un Centro con el calendario del director general como Conector. Como Alex no tiene las credenciales de Office 365 del CEO, el Centro env\u00eda una invitaci\u00f3n autom\u00e1ticamente al CEO.<\/p>\n<p>Se agrega otro Conector como una subcarpeta de calendario vac\u00eda en el buz\u00f3n de Alex, para que el calendario del director general no se mezcle con el calendario personal de Alex.<\/p>\n<p>Una vez aceptada la invitaci\u00f3n, Alex configura el Conector del CEO y activa la sincronizaci\u00f3n bidireccional. Como el calendario del director general tiene miles de eventos, Alex filtra el calendario para ver 12 meses hacia adelante y 1 mes en el pasado.<\/p>\n<p>CiraHub permite entonces a Alex gestionar de forma centralizada el calendario del director general en Outlook y en un tel\u00e9fono m\u00f3vil. Alex puede ahora a\u00f1adir, eliminar y editar citas.<\/p>\n<p><a href=\"https:\/\/cirahub.com\/sync-contacts-ea-ceo\/\" class=\"next-post\">Art\u00edculo siguiente: Sincronizaci\u00f3n de contactos entre una asistente ejecutiva y un director general<\/a>[\/et_pb_text][\/et_pb_column][\/et_pb_row][\/et_pb_section]<\/p>\n","protected":false},"excerpt":{"rendered":"<p>Sincronizaci\u00f3n de calendarios entre una asistente ejecutiva y un director general Agente principal: Alex- Asistente Ejecutiva de la Corporaci\u00f3n Acme. Agente secundario: CEO de Acme Corporation Problema: Alex es una asistente ejecutiva de la Corporaci\u00f3n Acme. El director general de Acme Corporation es conocido por su din\u00e1mica agenda. Su agenda cambia de un momento a [&hellip;]<\/p>\n","protected":false},"author":4,"featured_media":0,"parent":0,"menu_order":0,"comment_status":"closed","ping_status":"closed","template":"","meta":{"_et_pb_use_builder":"on","_et_pb_old_content":"","_et_gb_content_width":"","footnotes":""},"class_list":["post-37973","page","type-page","status-publish","hentry"],"_links":{"self":[{"href":"https:\/\/cirahub.com\/es\/wp-json\/wp\/v2\/pages\/37973","targetHints":{"allow":["GET"]}}],"collection":[{"href":"https:\/\/cirahub.com\/es\/wp-json\/wp\/v2\/pages"}],"about":[{"href":"https:\/\/cirahub.com\/es\/wp-json\/wp\/v2\/types\/page"}],"author":[{"embeddable":true,"href":"https:\/\/cirahub.com\/es\/wp-json\/wp\/v2\/users\/4"}],"replies":[{"embeddable":true,"href":"https:\/\/cirahub.com\/es\/wp-json\/wp\/v2\/comments?post=37973"}],"version-history":[{"count":6,"href":"https:\/\/cirahub.com\/es\/wp-json\/wp\/v2\/pages\/37973\/revisions"}],"predecessor-version":[{"id":37979,"href":"https:\/\/cirahub.com\/es\/wp-json\/wp\/v2\/pages\/37973\/revisions\/37979"}],"wp:attachment":[{"href":"https:\/\/cirahub.com\/es\/wp-json\/wp\/v2\/media?parent=37973"}],"curies":[{"name":"wp","href":"https:\/\/api.w.org\/{rel}","templated":true}]}}