{"id":44235,"date":"2022-11-20T12:28:29","date_gmt":"2022-11-20T20:28:29","guid":{"rendered":"https:\/\/cirahub.com\/?page_id=44235"},"modified":"2022-11-28T16:20:14","modified_gmt":"2022-11-29T00:20:14","slug":"onboarding-cirahub","status":"publish","type":"page","link":"https:\/\/cirahub.com\/de\/onboarding-cirahub\/","title":{"rendered":"Ersteinrichtung von CiraHub"},"content":{"rendered":"<p>[et_pb_section fb_built=&#8220;1&#8243; module_id=&#8220;trynowTabs&#8220; _builder_version=&#8220;4.6.5&#8243; _dynamic_attributes=&#8220;link_option_url&#8220; custom_padding=&#8220;10px||0px||false|false&#8220; link_option_url=&#8220;@ET-DC@eyJkeW5hbWljIjp0cnVlLCJjb250ZW50IjoicG9zdF9saW5rX3VybF9wYWdlIiwic2V0dGluZ3MiOnsicG9zdF9pZCI6IjE2NjczIn19@&#8220; custom_css_main_element=&#8220;border-bottom:1px solid #ebeaeb;&#8220;][et_pb_row column_structure=&#8220;1_2,1_2&#8243; _builder_version=&#8220;4.6.0&#8243; custom_padding=&#8220;||0px||false|false&#8220;][et_pb_column type=&#8220;1_2&#8243; _builder_version=&#8220;4.6.0&#8243; link_option_url=&#8220;\/cirahub\/ersteinrichtung\/&#8220; custom_css_main_element=&#8220;border-bottom:2px solid #1c80cc;&#8220;][et_pb_text _builder_version=&#8220;4.6.5&#8243;]<\/p>\n<h6 style=\"text-align: center;\"><span style=\"color: #1d80cc;\">Ersteinrichtung von CiraHub<\/span><\/h6>\n<p>[\/et_pb_text][\/et_pb_column][et_pb_column type=&#8220;1_2&#8243; module_class=&#8220;hover-blue&#8220; _builder_version=&#8220;4.6.0&#8243; link_option_url=&#8220;\/cirahub\/verbinden-spoke-mit-hub\/&#8220;][et_pb_text _builder_version=&#8220;4.9.4&#8243;]<\/p>\n<h6 style=\"text-align: center;\"><a href=\"https:\/\/cirahub.com\/attaching-spoke-to-hub\/\">Wie verbindet man eine Spoke mit einem Hub<\/a><\/h6>\n<p>[\/et_pb_text][\/et_pb_column][\/et_pb_row][\/et_pb_section][et_pb_section fb_built=&#8220;1&#8243; module_id=&#8220;img-border&#8220; _builder_version=&#8220;4.6.5&#8243; _module_preset=&#8220;default&#8220;][et_pb_row _builder_version=&#8220;4.6.1&#8243; _module_preset=&#8220;default&#8220;][et_pb_column type=&#8220;4_4&#8243; _builder_version=&#8220;4.6.0&#8243; _module_preset=&#8220;default&#8220;][et_pb_text _builder_version=&#8220;4.9.9&#8243; _module_preset=&#8220;default&#8220; hover_enabled=&#8220;0&#8243; sticky_enabled=&#8220;0&#8243;]<\/p>\n<p>CiraHub ist die Antwort von Cira Apps Ltd. auf die Nachfrage nach einer Zwei-Wege-Synchronisationsl\u00f6sung f\u00fcr gemeinsam genutzte Kontakte und Terminkalender. In der jetzigen Form ist CiraHub eine Plattform f\u00fcr zweiseitige Synchronisierungsl\u00f6sungen f\u00fcr Unternehmen, die Microsoft Enterprise Applications einsetzen.<\/p>\n<p>Die Plattform ist so konzipiert, dass auch Personen ohne IT-Erfahrung die gemeinsame Synchronisierung von Kontakten und Kalendern f\u00fcr ihr Unternehmen problemlos einrichten k\u00f6nnen.<\/p>\n<p>Diese Anleitung zeigt den Onboarding-Prozess von CiraHub durch die Erstellung eines Contact Hubs.<\/p>\n<p>&nbsp;<\/p>\n<h2><span class=\"ez-toc-section\" id=\"Anleitung\"><\/span>Anleitung<span class=\"ez-toc-section-end\"><\/span><\/h2>\n<ol>\n<li>Melden Sie sich bei CiraHub an. Sie werden zum Ersteinrichtung-Assistenten weitergeleitet. (Siehe folgende Abbildung.) <img decoding=\"async\" src=\"\/wp-content\/uploads\/2020\/10\/CiraHub-Onboarding-Welcome.png\"><\/li>\n<li>W\u00e4hlen Sie den Objekttyp der ersten Spoke aus. In diesem Beispiel, w\u00e4hlen Sie <strong>Kontakte.<\/strong> <strong>W\u00e4hlen Sie den Quellentyp Ihres Kontakts aus.<\/strong> Der Spoke-Teil des Assistenten wird angezeigt. (Siehe folgende Abbildung.)<img decoding=\"async\" src=\"\/wp-content\/uploads\/2020\/10\/CiraHub-Select-source-type-contact-Spoke.png\"><\/li>\n<li>W\u00e4hlen Sie den Quellentyp der Hub-and-Spoke Verbindung f\u00fcr diesen Kontakt. In diesem Beispiel wurde <strong>Benutzerpostfach<\/strong> gew\u00e4hlt. <\/li>\n<li>Klicken Sie auf <strong>WEITER.<\/strong> <strong>&#8222;W\u00e4hlen Sie den Postfachordner f\u00fcr Synchronisierung&#8220; <\/strong>wird angezeigt. (Siehe folgende Abbildung.)<img decoding=\"async\" src=\"\/wp-content\/uploads\/2020\/10\/CiraHub-Hub-Select-Mailbox-Folder-to-Sync.png\"><\/li>\n<li>Select the mailbox you want to sync. <div class='et-box et-info'>\n\t\t\t\t\t<div class='et-box-content'><strong>HINWEIS: <\/strong>Am besten benutzen Sie als Quellpostfach Ihr eigenes Postfach oder ein Postfach, auf das Sie Zugriff haben.<\/div><\/div><\/li>\n<li>W\u00e4hlen Sie den Postfachordner, den Sie synchronisieren m\u00f6chten. In diesem Beispiel wurden <strong>Kontakte <\/strong>aus dem Stammverzeichnis der <strong>Kontakte<\/strong> ausgew\u00e4hlt. <div class='et-box et-info'>\n\t\t\t\t\t<div class='et-box-content'><strong>HINWEIS:<\/strong> Klicken Sie auf den Pfeil neben dem gew\u00fcnschten Stammpostfachordner, um den Ordner zu erweitern. Dadurch werden alle Unterordner innerhalb des Postfachordners angezeigt.<\/div><\/div><div class='et-box et-info'>\n\t\t\t\t\t<div class='et-box-content'><strong>HINWEIS: <\/strong>Bewegen Sie den Mauszeiger \u00fcber die Kontakte und klicken Sie auf das +, um einen Unterordner zu erstellen, der auch zur Erstellung eines Hubs und einer Spoke verwendet werden kann.<\/div><\/div><\/li>\n<li>Klicken Sie auf <strong>Weiter. Geben Sie die Namen f\u00fcr die Spokes und klicken Sie WEITER <\/strong>wird angezeigt. <div class='et-box et-info'>\n\t\t\t\t\t<div class='et-box-content'><strong><strong>HINWEIS:<\/strong><\/strong>Bei der Erstellung eines Hubs wird auch ein Spoke f\u00fcr die Postfachquelle erstellt.<\/div><\/div><div class='et-box et-info'>\n\t\t\t\t\t<div class='et-box-content'><strong><strong>HINWEIS: <\/strong><\/strong>Der Name der Spoke entspricht automatisch dem Namen des Ordners, der im Abschnitt <strong> &#8222;Postfachordner f\u00fcr Synchronisierung ausw\u00e4hlen&#8220;<\/strong> des Onboarding-Assistenten verwendet wird.<\/div><\/div> <\/li>\n<li>Geben Sie den Namen der Spoke ein.<\/li>\n<li>Klicken Sie aud <strong>WEITER<\/strong>. Sie werden weitergeleitet zum Schritt: <strong>Namen f\u00fcr Hubs eingeben und auf ERSTELLEN klicken.<\/strong><\/li>\n<li>Geben Sie den Namen des Hubs ein.<\/li>\n<li>Klicken Sie auf <strong>ERSTELLEN.<\/strong> Sie werden zum CiraHub-Dashboard weitergeleitet. (Siehe folgende Abbildung.) <img decoding=\"async\" src=\"\/wp-content\/uploads\/2020\/10\/CiraHub-Star-View.png\"><em>CiraHub in Stern-Ansicht <img decoding=\"async\" src=\"\/wp-content\/uploads\/2020\/10\/CiraHub-List-View.png\"><\/em><em>CiraHub in Listenansicht. <\/em> <div class='et-box et-info'>\n\t\t\t\t\t<div class='et-box-content'><strong><strong><strong>HINWEIS:<\/strong><\/strong><\/strong> Die Stern-Ansicht ist die Standard-Ansicht von CiraHub. Um zwischen den Ansichten zu wechseln, klicken Sie auf den Schieberegler in der oberen rechten Ecke des Dashboards.<\/div><\/div><div class='et-box et-info'>\n\t\t\t\t\t<div class='et-box-content'><strong><strong><strong>HINWEIS: <\/strong><\/strong><\/strong>In der Standardeinstellung ist bei allen Hubs und Spokes, die erstellt und angeschlossen werden, die zweiseitige Synchronisierung automatisch deaktiviert. Dies gibt den Benutzern von CiraHub die M\u00f6glichkeit, benutzerdefinierte Filter f\u00fcr ihre zwe\u00edseitige Synchronisierung zu erstellen und erleichtert dem Customer Success Team von Cira Apps Ltd. die Behebung eventueller Probleme, die bei der Nutzung von CiraHub auftreten k\u00f6nnen.<\/div><\/div><\/li>\n<li> Klicken Sie auf die Spoke, die gerade erstellt wurde auf dem Diagramm.<\/li>\n<li> Klicken Sie auf <strong>Einschalten<\/strong>unter der Schaltfl\u00e4che <strong>Synchronisiert<\/strong>. <div class='et-box et-info'>\n\t\t\t\t\t<div class='et-box-content'><strong><strong><strong><strong><strong>HINWEIS: <\/strong><span style=\"font-weight: 500;\">Sie k\u00f6nnen auch auf <\/span><strong>Einschalten<\/strong><span style=\"font-weight: 500;\">in der Liste unten auf dem Dashboard.<\/span><\/strong><\/strong><\/strong><\/strong><\/div><\/div><div class='et-box et-info'>\n\t\t\t\t\t<div class='et-box-content'><strong><strong><strong><strong><strong>HINWEIS: <\/strong><\/strong><\/strong><\/strong><\/strong>In der Listenansicht, klicken Sie auf <strong>Einschalten<\/strong>unter der <strong>Synchronisiert<\/strong> Spalte.<\/div><\/div> Die <strong>Optionen f\u00fcr Spoke Synchronisierung<\/strong> werden angezeigt. (Siehe folgende Abbildung.)<img decoding=\"async\" src=\"\/wp-content\/uploads\/2020\/10\/CiraHub-Spoke-Sync-Options.png\"><\/li>\n<li> Klicken Sie auf <strong>das Kontrollk\u00e4stchen &#8222;Erstellen und Synchronisieren von Elementen in dieser Spoke erlauben&#8220;<\/strong> um die zweiseitige Synchronisierung zu aktivieren. <div class='et-box et-info'>\n\t\t\t\t\t<div class='et-box-content'><strong><strong><strong><strong><strong><strong>HINWEIS:<\/strong><\/strong><\/strong><\/strong><\/strong><\/strong> Klicken Sie auf <strong><strong><strong><strong><strong><strong><strong>Erweitert<\/strong><span style=\"font-weight: 500;\">, um Synchronisierungsfilter zu dieser Spoke hinzuzuf\u00fcgen.<\/span><\/strong><\/strong><\/strong><\/strong><\/strong><\/strong><\/div><\/div><\/li>\n<li> Klicken Sie auf <strong>SPEICHERN. <\/strong> <\/li>\n<\/ol>\n<p><a class=\"next-post\" href=\"https:\/\/cirahub.com\/attaching-spoke-to-hub\/\">N\u00e4chster Artikel: Verbinden einer Spoke mit einem Hub<\/a><\/p>\n<p>[\/et_pb_text][\/et_pb_column][\/et_pb_row][\/et_pb_section][et_pb_section fb_built=&#8220;1&#8243; admin_label=&#8220;CTA&#8220; _builder_version=&#8220;4.9.4&#8243; _module_preset=&#8220;default&#8220; background_color=&#8220;#4f59b3&#8243; background_image=&#8220;https:\/\/cirahub.com\/wp-content\/uploads\/2021\/05\/hub-cta-block-bg.jpg&#8220; background_size=&#8220;initial&#8220; background_position=&#8220;top_right&#8220; custom_margin=&#8220;||30px|||&#8220; custom_padding=&#8220;30px||28px|||&#8220; global_module=&#8220;31306&#8243; saved_tabs=&#8220;all&#8220;][et_pb_row module_id=&#8220;GetAtaste&#8220; _builder_version=&#8220;4.9.4&#8243; _module_preset=&#8220;default&#8220;][et_pb_column type=&#8220;4_4&#8243; _builder_version=&#8220;4.6.5&#8243; _module_preset=&#8220;default&#8220;][et_pb_text _builder_version=&#8220;4.9.9&#8243; _module_preset=&#8220;default&#8220; header_text_align=&#8220;center&#8220; background_enable_color=&#8220;off&#8220; background_enable_image=&#8220;off&#8220; background_size=&#8220;contain&#8220; background_position=&#8220;top_right&#8220; text_orientation=&#8220;center&#8220; background_layout=&#8220;dark&#8220; custom_padding=&#8220;||34px|||&#8220; hover_enabled=&#8220;0&#8243; sticky_enabled=&#8220;0&#8243;]<\/p>\n<h1 style=\"font-size: 36px;\"><span class=\"ez-toc-section\" id=\"Probieren_Sie_die_zweseitige_Synchonisierung_Testen_Sie_CiraHub_noch_heute\"><\/span>Probieren Sie die zweseitige Synchonisierung. Testen Sie CiraHub noch heute.<span class=\"ez-toc-section-end\"><\/span><\/h1>\n<p style=\"font-size: 14px;\">Alles in einem &#8211; mit CiraHub. Unbegrenzte Spokes und Hubs &#8211; 10 Tage gratis. Fangen Sie noch heute an.<\/p>\n<div class=\"cta-buttons\">\n    <a id=\"hero-cta\" class=\"et_pb_button et_pb_button_0 try et_pb_bg_layout_dark\" href=\"https:\/\/cirahub.com\/de\/?page_id=43614\">Kostenlos testen<\/a><br \/>\n    <a id=\"hero-cta\" class=\"et_pb_button et_pb_button_0 try et_pb_bg_layout_dark\" href=\"https:\/\/cirahub.com\/de\/faq\/\">Mehr \u00fcber CiraHub erfahren<\/a>\n<\/div>\n<p>[\/et_pb_text][\/et_pb_column][\/et_pb_row][\/et_pb_section]<\/p>\n","protected":false},"excerpt":{"rendered":"<p>Ersteinrichtung von CiraHubWie verbindet man eine Spoke mit einem HubCiraHub ist die Antwort von Cira Apps Ltd. auf die Nachfrage nach einer Zwei-Wege-Synchronisationsl\u00f6sung f\u00fcr gemeinsam genutzte Kontakte und Terminkalender. In der jetzigen Form ist CiraHub eine Plattform f\u00fcr zweiseitige Synchronisierungsl\u00f6sungen f\u00fcr Unternehmen, die Microsoft Enterprise Applications einsetzen. Die Plattform ist so konzipiert, dass auch Personen [&hellip;]<\/p>\n","protected":false},"author":4,"featured_media":0,"parent":0,"menu_order":0,"comment_status":"closed","ping_status":"closed","template":"","meta":{"_et_pb_use_builder":"on","_et_pb_old_content":"","_et_gb_content_width":"","footnotes":""},"class_list":["post-44235","page","type-page","status-publish","hentry"],"_links":{"self":[{"href":"https:\/\/cirahub.com\/de\/wp-json\/wp\/v2\/pages\/44235","targetHints":{"allow":["GET"]}}],"collection":[{"href":"https:\/\/cirahub.com\/de\/wp-json\/wp\/v2\/pages"}],"about":[{"href":"https:\/\/cirahub.com\/de\/wp-json\/wp\/v2\/types\/page"}],"author":[{"embeddable":true,"href":"https:\/\/cirahub.com\/de\/wp-json\/wp\/v2\/users\/4"}],"replies":[{"embeddable":true,"href":"https:\/\/cirahub.com\/de\/wp-json\/wp\/v2\/comments?post=44235"}],"version-history":[{"count":20,"href":"https:\/\/cirahub.com\/de\/wp-json\/wp\/v2\/pages\/44235\/revisions"}],"predecessor-version":[{"id":44378,"href":"https:\/\/cirahub.com\/de\/wp-json\/wp\/v2\/pages\/44235\/revisions\/44378"}],"wp:attachment":[{"href":"https:\/\/cirahub.com\/de\/wp-json\/wp\/v2\/media?parent=44235"}],"curies":[{"name":"wp","href":"https:\/\/api.w.org\/{rel}","templated":true}]}}