{"id":44116,"date":"2022-11-18T03:25:51","date_gmt":"2022-11-18T11:25:51","guid":{"rendered":"https:\/\/cirahub.com\/?page_id=44116"},"modified":"2022-12-01T11:19:53","modified_gmt":"2022-12-01T19:19:53","slug":"sicherheit-bei-cirahub","status":"publish","type":"page","link":"https:\/\/cirahub.com\/de\/sicherheit-bei-cirahub\/","title":{"rendered":"Sicherheit bei CiraHub"},"content":{"rendered":"<p>[et_pb_section fb_built=&#8220;1&#8243; _builder_version=&#8220;4.4.0&#8243;][et_pb_row _builder_version=&#8220;4.9.4&#8243; hover_enabled=&#8220;0&#8243; sticky_enabled=&#8220;0&#8243;][et_pb_column type=&#8220;4_4&#8243; _builder_version=&#8220;4.9.4&#8243; hover_enabled=&#8220;0&#8243; sticky_enabled=&#8220;0&#8243;][et_pb_text _builder_version=&#8220;4.9.4&#8243; hover_enabled=&#8220;0&#8243; sticky_enabled=&#8220;0&#8243;]<\/p>\n<h2><span class=\"ez-toc-section\" id=\"Sicherheit_bei_CiraHub\"><\/span>Sicherheit bei CiraHub<span class=\"ez-toc-section-end\"><\/span><\/h2>\n<p><span data-contrast=\"auto\">Cira Apps Ltd. nimmt die Sicherheit der Benutzerdaten sehr ernst und hat<\/span> <span data-contrast=\"auto\">Schritte unternommen,<\/span> <span data-contrast=\"auto\">um die Sicherheit der Benutzerdaten zu gew\u00e4hrleisten<\/span><span data-contrast=\"auto\">.<\/span> <span data-ccp-props=\"{\"134233117\":true,\"134233118\":true,\"201341983\":0,\"335559740\":240}\"> <\/span><\/p>\n<p><span data-contrast=\"auto\">Auf dieser Seite finden Sie Informationen zu folgenden Sicherheitsthemen:<\/span><span data-ccp-props=\"{\"134233117\":true,\"134233118\":true,\"201341983\":0,\"335559740\":240}\"> <\/span><\/p>\n<ul>\n<li style=\"list-style-type: none;\">\n<ul>\n<li data-leveltext=\"\uf0b7\" data-font=\"Symbol\" data-listid=\"1\" aria-setsize=\"-1\" data-aria-posinset=\"0\" data-aria-level=\"1\"><span data-contrast=\"auto\">Integration von CiraHub mit Microsoft Azure<\/span><span data-contrast=\"auto\">.<\/span><span data-ccp-props=\"{\"134233117\":true,\"134233118\":true,\"201341983\":0,\"335559740\":240}\"> <\/span><\/li>\n<li data-leveltext=\"\uf0b7\" data-font=\"Symbol\" data-listid=\"1\" aria-setsize=\"-1\" data-aria-posinset=\"0\" data-aria-level=\"1\"><span data-contrast=\"auto\">Wie Benutzerdaten durch Cira<\/span><span data-contrast=\"auto\">Hub laufen<\/span><span data-contrast=\"auto\">.<\/span><span data-ccp-props=\"{\"134233117\":true,\"134233118\":true,\"201341983\":0,\"335559740\":240}\"> <\/span><\/li>\n<li data-leveltext=\"\uf0b7\" data-font=\"Symbol\" data-listid=\"1\" aria-setsize=\"-1\" data-aria-posinset=\"0\" data-aria-level=\"1\"><span data-contrast=\"auto\">Zus\u00e4tzliche Ma\u00dfnamen von CiraHub zum Schutz der Benutzerdaten<\/span><span data-ccp-props=\"{\"134233117\":true,\"134233118\":true,\"201341983\":0,\"335559740\":240}\"> <\/span><\/li>\n<li data-leveltext=\"\uf0b7\" data-font=\"Symbol\" data-listid=\"1\" aria-setsize=\"-1\" data-aria-posinset=\"0\" data-aria-level=\"1\"><span data-contrast=\"auto\">Datenschutzrichtlinien von Cira Apps.<\/span><span data-ccp-props=\"{\"134233117\":true,\"134233118\":true,\"201341983\":0,\"335559740\":240}\"> <\/span><\/li>\n<\/ul>\n<\/li>\n<\/ul>\n<h3><span class=\"ez-toc-section\" id=\"Integration_von_CiraHub_mit_Microsoft_Azure\"><\/span>Integration von CiraHub mit Microsoft Azure<span class=\"ez-toc-section-end\"><\/span><\/h3>\n<p><span class=\"TextRun SCXW48134709 BCX0\" lang=\"EN-US\" data-contrast=\"auto\" xml:lang=\"EN-US\"><span class=\"SpellingError SCXW48134709 BCX0\" data-ccp-charstyle=\"normaltextrun\">CiraHub<\/span><\/span><span class=\"TextRun SCXW48134709 BCX0\" lang=\"EN-US\" data-contrast=\"auto\" xml:lang=\"EN-US\"><span class=\"NormalTextRun SCXW48134709 BCX0\" data-ccp-charstyle=\"normaltextrun\"> ist<\/span><\/span><span class=\"TextRun SCXW48134709 BCX0\" lang=\"EN-US\" data-contrast=\"auto\" xml:lang=\"EN-US\"><span class=\"NormalTextRun SCXW48134709 BCX0\" data-ccp-charstyle=\"normaltextrun\">bei Microsoft Azure registriert<\/span><\/span><span class=\"TextRun SCXW48134709 BCX0\" lang=\"EN-US\" xml:lang=\"EN-US\" data-contrast=\"auto\"><span class=\"NormalTextRun SCXW48134709 BCX0\" data-ccp-charstyle=\"normaltextrun\">. Es <\/span><\/span><span class=\"TextRun SCXW48134709 BCX0\" lang=\"EN-US\" data-contrast=\"auto\" xml:lang=\"EN-US\"><span class=\"NormalTextRun SCXW48134709 BCX0\" data-ccp-charstyle=\"normaltextrun\">verwendet das<\/span><\/span><a target=\"_blank\" href=\"https:\/\/docs.microsoft.com\/en-us\/azure\/active-directory\/develop\/consent-framework\" rel=\"noopener noreferrer\" class=\"Hyperlink SCXW48134709 BCX0\"><span class=\"TextRun Underlined SCXW48134709 BCX0\" lang=\"EN-US\" xml:lang=\"EN-US\" data-contrast=\"none\"><span class=\"NormalTextRun SCXW48134709 BCX0\" data-ccp-charstyle=\"Hyperlink\">Azure Zustimmungsframework<\/span><\/span><\/a><span class=\"TextRun SCXW48134709 BCX0\" lang=\"EN-US\" data-contrast=\"auto\" xml:lang=\"EN-US\"><span class=\"NormalTextRun SCXW48134709 BCX0\" data-ccp-charstyle=\"normaltextrun\">und speichert keine Passw\u00f6rter.<\/span><\/span><span class=\"TextRun SCXW48134709 BCX0\" lang=\"EN-US\" data-contrast=\"auto\" xml:lang=\"EN-US\"><span class=\"NormalTextRun SCXW48134709 BCX0\" data-ccp-charstyle=\"normaltextrun\">Falls die Azure Zustimmung jedoch nicht m\u00f6glich ist,<\/span><\/span><span class=\"TextRun SCXW48134709 BCX0\" lang=\"EN-US\" data-contrast=\"auto\" xml:lang=\"EN-US\"><span class=\"SpellingError SCXW48134709 BCX0\" data-ccp-charstyle=\"normaltextrun\">verwendet<\/span> <span class=\"NormalTextRun SCXW48134709 BCX0\" data-ccp-charstyle=\"normaltextrun\"> <\/span><\/span> <span class=\"TextRun SCXW48134709 BCX0\" lang=\"EN-US\" data-contrast=\"auto\" xml:lang=\"EN-US\"><span class=\"NormalTextRun SCXW48134709 BCX0\" data-ccp-charstyle=\"normaltextrun\">CiraHub<\/span><\/span><a target=\"_blank\" href=\"https:\/\/docs.microsoft.com\/en-us\/azure\/key-vault\/key-vault-overview\" rel=\"noopener noreferrer\" class=\"Hyperlink SCXW48134709 BCX0\"><span class=\"TextRun Underlined SCXW48134709 BCX0\" lang=\"EN-US\" xml:lang=\"EN-US\" data-contrast=\"none\"><span class=\"NormalTextRun SCXW48134709 BCX0\" data-ccp-charstyle=\"Hyperlink\">den Azure Key Vault<\/span><\/span><\/a><span class=\"TextRun SCXW48134709 BCX0\" lang=\"EN-US\" data-contrast=\"auto\" xml:lang=\"EN-US\"><span class=\"NormalTextRun SCXW48134709 BCX0\" data-ccp-charstyle=\"normaltextrun\">. <\/span><\/span> <span class=\"TextRun SCXW48134709 BCX0\" lang=\"EN-US\" xml:lang=\"EN-US\" data-contrast=\"auto\"><span class=\"NormalTextRun SCXW48134709 BCX0\" data-ccp-charstyle=\"normaltextrun\"> <\/span><\/span><span class=\"TextRun SCXW48134709 BCX0\" lang=\"EN-US\" xml:lang=\"EN-US\" data-contrast=\"auto\"><span class=\"NormalTextRun SCXW48134709 BCX0\" data-ccp-charstyle=\"eop\">Alle Benutzerdaten werden <\/span><\/span><span class=\"TextRun SCXW48134709 BCX0\" lang=\"EN-US\" xml:lang=\"EN-US\" data-contrast=\"auto\"><span class=\"NormalTextRun SCXW48134709 BCX0\" data-ccp-charstyle=\"normaltextrun\">in der Microsoft Cloud aufbewahrt. Mit \u00fcber 100 Millionen aktiven Beutzern von Office 365 und mehr <\/span><\/span><a target=\"_blank\" href=\"https:\/\/www.microsoft.com\/en-us\/trust-center\/compliance\/compliance-overview\" rel=\"noopener noreferrer\" class=\"Hyperlink SCXW48134709 BCX0\"><span class=\"TextRun Underlined SCXW48134709 BCX0\" lang=\"EN-US\" xml:lang=\"EN-US\" data-contrast=\"none\"><span class=\"NormalTextRun SCXW48134709 BCX0\" data-ccp-charstyle=\"Hyperlink\">Cloud-Sicherheitszertifikaten<\/span><\/span><\/a><span class=\"TextRun SCXW48134709 BCX0\" lang=\"EN-US\" data-contrast=\"auto\" xml:lang=\"EN-US\"><span class=\"NormalTextRun SCXW48134709 BCX0\" data-ccp-charstyle=\"normaltextrun\">als jedes andere Unternehmen, geh\u00f6rt die Sicherheit bei Microsoft Azure<\/span><\/span><span class=\"TextRun SCXW48134709 BCX0\" lang=\"EN-US\" data-contrast=\"auto\" xml:lang=\"EN-US\"><span class=\"NormalTextRun SCXW48134709 BCX0\" data-ccp-charstyle=\"normaltextrun\">zu den<\/span><\/span><span class=\"TextRun SCXW48134709 BCX0\" lang=\"EN-US\" data-contrast=\"auto\" xml:lang=\"EN-US\"><span class=\"NormalTextRun SCXW48134709 BCX0\" data-ccp-charstyle=\"normaltextrun\">besten in der Welt. <\/span><\/span> <span class=\"EOP SCXW48134709 BCX0\" data-ccp-props=\"{\"134233117\":true,\"134233118\":true,\"201341983\":0,\"335559740\":240}\"> <\/span><\/p>\n<h3><span class=\"ez-toc-section\" id=\"Architektur_von_Datenblauf_bei_CiraHub\"><\/span>Architektur von Datenblauf bei CiraHub<span class=\"ez-toc-section-end\"><\/span><\/h3>\n<p><img decoding=\"async\" class=\"aligncenter wp-image-21004 size-full\" src=\"https:\/\/cirahub.com\/wp-content\/uploads\/2020\/03\/CiraHub-Data-Security-Diagram-e1584030719339.png\" alt=\"\" width=\"800\" height=\"611\"><\/p>\n<ol>\n<li>Die Benutzer greifen auf das CiraHub Dashboard zu, um CiraHub einzurichten und zu verwalten.<div class='et-box et-info'>\n\t\t\t\t\t<div class='et-box-content'><strong>HINWEIS: <\/strong>CiraHub befindet sich in der Microsoft Azure Cloud. Die einzigen Endpunkte, die au\u00dferhalb der Cloud vorhanden sind, sind die folgenden:\n<ul>\n<li>Das CiraHub-Dashboard, das mit dem Cloudflare Netzwerk gesch\u00fctzt ist.<\/li>\n<li>Anwendungen au\u00dferhalb der Microsoft Umgebung<\/li>\n<li>Benutzerausgabeger\u00e4te wie Smartphones.<\/div><\/div><\/li>\n<\/ul>\n<p>&nbsp;<\/p>\n<\/li>\n<li>CiraHub verwendet eine Hub-and-Spoke-Architektur zum Speichern und Synchronisieren von Daten, auf die Benutzern bestimmte Weise. <div class='et-box et-info'>\n\t\t\t\t\t<div class='et-box-content'><strong>HINWEIS: <\/strong><span class=\"TextRun SCXW162054381 BCX0\" lang=\"EN-US\" xml:lang=\"EN-US\" data-contrast=\"auto\"><span class=\"NormalTextRun SCXW162054381 BCX0\">Das Konzept <\/span><\/span><span class=\"TextRun SCXW162054381 BCX0\" lang=\"EN-US\" xml:lang=\"EN-US\" data-contrast=\"auto\"><span class=\"SpellingError SCXW162054381 BCX0\">CiraHub<\/span><\/span><span class=\"TextRun SCXW162054381 BCX0\" lang=\"EN-US\" xml:lang=\"EN-US\" data-contrast=\"auto\"><span class=\"NormalTextRun SCXW162054381 BCX0\"> sieht jeden Benutzer <\/span><\/span><span class=\"TextRun SCXW162054381 BCX0\" lang=\"EN-US\" xml:lang=\"EN-US\" data-contrast=\"auto\"><span class=\"NormalTextRun SCXW162054381 BCX0\">als Speichen<\/span><\/span><span class=\"TextRun SCXW162054381 BCX0\" lang=\"EN-US\" xml:lang=\"EN-US\" data-contrast=\"auto\"><span class=\"NormalTextRun SCXW162054381 BCX0\">(&#8222;Spokes&#8220;)<\/span><\/span><span class=\"TextRun SCXW162054381 BCX0\" lang=\"EN-US\" xml:lang=\"EN-US\" data-contrast=\"auto\"><span class=\"NormalTextRun SCXW162054381 BCX0\"> in einem Rad. <\/span><\/span><span class=\"TextRun SCXW162054381 BCX0\" lang=\"EN-US\" xml:lang=\"EN-US\" data-contrast=\"auto\"><span class=\"NormalTextRun SCXW162054381 BCX0\">Diese <\/span><\/span><span class=\"TextRun SCXW162054381 BCX0\" lang=\"EN-US\" xml:lang=\"EN-US\" data-contrast=\"auto\"><span class=\"NormalTextRun SCXW162054381 BCX0\">&#8222;Speichen&#8220;<\/span><\/span><span class=\"TextRun SCXW162054381 BCX0\" lang=\"EN-US\" xml:lang=\"EN-US\" data-contrast=\"auto\"><span class=\"NormalTextRun SCXW162054381 BCX0\">sind Datenendpunkte, die Daten zu einem<\/span><\/span><span class=\"TextRun SCXW162054381 BCX0\" lang=\"EN-US\" xml:lang=\"EN-US\" data-contrast=\"auto\"><span class=\"NormalTextRun SCXW162054381 BCX0\"> zentralen Hub liefern.<\/span><\/span><span class=\"TextRun SCXW162054381 BCX0\" lang=\"EN-US\" xml:lang=\"EN-US\" data-contrast=\"auto\"><span class=\"NormalTextRun SCXW162054381 BCX0\">. Wenn die zweiseitige Synchronisierung manuell aktiviert wird, <\/span><\/span><span class=\"TextRun SCXW162054381 BCX0\" lang=\"EN-US\" data-contrast=\"auto\" xml:lang=\"EN-US\"><span class=\"NormalTextRun SCXW162054381 BCX0\">werden die gesammelten Daten an jede Spoke <\/span><\/span><span class=\"TextRun SCXW162054381 BCX0\" lang=\"EN-US\" data-contrast=\"auto\" xml:lang=\"EN-US\"><span class=\"NormalTextRun SCXW162054381 BCX0\">\u00fcbertragen<\/span><\/span><span class=\"TextRun SCXW162054381 BCX0\" lang=\"EN-US\" xml:lang=\"EN-US\" data-contrast=\"auto\"><span class=\"NormalTextRun SCXW162054381 BCX0\">.<\/div><\/div><\/span><\/span><\/li>\n<li>CiraHub verwendet eine Kombination aus EWS, Microsoft Graph API und Powershell-Befehlen, um Daten zum Hub zu \u00fcbertragen und sie daraus zu ziehen.<\/li>\n<li>Bei der Ersteinrichtung der Hub und Spoke Verbindung wird die zweiseitige Synchronisierung nicht automatisch aktiviert. Die Benutzer m\u00fcssen es in den Einstellungen jeder einzelnen Spoke aktivieren. So k\u00f6nnen die Benutzer die Daten, die mit den Spokes synchronisiert werden, viel besser kontrollieren und filtern.<\/li>\n<\/ol>\n<h3><span class=\"ez-toc-section\" id=\"Zusaetzliche_Datenschutzmassnahmen_bei_CiraHub\"><\/span>Zus\u00e4tzliche Datenschutzma\u00dfnahmen bei CiraHub<span class=\"ez-toc-section-end\"><\/span><\/h3>\n<p>Die folgenden Tabellen beschreiben die weiteren Ma\u00dfnahmen der Datenarchitektur, die von Cira Apps ergriffen werden, um die Sicherheit der Benutzerdaten bei CiraHub zu gew\u00e4hrleisten.<\/p>\n<table>\n<tbody>\n<tr>\n<td width=\"312\"><strong>Dashboard-Sicherheit<\/strong><\/td>\n<td width=\"312\"><a href=\"https:\/\/dashboard.cirahub.com\">https:\/\/dashboard.cirahub.com<\/a> ist der einzige \u00f6ffentliche Internet-Endpunkt. Das Dashboard ist hinter dem Cloudflare Content Delivery Network verborgen.<\/td>\n<\/tr>\n<tr>\n<td width=\"312\"><strong>Passw\u00f6rter<\/strong><\/td>\n<td width=\"312\">\n<p>F\u00fcr die meisten Funktionen braucht CiraHub nicht Passw\u00f6rter zu speichern und nach Passw\u00f6rtern fragen. Stattdessen verwendet CiraHub das Azure Zustimmungsframework f\u00fcr den Zugriff auf Postf\u00e4cher.<\/p>\n<p>Dar\u00fcber hinaus werden die Benutzer bei der ersten Anmeldung bei CiraHub auf die Microsoft-Anmeldeseite umgeleitet.<\/p>\n<p>&nbsp;<\/p>\n<p>In den F\u00e4llen, wo die Azure-Zustimmung nicht m\u00f6glich ist, verwendet CiraHub den Azure Key Vault, um Passw\u00f6rter sicher zu speichern.<\/p>\n<\/td>\n<\/tr>\n<tr>\n<td width=\"312\"><strong>EWS Verbindung und Graph-API<\/strong><\/td>\n<td width=\"312\">\n<p>Wenn CiraHub die Postf\u00e4cher in Office 365 aktualisiert, verwendet es HTTPS, um mit EWS zu verbinden. Diese EWS-Verbindung l\u00e4uft nicht \u00fcber das \u00f6ffentliche Internet.<\/p>\n<p>&nbsp;<\/p>\n<p>Wenn CiraHub die GAL synchronisiert und bef\u00fcllt, verwendet es die Microsoft Graph API. Alle Sicherheitsdaten, die von der Microsoft Graph API verarbeitet werden, sind sensibel und durch delegierte Azure Active Directory-Berechtigungen und -Rollen gesch\u00fctzt.<\/p>\n<\/td>\n<\/tr>\n<tr>\n<td width=\"312\"><strong>Informationen \u00fcber Abonnente und Lizenzierung<\/strong><\/td>\n<td width=\"312\">Alle Informatinen zu Abonnenten- und Lizenzierung werden in Azure SQL als ein Service gespeichert und sind nur \u00fcber das Dashboard und die Arbeitsprozesse zug\u00e4nglich.<\/td>\n<\/tr>\n<tr>\n<td width=\"312\"><strong>Caching der Daten<\/strong><\/td>\n<td width=\"312\">\n<p>Die Mitarbeiter von CiraHub zwischenspeichern die von den Microsoft Enterprise Applications empfangenen Konfigurationsdaten in einer sicheren Datenbank in der Microsoft Cloud.<\/p>\n<p>&nbsp;<\/p>\n<p>Alle von CiraHub zwischengespeicherten Daten k\u00f6nnen vom Benutzern freiwillig \u00fcber das CiraHub-Dashboard entfernt werden. Sobald die Benutzer entscheiden, nicht mehr an CiraHub teilzunehmen, werden ihre Daten gel\u00f6scht.<\/p>\n<\/td>\n<\/tr>\n<\/tbody>\n<\/table>\n<h3><\/h3>\n<h3><\/h3>\n<h3><span class=\"ez-toc-section\" id=\"Datenschutzrichtlinien_von_Cira_Apps\"><\/span>Datenschutzrichtlinien von Cira Apps<span class=\"ez-toc-section-end\"><\/span><\/h3>\n<p>Cira Apps l\u00e4sst den Benutzern die Wahl, ob sie Informationen zur Verf\u00fcgung stellen wollen und welche Informationen bereitgestellt werden. In Abstimmung mit dem lokalen Recht erm\u00f6glicht CiraHub den Benutzern, bestimmte Kontroll- und Wahlm\u00f6glichkeiten auszu\u00fcben, wie z. B. die folgenden:<\/p>\n<ul>\n<li style=\"list-style-type: none;\">\n<ul>\n<li>Mit CiraHub verbundene Registrierungskonten korrigieren, aktualisieren und l\u00f6schen. Dazu geh\u00f6ren alle informationen, die von is CiraHub zwischengespeichert werden.<\/li>\n<li>W\u00e4hlen Sie, ob Sie Werbeangebote und gezielte Werbung von CiraHub erhalten m\u00f6chten.<\/li>\n<\/ul>\n<\/li>\n<\/ul>\n<p>Pers\u00f6nliche Informationen werden gesammelt, wenn Benutzer Produkte, Dienstleistungen oder Informationen von Cira Apps Ltd. anfordern. Dazu geh\u00f6ren die Anmeldung f\u00fcr ein CiraHub-Konto und die Teilnahme an \u00f6ffentlichen Foren oder anderen Aktivit\u00e4ten auf https:\/\/cirahub.com und jeder Plattform, die es uns erm\u00f6glicht, direkt mit den Nutzern zu interagieren.<\/p>\n<p>Die gesammelten Informationen werden f\u00fcr folgende Zwecke verwendet:<\/p>\n<ul>\n<li style=\"list-style-type: none;\">\n<ul>\n<li>Bereitstellung von Produkten, Informationen und Dienstleistungen, die von Benutzern gew\u00fcnscht werden.<\/li>\n<li>Kommunikation mit Benutzern \u00fcber ihr Konto und ihre Transaktionen mit Cira Apps Ltd.<\/li>\n<li>Anonyme statistische Informationen zu erstellen und zu berechnen, um die Dienstleistungen von Cira Apps Ltd zu verbessern.<\/li>\n<\/ul>\n<\/li>\n<\/ul>\n<p>Weitere Informationen dar\u00fcber, wie Cira Apps Ltd. mit Benutzerdaten umgeht, finden Sie unter <a href=\"https:\/\/cirasync.com\/data-privacy-policy\/\">die Cira Apps Ltd. Datenschutzrichtlinien<\/a>.<\/p>\n<p>[\/et_pb_text][\/et_pb_column][\/et_pb_row][\/et_pb_section]<\/p>\n","protected":false},"excerpt":{"rendered":"<p>Sicherheit bei CiraHub Cira Apps Ltd. nimmt die Sicherheit der Benutzerdaten sehr ernst und hat Schritte unternommen, um die Sicherheit der Benutzerdaten zu gew\u00e4hrleisten. Auf dieser Seite finden Sie Informationen zu folgenden Sicherheitsthemen: Integration von CiraHub mit Microsoft Azure. Wie Benutzerdaten durch CiraHub laufen. Zus\u00e4tzliche Ma\u00dfnamen von CiraHub zum Schutz der Benutzerdaten Datenschutzrichtlinien von Cira [&hellip;]<\/p>\n","protected":false},"author":4,"featured_media":0,"parent":0,"menu_order":0,"comment_status":"closed","ping_status":"closed","template":"","meta":{"_et_pb_use_builder":"on","_et_pb_old_content":"","_et_gb_content_width":"","footnotes":""},"class_list":["post-44116","page","type-page","status-publish","hentry"],"_links":{"self":[{"href":"https:\/\/cirahub.com\/de\/wp-json\/wp\/v2\/pages\/44116","targetHints":{"allow":["GET"]}}],"collection":[{"href":"https:\/\/cirahub.com\/de\/wp-json\/wp\/v2\/pages"}],"about":[{"href":"https:\/\/cirahub.com\/de\/wp-json\/wp\/v2\/types\/page"}],"author":[{"embeddable":true,"href":"https:\/\/cirahub.com\/de\/wp-json\/wp\/v2\/users\/4"}],"replies":[{"embeddable":true,"href":"https:\/\/cirahub.com\/de\/wp-json\/wp\/v2\/comments?post=44116"}],"version-history":[{"count":22,"href":"https:\/\/cirahub.com\/de\/wp-json\/wp\/v2\/pages\/44116\/revisions"}],"predecessor-version":[{"id":44480,"href":"https:\/\/cirahub.com\/de\/wp-json\/wp\/v2\/pages\/44116\/revisions\/44480"}],"wp:attachment":[{"href":"https:\/\/cirahub.com\/de\/wp-json\/wp\/v2\/media?parent=44116"}],"curies":[{"name":"wp","href":"https:\/\/api.w.org\/{rel}","templated":true}]}}