{"id":43655,"date":"2022-09-19T10:45:27","date_gmt":"2022-09-19T18:45:27","guid":{"rendered":"https:\/\/cirahub.com\/faq\/"},"modified":"2022-11-24T19:57:05","modified_gmt":"2022-11-25T03:57:05","slug":"faq","status":"publish","type":"page","link":"https:\/\/cirahub.com\/de\/faq\/","title":{"rendered":"FAQ"},"content":{"rendered":"<p>[et_pb_section fb_built=&#8220;1&#8243; _builder_version=&#8220;4.16&#8243; custom_padding=&#8220;54px|0px|2px|0px|false|false&#8220; global_colors_info=&#8220;{}&#8220;][et_pb_row column_structure=&#8220;3_5,2_5&#8243; _builder_version=&#8220;4.16&#8243; custom_padding=&#8220;||0px|||&#8220; global_colors_info=&#8220;{}&#8220;][et_pb_column type=&#8220;3_5&#8243; _builder_version=&#8220;4.16&#8243; custom_padding=&#8220;|||&#8220; global_colors_info=&#8220;{}&#8220; custom_padding__hover=&#8220;|||&#8220;][et_pb_text _builder_version=&#8220;4.16&#8243; text_font=&#8220;Lato||||||||&#8220; text_font_size=&#8220;18px&#8220; text_line_height=&#8220;1.8em&#8220; header_font=&#8220;Poppins|700|||||||&#8220; header_line_height=&#8220;1.2em&#8220; custom_margin_tablet=&#8220;||30px|&#8220; custom_margin_phone=&#8220;&#8220; custom_margin_last_edited=&#8220;on|tablet&#8220; custom_padding=&#8220;||0px|||&#8220; text_font_size_tablet=&#8220;24px&#8220; text_font_size_phone=&#8220;16px&#8220; text_font_size_last_edited=&#8220;on|phone&#8220; header_font_size_tablet=&#8220;50px&#8220; header_font_size_phone=&#8220;32px&#8220; header_font_size_last_edited=&#8220;on|phone&#8220; global_colors_info=&#8220;{}&#8220;]<\/p>\n<h1>CiraHub FAQ<\/h1>\n<p>CiraHub ist eine Plattform zur zweiseitigen Synchronisierung der gemeinsam genutzten Kontakte und Kalender f\u00fcr Unternehmen, die Microsoft Office 365, Exchange Server und andere Microsoft-Anwendungen einsetzen. <\/p>\n<p>[\/et_pb_text][\/et_pb_column][et_pb_column type=&#8220;2_5&#8243; _builder_version=&#8220;4.16&#8243; custom_padding=&#8220;|||&#8220; global_colors_info=&#8220;{}&#8220; custom_padding__hover=&#8220;|||&#8220;][et_pb_text disabled_on=&#8220;on|on|off&#8220; _builder_version=&#8220;4.16&#8243; text_font=&#8220;||||||||&#8220; text_text_color=&#8220;#1d80cc&#8220; text_orientation=&#8220;center&#8220; global_colors_info=&#8220;{}&#8220;]<span class=\"et-pb-icon\" style=\"font-size: 200px;\">\ue066<\/span>[\/et_pb_text][\/et_pb_column][\/et_pb_row][\/et_pb_section][et_pb_section fb_built=&#8220;1&#8243; admin_label=&#8220;Features&#8220; _builder_version=&#8220;4.16&#8243; custom_padding=&#8220;0px|0px|110px|0px|false|false&#8220; locked=&#8220;off&#8220; global_colors_info=&#8220;{}&#8220;][et_pb_row _builder_version=&#8220;4.18.0&#8243; hover_enabled=&#8220;0&#8243; global_colors_info=&#8220;{}&#8220; sticky_enabled=&#8220;0&#8243;][et_pb_column type=&#8220;4_4&#8243; _builder_version=&#8220;4.16&#8243; custom_padding=&#8220;|||&#8220; global_colors_info=&#8220;{}&#8220; custom_padding__hover=&#8220;|||&#8220;][et_pb_accordion open_toggle_text_color=&#8220;#37474f&#8220; open_toggle_background_color=&#8220;#f3fbff&#8220; closed_toggle_background_color=&#8220;#f3fbff&#8220; icon_color=&#8220;#1ecfaa&#8220; _builder_version=&#8220;4.18.0&#8243; toggle_font=&#8220;||||||||&#8220; body_font=&#8220;||||||||&#8220; hover_enabled=&#8220;0&#8243; border_width_all=&#8220;0px&#8220; box_shadow_style=&#8220;preset3&#8243; global_colors_info=&#8220;{}&#8220; sticky_enabled=&#8220;0&#8243;][et_pb_accordion_item title=&#8220;Your Title Goes Here&#8220; open=&#8220;on&#8220; _builder_version=&#8220;4.16&#8243; _module_preset=&#8220;default&#8220; custom_css_main_element=&#8220;display:none;&#8220; global_colors_info=&#8220;{}&#8220;]<\/p>\n<p>Your content goes here. Edit or remove this text inline or in the module Content settings. You can also style every aspect of this content in the module Design settings and even apply custom CSS to this text in the module Advanced settings.<\/p>\n<p>[\/et_pb_accordion_item][et_pb_accordion_item title=&#8220;Muss ich ein Benutzer von CiraSync Personal oder Enterprise Edition sein, um CiraHub zu nutzen?&#8220; _builder_version=&#8220;4.16&#8243; global_colors_info=&#8220;{}&#8220; open=&#8220;off&#8220;]<\/p>\n<p>Nein, eine CiraSync Licenz ist nicht erforderlich, um CiraHub zu nutzen. CiraHub ist eine eigenst\u00e4ndige L\u00f6sung f\u00fcr Privatpersonen und Unternehmen, die eine einfach zu bedienende Ein- und Zwei-Wege-Synchronisationsl\u00f6sung f\u00fcr Kontakte und Kalender bietet.<\/p>\n<p>[\/et_pb_accordion_item][et_pb_accordion_item title=&#8220;Was passiert, wenn ein Benutzer von CiraHub auch ein lizenzierter Benutzer von CiraSync ist? &#8220; _builder_version=&#8220;4.16&#8243; global_colors_info=&#8220;{}&#8220; open=&#8220;off&#8220;]<\/p>\n<p>Wenn das Postfach dieses Benutzers als Speiche (Spoke) mit einer Nabe (Hub) verbunden ist und Kontakt- oder Kalenderdaten von CiraSync synchronisiert werden, werden Duplikate in den Speichen angezeigt. Wir empfehlen, dass die Benutzer von CiraHub nicht an irgendeiner Art von CiraSync-Konfiguration beteiligt sind. <\/p>\n<p>[\/et_pb_accordion_item][et_pb_accordion_item title=&#8220;Was kann von CiraHub synchronisiert werden? &#8220; _builder_version=&#8220;4.16&#8243; global_colors_info=&#8220;{}&#8220; open=&#8220;off&#8220;]<\/p>\n<p>CiraHub kann folgendes synchronisieren:<\/p>\n<ul>\n<li>Kontakte<\/li>\n<li>Kalender<\/li>\n<li>Notizen<\/li>\n<li>Postf\u00e4cher<\/li>\n<\/ul>\n<p>[\/et_pb_accordion_item][et_pb_accordion_item title=&#8220;Welche Kontakte und Kalender werden von CiraHub unterst\u00fctzt? &#8220; _builder_version=&#8220;4.16&#8243; global_colors_info=&#8220;{}&#8220; open=&#8220;off&#8220;]<\/p>\n<p>Momentan unterst\u00fctzt CiraHub sowohl f\u00fcr Kontakte als auch f\u00fcr Kalender die folgenden Funktionen:<\/p>\n<ul>\n<li>Benutzer-Postf\u00e4cher<\/li>\n<li>gemeinsame Postf\u00e4cher<\/li>\n<li>\u00d6ffentliche Ordner<\/li>\n<\/ul>\n<p>Dar\u00fcber hinaus unterst\u00fctzt CiraHub f\u00fcr Kontakte auch Folgendes:<\/p>\n<ul>\n<li>GAL<\/li>\n<li>Salesforce <\/li>\n<\/ul>\n<p>In der Zukunft plant CiraHub Folgendes zu unterst\u00fctzen:<\/p>\n<ul>\n<li>Gmail<\/li>\n<li>SharePoint<\/li>\n<li>Dynamics CRM<\/li>\n<\/ul>\n<p>[\/et_pb_accordion_item][et_pb_accordion_item title=&#8220;Kann ich Kontakte sowie Kalender in demselben Hub synchronisieren? &#8220; _builder_version=&#8220;4.16&#8243; global_colors_info=&#8220;{}&#8220; open=&#8220;off&#8220;]<\/p>\n<p>Nein, das geht nicht. Man kann jeweils nur ein Objekttyp in einem Hub synchronisieren.<\/p>\n<p>[\/et_pb_accordion_item][et_pb_accordion_item title=&#8220;Unsere F\u00fchrungskr\u00e4fte brauchen eine M\u00f6glichkeit, gemeinsame Office 365-Kalender von ihren Smartphones aus zu bearbeiten. Kann CiraHub diese Funktionen unterst\u00fctzen?&#8220; _builder_version=&#8220;4.16&#8243; global_colors_info=&#8220;{}&#8220; open=&#8220;off&#8220;]<\/p>\n<p>Ja. Mit CiraHub werden alle \u00c4nderungen, die an einem synchronisierten Office 365-Kalender vorgenommen werden, an andere Benutzer weitergegeben, wenn die Zwei-Wege-Synchronisierung aktiviert ist.<\/p>\n<p>[\/et_pb_accordion_item][et_pb_accordion_item title=&#8220;Was passiert, wenn eine Spoke von einem Hub abgekoppelt wird?&#8220; _builder_version=&#8220;4.16&#8243; global_colors_info=&#8220;{}&#8220; open=&#8220;off&#8220;]<\/p>\n<p>CiraHub l\u00f6scht alle Daten, die sich auf die abgekoppelte Spoke beziehen. Dazu geh\u00f6ren die mit der Spoke synchronisierten Daten und alle Daten, die von der abgekoppelten Spoke erstellt und mit dem Hub und anderen verbundenen Spokes synchronisiert wurden. <\/p>\n<p>In Zukunft werden die Benutzer von CiraHub die M\u00f6glichkeit haben, die Berechtigungen f\u00fcr alle Inhalte, die von der gel\u00f6schten Spoke hinzugef\u00fcgt wurden, auf eine andere verbundene Spoke zu \u00fcbertragen.<\/p>\n<p>[\/et_pb_accordion_item][et_pb_accordion_item title=&#8220;Ich habe einen Hub und eine Spoke erstellt, aber es passiert nichts. Was soll ich tun? &#8220; _builder_version=&#8220;4.16&#8243; global_colors_info=&#8220;{}&#8220; open=&#8220;off&#8220;]<\/p>\n<p>Wenn eine Spoke zum ersten Mal erstellt wird, ist die Zwei-Wege-Synchronisierung deaktiviert. Das erleichtert die Behebung von Problemen, die bei der Verwendung des Hubs auftreten k\u00f6nnen, und gibt den Benutzern die M\u00f6glichkeit, die zu synchronisierenden Daten zu filtern. Um die Zwei-Wege-Synchronisierung zu aktivieren, m\u00fcssen Sie die Spoke-Einstellungen f\u00fcr jede Spoke aufrufen und diese Option aktivieren.<\/p>\n<p>[\/et_pb_accordion_item][et_pb_accordion_item _builder_version=&#8220;4.18.0&#8243; _module_preset=&#8220;default&#8220; title=&#8220;Wie arbeitet CiraSync zusammen mit CiraHub? &#8220; hover_enabled=&#8220;0&#8243; sticky_enabled=&#8220;0&#8243;]<\/p>\n<p>CiraHub und CiraSync k\u00f6nnen auf vielf\u00e4ltige Weise zusammen verwendet werden, um Ihre Daten mit anderen Mitarbeitern und Kunden innerhalb einer Organisation zu synchronisieren. CiraSync ist ein Verteilungstool, mit dem Benutzer Kalender- und Kontaktdaten mit einer beliebigen Anzahl von Personen innerhalb des Unternehmens synchronisieren k\u00f6nnen. CiraHub fungiert einfach als ein sehr effektives Tool, mit dem diese Datenquellen miteinander synchronisiert werden k\u00f6nnen.<\/p>\n<p>Mit CiraHub k\u00f6nnen Sie zum Beispiel verschiedene Kalender zu einem Ausgabekalender kombinieren, der als Gruppenarbeitskalender fungieren kann. Damit k\u00f6nnen alle Benutzer die Informationen auf ihrem Computer nachschlagen und die Ergebnisse pr\u00fcfen, wenn sie m\u00f6chten. Dies kann jedoch f\u00fcr alle Beteiligten verwirrend sein. Was tun, wenn Sie diese Informationen unterwegs ben\u00f6tigen? Ein Administrator kann CiraSync verwenden, um diesen &#8222;Gruppenkalender&#8220; mit einer beliebigen Anzahl von Benutzerpostf\u00e4chern zu synchronisieren und so alle Kalender zusammenzuf\u00fchren und zu verteilen. Klicken Sie hier, um mehr \u00fcber die Unterschiede zwischen CiraSync und CiraHub zu erfahren.<\/p>\n<p>[\/et_pb_accordion_item][\/et_pb_accordion][\/et_pb_column][\/et_pb_row][\/et_pb_section]<\/p>\n","protected":false},"excerpt":{"rendered":"<p>CiraHub FAQ CiraHub ist eine Plattform zur zweiseitigen Synchronisierung der gemeinsam genutzten Kontakte und Kalender f\u00fcr Unternehmen, die Microsoft Office 365, Exchange Server und andere Microsoft-Anwendungen einsetzen. \ue066Your content goes here. Edit or remove this text inline or in the module Content settings. You can also style every aspect of this content in the module [&hellip;]<\/p>\n","protected":false},"author":4,"featured_media":0,"parent":0,"menu_order":0,"comment_status":"closed","ping_status":"closed","template":"","meta":{"_et_pb_use_builder":"on","_et_pb_old_content":"","_et_gb_content_width":"","footnotes":""},"class_list":["post-43655","page","type-page","status-publish","hentry"],"_links":{"self":[{"href":"https:\/\/cirahub.com\/de\/wp-json\/wp\/v2\/pages\/43655","targetHints":{"allow":["GET"]}}],"collection":[{"href":"https:\/\/cirahub.com\/de\/wp-json\/wp\/v2\/pages"}],"about":[{"href":"https:\/\/cirahub.com\/de\/wp-json\/wp\/v2\/types\/page"}],"author":[{"embeddable":true,"href":"https:\/\/cirahub.com\/de\/wp-json\/wp\/v2\/users\/4"}],"replies":[{"embeddable":true,"href":"https:\/\/cirahub.com\/de\/wp-json\/wp\/v2\/comments?post=43655"}],"version-history":[{"count":9,"href":"https:\/\/cirahub.com\/de\/wp-json\/wp\/v2\/pages\/43655\/revisions"}],"predecessor-version":[{"id":44289,"href":"https:\/\/cirahub.com\/de\/wp-json\/wp\/v2\/pages\/43655\/revisions\/44289"}],"wp:attachment":[{"href":"https:\/\/cirahub.com\/de\/wp-json\/wp\/v2\/media?parent=43655"}],"curies":[{"name":"wp","href":"https:\/\/api.w.org\/{rel}","templated":true}]}}